{"id":3246,"date":"2026-04-28T09:41:12","date_gmt":"2026-04-28T07:41:12","guid":{"rendered":"https:\/\/agrogargallo.com\/?post_type=product&#038;p=3246"},"modified":"2026-05-04T11:28:20","modified_gmt":"2026-05-04T09:28:20","slug":"insecticida-sistemico-con-acetamiprid","status":"publish","type":"product","link":"https:\/\/agrogargallo.com\/gl\/producto\/insecticida-sistemico-con-acetamiprid","title":{"rendered":"Insecticida sistemico con acetamiprid &#8211; EPINSEL &#8211; SIPCAM &#8211; 100ml"},"content":{"rendered":"<h2 data-section-id=\"5vi9rq\" data-start=\"732\" data-end=\"787\">\ud83e\uddea \u00bfQu\u00e9 es un insecticida sist\u00e9mico con acetamiprid?<\/h2>\n<p data-start=\"789\" data-end=\"1103\">Un <strong data-start=\"792\" data-end=\"833\">insecticida sistemico con acetamiprid<\/strong> es un producto fitosanitario que, tras su aplicaci\u00f3n, es absorbido por la planta y distribuido a trav\u00e9s de su sistema vascular. Esto significa que no solo protege la superficie, sino tambi\u00e9n el interior de la planta, alcanzando zonas donde otros insecticidas no llegan.<\/p>\n<p data-start=\"1105\" data-end=\"1374\">El acetamiprid pertenece a la familia de los neonicotinoides y act\u00faa sobre el sistema nervioso de los insectos, provocando su par\u00e1lisis y eliminaci\u00f3n. Su doble acci\u00f3n (por contacto e ingesti\u00f3n) lo convierte en una herramienta muy eficaz frente a plagas persistentes \ud83d\udc1b.<\/p>\n<h2 data-section-id=\"g7331u\" data-start=\"1381\" data-end=\"1418\"><\/h2>\n<h2 data-section-id=\"g7331u\" data-start=\"1381\" data-end=\"1418\">\ud83c\udf31 Cultivos donde se puede aplicar<\/h2>\n<p data-start=\"1420\" data-end=\"1670\">El <strong data-start=\"1423\" data-end=\"1472\">insecticida sistemico con acetamiprid Epinsel<\/strong> est\u00e1 especialmente indicado para el cultivo de <strong data-start=\"1520\" data-end=\"1530\">patata<\/strong>, donde ayuda a controlar plagas comunes que afectan al rendimiento del cultivo. Sin embargo, su uso no se limita \u00fanicamente a este cultivo.<\/p>\n<p data-start=\"1672\" data-end=\"1697\">Tambi\u00e9n es adecuado para:<\/p>\n<ul data-start=\"1699\" data-end=\"1923\">\n<li data-section-id=\"1t9dv6i\" data-start=\"1699\" data-end=\"1740\">\ud83e\udd54 Patata (uso principal recomendado)<\/li>\n<li data-section-id=\"1m1zm1w\" data-start=\"1741\" data-end=\"1792\">\ud83c\udf45 Hortalizas como tomate, pimiento o berenjena<\/li>\n<li data-section-id=\"14k9w39\" data-start=\"1793\" data-end=\"1839\">\ud83c\udf4e Frutales como manzano, peral o c\u00edtricos<\/li>\n<li data-section-id=\"q7o4ps\" data-start=\"1840\" data-end=\"1890\">\ud83c\udf38 Plantas ornamentales de interior y exterior<\/li>\n<li data-section-id=\"z9frg3\" data-start=\"1891\" data-end=\"1923\">\ud83c\udf3f Cultivos de huerto urbano<\/li>\n<\/ul>\n<p data-start=\"1925\" data-end=\"2064\">Gracias a su acci\u00f3n sist\u00e9mica, protege tanto hojas como brotes nuevos, lo que resulta especialmente \u00fatil en cultivos en crecimiento activo.<\/p>\n<p data-start=\"1166\" data-end=\"1329\">\n<h2 data-section-id=\"1mcf3c7\" data-start=\"2071\" data-end=\"2101\">\ud83d\udc1b \u00bfSirve contra el pulg\u00f3n?<\/h2>\n<p data-start=\"2103\" data-end=\"2246\">S\u00ed, el <strong data-start=\"2110\" data-end=\"2151\">insecticida sistemico con acetamiprid<\/strong> es <strong data-start=\"2155\" data-end=\"2192\">altamente eficaz contra el pulg\u00f3n<\/strong>, una de las plagas m\u00e1s comunes en huertos y jardines.<\/p>\n<p data-start=\"2248\" data-end=\"2314\">Adem\u00e1s del pulg\u00f3n, este producto act\u00faa contra otros insectos como:<\/p>\n<ul data-start=\"2316\" data-end=\"2389\">\n<li data-section-id=\"1r5naw\" data-start=\"2316\" data-end=\"2332\">Mosca blanca<\/li>\n<li data-section-id=\"11ivs10\" data-start=\"2333\" data-end=\"2342\">Trips<\/li>\n<li data-section-id=\"sq071o\" data-start=\"2343\" data-end=\"2389\">Algunos escarabajos (como el de la patata)<\/li>\n<\/ul>\n<p data-start=\"2391\" data-end=\"2646\">El pulg\u00f3n es un insecto chupador que se alimenta de la savia de las plantas, debilit\u00e1ndolas r\u00e1pidamente. Gracias a la acci\u00f3n sist\u00e9mica del acetamiprid, cuando el insecto se alimenta de la planta tratada, ingiere el producto y es eliminado de forma eficaz.<\/p>\n<p data-start=\"2391\" data-end=\"2646\">\n<h2 data-section-id=\"j13cza\" data-start=\"2653\" data-end=\"2716\">\u26a1 Ventajas del insecticida sist\u00e9mico con acetamiprid Epinsel<\/h2>\n<p data-start=\"2718\" data-end=\"2800\">Elegir este <strong data-start=\"2730\" data-end=\"2771\">insecticida sistemico con acetamiprid<\/strong> ofrece m\u00faltiples beneficios:<\/p>\n<ul data-start=\"2802\" data-end=\"3012\">\n<li data-section-id=\"15w225h\" data-start=\"2802\" data-end=\"2849\">\u2705 Protecci\u00f3n desde el interior de la planta<\/li>\n<li data-section-id=\"1e928jp\" data-start=\"2850\" data-end=\"2888\">\u2705 Eficacia prolongada en el tiempo<\/li>\n<li data-section-id=\"1t02hit\" data-start=\"2889\" data-end=\"2922\">\u2705 Control de plagas dif\u00edciles<\/li>\n<li data-section-id=\"1wxxg0f\" data-start=\"2923\" data-end=\"2961\">\u2705 Acci\u00f3n r\u00e1pida tras la aplicaci\u00f3n<\/li>\n<li data-section-id=\"9147bj\" data-start=\"2962\" data-end=\"3012\">\u2705 Ideal para cultivos sensibles como la patata<\/li>\n<\/ul>\n<p data-start=\"3014\" data-end=\"3172\">Adem\u00e1s, al distribuirse por toda la planta, reduce la necesidad de aplicaciones frecuentes, optimizando el tiempo y el esfuerzo en el cuidado de los cultivos.<\/p>\n<p data-start=\"3014\" data-end=\"3172\">\n<h2 data-section-id=\"1tyxf6h\" data-start=\"3179\" data-end=\"3199\">\ud83e\uddf4 Modo de empleo<\/h2>\n<p data-start=\"3201\" data-end=\"3316\">Para utilizar correctamente el <strong data-start=\"3232\" data-end=\"3273\">insecticida sistemico con acetamiprid<\/strong>, es importante seguir unas pautas b\u00e1sicas:<\/p>\n<ol data-start=\"3318\" data-end=\"3553\">\n<li data-section-id=\"1gs6io1\" data-start=\"3318\" data-end=\"3387\">Diluir el producto en agua seg\u00fan las indicaciones del fabricante<\/li>\n<li data-section-id=\"1sx3vt8\" data-start=\"3388\" data-end=\"3453\">Aplicar mediante pulverizaci\u00f3n uniforme sobre hojas y tallos<\/li>\n<li data-section-id=\"sjx0xv\" data-start=\"3454\" data-end=\"3499\">Asegurarse de cubrir bien toda la planta<\/li>\n<li data-section-id=\"xqee19\" data-start=\"3500\" data-end=\"3553\">Evitar aplicar en horas de fuerte calor o viento<\/li>\n<\/ol>\n<p data-start=\"3555\" data-end=\"3651\">\ud83d\udca1 Consejo: aplicar en momentos de menor insolaci\u00f3n mejora la absorci\u00f3n y eficacia del producto.<\/p>\n<p data-start=\"3555\" data-end=\"3651\">\n<h2 data-section-id=\"10bfmwr\" data-start=\"3658\" data-end=\"3694\">\u26a0\ufe0f Precauciones y recomendaciones<\/h2>\n<p data-start=\"3696\" data-end=\"3816\">Como cualquier producto fitosanitario, el <strong data-start=\"3738\" data-end=\"3779\">insecticida sistemico con acetamiprid<\/strong> debe utilizarse con responsabilidad:<\/p>\n<ul data-start=\"3818\" data-end=\"4060\">\n<li data-section-id=\"1q88sq2\" data-start=\"3818\" data-end=\"3868\">Mantener fuera del alcance de ni\u00f1os y mascotas<\/li>\n<li data-section-id=\"xnmxeq\" data-start=\"3869\" data-end=\"3911\">Utilizar guantes durante la aplicaci\u00f3n<\/li>\n<li data-section-id=\"1j117cj\" data-start=\"3912\" data-end=\"3951\">No aplicar cerca de fuentes de agua<\/li>\n<li data-section-id=\"pbo4xn\" data-start=\"3952\" data-end=\"4008\">Respetar los plazos de seguridad antes de la cosecha<\/li>\n<li data-section-id=\"1ymrapx\" data-start=\"4009\" data-end=\"4060\">Seguir siempre las instrucciones de la etiqueta<\/li>\n<\/ul>\n<p>&nbsp;<\/p>\n<h2 data-section-id=\"3qkb8q\" data-start=\"4067\" data-end=\"4130\">\ud83c\udf3f \u00bfPor qu\u00e9 elegir un insecticida sist\u00e9mico con acetamiprid?<\/h2>\n<p data-start=\"4132\" data-end=\"4401\">Optar por un <strong data-start=\"4145\" data-end=\"4186\">insecticida sistemico con acetamiprid<\/strong> frente a uno de contacto tiene claras ventajas. Mientras que los insecticidas tradicionales solo act\u00faan donde se aplican, este tipo de producto protege toda la planta, incluso las partes nuevas o de dif\u00edcil acceso.<\/p>\n<p data-start=\"4403\" data-end=\"4554\">Esto es especialmente importante en plagas como el pulg\u00f3n o la mosca blanca, que suelen esconderse en el env\u00e9s de las hojas o reproducirse r\u00e1pidamente.<\/p>\n<p data-start=\"4556\" data-end=\"4701\">Adem\u00e1s, su eficacia prolongada permite mantener los cultivos protegidos durante m\u00e1s tiempo, reduciendo la necesidad de tratamientos continuos \ud83c\udf3e.<\/p>\n<p data-start=\"4556\" data-end=\"4701\">\n<h2 data-section-id=\"ifs9hx\" data-start=\"4708\" data-end=\"4724\">\ud83d\uded2 Conclusi\u00f3n<\/h2>\n<p data-start=\"4726\" data-end=\"5080\">El <strong data-start=\"4729\" data-end=\"4788\">insecticida sistemico con acetamiprid Epinsel de Sipcam<\/strong> es una soluci\u00f3n completa, eficaz y vers\u00e1til para el control de plagas en patata y otros cultivos. Su acci\u00f3n sist\u00e9mica, su eficacia contra pulgones y otros insectos, y su facilidad de uso lo convierten en una herramienta imprescindible para cualquier amante de la jardiner\u00eda o la agricultura.<\/p>\n<p data-start=\"5082\" data-end=\"5213\" data-is-last-node=\"\" data-is-only-node=\"\">Si buscas proteger tus plantas de forma eficaz y duradera, este <strong data-start=\"5146\" data-end=\"5187\">insecticida sistemico con acetamiprid<\/strong> es una apuesta segura \ud83c\udf31\u2728<\/p>\n","protected":false},"excerpt":{"rendered":"<p data-start=\"303\" data-end=\"689\">El <strong data-start=\"306\" data-end=\"365\">insecticida sistemico con acetamiprid Epinsel de Sipcam<\/strong> es una soluci\u00f3n eficaz y de acci\u00f3n sist\u00e9mica dise\u00f1ada para el control de insectos chupadores y masticadores en una amplia variedad de cultivos, especialmente en patata. Gracias a su formulaci\u00f3n concentrada soluble (SL), este producto garantiza una r\u00e1pida absorci\u00f3n por la planta y una protecci\u00f3n duradera desde el interior.<\/p>\n<p data-start=\"691\" data-end=\"916\">Su materia activa, el acetamiprid, pertenece al grupo de los neonicotinoides, conocidos por su alta eficacia frente a plagas dif\u00edciles como pulgones, mosca blanca o escarabajos, actuando tanto por ingesti\u00f3n como por contacto.<\/p>\n","protected":false},"featured_media":3249,"template":"","meta":{"_acf_changed":false,"_joinchat":[]},"product_brand":[],"product_cat":[26,81,489,114,488,487],"product_tag":[],"class_list":{"0":"post-3246","1":"product","2":"type-product","3":"status-publish","4":"has-post-thumbnail","6":"product_cat-agrogargallo","7":"product_cat-campo-y-huerto","8":"product_cat-gusanos-y-otros","9":"product_cat-insecticidas-y-antiplagas","10":"product_cat-mosca-blanca","11":"product_cat-pulgon","13":"first","14":"instock","15":"taxable","16":"shipping-taxable","17":"purchasable","18":"product-type-simple"},"acf":[],"_links":{"self":[{"href":"https:\/\/agrogargallo.com\/gl\/wp-json\/wp\/v2\/product\/3246","targetHints":{"allow":["GET"]}}],"collection":[{"href":"https:\/\/agrogargallo.com\/gl\/wp-json\/wp\/v2\/product"}],"about":[{"href":"https:\/\/agrogargallo.com\/gl\/wp-json\/wp\/v2\/types\/product"}],"wp:featuredmedia":[{"embeddable":true,"href":"https:\/\/agrogargallo.com\/gl\/wp-json\/wp\/v2\/media\/3249"}],"wp:attachment":[{"href":"https:\/\/agrogargallo.com\/gl\/wp-json\/wp\/v2\/media?parent=3246"}],"wp:term":[{"taxonomy":"product_brand","embeddable":true,"href":"https:\/\/agrogargallo.com\/gl\/wp-json\/wp\/v2\/product_brand?post=3246"},{"taxonomy":"product_cat","embeddable":true,"href":"https:\/\/agrogargallo.com\/gl\/wp-json\/wp\/v2\/product_cat?post=3246"},{"taxonomy":"product_tag","embeddable":true,"href":"https:\/\/agrogargallo.com\/gl\/wp-json\/wp\/v2\/product_tag?post=3246"}],"curies":[{"name":"wp","href":"https:\/\/api.w.org\/{rel}","templated":true}]}}