{"id":3215,"date":"2026-04-16T20:19:07","date_gmt":"2026-04-16T18:19:07","guid":{"rendered":"https:\/\/agrogargallo.com\/?post_type=product&#038;p=3215"},"modified":"2026-04-16T20:19:08","modified_gmt":"2026-04-16T18:19:08","slug":"fibra-de-coco-con-aceite-de-neem-pinaster-para-8-9l-de-sustrato","status":"publish","type":"product","link":"https:\/\/agrogargallo.com\/gl\/producto\/fibra-de-coco-con-aceite-de-neem-pinaster-para-8-9l-de-sustrato","title":{"rendered":"Fibra de coco con aceite de neem &#8211; Pinaster &#8211; Para 8-9l de sustrato"},"content":{"rendered":"<h2 data-section-id=\"lhi1c\" data-start=\"860\" data-end=\"910\">\ud83c\udf3f \u00bfQu\u00e9 es la fibra de coco con aceite de neem?<\/h2>\n<p data-start=\"912\" data-end=\"1192\">La <strong data-start=\"915\" data-end=\"951\">fibra de coco con aceite de neem<\/strong> es un sustrato org\u00e1nico elaborado a partir de la c\u00e1scara del coco, procesada y comprimida para facilitar su uso. A esta base natural se le a\u00f1ade <strong data-start=\"1097\" data-end=\"1105\">neem<\/strong>, un componente vegetal conocido por sus m\u00faltiples beneficios en el cuidado de plantas.<\/p>\n<p data-start=\"1194\" data-end=\"1360\">Esta combinaci\u00f3n ofrece un equilibrio perfecto entre <strong data-start=\"1247\" data-end=\"1303\">retenci\u00f3n de humedad, aireaci\u00f3n y protecci\u00f3n natural<\/strong>, creando un entorno \u00f3ptimo para el desarrollo radicular.<\/p>\n<h2 data-section-id=\"o80hjq\" data-start=\"1367\" data-end=\"1400\">\ud83e\uddea Caracter\u00edsticas principales<\/h2>\n<p data-start=\"1402\" data-end=\"1511\"><strong data-start=\"1402\" data-end=\"1440\">\u2714 Sustrato natural de alta calidad<\/strong><br data-start=\"1440\" data-end=\"1443\" \/>Elaborado con fibra de coco seleccionada, libre de residuos nocivos.<\/p>\n<p data-start=\"1513\" data-end=\"1635\"><strong data-start=\"1513\" data-end=\"1549\">\u2714 Enriquecido con aceite de neem<\/strong><br data-start=\"1549\" data-end=\"1552\" \/>Act\u00faa como fertilizante natural, adem\u00e1s de ayudar a prevenir plagas y enfermedades.<\/p>\n<p data-start=\"1637\" data-end=\"1745\"><strong data-start=\"1637\" data-end=\"1674\">\u2714 Formato comprimido y expandible<\/strong><br data-start=\"1674\" data-end=\"1677\" \/>Un bloque compacto que rinde entre 8 y 9 litros tras su hidrataci\u00f3n.<\/p>\n<p data-start=\"1747\" data-end=\"1836\"><strong data-start=\"1747\" data-end=\"1771\">\u2714 R\u00e1pida hidrataci\u00f3n<\/strong><br data-start=\"1771\" data-end=\"1774\" \/>En pocos minutos se transforma en un sustrato listo para usar.<\/p>\n<p data-start=\"1838\" data-end=\"1925\"><strong data-start=\"1838\" data-end=\"1873\">\u2714 Excelente aireaci\u00f3n y drenaje<\/strong><br data-start=\"1873\" data-end=\"1876\" \/>Favorece el desarrollo de ra\u00edces sanas y fuertes.<\/p>\n<h2 data-section-id=\"1t018nl\" data-start=\"1932\" data-end=\"1987\">\ud83c\udf31 Beneficios de la fibra de coco con aceite de neem<\/h2>\n<p data-start=\"1989\" data-end=\"2100\">Utilizar <strong data-start=\"1998\" data-end=\"2034\">fibra de coco con aceite de neem<\/strong> aporta numerosas ventajas frente a otros sustratos tradicionales:<\/p>\n<h3 data-section-id=\"jxirdu\" data-start=\"2102\" data-end=\"2133\">\ud83d\udca7 Retenci\u00f3n \u00f3ptima de agua<\/h3>\n<p data-start=\"2134\" data-end=\"2265\">La fibra de coco es capaz de retener la humedad sin encharcar, lo que reduce la frecuencia de riego y mejora la eficiencia h\u00eddrica.<\/p>\n<h3 data-section-id=\"10x0ogy\" data-start=\"2267\" data-end=\"2293\">\ud83c\udf2c\ufe0f Aireaci\u00f3n perfecta<\/h3>\n<p data-start=\"2294\" data-end=\"2398\">Su estructura ligera evita la compactaci\u00f3n del suelo, permitiendo que las ra\u00edces respiren correctamente.<\/p>\n<h3 data-section-id=\"gagzfl\" data-start=\"2400\" data-end=\"2440\">\ud83d\udee1\ufe0f Protecci\u00f3n natural contra plagas<\/h3>\n<p data-start=\"2441\" data-end=\"2604\">El aceite de neem act\u00faa como un <strong data-start=\"2473\" data-end=\"2518\">repelente natural de insectos y nematodos<\/strong>, ayudando a mantener las plantas sanas sin necesidad de productos qu\u00edmicos agresivos.<\/p>\n<h3 data-section-id=\"1xijx1k\" data-start=\"2606\" data-end=\"2629\">\ud83c\udf3f Aporte nutritivo<\/h3>\n<p data-start=\"2630\" data-end=\"2750\">Adem\u00e1s de mejorar la estructura del sustrato, el neem aporta nutrientes esenciales que favorecen el crecimiento vegetal.<\/p>\n<h3 data-section-id=\"1bjbasi\" data-start=\"2752\" data-end=\"2777\">\u267b\ufe0f Producto ecol\u00f3gico<\/h3>\n<p data-start=\"2778\" data-end=\"2882\">Es una alternativa sostenible frente a turbas u otros sustratos menos respetuosos con el medio ambiente.<\/p>\n<h2 data-section-id=\"1veceu2\" data-start=\"2889\" data-end=\"2929\">\ud83c\udf3c \u00bfPara qu\u00e9 plantas es recomendable?<\/h2>\n<p data-start=\"2931\" data-end=\"3052\">La <strong data-start=\"2934\" data-end=\"2970\">fibra de coco con aceite de neem<\/strong> es extremadamente vers\u00e1til y puede utilizarse en una amplia variedad de cultivos:<\/p>\n<ul data-start=\"3054\" data-end=\"3236\">\n<li data-section-id=\"q7o4ps\" data-start=\"3054\" data-end=\"3104\">\ud83c\udf38 Plantas ornamentales de interior y exterior<\/li>\n<li data-section-id=\"1rwrg2r\" data-start=\"3105\" data-end=\"3129\">\ud83e\udeb4 Plantas en maceta<\/li>\n<li data-section-id=\"17awv6n\" data-start=\"3130\" data-end=\"3152\">\ud83c\udf3f Huertos urbanos<\/li>\n<li data-section-id=\"25p22s\" data-start=\"3153\" data-end=\"3207\">\ud83c\udf45 Hortalizas (tomates, lechugas, pimientos, etc.)<\/li>\n<li data-section-id=\"dnulam\" data-start=\"3208\" data-end=\"3236\">\ud83c\udf31 Semilleros y esquejes<\/li>\n<\/ul>\n<p data-start=\"3238\" data-end=\"3357\">Gracias a su equilibrio entre humedad y aireaci\u00f3n, es ideal tanto para plantas j\u00f3venes como para cultivos establecidos.<\/p>\n<h2 data-section-id=\"y36cu\" data-start=\"3364\" data-end=\"3381\">\ud83e\uddf4 Modo de uso<\/h2>\n<p data-start=\"3383\" data-end=\"3451\">El uso de esta <strong data-start=\"3398\" data-end=\"3434\">fibra de coco con aceite de neem<\/strong> es muy sencillo:<\/p>\n<ol data-start=\"3453\" data-end=\"3707\">\n<li data-section-id=\"7cu4kv\" data-start=\"3453\" data-end=\"3499\">Retirar el pl\u00e1stico del bloque comprimido<\/li>\n<li data-section-id=\"hjvh2v\" data-start=\"3500\" data-end=\"3546\">Colocar el bloque en un recipiente amplio<\/li>\n<li data-section-id=\"ctv422\" data-start=\"3547\" data-end=\"3591\">A\u00f1adir aproximadamente 3 litros de agua<\/li>\n<li data-section-id=\"1h3ymni\" data-start=\"3592\" data-end=\"3650\">Esperar unos 5 minutos hasta que el bloque se expanda<\/li>\n<li data-section-id=\"411yjh\" data-start=\"3651\" data-end=\"3707\">Remover para obtener un sustrato suelto y homog\u00e9neo<\/li>\n<\/ol>\n<p data-start=\"3709\" data-end=\"3788\">Una vez hidratado, ya estar\u00e1 listo para utilizar en macetas o zonas de cultivo.<\/p>\n<h2 data-section-id=\"148vwtv\" data-start=\"3795\" data-end=\"3816\">\ud83d\udca1 Consejos de uso<\/h2>\n<ul data-start=\"3818\" data-end=\"4040\">\n<li data-section-id=\"1oygqwb\" data-start=\"3818\" data-end=\"3917\">Para plantas sensibles al exceso de humedad, puedes mezclar con perlita para mejorar el drenaje<\/li>\n<li data-section-id=\"i0xntx\" data-start=\"3918\" data-end=\"3987\">Mant\u00e9n un riego moderado, ya que el sustrato retiene bien el agua<\/li>\n<li data-section-id=\"1acfbh2\" data-start=\"3988\" data-end=\"4040\">Ideal como base para mezclas con otros sustratos<\/li>\n<\/ul>\n<p>&nbsp;<\/p>\n<h2 data-section-id=\"xngauk\" data-start=\"4047\" data-end=\"4086\">\u2696\ufe0f Ventajas frente a otros sustratos<\/h2>\n<p data-start=\"4088\" data-end=\"4176\">La <strong data-start=\"4091\" data-end=\"4127\">fibra de coco con aceite de neem<\/strong> destaca frente a alternativas como la turba por:<\/p>\n<ul data-start=\"4178\" data-end=\"4350\">\n<li data-section-id=\"1gol9di\" data-start=\"4178\" data-end=\"4202\">Mayor sostenibilidad<\/li>\n<li data-section-id=\"1xi63we\" data-start=\"4203\" data-end=\"4222\">Mejor aireaci\u00f3n<\/li>\n<li data-section-id=\"1puvycf\" data-start=\"4223\" data-end=\"4265\">Menor riesgo de enfermedades del suelo<\/li>\n<li data-section-id=\"96vydg\" data-start=\"4266\" data-end=\"4305\">Propiedades naturales contra plagas<\/li>\n<li data-section-id=\"89kzur\" data-start=\"4306\" data-end=\"4350\">Facilidad de transporte y almacenamiento<\/li>\n<\/ul>\n<p>&nbsp;<\/p>\n<h2 data-section-id=\"10eu1vk\" data-start=\"4357\" data-end=\"4392\">\ud83c\udfe1 Ideal para jardiner\u00eda moderna<\/h2>\n<p data-start=\"4394\" data-end=\"4581\">Este tipo de sustrato es cada vez m\u00e1s utilizado en <strong data-start=\"4445\" data-end=\"4490\">jardiner\u00eda ecol\u00f3gica y agricultura urbana<\/strong>, ya que permite obtener excelentes resultados sin recurrir a productos qu\u00edmicos agresivos.<\/p>\n<p data-start=\"4606\" data-end=\"4893\">Si buscas un sustrato eficiente, natural y f\u00e1cil de usar, la <strong data-start=\"4667\" data-end=\"4703\">fibra de coco con aceite de neem<\/strong> Pinaster es una elecci\u00f3n excelente. Su capacidad de expansi\u00f3n, sus propiedades nutritivas y su efecto protector frente a plagas la convierten en una opci\u00f3n ideal para todo tipo de cultivos.<\/p>\n<p data-start=\"4895\" data-end=\"4995\" data-is-last-node=\"\" data-is-only-node=\"\">Optimiza el crecimiento de tus plantas con un sustrato ecol\u00f3gico, pr\u00e1ctico y de alto rendimiento \ud83c\udf31\u2728<\/p>\n","protected":false},"excerpt":{"rendered":"<p data-start=\"143\" data-end=\"594\">La <strong data-start=\"146\" data-end=\"182\">fibra de coco con aceite de neem<\/strong> Pinaster es un <strong data-start=\"198\" data-end=\"237\">sustrato de cultivo de alta calidad<\/strong>, presentado en formato compacto y comprimido, ideal para todo tipo de plantas. Este producto destaca por su composici\u00f3n natural y su enriquecimiento con <strong data-start=\"391\" data-end=\"409\">aceite de neem<\/strong>, un ingrediente con propiedades fertilizantes, insecticidas y nematicidas, lo que lo convierte en una opci\u00f3n excelente tanto para jardiner\u00eda dom\u00e9stica como para cultivos m\u00e1s exigentes.<\/p>\n<p data-start=\"596\" data-end=\"853\">Gracias a su formato en bloque, es f\u00e1cil de almacenar, transportar y utilizar. Una vez hidratado, este sustrato puede expandirse hasta alcanzar aproximadamente entre <strong data-start=\"762\" data-end=\"778\">8 y 9 litros<\/strong>, proporcionando un medio de cultivo ligero, aireado y altamente eficiente.<\/p>\n","protected":false},"featured_media":3218,"template":"","meta":{"_acf_changed":false,"_joinchat":[]},"product_brand":[],"product_cat":[26,113,81,342,82,122],"product_tag":[],"class_list":{"0":"post-3215","1":"product","2":"type-product","3":"status-publish","4":"has-post-thumbnail","6":"product_cat-agrogargallo","7":"product_cat-abonos-y-fertilizantes","8":"product_cat-campo-y-huerto","9":"product_cat-abonos-para-flores","10":"product_cat-jardin-y-terraza","11":"product_cat-sustratos-fertilizantes","13":"first","14":"instock","15":"taxable","16":"shipping-taxable","17":"purchasable","18":"product-type-simple"},"acf":[],"_links":{"self":[{"href":"https:\/\/agrogargallo.com\/gl\/wp-json\/wp\/v2\/product\/3215","targetHints":{"allow":["GET"]}}],"collection":[{"href":"https:\/\/agrogargallo.com\/gl\/wp-json\/wp\/v2\/product"}],"about":[{"href":"https:\/\/agrogargallo.com\/gl\/wp-json\/wp\/v2\/types\/product"}],"wp:featuredmedia":[{"embeddable":true,"href":"https:\/\/agrogargallo.com\/gl\/wp-json\/wp\/v2\/media\/3218"}],"wp:attachment":[{"href":"https:\/\/agrogargallo.com\/gl\/wp-json\/wp\/v2\/media?parent=3215"}],"wp:term":[{"taxonomy":"product_brand","embeddable":true,"href":"https:\/\/agrogargallo.com\/gl\/wp-json\/wp\/v2\/product_brand?post=3215"},{"taxonomy":"product_cat","embeddable":true,"href":"https:\/\/agrogargallo.com\/gl\/wp-json\/wp\/v2\/product_cat?post=3215"},{"taxonomy":"product_tag","embeddable":true,"href":"https:\/\/agrogargallo.com\/gl\/wp-json\/wp\/v2\/product_tag?post=3215"}],"curies":[{"name":"wp","href":"https:\/\/api.w.org\/{rel}","templated":true}]}}