{"id":3209,"date":"2026-04-16T20:07:19","date_gmt":"2026-04-16T18:07:19","guid":{"rendered":"https:\/\/agrogargallo.com\/?post_type=product&#038;p=3209"},"modified":"2026-04-16T20:07:20","modified_gmt":"2026-04-16T18:07:20","slug":"insecticida-mosquito-tigre-batlle-eskudo","status":"publish","type":"product","link":"https:\/\/agrogargallo.com\/gl\/producto\/insecticida-mosquito-tigre-batlle-eskudo","title":{"rendered":"Insecticida mosquito tigre Batlle Eskudo \u2013 Spray eficaz de acci\u00f3n inmediata"},"content":{"rendered":"<h2 data-section-id=\"o80hjq\" data-start=\"729\" data-end=\"762\">\ud83e\uddea Caracter\u00edsticas principales del insecticida mosquito tigre Batlle Eskudo:<\/h2>\n<p data-start=\"764\" data-end=\"865\"><strong data-start=\"764\" data-end=\"786\">\u2714 Acci\u00f3n inmediata<\/strong><br data-start=\"786\" data-end=\"789\" \/>Elimina r\u00e1pidamente los mosquitos al contacto, incluyendo el mosquito tigre.<\/p>\n<p data-start=\"867\" data-end=\"934\"><strong data-start=\"867\" data-end=\"888\">\u2714 Listo para usar<\/strong><br data-start=\"888\" data-end=\"891\" \/>No necesita diluci\u00f3n ni preparaci\u00f3n previa.<\/p>\n<p data-start=\"936\" data-end=\"1009\"><strong data-start=\"936\" data-end=\"965\">\u2714 Pulverizador ergon\u00f3mico<\/strong><br data-start=\"965\" data-end=\"968\" \/>Facilita una aplicaci\u00f3n c\u00f3moda y precisa.<\/p>\n<p data-start=\"1011\" data-end=\"1091\"><strong data-start=\"1011\" data-end=\"1034\">\u2714 Uso en exteriores<\/strong><br data-start=\"1034\" data-end=\"1037\" \/>Ideal para jardines, terrazas, patios y zonas urbanas.<\/p>\n<p data-start=\"1093\" data-end=\"1193\"><strong data-start=\"1093\" data-end=\"1121\">\u2714 Tecnolog\u00eda profesional<\/strong><br data-start=\"1121\" data-end=\"1124\" \/>Desarrollado para ofrecer resultados eficaces en entornos dom\u00e9sticos.<\/p>\n<h2 data-section-id=\"h1saaz\" data-start=\"1200\" data-end=\"1263\">\ud83e\udd9f \u00bfPor qu\u00e9 elegir un insecticida mosquito tigre espec\u00edfico?<\/h2>\n<p data-start=\"1265\" data-end=\"1495\">El mosquito tigre (Aedes albopictus) es una especie especialmente agresiva, activa durante el d\u00eda y dif\u00edcil de controlar con m\u00e9todos tradicionales. Utilizar un <strong data-start=\"1425\" data-end=\"1455\">insecticida mosquito tigre<\/strong> espec\u00edfico como este de Batlle permite:<\/p>\n<ul data-start=\"1497\" data-end=\"1670\">\n<li data-section-id=\"1bhnmxy\" data-start=\"1497\" data-end=\"1548\">Actuar directamente sobre esta especie concreta<\/li>\n<li data-section-id=\"1r37gat\" data-start=\"1549\" data-end=\"1594\">Reducir su presencia en zonas de descanso<\/li>\n<li data-section-id=\"8ic7up\" data-start=\"1595\" data-end=\"1624\">Evitar picaduras molestas<\/li>\n<li data-section-id=\"yeupl2\" data-start=\"1625\" data-end=\"1670\">Mejorar el confort en espacios exteriores<\/li>\n<\/ul>\n<p data-start=\"1672\" data-end=\"1812\">A diferencia de otros insecticidas generalistas, este producto est\u00e1 dise\u00f1ado para ofrecer una mayor eficacia frente a este tipo de mosquito.<\/p>\n<h2 data-section-id=\"ngp895\" data-start=\"1819\" data-end=\"1846\">\ud83c\udf3f \u00c1mbitos de aplicaci\u00f3n<\/h2>\n<p data-start=\"1848\" data-end=\"1954\">El <strong data-start=\"1851\" data-end=\"1881\">insecticida mosquito tigre<\/strong> Batlle Eskudo est\u00e1 pensado para su uso en exteriores, siendo ideal para:<\/p>\n<ul data-start=\"1956\" data-end=\"2088\">\n<li data-section-id=\"1p6y3pn\" data-start=\"1956\" data-end=\"1971\">\ud83c\udf33 Jardines<\/li>\n<li data-section-id=\"4p5f5b\" data-start=\"1972\" data-end=\"1998\">\ud83c\udfe1 Terrazas y balcones<\/li>\n<li data-section-id=\"zu1a0p\" data-start=\"1999\" data-end=\"2027\">\ud83d\udeaa Entradas de viviendas<\/li>\n<li data-section-id=\"znqiak\" data-start=\"2028\" data-end=\"2052\">\ud83e\udeb4 Zonas con plantas<\/li>\n<li data-section-id=\"9ddh2x\" data-start=\"2053\" data-end=\"2088\">\ud83c\udfd9\ufe0f Espacios urbanos exteriores<\/li>\n<\/ul>\n<p data-start=\"2090\" data-end=\"2242\">Su formato en spray permite aplicar el producto directamente en las zonas donde suelen posarse los mosquitos, como paredes, suelos o vegetaci\u00f3n cercana.<\/p>\n<h2 data-section-id=\"1cl3mlu\" data-start=\"2249\" data-end=\"2268\">\u26a1 Modo de empleo<\/h2>\n<p data-start=\"2270\" data-end=\"2375\">Para obtener los mejores resultados con este insecticida mosquito tigre, sigue estas recomendaciones:<\/p>\n<ol data-start=\"2377\" data-end=\"2556\">\n<li data-section-id=\"wfp1gm\" data-start=\"2377\" data-end=\"2453\">Pulverizar directamente sobre los insectos o superficies donde se posan<\/li>\n<li data-section-id=\"12np9hx\" data-start=\"2454\" data-end=\"2513\">Aplicar en zonas exteriores frecuentadas por mosquitos<\/li>\n<li data-section-id=\"yq6w9q\" data-start=\"2514\" data-end=\"2556\">Repetir la aplicaci\u00f3n si es necesario<\/li>\n<\/ol>\n<p data-start=\"2558\" data-end=\"2678\">\ud83d\udca1 <strong>Consejo Agrogargallo<\/strong>: Aplicar al atardecer o en momentos de mayor actividad del mosquito tigre mejora la eficacia del tratamiento.<\/p>\n<h2 data-section-id=\"3lx4js\" data-start=\"2685\" data-end=\"2706\">\u2705 Beneficios clave<\/h2>\n<p data-start=\"2708\" data-end=\"2777\">Elegir este insecticida mosquito tigre te ofrece ventajas claras:<\/p>\n<ul data-start=\"2779\" data-end=\"2964\">\n<li data-section-id=\"6hczzk\" data-start=\"2779\" data-end=\"2810\">Eliminaci\u00f3n r\u00e1pida y eficaz<\/li>\n<li data-section-id=\"6k0yif\" data-start=\"2811\" data-end=\"2850\">F\u00e1cil aplicaci\u00f3n sin complicaciones<\/li>\n<li data-section-id=\"tfvefr\" data-start=\"2851\" data-end=\"2897\">Mejora inmediata del confort en exteriores<\/li>\n<li data-section-id=\"1oft2q3\" data-start=\"2898\" data-end=\"2926\">Ideal para uso dom\u00e9stico<\/li>\n<li data-section-id=\"9zk7zo\" data-start=\"2927\" data-end=\"2964\">Formato pr\u00e1ctico con pulverizador<\/li>\n<\/ul>\n<p>&nbsp;<\/p>\n<h2 data-section-id=\"15ov5mv\" data-start=\"2971\" data-end=\"2999\">\u26a0\ufe0f Recomendaciones de uso<\/h2>\n<ul data-start=\"3001\" data-end=\"3256\">\n<li data-section-id=\"dp0i5q\" data-start=\"3001\" data-end=\"3062\">Utilizar \u00fanicamente en exteriores o zonas bien ventiladas<\/li>\n<li data-section-id=\"tc1625\" data-start=\"3063\" data-end=\"3132\">Evitar el contacto con alimentos o superficies de uso alimentario<\/li>\n<li data-section-id=\"dfouds\" data-start=\"3133\" data-end=\"3205\">Mantener fuera del alcance de ni\u00f1os y mascotas durante su aplicaci\u00f3n<\/li>\n<li data-section-id=\"17ev0g7\" data-start=\"3206\" data-end=\"3256\">Seguir siempre las indicaciones del fabricante<\/li>\n<\/ul>\n<p>&nbsp;<\/p>\n<h2 data-section-id=\"z9rlj3\" data-start=\"3263\" data-end=\"3301\">\ud83c\udfe1 Soluci\u00f3n pr\u00e1ctica para el verano<\/h2>\n<p data-start=\"3303\" data-end=\"3599\">Durante los meses m\u00e1s c\u00e1lidos, la presencia de mosquitos \u2014especialmente el mosquito tigre\u2014 puede convertirse en un problema constante. Este <strong data-start=\"3443\" data-end=\"3473\">insecticida mosquito tigre<\/strong> de Batlle es una herramienta eficaz para mantener a raya estos insectos y disfrutar de tus espacios exteriores sin molestias.<\/p>\n<p data-start=\"3624\" data-end=\"3929\">Si buscas una soluci\u00f3n r\u00e1pida, eficaz y f\u00e1cil de aplicar, el <strong data-start=\"3685\" data-end=\"3715\">insecticida mosquito tigre<\/strong> Batlle Eskudo Mosquito Kill Insec Plus es una excelente elecci\u00f3n. Su acci\u00f3n inmediata, su formato listo para usar y su eficacia frente al mosquito tigre lo convierten en un imprescindible para jardines y terrazas.<\/p>\n<p data-start=\"3931\" data-end=\"4014\" data-is-last-node=\"\" data-is-only-node=\"\">Recupera la tranquilidad en tus espacios exteriores y di adi\u00f3s a las picaduras \ud83e\udd9f\ud83d\udeab<\/p>\n","protected":false},"excerpt":{"rendered":"<p data-start=\"125\" data-end=\"534\">El <strong data-start=\"128\" data-end=\"158\">insecticida mosquito tigre<\/strong> Batlle Eskudo Mosquito Kill Insec Plus es una soluci\u00f3n pr\u00e1ctica, eficaz y lista para usar, dise\u00f1ada espec\u00edficamente para combatir uno de los insectos m\u00e1s molestos y persistentes: el mosquito tigre. Gracias a su <strong data-start=\"370\" data-end=\"390\">acci\u00f3n inmediata<\/strong> y su formato en spray con pulverizador, podr\u00e1s eliminar r\u00e1pidamente los mosquitos en jardines, terrazas, balcones o zonas exteriores del hogar.<\/p>\n<p data-start=\"536\" data-end=\"722\">Este producto destaca por su facilidad de uso, su eficacia probada y su capacidad para actuar directamente sobre los insectos, ofreciendo resultados visibles desde la primera aplicaci\u00f3n.<\/p>\n","protected":false},"featured_media":3210,"template":"","meta":{"_acf_changed":false,"_joinchat":[]},"product_brand":[],"product_cat":[356,26,84,490,114,82],"product_tag":[],"class_list":{"0":"post-3209","1":"product","2":"type-product","3":"status-publish","4":"has-post-thumbnail","6":"product_cat-abejas-y-moscas","7":"product_cat-agrogargallo","8":"product_cat-hogar","9":"product_cat-insecticidas","10":"product_cat-insecticidas-y-antiplagas","11":"product_cat-jardin-y-terraza","13":"first","14":"instock","15":"taxable","16":"shipping-taxable","17":"purchasable","18":"product-type-simple"},"acf":[],"_links":{"self":[{"href":"https:\/\/agrogargallo.com\/gl\/wp-json\/wp\/v2\/product\/3209","targetHints":{"allow":["GET"]}}],"collection":[{"href":"https:\/\/agrogargallo.com\/gl\/wp-json\/wp\/v2\/product"}],"about":[{"href":"https:\/\/agrogargallo.com\/gl\/wp-json\/wp\/v2\/types\/product"}],"wp:featuredmedia":[{"embeddable":true,"href":"https:\/\/agrogargallo.com\/gl\/wp-json\/wp\/v2\/media\/3210"}],"wp:attachment":[{"href":"https:\/\/agrogargallo.com\/gl\/wp-json\/wp\/v2\/media?parent=3209"}],"wp:term":[{"taxonomy":"product_brand","embeddable":true,"href":"https:\/\/agrogargallo.com\/gl\/wp-json\/wp\/v2\/product_brand?post=3209"},{"taxonomy":"product_cat","embeddable":true,"href":"https:\/\/agrogargallo.com\/gl\/wp-json\/wp\/v2\/product_cat?post=3209"},{"taxonomy":"product_tag","embeddable":true,"href":"https:\/\/agrogargallo.com\/gl\/wp-json\/wp\/v2\/product_tag?post=3209"}],"curies":[{"name":"wp","href":"https:\/\/api.w.org\/{rel}","templated":true}]}}