{"id":3180,"date":"2026-04-04T12:40:19","date_gmt":"2026-04-04T10:40:19","guid":{"rendered":"https:\/\/agrogargallo.com\/?post_type=product&#038;p=3180"},"modified":"2026-04-04T12:40:19","modified_gmt":"2026-04-04T10:40:19","slug":"comida-para-perros-carne-cordero-belcando","status":"publish","type":"product","link":"https:\/\/agrogargallo.com\/gl\/producto\/comida-para-perros-carne-cordero-belcando","title":{"rendered":"Comida para perros carne cordero 70% &#8211; Belcando &#8211; 800g"},"content":{"rendered":"<h2 data-section-id=\"l2gvh1\" data-start=\"736\" data-end=\"769\">\ud83e\udd69 Caracter\u00edsticas principales de la comida para perros carne cordero de Belcando<\/h2>\n<p data-start=\"771\" data-end=\"901\"><strong data-start=\"771\" data-end=\"811\">\u2714 70% de carne de cordero y v\u00edsceras<\/strong><br data-start=\"811\" data-end=\"814\" \/>Alta concentraci\u00f3n de prote\u00edna animal de calidad, ideal para el mantenimiento muscular.<\/p>\n<p data-start=\"903\" data-end=\"1000\"><strong data-start=\"903\" data-end=\"934\">\u2714 Sin cereales (grain free)<\/strong><br data-start=\"934\" data-end=\"937\" \/>Perfecta para perros con intolerancias o digestiones delicadas.<\/p>\n<p data-start=\"1002\" data-end=\"1109\"><strong data-start=\"1002\" data-end=\"1026\">\u2714 Alta palatabilidad<\/strong><br data-start=\"1026\" data-end=\"1029\" \/>El cordero es una carne muy sabrosa que suele gustar incluso a perros exigentes.<\/p>\n<p data-start=\"1111\" data-end=\"1203\"><strong data-start=\"1111\" data-end=\"1148\">\u2714 Enriquecida con aceite de cardo<\/strong><br data-start=\"1148\" data-end=\"1151\" \/>Favorece la salud de la piel y el brillo del pelaje.<\/p>\n<p data-start=\"1205\" data-end=\"1295\"><strong data-start=\"1205\" data-end=\"1224\">\u2714 Formato 800 g<\/strong><br data-start=\"1224\" data-end=\"1227\" \/>Ideal para perros medianos y grandes o para dividir en varias tomas.<\/p>\n<h2 data-section-id=\"1pv0tu7\" data-start=\"1302\" data-end=\"1345\">\ud83c\udf3f Ingredientes naturales y equilibrados<\/h2>\n<p data-start=\"1347\" data-end=\"1460\">La <strong data-start=\"1350\" data-end=\"1386\">comida para perros carne cordero<\/strong> de Belcando est\u00e1 elaborada con ingredientes cuidadosamente seleccionados:<\/p>\n<ul data-start=\"1462\" data-end=\"1628\">\n<li data-section-id=\"12wfyx0\" data-start=\"1462\" data-end=\"1499\">Carne y v\u00edsceras de cordero (70%)<\/li>\n<li data-section-id=\"pdupgd\" data-start=\"1500\" data-end=\"1546\">Caldo natural para mejorar textura y sabor<\/li>\n<li data-section-id=\"ajktsw\" data-start=\"1547\" data-end=\"1603\">Aceite de cardo (fuente de \u00e1cidos grasos esenciales)<\/li>\n<li data-section-id=\"14d6pb6\" data-start=\"1604\" data-end=\"1628\">Minerales esenciales<\/li>\n<\/ul>\n<p data-start=\"1630\" data-end=\"1752\">La ausencia de cereales hace que esta receta sea m\u00e1s f\u00e1cil de digerir y adecuada para perros con sensibilidad alimentaria.<\/p>\n<h2 data-section-id=\"1nu8y3h\" data-start=\"1759\" data-end=\"1791\">\ud83d\udc15 Beneficios para tu mascota<\/h2>\n<p data-start=\"1793\" data-end=\"1868\">Elegir esta <strong data-start=\"1805\" data-end=\"1841\">comida para perros carne cordero<\/strong> aporta m\u00faltiples ventajas:<\/p>\n<h3 data-section-id=\"1hftmu3\" data-start=\"1870\" data-end=\"1896\">\ud83e\uddb4 Digesti\u00f3n m\u00e1s suave<\/h3>\n<p data-start=\"1897\" data-end=\"2000\">El cordero es una prote\u00edna altamente digestible, ideal para perros con problemas digestivos o alergias.<\/p>\n<h3 data-section-id=\"1uus8z7\" data-start=\"2002\" data-end=\"2031\">\ud83d\udcaa Mantenimiento muscular<\/h3>\n<p data-start=\"2032\" data-end=\"2117\">El alto contenido en prote\u00edna animal ayuda a conservar una musculatura fuerte y sana.<\/p>\n<h3 data-section-id=\"1cpc2br\" data-start=\"2119\" data-end=\"2147\">\u2728 Piel y pelo saludables<\/h3>\n<p data-start=\"2148\" data-end=\"2228\">El aceite de cardo contribuye a mejorar la salud cut\u00e1nea y el brillo del pelaje.<\/p>\n<h3 data-section-id=\"1govg09\" data-start=\"2230\" data-end=\"2255\">\u26a1 Energ\u00eda equilibrada<\/h3>\n<p data-start=\"2256\" data-end=\"2346\">Aporta la energ\u00eda necesaria para la actividad diaria sin sobrecargar el sistema digestivo.<\/p>\n<h2 data-section-id=\"14v1efn\" data-start=\"2353\" data-end=\"2394\">\ud83c\udf7d\ufe0f \u00bfPara qu\u00e9 perros est\u00e1 recomendada?<\/h2>\n<p data-start=\"2396\" data-end=\"2455\">Esta <strong data-start=\"2401\" data-end=\"2437\">comida para perros carne cordero<\/strong> es adecuada para:<\/p>\n<ul data-start=\"2457\" data-end=\"2658\">\n<li data-section-id=\"1ursxec\" data-start=\"2457\" data-end=\"2497\">Perros adultos de todas las razas \ud83d\udc15<\/li>\n<li data-section-id=\"14wyg1\" data-start=\"2498\" data-end=\"2555\">Perros con digesti\u00f3n sensible o alergias alimentarias<\/li>\n<li data-section-id=\"35yow0\" data-start=\"2556\" data-end=\"2626\">Mascotas con intolerancia a otras prote\u00ednas (como pollo o ternera)<\/li>\n<li data-section-id=\"16bmomw\" data-start=\"2627\" data-end=\"2658\">Perros con apetito exigente<\/li>\n<\/ul>\n<p data-start=\"2660\" data-end=\"2749\">Tambi\u00e9n es perfecta como complemento al pienso seco para mejorar la variedad en la dieta.<\/p>\n<h2 data-section-id=\"7qyezt\" data-start=\"2756\" data-end=\"2776\">\ud83e\udd44 Modo de empleo<\/h2>\n<ul data-start=\"2778\" data-end=\"2926\">\n<li data-section-id=\"f4jyl1\" data-start=\"2778\" data-end=\"2811\">Servir a temperatura ambiente<\/li>\n<li data-section-id=\"g7mosa\" data-start=\"2812\" data-end=\"2873\">Ajustar la cantidad seg\u00fan peso, edad y nivel de actividad<\/li>\n<li data-section-id=\"1k5ei69\" data-start=\"2874\" data-end=\"2926\">Mantener siempre agua limpia y fresca disponible<\/li>\n<\/ul>\n<p data-start=\"2928\" data-end=\"3017\">Una vez abierta la lata, conservar en frigor\u00edfico y consumir en un m\u00e1ximo de 24-48 horas.<\/p>\n<h2 data-section-id=\"9j8zzc\" data-start=\"3024\" data-end=\"3074\">\u2696\ufe0f \u00bfQu\u00e9 la diferencia de otras comidas h\u00famedas?<\/h2>\n<p data-start=\"3076\" data-end=\"3130\">Esta <strong data-start=\"3081\" data-end=\"3117\">comida para perros carne cordero<\/strong> destaca por:<\/p>\n<ul data-start=\"3132\" data-end=\"3341\">\n<li data-section-id=\"fs16g2\" data-start=\"3132\" data-end=\"3171\">Alto porcentaje real de carne (70%)<\/li>\n<li data-section-id=\"jla10q\" data-start=\"3172\" data-end=\"3220\">Receta sin cereales ni rellenos innecesarios<\/li>\n<li data-section-id=\"6hgfe3\" data-start=\"3221\" data-end=\"3249\">Excelente digestibilidad<\/li>\n<li data-section-id=\"1h2sohv\" data-start=\"3250\" data-end=\"3292\">Ingredientes naturales de alta calidad<\/li>\n<li data-section-id=\"1xn76ge\" data-start=\"3293\" data-end=\"3341\">Fabricaci\u00f3n europea con est\u00e1ndares exigentes<\/li>\n<\/ul>\n<h2 data-section-id=\"zx472t\" data-start=\"3348\" data-end=\"3370\">\ud83c\udfc6 Calidad Belcando<\/h2>\n<p data-start=\"3372\" data-end=\"3628\">Belcando es una marca reconocida en nutrici\u00f3n animal por su compromiso con la calidad y la innovaci\u00f3n. Sus recetas est\u00e1n formuladas para garantizar una alimentaci\u00f3n equilibrada, utilizando materias primas seleccionadas y procesos de producci\u00f3n controlados.<\/p>\n<p data-start=\"3653\" data-end=\"3974\">Si buscas una alternativa nutritiva, sabrosa y f\u00e1cil de digerir, la <strong data-start=\"3721\" data-end=\"3757\">comida para perros carne cordero<\/strong> de Belcando en lata de 800 g es una excelente elecci\u00f3n. Su alto contenido en carne, su f\u00f3rmula sin cereales y sus beneficios para la salud digestiva la convierten en una opci\u00f3n ideal para cuidar a tu perro d\u00eda a d\u00eda.<\/p>\n<p data-start=\"3976\" data-end=\"4045\" data-is-last-node=\"\" data-is-only-node=\"\">Dale a tu mascota una alimentaci\u00f3n completa, natural y deliciosa \ud83d\udc36\ud83e\udd69<\/p>\n","protected":false},"excerpt":{"rendered":"<p data-start=\"131\" data-end=\"552\">La <strong data-start=\"134\" data-end=\"170\">comida para perros carne cordero<\/strong> de Belcando en formato de 800 g es una opci\u00f3n de alimentaci\u00f3n h\u00fameda <strong data-start=\"240\" data-end=\"256\">de alta gama<\/strong>, dise\u00f1ada para cubrir las necesidades nutricionales de tu perro con ingredientes de primera calidad. Con un <strong data-start=\"365\" data-end=\"403\">70% de carne y v\u00edsceras de cordero<\/strong>, esta receta destaca por su excelente digestibilidad y su gran valor nutricional, siendo especialmente adecuada para perros con est\u00f3magos sensibles.<\/p>\n<p data-start=\"554\" data-end=\"729\">Fabricada en Alemania bajo estrictos controles de calidad, esta comida h\u00fameda combina sabor, nutrici\u00f3n y naturalidad, ofreciendo una dieta completa y equilibrada sin cereales.<\/p>\n","protected":false},"featured_media":3183,"template":"","meta":{"_acf_changed":false,"_joinchat":[]},"product_brand":[],"product_cat":[26,254,80,105,256,258],"product_tag":[],"class_list":{"0":"post-3180","1":"product","2":"type-product","3":"status-publish","4":"has-post-thumbnail","6":"product_cat-agrogargallo","7":"product_cat-alimentacion-canina","8":"product_cat-ganaderia-y-mascotas","9":"product_cat-perros","10":"product_cat-piensos-caninos","11":"product_cat-snaks-y-huesos","13":"first","14":"instock","15":"taxable","16":"shipping-taxable","17":"purchasable","18":"product-type-simple"},"acf":[],"_links":{"self":[{"href":"https:\/\/agrogargallo.com\/gl\/wp-json\/wp\/v2\/product\/3180","targetHints":{"allow":["GET"]}}],"collection":[{"href":"https:\/\/agrogargallo.com\/gl\/wp-json\/wp\/v2\/product"}],"about":[{"href":"https:\/\/agrogargallo.com\/gl\/wp-json\/wp\/v2\/types\/product"}],"wp:featuredmedia":[{"embeddable":true,"href":"https:\/\/agrogargallo.com\/gl\/wp-json\/wp\/v2\/media\/3183"}],"wp:attachment":[{"href":"https:\/\/agrogargallo.com\/gl\/wp-json\/wp\/v2\/media?parent=3180"}],"wp:term":[{"taxonomy":"product_brand","embeddable":true,"href":"https:\/\/agrogargallo.com\/gl\/wp-json\/wp\/v2\/product_brand?post=3180"},{"taxonomy":"product_cat","embeddable":true,"href":"https:\/\/agrogargallo.com\/gl\/wp-json\/wp\/v2\/product_cat?post=3180"},{"taxonomy":"product_tag","embeddable":true,"href":"https:\/\/agrogargallo.com\/gl\/wp-json\/wp\/v2\/product_tag?post=3180"}],"curies":[{"name":"wp","href":"https:\/\/api.w.org\/{rel}","templated":true}]}}