{"id":3175,"date":"2026-04-04T12:16:07","date_gmt":"2026-04-04T10:16:07","guid":{"rendered":"https:\/\/agrogargallo.com\/?post_type=product&#038;p=3175"},"modified":"2026-04-04T12:16:07","modified_gmt":"2026-04-04T10:16:07","slug":"comida-para-perros-carne-ternera-belcando","status":"publish","type":"product","link":"https:\/\/agrogargallo.com\/gl\/producto\/comida-para-perros-carne-ternera-belcando","title":{"rendered":"Comida para perros carne ternera 70% &#8211; Belcando &#8211; 800g"},"content":{"rendered":"<h2 data-section-id=\"l2gvh1\" data-start=\"792\" data-end=\"825\">\ud83e\udd69 Caracter\u00edsticas principales de la comida para perros carne de ternera 70% de Belcando<\/h2>\n<p data-start=\"827\" data-end=\"944\"><strong data-start=\"827\" data-end=\"867\">\u2714 70% de carne de ternera y v\u00edsceras<\/strong><br data-start=\"867\" data-end=\"870\" \/>Fuente de prote\u00ednas de alta calidad, esencial para el desarrollo muscular.<\/p>\n<p data-start=\"946\" data-end=\"1048\"><strong data-start=\"946\" data-end=\"984\">\u2714 Receta sin cereales (grain free)<\/strong><br data-start=\"984\" data-end=\"987\" \/>Ideal para perros con sensibilidad digestiva o intolerancias.<\/p>\n<p data-start=\"1050\" data-end=\"1138\"><strong data-start=\"1050\" data-end=\"1074\">\u2714 Alta palatabilidad<\/strong><br data-start=\"1074\" data-end=\"1077\" \/>Sabor intenso que encanta incluso a los perros m\u00e1s exigentes.<\/p>\n<p data-start=\"1140\" data-end=\"1239\"><strong data-start=\"1140\" data-end=\"1193\">\u2714 Enriquecida con aceite de cardo (cardo mariano)<\/strong><br data-start=\"1193\" data-end=\"1196\" \/>Aporta beneficios para la piel y el pelaje.<\/p>\n<p data-start=\"1241\" data-end=\"1338\"><strong data-start=\"1241\" data-end=\"1260\">\u2714 Formato 800 g<\/strong><br data-start=\"1260\" data-end=\"1263\" \/>Perfecto para perros medianos y grandes o para varios d\u00edas de alimentaci\u00f3n.<\/p>\n<h2 data-section-id=\"l5zanv\" data-start=\"1345\" data-end=\"1404\">\ud83c\udf3f Ingredientes de calidad para una alimentaci\u00f3n natural<\/h2>\n<p data-start=\"1406\" data-end=\"1529\">Esta <strong data-start=\"1411\" data-end=\"1447\">Comida para perros carne ternera<\/strong> est\u00e1 formulada con ingredientes seleccionados para ofrecer una dieta equilibrada:<\/p>\n<ul data-start=\"1531\" data-end=\"1700\">\n<li data-section-id=\"68uw2l\" data-start=\"1531\" data-end=\"1568\">Carne y v\u00edsceras de ternera (70%)<\/li>\n<li data-section-id=\"f90lcp\" data-start=\"1569\" data-end=\"1621\">Caldo natural para mejorar la textura y el sabor<\/li>\n<li data-section-id=\"gat6mx\" data-start=\"1622\" data-end=\"1675\">Aceite de cardo, rico en \u00e1cidos grasos esenciales<\/li>\n<li data-section-id=\"14d6pb6\" data-start=\"1676\" data-end=\"1700\">Minerales esenciales<\/li>\n<\/ul>\n<p data-start=\"1702\" data-end=\"1807\">Al no contener cereales, esta receta es m\u00e1s f\u00e1cil de digerir y reduce el riesgo de alergias alimentarias.<\/p>\n<h2 data-section-id=\"1gri8dd\" data-start=\"1814\" data-end=\"1844\">\ud83d\udc15 Beneficios para tu perro<\/h2>\n<p data-start=\"1846\" data-end=\"1954\">Al elegir esta <strong data-start=\"1861\" data-end=\"1897\">Comida para perros carne ternera<\/strong>, est\u00e1s proporcionando a tu mascota m\u00faltiples beneficios:<\/p>\n<h3 data-section-id=\"1a23krg\" data-start=\"1956\" data-end=\"1989\">\ud83d\udcaa Desarrollo muscular \u00f3ptimo<\/h3>\n<p data-start=\"1990\" data-end=\"2093\">Gracias a su alto contenido en prote\u00ednas animales, ayuda a mantener una musculatura fuerte y saludable.<\/p>\n<h3 data-section-id=\"170m2d\" data-start=\"2095\" data-end=\"2117\">\ud83e\uddb4 Salud digestiva<\/h3>\n<p data-start=\"2118\" data-end=\"2199\">La ausencia de cereales facilita la digesti\u00f3n, especialmente en perros sensibles.<\/p>\n<h3 data-section-id=\"1e0fekq\" data-start=\"2201\" data-end=\"2235\">\u2728 Piel sana y pelaje brillante<\/h3>\n<p data-start=\"2236\" data-end=\"2322\">El aceite de cardo contribuye a mejorar la salud de la piel y aporta brillo al pelaje.<\/p>\n<h3 data-section-id=\"1yzo1xx\" data-start=\"2324\" data-end=\"2355\">\u2764\ufe0f Alta energ\u00eda y vitalidad<\/h3>\n<p data-start=\"2356\" data-end=\"2438\">Una alimentaci\u00f3n rica en carne proporciona la energ\u00eda necesaria para el d\u00eda a d\u00eda.<\/p>\n<h2 data-section-id=\"1nxxzg0\" data-start=\"2445\" data-end=\"2494\">\ud83c\udf7d\ufe0f \u00bfPara qu\u00e9 tipo de perros est\u00e1 recomendada?<\/h2>\n<p data-start=\"2496\" data-end=\"2555\">Esta <strong data-start=\"2501\" data-end=\"2537\">Comida para perros carne ternera<\/strong> es adecuada para:<\/p>\n<ul data-start=\"2557\" data-end=\"2736\">\n<li data-section-id=\"1ursxec\" data-start=\"2557\" data-end=\"2597\">Perros adultos de todas las razas \ud83d\udc15<\/li>\n<li data-section-id=\"fjm2e3\" data-start=\"2598\" data-end=\"2644\">Perros con sensibilidad a los cereales \ud83c\udf3e\u274c<\/li>\n<li data-section-id=\"7g10ju\" data-start=\"2645\" data-end=\"2689\">Mascotas con alta actividad f\u00edsica \ud83c\udfc3\u200d\u2642\ufe0f<\/li>\n<li data-section-id=\"ua85q6\" data-start=\"2690\" data-end=\"2736\">Perros que necesitan mejorar su apetito \ud83c\udf56<\/li>\n<\/ul>\n<p data-start=\"2738\" data-end=\"2856\">Tambi\u00e9n puede utilizarse como complemento al pienso seco, aportando variedad y mejorando la palatabilidad de la dieta.<\/p>\n<h2 data-section-id=\"7qyezt\" data-start=\"2863\" data-end=\"2883\">\ud83e\udd44 Modo de empleo<\/h2>\n<ul data-start=\"2885\" data-end=\"3037\">\n<li data-section-id=\"f4jyl1\" data-start=\"2885\" data-end=\"2918\">Servir a temperatura ambiente<\/li>\n<li data-section-id=\"1aun7hg\" data-start=\"2919\" data-end=\"2993\">Ajustar la cantidad seg\u00fan el peso, edad y nivel de actividad del perro<\/li>\n<li data-section-id=\"163oti\" data-start=\"2994\" data-end=\"3037\">Asegurar siempre agua fresca disponible<\/li>\n<\/ul>\n<p data-start=\"3039\" data-end=\"3119\">Una vez abierta, conservar en frigor\u00edfico y consumir en un plazo de 24-48 horas.<\/p>\n<h2 data-section-id=\"1uiddpm\" data-start=\"3126\" data-end=\"3171\">\u2696\ufe0f Ventajas frente a otras comidas h\u00famedas<\/h2>\n<p data-start=\"3173\" data-end=\"3265\">Lo que diferencia a esta <strong data-start=\"3198\" data-end=\"3234\">Comida para perros carne ternera<\/strong> de otras opciones del mercado:<\/p>\n<ul data-start=\"3267\" data-end=\"3455\">\n<li data-section-id=\"1c02f5o\" data-start=\"3267\" data-end=\"3307\">Mayor porcentaje de carne real (70%)<\/li>\n<li data-section-id=\"1fm2kvi\" data-start=\"3308\" data-end=\"3349\">Sin cereales ni rellenos innecesarios<\/li>\n<li data-section-id=\"1tg9apw\" data-start=\"3350\" data-end=\"3382\">Ingredientes de alta calidad<\/li>\n<li data-section-id=\"dab0oh\" data-start=\"3383\" data-end=\"3430\">Elaboraci\u00f3n europea con controles estrictos<\/li>\n<li data-section-id=\"fmeb95\" data-start=\"3431\" data-end=\"3455\">Mejor digestibilidad<\/li>\n<\/ul>\n<p>&nbsp;<\/p>\n<h2 data-section-id=\"1av3vhy\" data-start=\"3462\" data-end=\"3493\">\ud83d\uded2 \u00bfPor qu\u00e9 elegir Belcando?<\/h2>\n<p data-start=\"3495\" data-end=\"3739\">Belcando es una marca reconocida por su compromiso con la calidad y la nutrici\u00f3n animal. Sus productos est\u00e1n desarrollados con criterios cient\u00edficos y utilizando ingredientes naturales, lo que garantiza una alimentaci\u00f3n saludable y equilibrada.<\/p>\n<p data-start=\"3764\" data-end=\"4096\">Si buscas una opci\u00f3n nutritiva, sabrosa y de alta calidad para tu mascota, la <strong data-start=\"3842\" data-end=\"3878\">Comida para perros carne ternera<\/strong> de Belcando en lata de 800 g es una excelente elecci\u00f3n. Su alto contenido en carne, su f\u00f3rmula sin cereales y sus beneficios para la salud la convierten en una alternativa ideal para cuidar de tu perro como se merece.<\/p>\n<p data-start=\"4098\" data-end=\"4175\" data-is-last-node=\"\" data-is-only-node=\"\">Dale a tu mejor amigo una alimentaci\u00f3n completa, deliciosa y equilibrada \ud83d\udc36\ud83e\udd69<\/p>\n<p data-start=\"4098\" data-end=\"4175\" data-is-last-node=\"\" data-is-only-node=\"\">\n","protected":false},"excerpt":{"rendered":"<p data-start=\"131\" data-end=\"549\">La <strong data-start=\"134\" data-end=\"170\">Comida para perros carne ternera<\/strong> de Belcando en formato de 800 g es una opci\u00f3n de alimentaci\u00f3n h\u00fameda <strong data-start=\"240\" data-end=\"251\">premium<\/strong>, especialmente formulada para ofrecer a tu perro una dieta equilibrada, sabrosa y altamente nutritiva. Con un <strong data-start=\"362\" data-end=\"400\">70% de carne y v\u00edsceras de ternera<\/strong>, esta receta destaca por su alto contenido proteico de calidad, ideal para mantener la energ\u00eda, la musculatura y el bienestar general de tu mascota.<\/p>\n<p data-start=\"551\" data-end=\"785\">Elaborada en Alemania bajo estrictos est\u00e1ndares de calidad, esta comida h\u00fameda se posiciona como una excelente alternativa para quienes buscan una alimentaci\u00f3n m\u00e1s natural, sin cereales y con ingredientes cuidadosamente seleccionados.<\/p>\n","protected":false},"featured_media":3178,"template":"","meta":{"_acf_changed":false,"_joinchat":[]},"product_brand":[],"product_cat":[26,254,80,105,256,258],"product_tag":[],"class_list":{"0":"post-3175","1":"product","2":"type-product","3":"status-publish","4":"has-post-thumbnail","6":"product_cat-agrogargallo","7":"product_cat-alimentacion-canina","8":"product_cat-ganaderia-y-mascotas","9":"product_cat-perros","10":"product_cat-piensos-caninos","11":"product_cat-snaks-y-huesos","13":"first","14":"instock","15":"taxable","16":"shipping-taxable","17":"purchasable","18":"product-type-simple"},"acf":[],"_links":{"self":[{"href":"https:\/\/agrogargallo.com\/gl\/wp-json\/wp\/v2\/product\/3175","targetHints":{"allow":["GET"]}}],"collection":[{"href":"https:\/\/agrogargallo.com\/gl\/wp-json\/wp\/v2\/product"}],"about":[{"href":"https:\/\/agrogargallo.com\/gl\/wp-json\/wp\/v2\/types\/product"}],"wp:featuredmedia":[{"embeddable":true,"href":"https:\/\/agrogargallo.com\/gl\/wp-json\/wp\/v2\/media\/3178"}],"wp:attachment":[{"href":"https:\/\/agrogargallo.com\/gl\/wp-json\/wp\/v2\/media?parent=3175"}],"wp:term":[{"taxonomy":"product_brand","embeddable":true,"href":"https:\/\/agrogargallo.com\/gl\/wp-json\/wp\/v2\/product_brand?post=3175"},{"taxonomy":"product_cat","embeddable":true,"href":"https:\/\/agrogargallo.com\/gl\/wp-json\/wp\/v2\/product_cat?post=3175"},{"taxonomy":"product_tag","embeddable":true,"href":"https:\/\/agrogargallo.com\/gl\/wp-json\/wp\/v2\/product_tag?post=3175"}],"curies":[{"name":"wp","href":"https:\/\/api.w.org\/{rel}","templated":true}]}}