{"id":3170,"date":"2026-04-04T12:01:55","date_gmt":"2026-04-04T10:01:55","guid":{"rendered":"https:\/\/agrogargallo.com\/?post_type=product&#038;p=3170"},"modified":"2026-04-04T12:01:55","modified_gmt":"2026-04-04T10:01:55","slug":"raticida-y-topicida-brody-t60-150gr","status":"publish","type":"product","link":"https:\/\/agrogargallo.com\/gl\/producto\/raticida-y-topicida-brody-t60-150gr","title":{"rendered":"Raticida y topicida Brody T60 &#8211; 150gr"},"content":{"rendered":"<p data-start=\"704\" data-end=\"985\">El <strong data-start=\"707\" data-end=\"740\">raticida y topicida Brody T60<\/strong> est\u00e1 formulado con <strong data-start=\"760\" data-end=\"786\">brodifacoum al 0,0025%<\/strong>, un potente anticoagulante de segunda generaci\u00f3n que act\u00faa tras la ingesti\u00f3n del cebo. Este ingrediente provoca hemorragias internas en los roedores, elimin\u00e1ndolos de forma eficaz en pocos d\u00edas \ud83d\udc2d\u26a1.<\/p>\n<p data-start=\"987\" data-end=\"1294\">Una de sus grandes ventajas es que su efecto no es inmediato, lo que evita que otros roedores asocien el cebo con el peligro, favoreciendo as\u00ed la eliminaci\u00f3n completa de la colonia. Adem\u00e1s, incorpora sustancias repelentes para prevenir la manipulaci\u00f3n accidental por parte de personas o animales dom\u00e9sticos.<\/p>\n<p data-start=\"1296\" data-end=\"1490\">Este producto est\u00e1 indicado para su uso en <strong data-start=\"1339\" data-end=\"1406\">zonas alrededor de casas, chalets, fincas, almacenes y jardines<\/strong>, pudiendo aplicarse incluso en exterior o bajo tierra, lo que lo hace muy vers\u00e1til.<\/p>\n<h3 data-section-id=\"3tqlb2\" data-start=\"1497\" data-end=\"1522\">\ud83d\udc00 \u00bfContra qu\u00e9 act\u00faa?<\/h3>\n<p data-start=\"1524\" data-end=\"1588\">El <strong data-start=\"1527\" data-end=\"1560\">raticida y topicida Brody T60<\/strong> es altamente eficaz contra:<\/p>\n<ul data-start=\"1590\" data-end=\"1710\">\n<li data-section-id=\"yjooqe\" data-start=\"1590\" data-end=\"1617\">\ud83d\udc2d <strong data-start=\"1595\" data-end=\"1617\">Ratones dom\u00e9sticos<\/strong><\/li>\n<li data-section-id=\"17a5bu0\" data-start=\"1618\" data-end=\"1657\">\ud83d\udc00 <strong data-start=\"1623\" data-end=\"1657\">Ratas (rata negra y rata gris)<\/strong><\/li>\n<li data-section-id=\"6xvnw3\" data-start=\"1658\" data-end=\"1710\">\ud83d\udd73\ufe0f <strong data-start=\"1664\" data-end=\"1710\">Topos (uso en zonas exteriores y galer\u00edas)<\/strong><\/li>\n<\/ul>\n<p data-start=\"1712\" data-end=\"1835\">Su formulaci\u00f3n atractiva asegura una r\u00e1pida ingesti\u00f3n por parte de los roedores, aumentando la efectividad del tratamiento.<\/p>\n<h3 data-section-id=\"1a0km5t\" data-start=\"1842\" data-end=\"1875\">\u2b50 Caracter\u00edsticas principales del raticida y topicida Brody T60<\/h3>\n<ul data-start=\"1877\" data-end=\"2235\">\n<li data-section-id=\"1a2i0kp\" data-start=\"1877\" data-end=\"1922\">Raticida y topicida a base de brodifacoum<\/li>\n<li data-section-id=\"1na6841\" data-start=\"1923\" data-end=\"1970\">Alta eficacia contra ratas, ratones y topos<\/li>\n<li data-section-id=\"11s0x0j\" data-start=\"1971\" data-end=\"2005\">\ud83e\uddea Cebo fresco listo para usar<\/li>\n<li data-section-id=\"1ctsv8h\" data-start=\"2006\" data-end=\"2053\">Acci\u00f3n anticoagulante de segunda generaci\u00f3n<\/li>\n<li data-section-id=\"j4ijy8\" data-start=\"2054\" data-end=\"2103\">\ud83d\udc2d Eliminaci\u00f3n progresiva sin generar rechazo<\/li>\n<li data-section-id=\"qsx1ep\" data-start=\"2104\" data-end=\"2144\">Apto para uso en interior y exterior<\/li>\n<li data-section-id=\"175k3js\" data-start=\"2145\" data-end=\"2205\">\ud83c\udf27\ufe0f Puede utilizarse en condiciones ambientales diversas<\/li>\n<li data-section-id=\"tvacyv\" data-start=\"2206\" data-end=\"2235\">Formato pr\u00e1ctico de 150 g<\/li>\n<\/ul>\n<p>&nbsp;<\/p>\n<h3 data-section-id=\"1vythz1\" data-start=\"2242\" data-end=\"2260\">\ud83d\udca7 Modo de uso<\/h3>\n<ul data-start=\"2262\" data-end=\"2495\">\n<li data-section-id=\"cacbur\" data-start=\"2262\" data-end=\"2322\">Colocar el cebo en zonas de paso o actividad de roedores<\/li>\n<li data-section-id=\"15txyba\" data-start=\"2323\" data-end=\"2384\">Situar preferiblemente en portacebos o lugares protegidos<\/li>\n<li data-section-id=\"1mioeiy\" data-start=\"2385\" data-end=\"2437\">Revisar peri\u00f3dicamente y reponer si es necesario<\/li>\n<li data-section-id=\"1wuvt6r\" data-start=\"2438\" data-end=\"2495\">Mantener el tratamiento hasta eliminar la infestaci\u00f3n<\/li>\n<\/ul>\n<p>&nbsp;<\/p>\n<h3 data-section-id=\"jcbmhn\" data-start=\"2502\" data-end=\"2550\">\u2705 Ventajas del raticida y topicida Brody T60<\/h3>\n<ul data-start=\"2552\" data-end=\"2751\">\n<li data-section-id=\"175rerc\" data-start=\"2552\" data-end=\"2593\">Gran poder de atracci\u00f3n para roedores<\/li>\n<li data-section-id=\"ryvd62\" data-start=\"2594\" data-end=\"2645\">Alta eficacia incluso con infestaciones severas<\/li>\n<li data-section-id=\"1ytvcgu\" data-start=\"2646\" data-end=\"2667\">Acci\u00f3n prolongada<\/li>\n<li data-section-id=\"1pztkzb\" data-start=\"2668\" data-end=\"2711\">F\u00e1cil aplicaci\u00f3n sin preparaci\u00f3n previa<\/li>\n<li data-section-id=\"ojflim\" data-start=\"2712\" data-end=\"2751\">Vers\u00e1til: uso en m\u00faltiples entornos<\/li>\n<\/ul>\n<p>&nbsp;<\/p>\n<h3 data-section-id=\"1ce88jo\" data-start=\"2758\" data-end=\"2787\">\u26a0\ufe0f Recomendaciones de uso<\/h3>\n<ul data-start=\"2789\" data-end=\"3045\">\n<li data-section-id=\"1d8pqdp\" data-start=\"2789\" data-end=\"2836\">Utilizar guantes durante la manipulaci\u00f3n \ud83e\udde4<\/li>\n<li data-section-id=\"1q88sq2\" data-start=\"2837\" data-end=\"2887\">Mantener fuera del alcance de ni\u00f1os y mascotas<\/li>\n<li data-section-id=\"11pbff2\" data-start=\"2888\" data-end=\"2937\">No colocar en zonas accesibles sin protecci\u00f3n<\/li>\n<li data-section-id=\"17ev0g7\" data-start=\"2938\" data-end=\"2988\">Seguir siempre las indicaciones del fabricante<\/li>\n<li data-section-id=\"108an2q\" data-start=\"2989\" data-end=\"3045\">Retirar restos de cebo tras finalizar el tratamiento<\/li>\n<\/ul>\n<p>&nbsp;<\/p>\n<div class=\"flex flex-col text-sm\">\n<section class=\"text-token-text-primary w-full focus:outline-none [--shadow-height:45px] has-data-writing-block:pointer-events-none has-data-writing-block:-mt-(--shadow-height) has-data-writing-block:pt-(--shadow-height) [&amp;:has([data-writing-block])&gt;*]:pointer-events-auto scroll-mt-[calc(var(--header-height)+min(200px,max(70px,20svh)))]\" dir=\"auto\" data-turn-id=\"request-68485ef0-86d4-8005-882f-fdc50f0cacb5-3\" data-testid=\"conversation-turn-40\" data-scroll-anchor=\"true\" data-turn=\"assistant\">\n<div class=\"text-base my-auto mx-auto pb-10 [--thread-content-margin:var(--thread-content-margin-xs,calc(var(--spacing)*4))] @w-sm\/main:[--thread-content-margin:var(--thread-content-margin-sm,calc(var(--spacing)*6))] @w-lg\/main:[--thread-content-margin:var(--thread-content-margin-lg,calc(var(--spacing)*16))] px-(--thread-content-margin)\">\n<div class=\"[--thread-content-max-width:40rem] @w-lg\/main:[--thread-content-max-width:48rem] mx-auto max-w-(--thread-content-max-width) flex-1 group\/turn-messages focus-visible:outline-hidden relative flex w-full min-w-0 flex-col agent-turn\">\n<div class=\"flex max-w-full flex-col gap-4 grow\">\n<div class=\"min-h-8 text-message relative flex w-full flex-col items-end gap-2 text-start break-words whitespace-normal outline-none keyboard-focused:focus-ring [.text-message+&amp;]:mt-1\" dir=\"auto\" tabindex=\"0\" data-message-author-role=\"assistant\" data-message-id=\"5b3eb018-95f4-4fdb-97a2-96d0eaaec877\" data-message-model-slug=\"gpt-5-3\" data-turn-start-message=\"true\">\n<div class=\"flex w-full flex-col gap-1 empty:hidden\">\n<div class=\"markdown prose dark:prose-invert w-full wrap-break-word light markdown-new-styling\">\n<p data-start=\"3071\" data-end=\"3384\">El <strong data-start=\"3074\" data-end=\"3107\">raticida y topicida Brody T60<\/strong> es una soluci\u00f3n profesional y eficaz para el control de roedores en todo tipo de espacios. Su potente acci\u00f3n anticoagulante, junto con su formato atractivo y f\u00e1cil de usar, lo convierten en una herramienta clave para eliminar ratas, ratones y topos de forma segura y duradera.<\/p>\n<p data-start=\"3386\" data-end=\"3520\" data-is-last-node=\"\" data-is-only-node=\"\">Si necesitas una soluci\u00f3n fiable para proteger tu hogar o finca frente a plagas de roedores, este producto es una apuesta segura \ud83d\udc2d\u2714\ufe0f.<\/p>\n<\/div>\n<\/div>\n<\/div>\n<\/div>\n<div class=\"z-0 flex min-h-[46px] justify-start\"><\/div>\n<div class=\"mt-3 w-full empty:hidden\">\n<div class=\"text-center\"><\/div>\n<\/div>\n<\/div>\n<\/div>\n<\/section>\n<\/div>\n<div class=\"pointer-events-none h-px w-px absolute bottom-0\" aria-hidden=\"true\" data-edge=\"true\"><\/div>\n","protected":false},"excerpt":{"rendered":"<p data-start=\"76\" data-end=\"488\">El <strong data-start=\"79\" data-end=\"112\">raticida y topicida Brody T60<\/strong> es una soluci\u00f3n potente y de alta eficacia dise\u00f1ada para eliminar infestaciones de ratas, ratones y topos tanto en interiores como en exteriores. Gracias a su formulaci\u00f3n con brodifacoum, uno de los anticoagulantes m\u00e1s efectivos del mercado, este producto act\u00faa de forma r\u00e1pida y segura, convirti\u00e9ndose en una opci\u00f3n ideal para proteger viviendas, almacenes, fincas y jardines \ud83c\udfe1\ud83c\udf3f.<\/p>\n<p data-start=\"490\" data-end=\"667\">Su formato en cebo fresco listo para usar facilita la aplicaci\u00f3n y aumenta la atracci\u00f3n para los roedores, garantizando resultados \u00f3ptimos incluso en infestaciones persistentes.<\/p>\n","protected":false},"featured_media":3173,"template":"","meta":{"_acf_changed":false,"_joinchat":[]},"product_brand":[],"product_cat":[26,81,84,114,354,480],"product_tag":[],"class_list":{"0":"post-3170","1":"product","2":"type-product","3":"status-publish","4":"has-post-thumbnail","6":"product_cat-agrogargallo","7":"product_cat-campo-y-huerto","8":"product_cat-hogar","9":"product_cat-insecticidas-y-antiplagas","10":"product_cat-pajaros-y-roedores","11":"product_cat-raticidas-hogar","13":"first","14":"instock","15":"taxable","16":"shipping-taxable","17":"purchasable","18":"product-type-simple"},"acf":[],"_links":{"self":[{"href":"https:\/\/agrogargallo.com\/gl\/wp-json\/wp\/v2\/product\/3170","targetHints":{"allow":["GET"]}}],"collection":[{"href":"https:\/\/agrogargallo.com\/gl\/wp-json\/wp\/v2\/product"}],"about":[{"href":"https:\/\/agrogargallo.com\/gl\/wp-json\/wp\/v2\/types\/product"}],"wp:featuredmedia":[{"embeddable":true,"href":"https:\/\/agrogargallo.com\/gl\/wp-json\/wp\/v2\/media\/3173"}],"wp:attachment":[{"href":"https:\/\/agrogargallo.com\/gl\/wp-json\/wp\/v2\/media?parent=3170"}],"wp:term":[{"taxonomy":"product_brand","embeddable":true,"href":"https:\/\/agrogargallo.com\/gl\/wp-json\/wp\/v2\/product_brand?post=3170"},{"taxonomy":"product_cat","embeddable":true,"href":"https:\/\/agrogargallo.com\/gl\/wp-json\/wp\/v2\/product_cat?post=3170"},{"taxonomy":"product_tag","embeddable":true,"href":"https:\/\/agrogargallo.com\/gl\/wp-json\/wp\/v2\/product_tag?post=3170"}],"curies":[{"name":"wp","href":"https:\/\/api.w.org\/{rel}","templated":true}]}}