{"id":3091,"date":"2026-03-17T20:08:52","date_gmt":"2026-03-17T19:08:52","guid":{"rendered":"https:\/\/agrogargallo.com\/?post_type=product&#038;p=3091"},"modified":"2026-03-17T20:15:30","modified_gmt":"2026-03-17T19:15:30","slug":"abono-dados-gl-center-premium-cote","status":"publish","type":"product","link":"https:\/\/agrogargallo.com\/gl\/producto\/abono-dados-gl-center-premium-cote","title":{"rendered":"Abono dados GL Center Premium Cote &#8211; Fertilizante de liberaci\u00f3n controlada para macetas y jard\u00edn"},"content":{"rendered":"<p data-start=\"104\" data-end=\"533\">El <strong data-start=\"107\" data-end=\"122\">abono dados<\/strong> Premium Cote de <span class=\"hover:entity-accent entity-underline inline cursor-pointer align-baseline\"><span class=\"whitespace-normal\">GL Center<\/span><\/span> es una soluci\u00f3n pr\u00e1ctica, limpia y altamente eficaz para nutrir plantas de forma prolongada y sin complicaciones. Este formato en <strong data-start=\"307\" data-end=\"355\">dados fertilizantes de liberaci\u00f3n controlada<\/strong> est\u00e1 especialmente dise\u00f1ado para su uso en <strong data-start=\"399\" data-end=\"433\">macetas, jardineras y arbustos<\/strong>, proporcionando a las plantas todos los nutrientes necesarios durante largos periodos de tiempo \ud83c\udf31.<\/p>\n<p data-start=\"535\" data-end=\"887\">Gracias a su innovador formato s\u00f3lido, el <strong data-start=\"577\" data-end=\"592\">abono dados<\/strong> permite una aplicaci\u00f3n sencilla y dosificada, evitando errores comunes como el exceso de fertilizaci\u00f3n o la distribuci\u00f3n irregular del producto. Adem\u00e1s, su tecnolog\u00eda de liberaci\u00f3n progresiva asegura que los nutrientes se aporten gradualmente, adapt\u00e1ndose a las necesidades reales de la planta.<\/p>\n<h2 data-section-id=\"1lw7joq\" data-start=\"1113\" data-end=\"1145\">\ud83e\uddea \u00bfQu\u00e9 es un abono en dados?<\/h2>\n<p data-start=\"1147\" data-end=\"1352\">El <strong data-start=\"1150\" data-end=\"1165\">abono dados<\/strong> es un fertilizante s\u00f3lido compacto que contiene una mezcla equilibrada de nutrientes esenciales encapsulados o formulados para liberarse poco a poco en contacto con la humedad del suelo.<\/p>\n<p data-start=\"1354\" data-end=\"1417\">A diferencia de los abonos granulados o l\u00edquidos, este formato:<\/p>\n<p data-start=\"1419\" data-end=\"1569\">\u2714 Permite una dosificaci\u00f3n exacta<br data-start=\"1452\" data-end=\"1455\" \/>\u2714 Reduce el riesgo de sobrefertilizaci\u00f3n<br data-start=\"1495\" data-end=\"1498\" \/>\u2714 Mantiene una nutrici\u00f3n constante<br data-start=\"1532\" data-end=\"1535\" \/>\u2714 Es limpio y f\u00e1cil de manipular<\/p>\n<p data-start=\"1571\" data-end=\"1683\">Cada dado act\u00faa como una <strong data-start=\"1596\" data-end=\"1621\">reserva de nutrientes<\/strong> que se va liberando de forma progresiva durante varios meses.<\/p>\n<h2 data-section-id=\"vkcj6z\" data-start=\"1690\" data-end=\"1731\">\ud83d\udd2c Tecnolog\u00eda de liberaci\u00f3n controlada<\/h2>\n<p data-start=\"1733\" data-end=\"1855\">El <strong data-start=\"1736\" data-end=\"1751\">abono dados<\/strong> Premium Cote est\u00e1 dise\u00f1ado para ofrecer una <strong data-start=\"1796\" data-end=\"1832\">liberaci\u00f3n gradual de nutrientes<\/strong>, lo que significa que:<\/p>\n<p data-start=\"1857\" data-end=\"2034\">\ud83c\udf3f Los nutrientes no se liberan de golpe<br data-start=\"1897\" data-end=\"1900\" \/>\ud83c\udf3f Se activan con el riego y la humedad del sustrato<br data-start=\"1952\" data-end=\"1955\" \/>\ud83c\udf3f La planta absorbe solo lo que necesita<br data-start=\"1996\" data-end=\"1999\" \/>\ud83c\udf3f Se reducen p\u00e9rdidas por lavado<\/p>\n<h3 data-section-id=\"1b78ke8\" data-start=\"2036\" data-end=\"2050\">\u23f3 Duraci\u00f3n<\/h3>\n<p data-start=\"2052\" data-end=\"2105\">Una de sus principales ventajas es su larga duraci\u00f3n:<\/p>\n<p data-start=\"2107\" data-end=\"2139\">\ud83d\udc49 <strong data-start=\"2110\" data-end=\"2139\">1 aplicaci\u00f3n cada 6 meses<\/strong><\/p>\n<p data-start=\"2141\" data-end=\"2261\">Esto lo convierte en una soluci\u00f3n ideal para quienes buscan comodidad sin renunciar a un buen desarrollo de sus plantas.<\/p>\n<h2 data-section-id=\"vguvq0\" data-start=\"2268\" data-end=\"2304\">\ud83c\udf31 \u00bfPara qu\u00e9 plantas es adecuado?<\/h2>\n<p data-start=\"2306\" data-end=\"2379\">El <strong data-start=\"2309\" data-end=\"2324\">abono dados<\/strong> es muy vers\u00e1til y est\u00e1 especialmente recomendado para:<\/p>\n<p data-start=\"2381\" data-end=\"2481\">\ud83e\udeb4 Plantas de interior<br data-start=\"2403\" data-end=\"2406\" \/>\ud83c\udf3a Plantas ornamentales<br data-start=\"2429\" data-end=\"2432\" \/>\ud83c\udf3f Plantas verdes<br data-start=\"2449\" data-end=\"2452\" \/>\ud83c\udf3c Jardineras<br data-start=\"2465\" data-end=\"2468\" \/>\ud83c\udf33 Arbustos<\/p>\n<p data-start=\"2483\" data-end=\"2629\">Gracias a su equilibrio nutricional, es apto tanto para plantas decorativas como para aquellas que requieren un crecimiento constante y saludable.<\/p>\n<h2 data-section-id=\"1218c56\" data-start=\"2636\" data-end=\"2669\">\ud83c\udf3f Beneficios para las plantas<\/h2>\n<p data-start=\"2671\" data-end=\"2725\">El uso de <strong data-start=\"2681\" data-end=\"2696\">abono dados<\/strong> aporta m\u00faltiples beneficios:<\/p>\n<p data-start=\"2727\" data-end=\"2903\">\u2714 Crecimiento equilibrado<br data-start=\"2752\" data-end=\"2755\" \/>\u2714 Hojas m\u00e1s verdes y vigorosas<br data-start=\"2785\" data-end=\"2788\" \/>\u2714 Mejor desarrollo radicular<br data-start=\"2816\" data-end=\"2819\" \/>\u2714 Mayor resistencia al estr\u00e9s<br data-start=\"2848\" data-end=\"2851\" \/>\u2714 Floraciones m\u00e1s abundantes (en plantas florales)<\/p>\n<p data-start=\"2905\" data-end=\"3016\">Al tratarse de un fertilizante de liberaci\u00f3n controlada, evita picos de nutrientes que pueden da\u00f1ar las ra\u00edces.<\/p>\n<h2 data-section-id=\"9zkfd7\" data-start=\"3023\" data-end=\"3060\">\ud83e\udeb4 C\u00f3mo utilizar el abono en dados<\/h2>\n<p data-start=\"3062\" data-end=\"3116\">El uso del <strong data-start=\"3073\" data-end=\"3088\">abono dados<\/strong> es extremadamente sencillo:<\/p>\n<p data-start=\"3118\" data-end=\"3289\">1\ufe0f\u20e3 Introducir el dado en el sustrato (enterrado ligeramente).<br data-start=\"3180\" data-end=\"3183\" \/>2\ufe0f\u20e3 Colocarlo cerca de la zona radicular (sin tocar directamente el tronco).<br data-start=\"3259\" data-end=\"3262\" \/>3\ufe0f\u20e3 Regar con normalidad.<\/p>\n<h3 data-section-id=\"ptpjun\" data-start=\"3291\" data-end=\"3322\">\ud83d\udccf Dosificaci\u00f3n orientativa<\/h3>\n<ul data-start=\"3324\" data-end=\"3431\">\n<li data-section-id=\"1lgaie6\" data-start=\"3324\" data-end=\"3353\">\n<p data-start=\"3326\" data-end=\"3353\">Macetas peque\u00f1as \u2192 1 dado<\/p>\n<\/li>\n<li data-section-id=\"14638t9\" data-start=\"3354\" data-end=\"3386\">\n<p data-start=\"3356\" data-end=\"3386\">Macetas medianas \u2192 1-2 dados<\/p>\n<\/li>\n<li data-section-id=\"yr8lb3\" data-start=\"3387\" data-end=\"3431\">\n<p data-start=\"3389\" data-end=\"3431\">Macetas grandes o jardineras \u2192 2-3 dados<\/p>\n<\/li>\n<\/ul>\n<p data-start=\"3433\" data-end=\"3503\">Siempre es recomendable ajustar la dosis seg\u00fan el tama\u00f1o de la planta.<\/p>\n<h2 data-section-id=\"1622akd\" data-start=\"3510\" data-end=\"3539\">\ud83d\udca7 Activaci\u00f3n con el riego<\/h2>\n<p data-start=\"3541\" data-end=\"3618\">El <strong data-start=\"3544\" data-end=\"3559\">abono dados<\/strong> comienza a actuar cuando entra en contacto con la humedad:<\/p>\n<p data-start=\"3620\" data-end=\"3780\">\ud83d\udca7 Cada riego activa la liberaci\u00f3n de nutrientes<br data-start=\"3668\" data-end=\"3671\" \/>\ud83c\udf31 La planta absorbe los nutrientes progresivamente<br data-start=\"3722\" data-end=\"3725\" \/>\u2696\ufe0f Se mantiene un equilibrio constante en el sustrato<\/p>\n<p data-start=\"3782\" data-end=\"3863\">Esto permite un crecimiento continuo sin necesidad de fertilizaciones frecuentes.<\/p>\n<h2 data-section-id=\"1vefu1s\" data-start=\"3870\" data-end=\"3913\">\ud83c\udf0d Ventajas frente a otros fertilizantes<\/h2>\n<p data-start=\"3915\" data-end=\"4003\">Comparado con abonos l\u00edquidos o granulados, el <strong data-start=\"3962\" data-end=\"3977\">abono dados<\/strong> presenta claras ventajas:<\/p>\n<p data-start=\"4005\" data-end=\"4160\">\u2714 Menor frecuencia de aplicaci\u00f3n<br data-start=\"4037\" data-end=\"4040\" \/>\u2714 Mayor comodidad<br data-start=\"4057\" data-end=\"4060\" \/>\u2714 Menor riesgo de errores<br data-start=\"4085\" data-end=\"4088\" \/>\u2714 Liberaci\u00f3n controlada<br data-start=\"4111\" data-end=\"4114\" \/>\u2714 Limpieza en su uso (sin polvo ni derrames)<\/p>\n<p data-start=\"4162\" data-end=\"4248\">Es especialmente recomendable para personas que buscan una soluci\u00f3n sencilla y eficaz.<\/p>\n<h2 data-section-id=\"121s4jo\" data-start=\"4255\" data-end=\"4285\">\ud83d\udc68\u200d\ud83c\udf3e \u00bfPara qui\u00e9n es ideal?<\/h2>\n<p data-start=\"4287\" data-end=\"4324\">El <strong data-start=\"4290\" data-end=\"4305\">abono dados<\/strong> est\u00e1 pensado para:<\/p>\n<ul data-start=\"4326\" data-end=\"4518\">\n<li data-section-id=\"1vlgsvt\" data-start=\"4326\" data-end=\"4357\">\n<p data-start=\"4328\" data-end=\"4357\">Aficionados a la jardiner\u00eda<\/p>\n<\/li>\n<li data-section-id=\"k6x4vs\" data-start=\"4358\" data-end=\"4393\">\n<p data-start=\"4360\" data-end=\"4393\">Usuarios de plantas de interior<\/p>\n<\/li>\n<li data-section-id=\"1ciqwr8\" data-start=\"4394\" data-end=\"4422\">\n<p data-start=\"4396\" data-end=\"4422\">Personas con poco tiempo<\/p>\n<\/li>\n<li data-section-id=\"hq3wdc\" data-start=\"4423\" data-end=\"4467\">\n<p data-start=\"4425\" data-end=\"4467\">Usuarios que buscan soluciones pr\u00e1cticas<\/p>\n<\/li>\n<li data-section-id=\"2yhnp9\" data-start=\"4468\" data-end=\"4518\">\n<p data-start=\"4470\" data-end=\"4518\">Mantenimiento de plantas en hogares y oficinas<\/p>\n<\/li>\n<\/ul>\n<p data-start=\"4520\" data-end=\"4604\">Tambi\u00e9n es una excelente opci\u00f3n para quienes no tienen experiencia en fertilizaci\u00f3n.<\/p>\n<h2 data-section-id=\"19ajb3q\" data-start=\"4611\" data-end=\"4639\">\ud83d\udce6 Formato y presentaci\u00f3n<\/h2>\n<ul data-start=\"4641\" data-end=\"4820\">\n<li data-section-id=\"hqxdeu\" data-start=\"4641\" data-end=\"4670\">\n<p data-start=\"4643\" data-end=\"4670\">Producto: <strong data-start=\"4653\" data-end=\"4668\">abono dados<\/strong><\/p>\n<\/li>\n<li data-section-id=\"g3uhgu\" data-start=\"4671\" data-end=\"4691\">\n<p data-start=\"4673\" data-end=\"4691\">Marca: GL Center<\/p>\n<\/li>\n<li data-section-id=\"6ez3xl\" data-start=\"4692\" data-end=\"4722\">\n<p data-start=\"4694\" data-end=\"4722\">Formato: Caja con 10 dados<\/p>\n<\/li>\n<li data-section-id=\"13zm51z\" data-start=\"4723\" data-end=\"4777\">\n<p data-start=\"4725\" data-end=\"4777\">Tipo: Fertilizante s\u00f3lido de liberaci\u00f3n controlada<\/p>\n<\/li>\n<li data-section-id=\"183f5pb\" data-start=\"4778\" data-end=\"4820\">\n<p data-start=\"4780\" data-end=\"4820\">Duraci\u00f3n: Hasta 6 meses por aplicaci\u00f3n<\/p>\n<\/li>\n<\/ul>\n<p data-start=\"4822\" data-end=\"4855\">Conservar en lugar seco y fresco.<\/p>\n<h2 data-section-id=\"15ov5mv\" data-start=\"4862\" data-end=\"4890\">\u26a0\ufe0f Recomendaciones de uso<\/h2>\n<ul data-start=\"4892\" data-end=\"5063\">\n<li data-section-id=\"18dnbau\" data-start=\"4892\" data-end=\"4945\">\n<p data-start=\"4894\" data-end=\"4945\">No colocar directamente en contacto con el tallo.<\/p>\n<\/li>\n<li data-section-id=\"lb9zwd\" data-start=\"4946\" data-end=\"4982\">\n<p data-start=\"4948\" data-end=\"4982\">No exceder la dosis recomendada.<\/p>\n<\/li>\n<li data-section-id=\"1sownic\" data-start=\"4983\" data-end=\"5034\">\n<p data-start=\"4985\" data-end=\"5034\">Mantener fuera del alcance de ni\u00f1os y mascotas.<\/p>\n<\/li>\n<li data-section-id=\"1g3s9ds\" data-start=\"5035\" data-end=\"5063\">\n<p data-start=\"5037\" data-end=\"5063\">Almacenar en lugar seco.<\/p>\n<\/li>\n<\/ul>\n<p>&nbsp;<\/p>\n<h2 data-section-id=\"tefw0e\" data-start=\"5070\" data-end=\"5092\">\ud83c\udf1f Beneficios clave<\/h2>\n<p data-start=\"5094\" data-end=\"5300\">\ud83c\udf31 Nutrici\u00f3n continua hasta 6 meses<br data-start=\"5129\" data-end=\"5132\" \/>\ud83e\udeb4 Ideal para macetas y jardineras<br data-start=\"5166\" data-end=\"5169\" \/>\u2699\ufe0f Liberaci\u00f3n controlada de nutrientes<br data-start=\"5207\" data-end=\"5210\" \/>\ud83d\udca7 Activaci\u00f3n con el riego<br data-start=\"5236\" data-end=\"5239\" \/>\ud83e\uddfc Uso limpio y sencillo<br data-start=\"5263\" data-end=\"5266\" \/>\ud83d\udce6 Formato pr\u00e1ctico con 10 dados<\/p>\n<p data-start=\"5094\" data-end=\"5300\">El <strong data-start=\"5310\" data-end=\"5325\">abono dados<\/strong> GL Center Premium Cote es una soluci\u00f3n moderna, eficaz y extremadamente c\u00f3moda para mantener tus plantas sanas y vigorosas durante largos periodos. Su formato en dados facilita la aplicaci\u00f3n, mientras que su liberaci\u00f3n controlada garantiza una nutrici\u00f3n equilibrada y constante, adapt\u00e1ndose perfectamente a las necesidades de plantas de interior, jardineras y arbustos. Una opci\u00f3n ideal para disfrutar de un jard\u00edn o espacio verde sin complicaciones \ud83c\udf3f\u2728<\/p>\n","protected":false},"excerpt":{"rendered":"<p data-start=\"104\" data-end=\"533\">Caja de <strong data-start=\"928\" data-end=\"943\">abono dados<\/strong> GL Center Premium Cote con 10 unidades. Fertilizante s\u00f3lido de liberaci\u00f3n controlada, ideal para macetas, jardineras y arbustos. Nutrici\u00f3n continua hasta 6 meses.<\/p>\n","protected":false},"featured_media":3094,"template":"","meta":{"_acf_changed":false,"_joinchat":[]},"product_brand":[],"product_cat":[26,113,81,342],"product_tag":[],"class_list":{"0":"post-3091","1":"product","2":"type-product","3":"status-publish","4":"has-post-thumbnail","6":"product_cat-agrogargallo","7":"product_cat-abonos-y-fertilizantes","8":"product_cat-campo-y-huerto","9":"product_cat-abonos-para-flores","11":"first","12":"instock","13":"taxable","14":"shipping-taxable","15":"purchasable","16":"product-type-simple"},"acf":[],"_links":{"self":[{"href":"https:\/\/agrogargallo.com\/gl\/wp-json\/wp\/v2\/product\/3091","targetHints":{"allow":["GET"]}}],"collection":[{"href":"https:\/\/agrogargallo.com\/gl\/wp-json\/wp\/v2\/product"}],"about":[{"href":"https:\/\/agrogargallo.com\/gl\/wp-json\/wp\/v2\/types\/product"}],"wp:featuredmedia":[{"embeddable":true,"href":"https:\/\/agrogargallo.com\/gl\/wp-json\/wp\/v2\/media\/3094"}],"wp:attachment":[{"href":"https:\/\/agrogargallo.com\/gl\/wp-json\/wp\/v2\/media?parent=3091"}],"wp:term":[{"taxonomy":"product_brand","embeddable":true,"href":"https:\/\/agrogargallo.com\/gl\/wp-json\/wp\/v2\/product_brand?post=3091"},{"taxonomy":"product_cat","embeddable":true,"href":"https:\/\/agrogargallo.com\/gl\/wp-json\/wp\/v2\/product_cat?post=3091"},{"taxonomy":"product_tag","embeddable":true,"href":"https:\/\/agrogargallo.com\/gl\/wp-json\/wp\/v2\/product_tag?post=3091"}],"curies":[{"name":"wp","href":"https:\/\/api.w.org\/{rel}","templated":true}]}}