{"id":3017,"date":"2026-03-11T17:55:50","date_gmt":"2026-03-11T16:55:50","guid":{"rendered":"https:\/\/agrogargallo.com\/?post_type=product&#038;p=3017"},"modified":"2026-03-11T17:55:50","modified_gmt":"2026-03-11T16:55:50","slug":"eliminador-de-olores-air-clean-500ml","status":"publish","type":"product","link":"https:\/\/agrogargallo.com\/gl\/producto\/eliminador-de-olores-air-clean-500ml","title":{"rendered":"Eliminador de olores AIR CLEAN &#8211; Aroma floral &#8211; DTL &#8211; 500ml"},"content":{"rendered":"<h2 data-section-id=\"1nylbpi\" data-start=\"1215\" data-end=\"1272\">\ud83d\udca8 Diferencia entre ambientador y eliminador de olores<\/h2>\n<p data-start=\"1274\" data-end=\"1378\">Es importante entender la distinci\u00f3n entre un <strong data-start=\"1320\" data-end=\"1335\">ambientador<\/strong> y un <strong data-start=\"1341\" data-end=\"1377\">eliminador de olores profesional<\/strong>:<\/p>\n<p data-start=\"1380\" data-end=\"1600\">\ud83c\udf1f <strong data-start=\"1383\" data-end=\"1410\">Ambientador tradicional<\/strong><br data-start=\"1410\" data-end=\"1413\" \/>\u2714 A\u00f1ade una fragancia agradable al ambiente<br data-start=\"1456\" data-end=\"1459\" \/>\u2714 Solo enmascara el mal olor temporalmente<br data-start=\"1501\" data-end=\"1504\" \/>\u2714 El aroma desaparece cuando se disipa el producto<br data-start=\"1554\" data-end=\"1557\" \/>\u2714 No act\u00faa sobre las causas reales del olor<\/p>\n<p data-start=\"1602\" data-end=\"1876\">\ud83c\udf3f <strong data-start=\"1605\" data-end=\"1645\">Eliminador de olores Air Clean (DTL)<\/strong><br data-start=\"1645\" data-end=\"1648\" \/>\u2714 <em data-start=\"1650\" data-end=\"1712\">Neutraliza qu\u00edmicamente las mol\u00e9culas causantes del mal olor<\/em><br data-start=\"1712\" data-end=\"1715\" \/>\u2714 Aporta un aroma floral sin enmascarar apenas<br data-start=\"1761\" data-end=\"1764\" \/>\u2714 El efecto es m\u00e1s duradero y efectivo<br data-start=\"1802\" data-end=\"1805\" \/>\u2714 Ideal para olores complejos (restos org\u00e1nicos, tabaco, humedad, etc.)<\/p>\n<p data-start=\"1878\" data-end=\"2070\">Esto hace que productos como el <strong data-start=\"1910\" data-end=\"1944\">eliminador de olores air clean<\/strong> sean la opci\u00f3n adecuada cuando se busca <strong data-start=\"1985\" data-end=\"2018\">una soluci\u00f3n profesional real<\/strong> para ambientes con olores persistentes o dif\u00edciles.<\/p>\n<p data-start=\"1878\" data-end=\"2070\">\n<h2 data-section-id=\"1dwbyre\" data-start=\"2077\" data-end=\"2104\">\ud83c\udf3c Olor floral agradable<\/h2>\n<p data-start=\"2106\" data-end=\"2340\">El <strong data-start=\"2109\" data-end=\"2122\">Air Clean<\/strong> destaca por su fragancia <strong data-start=\"2148\" data-end=\"2174\">floral ligera y fresca<\/strong>. No resulta empalagosa y est\u00e1 dise\u00f1ada para dejar una sensaci\u00f3n de limpieza y confort sin sobrecargar el ambiente. Esta caracter\u00edstica lo hace especialmente \u00fatil en:<\/p>\n<p data-start=\"2342\" data-end=\"2473\">\u2714 Recepciones de hoteles<br data-start=\"2366\" data-end=\"2369\" \/>\u2714 Salas de espera y oficinas<br data-start=\"2397\" data-end=\"2400\" \/>\u2714 Espacios sanitarios<br data-start=\"2421\" data-end=\"2424\" \/>\u2714 Veh\u00edculos de transporte<br data-start=\"2449\" data-end=\"2452\" \/>\u2714 \u00c1reas de descanso<\/p>\n<p data-start=\"2475\" data-end=\"2589\">Y en general en cualquier lugar donde el control de olores sea una parte importante de la experiencia del usuario.<\/p>\n<p data-start=\"2475\" data-end=\"2589\">\n<h2 data-section-id=\"yz4fqf\" data-start=\"2596\" data-end=\"2624\">\ud83e\uddf4 Formato y presentaci\u00f3n<\/h2>\n<ul data-start=\"2626\" data-end=\"2854\">\n<li data-section-id=\"18a4k51\" data-start=\"2626\" data-end=\"2659\">\n<p data-start=\"2628\" data-end=\"2659\"><strong data-start=\"2628\" data-end=\"2641\">Producto:<\/strong> DTL <em data-start=\"2646\" data-end=\"2657\">Air Clean<\/em><\/p>\n<\/li>\n<li data-section-id=\"12gsx9j\" data-start=\"2660\" data-end=\"2726\">\n<p data-start=\"2662\" data-end=\"2726\"><strong data-start=\"2662\" data-end=\"2674\">Funci\u00f3n:<\/strong> <strong data-start=\"2675\" data-end=\"2724\">Eliminador de olores con efecto neutralizante<\/strong><\/p>\n<\/li>\n<li data-section-id=\"m0i3co\" data-start=\"2727\" data-end=\"2748\">\n<p data-start=\"2729\" data-end=\"2748\"><strong data-start=\"2729\" data-end=\"2739\">Aroma:<\/strong> Floral<\/p>\n<\/li>\n<li data-section-id=\"1l4zf04\" data-start=\"2749\" data-end=\"2808\">\n<p data-start=\"2751\" data-end=\"2808\"><strong data-start=\"2751\" data-end=\"2768\">Presentaci\u00f3n:<\/strong> Aerosol de <strong data-start=\"2780\" data-end=\"2806\">500 ml con dosificador<\/strong><\/p>\n<\/li>\n<li data-section-id=\"1lz7q7z\" data-start=\"2809\" data-end=\"2854\">\n<p data-start=\"2811\" data-end=\"2854\"><strong data-start=\"2811\" data-end=\"2819\">Uso:<\/strong> Profesional y dom\u00e9stico avanzado<\/p>\n<\/li>\n<\/ul>\n<p data-start=\"2856\" data-end=\"3005\">El formato con dosificador permite aplicar el producto de forma controlada, evitando desperdicios y facilitando su uso incluso en espacios reducidos.<\/p>\n<p data-start=\"2856\" data-end=\"3005\">\n<h2 data-section-id=\"1vjd9nl\" data-start=\"3012\" data-end=\"3043\">\ud83e\udde0 \u00bfC\u00f3mo funciona Air Clean?<\/h2>\n<p data-start=\"3045\" data-end=\"3111\">El <strong data-start=\"3048\" data-end=\"3082\">eliminador de olores air clean<\/strong> combina agentes activos que:<\/p>\n<p data-start=\"3113\" data-end=\"3393\">\ud83d\udfe2 <em data-start=\"3116\" data-end=\"3181\">Atacan directamente las mol\u00e9culas causantes de los malos olores<\/em><br data-start=\"3181\" data-end=\"3184\" \/>\ud83d\udfe2 Las transforman qu\u00edmicamente en sustancias con menor carga arom\u00e1tica<br data-start=\"3255\" data-end=\"3258\" \/>\ud83d\udfe2 Dejan una fragancia floral residual agradable sin enmascarar artificialmente<br data-start=\"3337\" data-end=\"3340\" \/>\ud83d\udfe2 Permiten mantener ambientes limpios por m\u00e1s tiempo<\/p>\n<p data-start=\"3395\" data-end=\"3527\">Su tecnolog\u00eda neutralizante es m\u00e1s eficaz que los ambientadores que solo depositan perfume en el aire sin tratar el origen del olor.<\/p>\n<p data-start=\"3395\" data-end=\"3527\">\n<h2 data-section-id=\"wakyts\" data-start=\"3534\" data-end=\"3565\">\ud83d\udccd Aplicaciones recomendadas<\/h2>\n<p data-start=\"3567\" data-end=\"3706\">El <strong data-start=\"3570\" data-end=\"3604\">eliminador de olores Air Clean<\/strong> es ideal para espacios donde los olores se instalan con frecuencia o son dif\u00edciles de eliminar, como:<\/p>\n<ul data-start=\"3708\" data-end=\"3968\">\n<li data-section-id=\"1snphp0\" data-start=\"3708\" data-end=\"3726\">\n<p data-start=\"3710\" data-end=\"3726\">Ba\u00f1os p\u00fablicos<\/p>\n<\/li>\n<li data-section-id=\"fe8pbr\" data-start=\"3727\" data-end=\"3761\">\n<p data-start=\"3729\" data-end=\"3761\">Zonas de basura o desperdicios<\/p>\n<\/li>\n<li data-section-id=\"1gdys7w\" data-start=\"3762\" data-end=\"3788\">\n<p data-start=\"3764\" data-end=\"3788\">Vestuarios y gimnasios<\/p>\n<\/li>\n<li data-section-id=\"ytyk8v\" data-start=\"3789\" data-end=\"3837\">\n<p data-start=\"3791\" data-end=\"3837\">Cocinas industriales y \u00e1reas de restauraci\u00f3n<\/p>\n<\/li>\n<li data-section-id=\"6x5uf7\" data-start=\"3838\" data-end=\"3890\">\n<p data-start=\"3840\" data-end=\"3890\">Veh\u00edculos de transporte de personal o mercanc\u00edas<\/p>\n<\/li>\n<li data-section-id=\"2i1t54\" data-start=\"3891\" data-end=\"3923\">\n<p data-start=\"3893\" data-end=\"3923\">Salas de eventos o reuniones<\/p>\n<\/li>\n<li data-section-id=\"1ycuund\" data-start=\"3924\" data-end=\"3968\">\n<p data-start=\"3926\" data-end=\"3968\">Hoteles, hostales, apartamentos tur\u00edsticos<\/p>\n<\/li>\n<\/ul>\n<p data-start=\"3970\" data-end=\"4096\">Tambi\u00e9n es una herramienta muy \u00fatil para servicios de limpieza profesional que buscan resultados eficaces y de mayor duraci\u00f3n.<\/p>\n<p data-start=\"3970\" data-end=\"4096\">\n<h2 data-section-id=\"pxj1yp\" data-start=\"4103\" data-end=\"4132\">\ud83e\ude84 Gu\u00eda de uso profesional<\/h2>\n<p data-start=\"4134\" data-end=\"4229\">Para conseguir el mejor resultado con el <strong data-start=\"4175\" data-end=\"4209\">eliminador de olores air clean<\/strong>, sigue estos pasos:<\/p>\n<ol data-start=\"4231\" data-end=\"4678\">\n<li data-section-id=\"1myj3ae\" data-start=\"4231\" data-end=\"4276\">\n<p data-start=\"4234\" data-end=\"4276\"><strong data-start=\"4234\" data-end=\"4249\">Agitar bien<\/strong> el envase antes de usar.<\/p>\n<\/li>\n<li data-section-id=\"vhcf5b\" data-start=\"4277\" data-end=\"4410\">\n<p data-start=\"4280\" data-end=\"4410\"><strong data-start=\"4280\" data-end=\"4315\">Rociar el producto directamente<\/strong> en la zona donde se detecta el mal olor (suelo, cortinas, textiles, superficies ventiladas).<\/p>\n<\/li>\n<li data-section-id=\"14d73ju\" data-start=\"4411\" data-end=\"4548\">\n<p data-start=\"4414\" data-end=\"4548\">En espacios muy cerrados o con olores fuertes, pulverizar hacia arriba para que el producto act\u00fae en el aire y sobre las part\u00edculas.<\/p>\n<\/li>\n<li data-section-id=\"5zotyp\" data-start=\"4549\" data-end=\"4615\">\n<p data-start=\"4552\" data-end=\"4615\">Si es necesario, dejar actuar unos minutos antes de ventilar.<\/p>\n<\/li>\n<li data-section-id=\"rm97iw\" data-start=\"4616\" data-end=\"4678\">\n<p data-start=\"4619\" data-end=\"4678\">Repetir la aplicaci\u00f3n cuando se detecte que el olor vuelve.<\/p>\n<\/li>\n<\/ol>\n<p data-start=\"4680\" data-end=\"4773\">El uso en combinaci\u00f3n con una buena ventilaci\u00f3n del espacio potencia el efecto neutralizante.<\/p>\n<p data-start=\"4680\" data-end=\"4773\">\n<h2 data-section-id=\"36bav1\" data-start=\"4780\" data-end=\"4807\">\u2699\ufe0f Ventajas de Air Clean<\/h2>\n<p data-start=\"4809\" data-end=\"5084\">\u2714 <strong data-start=\"4811\" data-end=\"4832\">Neutraliza olores<\/strong>, no solo los cubre<br data-start=\"4851\" data-end=\"4854\" \/>\u2714 Aroma <strong data-start=\"4862\" data-end=\"4892\">floral suave y profesional<\/strong><br data-start=\"4892\" data-end=\"4895\" \/>\u2714 Formato ergon\u00f3mico con dosificador de 500 ml<br data-start=\"4941\" data-end=\"4944\" \/>\u2714 Efecto duradero<br data-start=\"4961\" data-end=\"4964\" \/>\u2714 Aplicaci\u00f3n f\u00e1cil y segura<br data-start=\"4991\" data-end=\"4994\" \/>\u2714 Adecuado para profesionales de la limpieza<br data-start=\"5038\" data-end=\"5041\" \/>\u2714 Tambi\u00e9n ideal para uso dom\u00e9stico avanzado<\/p>\n<p data-start=\"4809\" data-end=\"5084\">\n<h2 data-section-id=\"1dzzmwy\" data-start=\"5091\" data-end=\"5124\">\ud83e\uddf4 Seguridad y consejos de uso<\/h2>\n<p data-start=\"5126\" data-end=\"5193\">Aunque el producto est\u00e1 formulado para uso seguro, es recomendable:<\/p>\n<ul data-start=\"5195\" data-end=\"5471\">\n<li data-section-id=\"a9y5yf\" data-start=\"5195\" data-end=\"5248\">\n<p data-start=\"5197\" data-end=\"5248\">Mantenerlo fuera del alcance de ni\u00f1os y mascotas.<\/p>\n<\/li>\n<li data-section-id=\"138178q\" data-start=\"5249\" data-end=\"5341\">\n<p data-start=\"5251\" data-end=\"5341\">No aplicar directamente sobre alimentos o superficies que entren en contacto con comida.<\/p>\n<\/li>\n<li data-section-id=\"12ters6\" data-start=\"5342\" data-end=\"5419\">\n<p data-start=\"5344\" data-end=\"5419\">Evitar inhalaciones prolongadas o pulverizar en espacios sin ventilaci\u00f3n.<\/p>\n<\/li>\n<li data-section-id=\"5zhnrr\" data-start=\"5420\" data-end=\"5471\">\n<p data-start=\"5422\" data-end=\"5471\">No exponer a llamas abiertas ni fuentes de calor.<\/p>\n<\/li>\n<\/ul>\n<p data-start=\"5473\" data-end=\"5552\">Seguir siempre las instrucciones del envase para mantener eficacia y seguridad.<\/p>\n<p data-start=\"5473\" data-end=\"5552\">\n<p data-start=\"5577\" data-end=\"5944\">Si lo que necesitas es <strong data-start=\"5600\" data-end=\"5633\">una soluci\u00f3n real al mal olor<\/strong>, y no simplemente un perfume temporal, el <strong data-start=\"5676\" data-end=\"5710\">eliminador de olores Air Clean<\/strong> de DTL es una opci\u00f3n profesional de alta eficacia. Su formulaci\u00f3n neutralizante elimina las causas del olor y deja el ambiente fresco con un agradable aroma floral, siendo perfecto para ambientes dif\u00edciles o lugares de uso intensivo.<\/p>\n<p data-start=\"5946\" data-end=\"6108\">Este producto es recomendable tanto para profesionales de la limpieza como para quienes buscan un ambiente limpio, fresco y sin olores molestos de forma duradera.<\/p>\n","protected":false},"excerpt":{"rendered":"<p data-start=\"481\" data-end=\"947\">El <strong data-start=\"484\" data-end=\"518\">eliminador de olores Air Clean<\/strong> de DTL es un producto espec\u00edficamente formulado para <strong data-start=\"572\" data-end=\"607\">neutralizar olores persistentes<\/strong> en ambientes interiores sin simplemente enmascararlos. A diferencia de los <strong data-start=\"683\" data-end=\"715\">ambientadores convencionales<\/strong>, que \u00fanicamente aportan fragancia temporal, <strong data-start=\"760\" data-end=\"838\">Air Clean act\u00faa directamente sobre las mol\u00e9culas responsables del mal olor<\/strong>, destruy\u00e9ndolas y proporcionando un ambiente fresco y agradable con un aroma <strong data-start=\"916\" data-end=\"926\">floral<\/strong> sutil y equilibrado.<\/p>\n<p data-start=\"949\" data-end=\"1208\">Presentado en un pr\u00e1ctico formato de <strong data-start=\"986\" data-end=\"1012\">500 ml con dosificador<\/strong>, este producto es ideal para profesionales de la limpieza, hosteler\u00eda, servicios sanitarios, oficinas y cualquier espacio donde sea necesario eliminar olores dif\u00edciles de forma duradera y eficaz.<\/p>\n","protected":false},"featured_media":3028,"template":"","meta":{"_acf_changed":false,"_joinchat":[]},"product_brand":[],"product_cat":[534,26,84,416,131],"product_tag":[],"class_list":{"0":"post-3017","1":"product","2":"type-product","3":"status-publish","4":"has-post-thumbnail","6":"product_cat-productos-limpieza","7":"product_cat-agrogargallo","8":"product_cat-hogar","9":"product_cat-limpieza-y-decoracion","10":"product_cat-supermercado","12":"first","13":"instock","14":"taxable","15":"shipping-taxable","16":"purchasable","17":"product-type-simple"},"acf":[],"_links":{"self":[{"href":"https:\/\/agrogargallo.com\/gl\/wp-json\/wp\/v2\/product\/3017","targetHints":{"allow":["GET"]}}],"collection":[{"href":"https:\/\/agrogargallo.com\/gl\/wp-json\/wp\/v2\/product"}],"about":[{"href":"https:\/\/agrogargallo.com\/gl\/wp-json\/wp\/v2\/types\/product"}],"wp:featuredmedia":[{"embeddable":true,"href":"https:\/\/agrogargallo.com\/gl\/wp-json\/wp\/v2\/media\/3028"}],"wp:attachment":[{"href":"https:\/\/agrogargallo.com\/gl\/wp-json\/wp\/v2\/media?parent=3017"}],"wp:term":[{"taxonomy":"product_brand","embeddable":true,"href":"https:\/\/agrogargallo.com\/gl\/wp-json\/wp\/v2\/product_brand?post=3017"},{"taxonomy":"product_cat","embeddable":true,"href":"https:\/\/agrogargallo.com\/gl\/wp-json\/wp\/v2\/product_cat?post=3017"},{"taxonomy":"product_tag","embeddable":true,"href":"https:\/\/agrogargallo.com\/gl\/wp-json\/wp\/v2\/product_tag?post=3017"}],"curies":[{"name":"wp","href":"https:\/\/api.w.org\/{rel}","templated":true}]}}