{"id":2997,"date":"2026-03-04T13:27:23","date_gmt":"2026-03-04T12:27:23","guid":{"rendered":"https:\/\/agrogargallo.com\/?post_type=product&#038;p=2997"},"modified":"2026-04-01T17:31:50","modified_gmt":"2026-04-01T15:31:50","slug":"abono-d-coder-top-1-timac-agro","status":"publish","type":"product","link":"https:\/\/agrogargallo.com\/gl\/producto\/abono-d-coder-top-1-timac-agro","title":{"rendered":"Abono D-CODER Top 1 &#8211; Timac Agro \u2013 Especial Ma\u00edz y pradera &#8211; 25kg"},"content":{"rendered":"<h2 data-start=\"823\" data-end=\"862\">\ud83c\udf31 Composici\u00f3n y riqueza garantizada<\/h2>\n<p data-start=\"864\" data-end=\"935\">El <strong data-start=\"867\" data-end=\"890\">abono d-coder top 1<\/strong> presenta la siguiente formulaci\u00f3n declarada:<\/p>\n<ul data-start=\"937\" data-end=\"1202\">\n<li data-start=\"937\" data-end=\"1006\">\n<p data-start=\"939\" data-end=\"966\"><strong data-start=\"939\" data-end=\"966\">20% Nitr\u00f3geno (N) total<\/strong><\/p>\n<ul data-start=\"969\" data-end=\"1006\">\n<li data-start=\"969\" data-end=\"987\">\n<p data-start=\"971\" data-end=\"987\">8% N amoniacal<\/p>\n<\/li>\n<li data-start=\"990\" data-end=\"1006\">\n<p data-start=\"992\" data-end=\"1006\">12% N ureico<\/p>\n<\/li>\n<\/ul>\n<\/li>\n<li data-start=\"1007\" data-end=\"1068\">\n<p data-start=\"1009\" data-end=\"1043\"><strong data-start=\"1009\" data-end=\"1043\">6% Pent\u00f3xido de f\u00f3sforo (P\u2082O\u2085)<\/strong><\/p>\n<ul data-start=\"1046\" data-end=\"1068\">\n<li data-start=\"1046\" data-end=\"1068\">\n<p data-start=\"1048\" data-end=\"1068\">3% soluble en agua<\/p>\n<\/li>\n<\/ul>\n<\/li>\n<li data-start=\"1069\" data-end=\"1118\">\n<p data-start=\"1071\" data-end=\"1118\"><strong data-start=\"1071\" data-end=\"1100\">6% \u00d3xido de potasio (K\u2082O)<\/strong> soluble en agua<\/p>\n<\/li>\n<li data-start=\"1119\" data-end=\"1159\">\n<p data-start=\"1121\" data-end=\"1159\"><strong data-start=\"1121\" data-end=\"1151\">2% \u00d3xido de magnesio (MgO)<\/strong> total<\/p>\n<\/li>\n<li data-start=\"1160\" data-end=\"1202\">\n<p data-start=\"1162\" data-end=\"1202\"><strong data-start=\"1162\" data-end=\"1194\">20% Tri\u00f3xido de azufre (SO\u2083)<\/strong> total<\/p>\n<\/li>\n<\/ul>\n<p data-start=\"1204\" data-end=\"1347\">Esta combinaci\u00f3n lo posiciona como un fertilizante equilibrado con predominio de nitr\u00f3geno, ideal para impulsar crecimiento vegetativo intenso.<\/p>\n<h2 data-start=\"1354\" data-end=\"1395\">\ud83c\udf3d \u00bfPara qu\u00e9 cultivos es recomendable?<\/h2>\n<p data-start=\"1397\" data-end=\"1503\">Gracias a su alto contenido en nitr\u00f3geno (20%), el <strong data-start=\"1448\" data-end=\"1471\">abono d-coder top 1<\/strong> es especialmente adecuado para:<\/p>\n<h3 data-start=\"1505\" data-end=\"1515\">\u2705 Ma\u00edz<\/h3>\n<p data-start=\"1516\" data-end=\"1655\">El ma\u00edz es un cultivo altamente exigente en nitr\u00f3geno, especialmente en fases de crecimiento vegetativo r\u00e1pido. Este fertilizante favorece:<\/p>\n<ul data-start=\"1656\" data-end=\"1750\">\n<li data-start=\"1656\" data-end=\"1695\">\n<p data-start=\"1658\" data-end=\"1695\">Desarrollo vigoroso de tallos y hojas<\/p>\n<\/li>\n<li data-start=\"1696\" data-end=\"1721\">\n<p data-start=\"1698\" data-end=\"1721\">Mayor superficie foliar<\/p>\n<\/li>\n<li data-start=\"1722\" data-end=\"1750\">\n<p data-start=\"1724\" data-end=\"1750\">Mejor potencial productivo<\/p>\n<\/li>\n<\/ul>\n<h3 data-start=\"1752\" data-end=\"1788\">\u2705 Praderas y cultivos forrajeros<\/h3>\n<p data-start=\"1789\" data-end=\"1826\">En praderas permanentes o temporales:<\/p>\n<ul data-start=\"1827\" data-end=\"1930\">\n<li data-start=\"1827\" data-end=\"1852\">\n<p data-start=\"1829\" data-end=\"1852\">Estimula rebrote r\u00e1pido<\/p>\n<\/li>\n<li data-start=\"1853\" data-end=\"1890\">\n<p data-start=\"1855\" data-end=\"1890\">Aumenta producci\u00f3n de materia verde<\/p>\n<\/li>\n<li data-start=\"1891\" data-end=\"1930\">\n<p data-start=\"1893\" data-end=\"1930\">Mejora contenido proteico del forraje<\/p>\n<\/li>\n<\/ul>\n<h3 data-start=\"1932\" data-end=\"1970\">\u2705 Cereales de invierno y primavera<\/h3>\n<p data-start=\"1971\" data-end=\"1993\">El nitr\u00f3geno favorece:<\/p>\n<ul data-start=\"1994\" data-end=\"2080\">\n<li data-start=\"1994\" data-end=\"2015\">\n<p data-start=\"1996\" data-end=\"2015\">Ahijado m\u00e1s intenso<\/p>\n<\/li>\n<li data-start=\"2016\" data-end=\"2045\">\n<p data-start=\"2018\" data-end=\"2045\">Mayor desarrollo de espigas<\/p>\n<\/li>\n<li data-start=\"2046\" data-end=\"2080\">\n<p data-start=\"2048\" data-end=\"2080\">Incremento del rendimiento final<\/p>\n<\/li>\n<\/ul>\n<h3 data-start=\"2082\" data-end=\"2118\">\u2705 Cultivos extensivos en general<\/h3>\n<p data-start=\"2119\" data-end=\"2144\">Tambi\u00e9n es adecuado para:<\/p>\n<ul data-start=\"2145\" data-end=\"2223\">\n<li data-start=\"2145\" data-end=\"2154\">\n<p data-start=\"2147\" data-end=\"2154\">Alfalfa<\/p>\n<\/li>\n<li data-start=\"2155\" data-end=\"2163\">\n<p data-start=\"2157\" data-end=\"2163\">Pastos<\/p>\n<\/li>\n<li data-start=\"2164\" data-end=\"2223\">\n<p data-start=\"2166\" data-end=\"2223\">Algunos cultivos hort\u00edcolas de alto desarrollo vegetativo<\/p>\n<\/li>\n<\/ul>\n<p>&nbsp;<\/p>\n<h2 data-start=\"2230\" data-end=\"2265\">\u2699\ufe0f \u00bfC\u00f3mo funciona D-CODER Top 1?<\/h2>\n<p data-start=\"2267\" data-end=\"2364\">Una de las grandes ventajas del <strong data-start=\"2299\" data-end=\"2322\">abono d-coder top 1<\/strong> es su sistema de <strong data-start=\"2340\" data-end=\"2363\">nutrici\u00f3n a demanda<\/strong>.<\/p>\n<p data-start=\"2366\" data-end=\"2398\">Se trata de un fertilizante que:<\/p>\n<ul data-start=\"2399\" data-end=\"2521\">\n<li data-start=\"2399\" data-end=\"2447\">\n<p data-start=\"2401\" data-end=\"2447\">Interpreta las se\u00f1ales emitidas por la planta.<\/p>\n<\/li>\n<li data-start=\"2448\" data-end=\"2489\">\n<p data-start=\"2450\" data-end=\"2489\">Modula la disponibilidad del nitr\u00f3geno.<\/p>\n<\/li>\n<li data-start=\"2490\" data-end=\"2521\">\n<p data-start=\"2492\" data-end=\"2521\">Reduce p\u00e9rdidas innecesarias.<\/p>\n<\/li>\n<\/ul>\n<h3 data-start=\"2523\" data-end=\"2563\">\ud83d\udd04 Liberaci\u00f3n progresiva y eficiente<\/h3>\n<p data-start=\"2565\" data-end=\"2680\">El nitr\u00f3geno ureico necesita transformarse en el suelo antes de ser absorbido. Gracias a la tecnolog\u00eda incorporada:<\/p>\n<ul data-start=\"2682\" data-end=\"2829\">\n<li data-start=\"2682\" data-end=\"2711\">\n<p data-start=\"2684\" data-end=\"2711\">Se ralentiza la liberaci\u00f3n.<\/p>\n<\/li>\n<li data-start=\"2712\" data-end=\"2755\">\n<p data-start=\"2714\" data-end=\"2755\">Se reduce la volatilizaci\u00f3n del amon\u00edaco.<\/p>\n<\/li>\n<li data-start=\"2756\" data-end=\"2794\">\n<p data-start=\"2758\" data-end=\"2794\">Se limita la lixiviaci\u00f3n por lluvia.<\/p>\n<\/li>\n<li data-start=\"2795\" data-end=\"2829\">\n<p data-start=\"2797\" data-end=\"2829\">Se prolonga el efecto nutritivo.<\/p>\n<\/li>\n<\/ul>\n<p data-start=\"2831\" data-end=\"2975\">Esto significa que el cultivo dispone de nutrientes durante m\u00e1s tiempo, reduciendo el riesgo de carencias y mejorando la eficiencia del abonado.<\/p>\n<h2 data-start=\"2982\" data-end=\"3010\">\ud83c\udf3e Beneficios agron\u00f3micos<\/h2>\n<p data-start=\"3012\" data-end=\"3083\">Utilizar el <strong data-start=\"3024\" data-end=\"3047\">abono d-coder top 1<\/strong> aporta m\u00faltiples ventajas t\u00e9cnicas:<\/p>\n<h3 data-start=\"3085\" data-end=\"3122\">\ud83c\udf31 Mayor eficiencia del nitr\u00f3geno<\/h3>\n<p data-start=\"3123\" data-end=\"3192\">Mejor aprovechamiento por parte del cultivo, menor p\u00e9rdida ambiental.<\/p>\n<h3 data-start=\"3194\" data-end=\"3225\">\ud83d\udca7 Reducci\u00f3n de lixiviaci\u00f3n<\/h3>\n<p data-start=\"3226\" data-end=\"3287\">Especialmente importante en suelos ligeros o zonas lluviosas.<\/p>\n<h3 data-start=\"3289\" data-end=\"3326\">\ud83c\udf3f Crecimiento vegetativo potente<\/h3>\n<p data-start=\"3327\" data-end=\"3393\">Perfecto para cultivos donde el desarrollo foliar es determinante.<\/p>\n<h3 data-start=\"3395\" data-end=\"3428\">\ud83d\udcc8 Incremento del rendimiento<\/h3>\n<p data-start=\"3429\" data-end=\"3487\">Un aporte equilibrado y sostenido mejora producci\u00f3n final.<\/p>\n<h3 data-start=\"3489\" data-end=\"3516\">\ud83c\udf0d Mejor sostenibilidad<\/h3>\n<p data-start=\"3517\" data-end=\"3579\">Optimiza la fertilizaci\u00f3n reduciendo desperdicios y emisiones.<\/p>\n<h2 data-start=\"3586\" data-end=\"3629\">\ud83e\uddea Papel de cada nutriente en el cultivo<\/h2>\n<h3 data-start=\"3631\" data-end=\"3651\">\ud83d\udd35 Nitr\u00f3geno (N)<\/h3>\n<p data-start=\"3652\" data-end=\"3663\">Clave para:<\/p>\n<ul data-start=\"3664\" data-end=\"3733\">\n<li data-start=\"3664\" data-end=\"3688\">\n<p data-start=\"3666\" data-end=\"3688\">Formaci\u00f3n de prote\u00ednas<\/p>\n<\/li>\n<li data-start=\"3689\" data-end=\"3709\">\n<p data-start=\"3691\" data-end=\"3709\">Crecimiento foliar<\/p>\n<\/li>\n<li data-start=\"3710\" data-end=\"3733\">\n<p data-start=\"3712\" data-end=\"3733\">Producci\u00f3n de biomasa<\/p>\n<\/li>\n<\/ul>\n<p data-start=\"3735\" data-end=\"3798\">Es el nutriente m\u00e1s demandado en cultivos como ma\u00edz y praderas.<\/p>\n<h3 data-start=\"3800\" data-end=\"3818\">\ud83d\udfe3 F\u00f3sforo (P)<\/h3>\n<p data-start=\"3819\" data-end=\"3828\">Favorece:<\/p>\n<ul data-start=\"3829\" data-end=\"3899\">\n<li data-start=\"3829\" data-end=\"3851\">\n<p data-start=\"3831\" data-end=\"3851\">Desarrollo radicular<\/p>\n<\/li>\n<li data-start=\"3852\" data-end=\"3878\">\n<p data-start=\"3854\" data-end=\"3878\">Implantaci\u00f3n del cultivo<\/p>\n<\/li>\n<li data-start=\"3879\" data-end=\"3899\">\n<p data-start=\"3881\" data-end=\"3899\">Energ\u00eda metab\u00f3lica<\/p>\n<\/li>\n<\/ul>\n<h3 data-start=\"3901\" data-end=\"3919\">\ud83d\udfe0 Potasio (K)<\/h3>\n<p data-start=\"3920\" data-end=\"3927\">Mejora:<\/p>\n<ul data-start=\"3928\" data-end=\"4010\">\n<li data-start=\"3928\" data-end=\"3959\">\n<p data-start=\"3930\" data-end=\"3959\">Resistencia al estr\u00e9s h\u00eddrico<\/p>\n<\/li>\n<li data-start=\"3960\" data-end=\"3989\">\n<p data-start=\"3962\" data-end=\"3989\">Calidad del grano o forraje<\/p>\n<\/li>\n<li data-start=\"3990\" data-end=\"4010\">\n<p data-start=\"3992\" data-end=\"4010\">Regulaci\u00f3n h\u00eddrica<\/p>\n<\/li>\n<\/ul>\n<h3 data-start=\"4012\" data-end=\"4032\">\ud83d\udfe2 Magnesio (Mg)<\/h3>\n<p data-start=\"4033\" data-end=\"4066\">Elemento central de la clorofila:<\/p>\n<ul data-start=\"4067\" data-end=\"4112\">\n<li data-start=\"4067\" data-end=\"4112\">\n<p data-start=\"4069\" data-end=\"4112\">Imprescindible para fotos\u00edntesis eficiente.<\/p>\n<\/li>\n<\/ul>\n<h3 data-start=\"4114\" data-end=\"4131\">\ud83d\udfe1 Azufre (S)<\/h3>\n<p data-start=\"4132\" data-end=\"4147\">Fundamental en:<\/p>\n<ul data-start=\"4148\" data-end=\"4239\">\n<li data-start=\"4148\" data-end=\"4173\">\n<p data-start=\"4150\" data-end=\"4173\">S\u00edntesis de amino\u00e1cidos<\/p>\n<\/li>\n<li data-start=\"4174\" data-end=\"4198\">\n<p data-start=\"4176\" data-end=\"4198\">Formaci\u00f3n de prote\u00ednas<\/p>\n<\/li>\n<li data-start=\"4199\" data-end=\"4239\">\n<p data-start=\"4201\" data-end=\"4239\">Mejora del valor nutritivo en forrajes<\/p>\n<\/li>\n<\/ul>\n<p>&nbsp;<\/p>\n<h2 data-start=\"4246\" data-end=\"4264\">\ud83d\udce6 Presentaci\u00f3n<\/h2>\n<ul data-start=\"4266\" data-end=\"4361\">\n<li data-start=\"4266\" data-end=\"4296\">\n<p data-start=\"4268\" data-end=\"4296\"><strong data-start=\"4268\" data-end=\"4280\">Formato:<\/strong> Saco de 25 kg<\/p>\n<\/li>\n<li data-start=\"4297\" data-end=\"4332\">\n<p data-start=\"4299\" data-end=\"4332\">Aplicaci\u00f3n en fondo o cobertera<\/p>\n<\/li>\n<li data-start=\"4333\" data-end=\"4361\">\n<p data-start=\"4335\" data-end=\"4361\">Uso profesional agr\u00edcola<\/p>\n<\/li>\n<\/ul>\n<p>&nbsp;<\/p>\n<h2 data-start=\"4368\" data-end=\"4392\">\ud83d\udccf Dosis orientativas<\/h2>\n<p data-start=\"4394\" data-end=\"4475\">Las dosis pueden variar seg\u00fan an\u00e1lisis de suelo y cultivo, pero de forma general:<\/p>\n<ul data-start=\"4477\" data-end=\"4571\">\n<li data-start=\"4477\" data-end=\"4571\">\n<p data-start=\"4479\" data-end=\"4571\">Entre <strong data-start=\"4485\" data-end=\"4505\">150 y 1200 kg\/ha<\/strong>, dependiendo de extracci\u00f3n del cultivo y condiciones agron\u00f3micas.<\/p>\n<\/li>\n<\/ul>\n<p data-start=\"4573\" data-end=\"4645\">Es recomendable ajustar siempre la fertilizaci\u00f3n seg\u00fan an\u00e1lisis t\u00e9cnico.<\/p>\n<h2 data-start=\"4652\" data-end=\"4680\">\ud83d\ude9c Aplicaci\u00f3n recomendada<\/h2>\n<p data-start=\"4682\" data-end=\"4698\">Puede aplicarse:<\/p>\n<ul data-start=\"4700\" data-end=\"4761\">\n<li data-start=\"4700\" data-end=\"4721\">\n<p data-start=\"4702\" data-end=\"4721\">En abonado de fondo<\/p>\n<\/li>\n<li data-start=\"4722\" data-end=\"4736\">\n<p data-start=\"4724\" data-end=\"4736\">En cobertera<\/p>\n<\/li>\n<li data-start=\"4737\" data-end=\"4761\">\n<p data-start=\"4739\" data-end=\"4761\">En cultivos extensivos<\/p>\n<\/li>\n<\/ul>\n<p data-start=\"4763\" data-end=\"4831\">Se adapta especialmente bien a sistemas mecanizados de distribuci\u00f3n.<\/p>\n<h2 data-start=\"4838\" data-end=\"4880\">\ud83d\udca1 \u00bfPor qu\u00e9 elegir abono d-coder top 1?<\/h2>\n<p data-start=\"4882\" data-end=\"4897\">Porque combina:<\/p>\n<ul data-start=\"4899\" data-end=\"5098\">\n<li data-start=\"4899\" data-end=\"4932\">\n<p data-start=\"4901\" data-end=\"4932\">Alta concentraci\u00f3n de nitr\u00f3geno<\/p>\n<\/li>\n<li data-start=\"4933\" data-end=\"4969\">\n<p data-start=\"4935\" data-end=\"4969\">Tecnolog\u00eda de liberaci\u00f3n eficiente<\/p>\n<\/li>\n<li data-start=\"4970\" data-end=\"5013\">\n<p data-start=\"4972\" data-end=\"5013\">Aporte equilibrado de macro y secundarios<\/p>\n<\/li>\n<li data-start=\"5014\" data-end=\"5047\">\n<p data-start=\"5016\" data-end=\"5047\">Adaptaci\u00f3n a cultivos exigentes<\/p>\n<\/li>\n<li data-start=\"5048\" data-end=\"5098\">\n<p data-start=\"5050\" data-end=\"5098\">Mejora de rentabilidad por mayor aprovechamiento<\/p>\n<\/li>\n<\/ul>\n<p data-start=\"5100\" data-end=\"5283\">En cultivos como <strong data-start=\"5117\" data-end=\"5135\">ma\u00edz o pradera<\/strong>, donde el crecimiento vegetativo determina gran parte del rendimiento final, este fertilizante ofrece una respuesta nutricional eficaz y sostenida.<\/p>\n<p data-start=\"5308\" data-end=\"5621\">El <strong data-start=\"5311\" data-end=\"5334\">abono d-coder top 1<\/strong> de Timac Agro es una soluci\u00f3n t\u00e9cnica avanzada para agricultores que buscan <strong data-start=\"5411\" data-end=\"5488\">maximizar producci\u00f3n, mejorar eficiencia y optimizar el uso del nitr\u00f3geno<\/strong>. Su formulaci\u00f3n 20-6-6 con magnesio y azufre lo convierte en una herramienta clave para cultivos exigentes en desarrollo vegetativo.<\/p>\n<p data-start=\"5623\" data-end=\"5806\">Si buscas un fertilizante eficaz para ma\u00edz, praderas o cereales con tecnolog\u00eda de liberaci\u00f3n progresiva y mejor aprovechamiento del nitr\u00f3geno, esta es una opci\u00f3n s\u00f3lida y profesional.<\/p>\n","protected":false},"excerpt":{"rendered":"<p data-start=\"150\" data-end=\"641\">El <strong data-start=\"153\" data-end=\"176\">abono d-coder top 1<\/strong> de Timac Agro es un fertilizante NPK de alta eficiencia dise\u00f1ado para aportar <strong data-start=\"255\" data-end=\"305\">nitr\u00f3geno, f\u00f3sforo, potasio, magnesio y azufre<\/strong> de forma optimizada, adapt\u00e1ndose a las necesidades reales del cultivo. Su formulaci\u00f3n <strong data-start=\"392\" data-end=\"420\">NPK 20-6-6 <\/strong>\u00a0lo convierte en una soluci\u00f3n especialmente indicada para cultivos con alta demanda de nitr\u00f3geno, como <strong data-start=\"523\" data-end=\"573\">ma\u00edz, praderas, cereales o cultivos forrajeros<\/strong>, donde el desarrollo vegetativo es clave para el rendimiento final.<\/p>\n<p data-start=\"643\" data-end=\"816\">Adem\u00e1s, su tecnolog\u00eda de liberaci\u00f3n progresiva mejora el aprovechamiento del nitr\u00f3geno, reduce p\u00e9rdidas por lixiviaci\u00f3n y volatilizaci\u00f3n y aumenta la eficiencia del abonado.<\/p>\n","protected":false},"featured_media":2998,"template":"","meta":{"_acf_changed":false,"_joinchat":[]},"product_brand":[],"product_cat":[26,113,81,350,344],"product_tag":[],"class_list":{"0":"post-2997","1":"product","2":"type-product","3":"status-publish","4":"has-post-thumbnail","6":"product_cat-agrogargallo","7":"product_cat-abonos-y-fertilizantes","8":"product_cat-campo-y-huerto","9":"product_cat-grandes-formatos","10":"product_cat-abonos-para-huerto","12":"first","13":"instock","14":"taxable","15":"shipping-taxable","16":"purchasable","17":"product-type-simple"},"acf":[],"_links":{"self":[{"href":"https:\/\/agrogargallo.com\/gl\/wp-json\/wp\/v2\/product\/2997","targetHints":{"allow":["GET"]}}],"collection":[{"href":"https:\/\/agrogargallo.com\/gl\/wp-json\/wp\/v2\/product"}],"about":[{"href":"https:\/\/agrogargallo.com\/gl\/wp-json\/wp\/v2\/types\/product"}],"wp:featuredmedia":[{"embeddable":true,"href":"https:\/\/agrogargallo.com\/gl\/wp-json\/wp\/v2\/media\/2998"}],"wp:attachment":[{"href":"https:\/\/agrogargallo.com\/gl\/wp-json\/wp\/v2\/media?parent=2997"}],"wp:term":[{"taxonomy":"product_brand","embeddable":true,"href":"https:\/\/agrogargallo.com\/gl\/wp-json\/wp\/v2\/product_brand?post=2997"},{"taxonomy":"product_cat","embeddable":true,"href":"https:\/\/agrogargallo.com\/gl\/wp-json\/wp\/v2\/product_cat?post=2997"},{"taxonomy":"product_tag","embeddable":true,"href":"https:\/\/agrogargallo.com\/gl\/wp-json\/wp\/v2\/product_tag?post=2997"}],"curies":[{"name":"wp","href":"https:\/\/api.w.org\/{rel}","templated":true}]}}