{"id":2987,"date":"2026-03-04T12:57:29","date_gmt":"2026-03-04T11:57:29","guid":{"rendered":"https:\/\/agrogargallo.com\/?post_type=product&#038;p=2987"},"modified":"2026-03-04T12:57:29","modified_gmt":"2026-03-04T11:57:29","slug":"abono-d-coder-top-8-timac-agro-saco-25-kg","status":"publish","type":"product","link":"https:\/\/agrogargallo.com\/gl\/producto\/abono-d-coder-top-8-timac-agro-saco-25-kg","title":{"rendered":"Abono D-CODER Top 8 Timac Agro \u2013 Saco 25 kg | Especial Patata"},"content":{"rendered":"<h2 data-start=\"939\" data-end=\"968\">\ud83e\uddea Composici\u00f3n garantizada<\/h2>\n<p data-start=\"970\" data-end=\"1010\"><strong data-start=\"970\" data-end=\"1010\">Abono NPK (Ca-Mg-S) 7-10-20 (2-2-10)<\/strong><\/p>\n<ul data-start=\"1012\" data-end=\"1261\">\n<li data-start=\"1012\" data-end=\"1080\">\n<p data-start=\"1014\" data-end=\"1039\">7 % Nitr\u00f3geno (N) total<\/p>\n<ul data-start=\"1042\" data-end=\"1080\">\n<li data-start=\"1042\" data-end=\"1061\">\n<p data-start=\"1044\" data-end=\"1061\">4 % N amoniacal<\/p>\n<\/li>\n<li data-start=\"1064\" data-end=\"1080\">\n<p data-start=\"1066\" data-end=\"1080\">3 % N ureico<\/p>\n<\/li>\n<\/ul>\n<\/li>\n<li data-start=\"1081\" data-end=\"1117\">\n<p data-start=\"1083\" data-end=\"1117\">10 % Pent\u00f3xido de f\u00f3sforo (P\u2082O\u2085)<\/p>\n<\/li>\n<li data-start=\"1118\" data-end=\"1165\">\n<p data-start=\"1120\" data-end=\"1165\">20 % \u00d3xido de potasio (K\u2082O) soluble en agua<\/p>\n<\/li>\n<li data-start=\"1166\" data-end=\"1195\">\n<p data-start=\"1168\" data-end=\"1195\">2 % \u00d3xido de calcio (CaO)<\/p>\n<\/li>\n<li data-start=\"1196\" data-end=\"1227\">\n<p data-start=\"1198\" data-end=\"1227\">2 % \u00d3xido de magnesio (MgO)<\/p>\n<\/li>\n<li data-start=\"1228\" data-end=\"1261\">\n<p data-start=\"1230\" data-end=\"1261\">10 % Tri\u00f3xido de azufre (SO\u2083)<\/p>\n<\/li>\n<\/ul>\n<p data-start=\"1263\" data-end=\"1471\">Esta formulaci\u00f3n hace del <strong data-start=\"1289\" data-end=\"1312\">abono d-coder top 8<\/strong> un fertilizante muy completo, aportando no solo macronutrientes principales sino tambi\u00e9n secundarios fundamentales para el desarrollo equilibrado del cultivo.<\/p>\n<p data-start=\"1263\" data-end=\"1471\">\n<h2 data-start=\"1478\" data-end=\"1522\">\ud83d\udd2c \u00bfC\u00f3mo funciona el abono D-CODER Top 8?<\/h2>\n<p data-start=\"1524\" data-end=\"1626\">El punto fuerte del <strong data-start=\"1544\" data-end=\"1567\">abono d-coder top 8<\/strong> es su <strong data-start=\"1574\" data-end=\"1625\">liberaci\u00f3n progresiva y eficiente de nutrientes<\/strong>.<\/p>\n<h3 data-start=\"1628\" data-end=\"1671\">\ud83c\udf3f 1\ufe0f\u20e3 Liberaci\u00f3n gradual del nitr\u00f3geno<\/h3>\n<p data-start=\"1673\" data-end=\"1726\">Combina nitr\u00f3geno amoniacal y ureico, lo que permite:<\/p>\n<p data-start=\"1728\" data-end=\"1899\">\u2714 Disponibilidad inmediata tras la aplicaci\u00f3n<br data-start=\"1773\" data-end=\"1776\" \/>\u2714 Transformaci\u00f3n progresiva en el suelo<br data-start=\"1815\" data-end=\"1818\" \/>\u2714 Menor riesgo de p\u00e9rdidas por lixiviaci\u00f3n<br data-start=\"1860\" data-end=\"1863\" \/>\u2714 Nutrici\u00f3n sostenida en el tiempo<\/p>\n<p data-start=\"1901\" data-end=\"2029\">Esto asegura que el cultivo disponga de nitr\u00f3geno durante varias fases de desarrollo, sin picos bruscos ni carencias repentinas.<\/p>\n<h2 data-start=\"1901\" data-end=\"2029\">\u00bfPor qu\u00e9 es una opci\u00f3n ideal para el cultivo de patata?<\/h2>\n<h3 data-start=\"2036\" data-end=\"2085\">\ud83e\udd54 2\ufe0f\u20e3 Potasio elevado para engorde y calidad<\/h3>\n<p data-start=\"2087\" data-end=\"2147\">Con un 20 % de potasio, el <strong data-start=\"2114\" data-end=\"2137\">abono d-coder top 8<\/strong> favorece:<\/p>\n<p data-start=\"2149\" data-end=\"2303\">\u2714 Mejor formaci\u00f3n y engorde del tub\u00e9rculo<br data-start=\"2190\" data-end=\"2193\" \/>\u2714 Mayor contenido en materia seca<br data-start=\"2226\" data-end=\"2229\" \/>\u2714 Mejor conservaci\u00f3n postcosecha<br data-start=\"2261\" data-end=\"2264\" \/>\u2714 Incremento de calibre y uniformidad<\/p>\n<p data-start=\"2305\" data-end=\"2385\">En patata, el potasio es clave para el rendimiento final y la calidad comercial.<\/p>\n<p data-start=\"2305\" data-end=\"2385\">\n<h3 data-start=\"2392\" data-end=\"2440\">\ud83c\udf31 3\ufe0f\u20e3 F\u00f3sforo disponible para enraizamiento<\/h3>\n<p data-start=\"2442\" data-end=\"2470\">El f\u00f3sforo soluble favorece:<\/p>\n<p data-start=\"2472\" data-end=\"2604\">\u2714 Desarrollo radicular potente<br data-start=\"2502\" data-end=\"2505\" \/>\u2714 Mejor implantaci\u00f3n del cultivo<br data-start=\"2537\" data-end=\"2540\" \/>\u2714 Mayor absorci\u00f3n de nutrientes<br data-start=\"2571\" data-end=\"2574\" \/>\u2714 Inicio vegetativo vigoroso<\/p>\n<p data-start=\"2606\" data-end=\"2673\">Un buen sistema radicular es determinante en el cultivo de patatas.<\/p>\n<p data-start=\"2606\" data-end=\"2673\">\n<h3 data-start=\"2680\" data-end=\"2740\">\u2699\ufe0f 4\ufe0f\u20e3 Calcio, magnesio y azufre: equilibrio nutricional<\/h3>\n<p data-start=\"2742\" data-end=\"2779\">El <strong data-start=\"2745\" data-end=\"2768\">abono d-coder top 8<\/strong> incorpora:<\/p>\n<ul data-start=\"2781\" data-end=\"2917\">\n<li data-start=\"2781\" data-end=\"2829\">\n<p data-start=\"2783\" data-end=\"2829\">Calcio \u2192 mejora estructura celular y firmeza<\/p>\n<\/li>\n<li data-start=\"2830\" data-end=\"2874\">\n<p data-start=\"2832\" data-end=\"2874\">Magnesio \u2192 esencial para la fotos\u00edntesis<\/p>\n<\/li>\n<li data-start=\"2875\" data-end=\"2917\">\n<p data-start=\"2877\" data-end=\"2917\">Azufre \u2192 favorece la s\u00edntesis proteica<\/p>\n<\/li>\n<\/ul>\n<p data-start=\"2919\" data-end=\"3013\">Estos elementos optimizan la eficiencia del nitr\u00f3geno y mejoran el estado general del cultivo.<\/p>\n<p data-start=\"2919\" data-end=\"3013\">\n<h2 data-start=\"3020\" data-end=\"3055\">\ud83e\udd54 Ideal para cultivo de patatas<\/h2>\n<p data-start=\"3057\" data-end=\"3160\">El <strong data-start=\"3060\" data-end=\"3083\">abono d-coder top 8<\/strong> est\u00e1 especialmente indicado para el cultivo de la patata por varias razones:<\/p>\n<p data-start=\"3162\" data-end=\"3388\">\ud83c\udf3f Proporci\u00f3n alta en potasio para engorde del tub\u00e9rculo<br data-start=\"3218\" data-end=\"3221\" \/>\ud83c\udf3f Aporte equilibrado de nitr\u00f3geno para evitar exceso de vegetaci\u00f3n<br data-start=\"3288\" data-end=\"3291\" \/>\ud83c\udf3f F\u00f3sforo que mejora el desarrollo radicular inicial<br data-start=\"3344\" data-end=\"3347\" \/>\ud83c\udf3f Nutrici\u00f3n sostenida durante el ciclo<\/p>\n<p data-start=\"3390\" data-end=\"3585\">En patata, un exceso de nitr\u00f3geno puede provocar mucho follaje y menor tuberizaci\u00f3n. Esta f\u00f3rmula 7-10-20 mantiene el equilibrio adecuado para priorizar producci\u00f3n de tub\u00e9rculo sobre masa foliar.<\/p>\n<p data-start=\"3390\" data-end=\"3585\">\n<h2 data-start=\"3592\" data-end=\"3627\">\ud83d\udcc5 Momento y forma de aplicaci\u00f3n<\/h2>\n<p data-start=\"3629\" data-end=\"3672\">El <strong data-start=\"3632\" data-end=\"3655\">abono d-coder top 8<\/strong> puede aplicarse:<\/p>\n<ul data-start=\"3674\" data-end=\"3770\">\n<li data-start=\"3674\" data-end=\"3722\">\n<p data-start=\"3676\" data-end=\"3722\">Como abonado de fondo antes de la plantaci\u00f3n<\/p>\n<\/li>\n<li data-start=\"3723\" data-end=\"3770\">\n<p data-start=\"3725\" data-end=\"3770\">En cobertera en fases iniciales del cultivo<\/p>\n<\/li>\n<\/ul>\n<h3 data-start=\"3772\" data-end=\"3793\">Dosis orientativa<\/h3>\n<p data-start=\"3794\" data-end=\"3865\">Entre <strong data-start=\"3800\" data-end=\"3820\">150 y 1200 kg\/ha<\/strong>, seg\u00fan cultivo, suelo y extracci\u00f3n prevista.<\/p>\n<p data-start=\"3867\" data-end=\"3957\">Siempre se recomienda ajustar la dosis mediante an\u00e1lisis de suelo y asesoramiento t\u00e9cnico.<\/p>\n<p data-start=\"3867\" data-end=\"3957\">\n<h2 data-start=\"3964\" data-end=\"4016\">\ud83c\udf0d Ventajas frente a fertilizantes convencionales<\/h2>\n<p data-start=\"4018\" data-end=\"4235\">\u2714 Liberaci\u00f3n progresiva<br data-start=\"4041\" data-end=\"4044\" \/>\u2714 Menor riesgo de p\u00e9rdidas de nitr\u00f3geno<br data-start=\"4083\" data-end=\"4086\" \/>\u2714 Mejor eficiencia del abonado<br data-start=\"4116\" data-end=\"4119\" \/>\u2714 Equilibrio completo de nutrientes<br data-start=\"4154\" data-end=\"4157\" \/>\u2714 Especialmente adaptado a patata<br data-start=\"4190\" data-end=\"4193\" \/>\u2714 Mejora rendimiento y calidad comercial<\/p>\n<p data-start=\"4237\" data-end=\"4346\">El <strong data-start=\"4240\" data-end=\"4263\">abono d-coder top 8<\/strong> optimiza la inversi\u00f3n en fertilizaci\u00f3n al mejorar la absorci\u00f3n y reducir p\u00e9rdidas.<\/p>\n<p data-start=\"4237\" data-end=\"4346\">\n<h2 data-start=\"4353\" data-end=\"4386\">\ud83d\udc68\u200d\ud83c\udf3e \u00bfPara qui\u00e9n es adecuado?<\/h2>\n<ul data-start=\"4388\" data-end=\"4536\">\n<li data-start=\"4388\" data-end=\"4418\">\n<p data-start=\"4390\" data-end=\"4418\">Agricultores profesionales y no profesionales<\/p>\n<\/li>\n<li data-start=\"4419\" data-end=\"4450\">\n<p data-start=\"4421\" data-end=\"4450\">Cultivo extensivo de patata y cereal<\/p>\n<\/li>\n<li data-start=\"4451\" data-end=\"4485\">\n<p data-start=\"4453\" data-end=\"4485\">Producci\u00f3n intensiva hort\u00edcola<\/p>\n<\/li>\n<li data-start=\"4486\" data-end=\"4536\">\n<p data-start=\"4488\" data-end=\"4536\">Explotaciones que buscan rendimiento y calidad<\/p>\n<\/li>\n<\/ul>\n<p data-start=\"4538\" data-end=\"4632\">Tambi\u00e9n puede utilizarse en otros cultivos exigentes donde se requiera alto aporte de potasio.<\/p>\n<p data-start=\"4538\" data-end=\"4632\">\n<h2 data-start=\"4639\" data-end=\"4667\">\ud83d\udce6 Formato y presentaci\u00f3n<\/h2>\n<ul data-start=\"4669\" data-end=\"4816\">\n<li data-start=\"4669\" data-end=\"4706\">\n<p data-start=\"4671\" data-end=\"4706\">Producto: <strong data-start=\"4681\" data-end=\"4704\">abono d-coder top 8<\/strong><\/p>\n<\/li>\n<li data-start=\"4707\" data-end=\"4728\">\n<p data-start=\"4709\" data-end=\"4728\">Marca: Timac Agro<\/p>\n<\/li>\n<li data-start=\"4729\" data-end=\"4752\">\n<p data-start=\"4731\" data-end=\"4752\">Formato: Saco 25 kg<\/p>\n<\/li>\n<li data-start=\"4753\" data-end=\"4794\">\n<p data-start=\"4755\" data-end=\"4794\">Tipo: Fertilizante complejo granulado<\/p>\n<\/li>\n<li data-start=\"4795\" data-end=\"4816\">\n<p data-start=\"4797\" data-end=\"4816\">Aplicaci\u00f3n: Suelo<\/p>\n<\/li>\n<\/ul>\n<p data-start=\"4818\" data-end=\"4868\">Conservar en lugar seco y protegido de la humedad.<\/p>\n<p data-start=\"4818\" data-end=\"4868\">\n<h2 data-start=\"4875\" data-end=\"4896\">\u2705 Beneficios clave<\/h2>\n<p data-start=\"4898\" data-end=\"5109\">\ud83e\udd54 Especial para cultivo de patatas<br data-start=\"4933\" data-end=\"4936\" \/>\ud83c\udf31 Nutrici\u00f3n equilibrada y progresiva<br data-start=\"4973\" data-end=\"4976\" \/>\u2699\ufe0f Liberaci\u00f3n eficiente de nitr\u00f3geno<br data-start=\"5012\" data-end=\"5015\" \/>\ud83d\udcaa Alto contenido en potasio (20 %)<br data-start=\"5050\" data-end=\"5053\" \/>\ud83c\udf3f Aporte de Ca, Mg y S<br data-start=\"5076\" data-end=\"5079\" \/>\ud83d\udce6 Saco profesional de 25 kg<\/p>\n<p data-start=\"4898\" data-end=\"5109\">\n<p data-start=\"4898\" data-end=\"5109\">El <strong data-start=\"5119\" data-end=\"5142\">abono d-coder top 8<\/strong> de Timac Agro es una soluci\u00f3n t\u00e9cnica avanzada para agricultores que buscan maximizar el rendimiento del cultivo de patata mediante una nutrici\u00f3n equilibrada, eficiente y de liberaci\u00f3n progresiva. Su f\u00f3rmula espec\u00edfica y su comportamiento en el suelo lo convierten en una herramienta clave para obtener cosechas abundantes, homog\u00e9neas y de alta calidad comercial. \ud83e\udd54\ud83c\udf31<\/p>\n","protected":false},"excerpt":{"rendered":"<p data-start=\"69\" data-end=\"478\">El <strong data-start=\"72\" data-end=\"95\">abono d-coder top 8<\/strong> de <span class=\"hover:entity-accent entity-underline inline cursor-pointer align-baseline\"><span class=\"whitespace-normal\">Timac Agro<\/span><\/span> es un fertilizante complejo NPK de alta eficiencia dise\u00f1ado para aportar nutrici\u00f3n progresiva y equilibrada a cultivos exigentes. Presentado en <strong data-start=\"281\" data-end=\"298\">saco de 25 kg<\/strong>, destaca por su tecnolog\u00eda de liberaci\u00f3n controlada y su formulaci\u00f3n espec\u00edfica <strong data-start=\"379\" data-end=\"413\">NPK 7-10-20 y Ca-Mg-S (2-2-10)<\/strong>, ideal para optimizar el desarrollo del cultivo de la patata \ud83e\udd54.<\/p>\n<p data-start=\"480\" data-end=\"704\">Su equilibrio nutricional y su comportamiento en el suelo lo convierten en una soluci\u00f3n profesional tanto para agricultores como para explotaciones intensivas que buscan rendimiento, calidad y eficiencia en la fertilizaci\u00f3n.<\/p>\n<p data-start=\"480\" data-end=\"704\">\n<h3 data-start=\"711\" data-end=\"736\">\ud83d\udce6 Descripci\u00f3n r\u00e1pida<\/h3>\n<p data-start=\"738\" data-end=\"932\">Saco de 25 kg de <strong data-start=\"755\" data-end=\"778\">abono d-coder top 8<\/strong> NPK 7-10-20 con calcio, magnesio y azufre. Fertilizante de liberaci\u00f3n progresiva, ideal para el cultivo de patatas y otros cultivos hort\u00edcolas exigentes.<\/p>\n","protected":false},"featured_media":2988,"template":"","meta":{"_acf_changed":false,"_joinchat":[]},"product_brand":[],"product_cat":[81,113,350,344],"product_tag":[],"class_list":{"0":"post-2987","1":"product","2":"type-product","3":"status-publish","4":"has-post-thumbnail","6":"product_cat-campo-y-huerto","7":"product_cat-abonos-y-fertilizantes","8":"product_cat-grandes-formatos","9":"product_cat-abonos-para-huerto","11":"first","12":"instock","13":"taxable","14":"shipping-taxable","15":"purchasable","16":"product-type-simple"},"acf":[],"_links":{"self":[{"href":"https:\/\/agrogargallo.com\/gl\/wp-json\/wp\/v2\/product\/2987","targetHints":{"allow":["GET"]}}],"collection":[{"href":"https:\/\/agrogargallo.com\/gl\/wp-json\/wp\/v2\/product"}],"about":[{"href":"https:\/\/agrogargallo.com\/gl\/wp-json\/wp\/v2\/types\/product"}],"wp:featuredmedia":[{"embeddable":true,"href":"https:\/\/agrogargallo.com\/gl\/wp-json\/wp\/v2\/media\/2988"}],"wp:attachment":[{"href":"https:\/\/agrogargallo.com\/gl\/wp-json\/wp\/v2\/media?parent=2987"}],"wp:term":[{"taxonomy":"product_brand","embeddable":true,"href":"https:\/\/agrogargallo.com\/gl\/wp-json\/wp\/v2\/product_brand?post=2987"},{"taxonomy":"product_cat","embeddable":true,"href":"https:\/\/agrogargallo.com\/gl\/wp-json\/wp\/v2\/product_cat?post=2987"},{"taxonomy":"product_tag","embeddable":true,"href":"https:\/\/agrogargallo.com\/gl\/wp-json\/wp\/v2\/product_tag?post=2987"}],"curies":[{"name":"wp","href":"https:\/\/api.w.org\/{rel}","templated":true}]}}