{"id":2964,"date":"2026-02-26T16:46:55","date_gmt":"2026-02-26T15:46:55","guid":{"rendered":"https:\/\/agrogargallo.com\/?post_type=product&#038;p=2964"},"modified":"2026-03-17T19:00:48","modified_gmt":"2026-03-17T18:00:48","slug":"silax-blanca-pasta-lavamanos-profesional","status":"publish","type":"product","link":"https:\/\/agrogargallo.com\/gl\/producto\/silax-blanca-pasta-lavamanos-profesional","title":{"rendered":"Silax Blanca DTL \u2013 Pasta lavamanos profesional &#8211; 1l y 5l"},"content":{"rendered":"<h2 data-start=\"842\" data-end=\"886\">\ud83e\uddfc \u00bfQu\u00e9 es Silax Blanca y para qu\u00e9 sirve?<\/h2>\n<p data-start=\"888\" data-end=\"1107\"><strong data-start=\"888\" data-end=\"904\">Silax Blanca<\/strong> es una pasta lavamanos profesional dise\u00f1ada para uso profesional intensivo. Est\u00e1 pensada para limpiar eficazmente las manos tras trabajos donde se acumulan residuos dif\u00edciles de eliminar con jabones convencionales.<\/p>\n<p data-start=\"1109\" data-end=\"1132\">Es ideal para eliminar:<\/p>\n<ul data-start=\"1134\" data-end=\"1272\">\n<li data-start=\"1134\" data-end=\"1155\">\n<p data-start=\"1136\" data-end=\"1155\">Grasas industriales<\/p>\n<\/li>\n<li data-start=\"1156\" data-end=\"1175\">\n<p data-start=\"1158\" data-end=\"1175\">Aceites mec\u00e1nicos<\/p>\n<\/li>\n<li data-start=\"1176\" data-end=\"1189\">\n<p data-start=\"1178\" data-end=\"1189\">Lubricantes<\/p>\n<\/li>\n<li data-start=\"1190\" data-end=\"1211\">\n<p data-start=\"1192\" data-end=\"1211\">Holl\u00edn y carbonilla<\/p>\n<\/li>\n<li data-start=\"1212\" data-end=\"1242\">\n<p data-start=\"1214\" data-end=\"1242\">Pinturas y residuos t\u00e9cnicos<\/p>\n<\/li>\n<li data-start=\"1243\" data-end=\"1272\">\n<p data-start=\"1245\" data-end=\"1272\">Suciedad agr\u00edcola o de obra<\/p>\n<\/li>\n<\/ul>\n<p data-start=\"1274\" data-end=\"1407\">Su f\u00f3rmula permite una limpieza eficaz sin irritar la piel, lo que la hace adecuada para un uso frecuente durante la jornada laboral.<\/p>\n<h2 data-start=\"1414\" data-end=\"1485\">\u2b50 Caracter\u00edsticas principales del lavamanos profesional Silax Blanca<\/h2>\n<h3 data-start=\"1487\" data-end=\"1519\">\u2705 Limpieza profunda y eficaz<\/h3>\n<p data-start=\"1520\" data-end=\"1699\">La pasta act\u00faa penetrando en la suciedad incrustada gracias a sus micropart\u00edculas naturales, facilitando la eliminaci\u00f3n de residuos persistentes sin necesidad de frotar en exceso.<\/p>\n<h3 data-start=\"1701\" data-end=\"1732\">\u2705 Micropart\u00edculas vegetales<\/h3>\n<p data-start=\"1733\" data-end=\"1916\">A diferencia de otros productos industriales, <strong data-start=\"1779\" data-end=\"1795\">Silax Blanca<\/strong> incorpora abrasivos de origen vegetal que limpian mec\u00e1nicamente sin da\u00f1ar la piel ni generar impacto ambiental negativo.<\/p>\n<h3 data-start=\"1918\" data-end=\"1949\">\u2705 Sin disolventes agresivos<\/h3>\n<p data-start=\"1950\" data-end=\"2079\">Su formulaci\u00f3n est\u00e1 <strong data-start=\"1970\" data-end=\"1995\">exenta de disolventes<\/strong>, reduciendo el riesgo de sequedad o irritaci\u00f3n cut\u00e1nea incluso tras usos repetidos.<\/p>\n<h3 data-start=\"2081\" data-end=\"2105\">\u2705 Sin micropl\u00e1sticos<\/h3>\n<p data-start=\"2106\" data-end=\"2186\">Producto alineado con pr\u00e1cticas sostenibles y respetuosas con el medio ambiente.<\/p>\n<h3 data-start=\"2188\" data-end=\"2209\">\u2705 Respeta la piel<\/h3>\n<p data-start=\"2210\" data-end=\"2320\">Su pH neutro ayuda a mantener el equilibrio natural de la piel, evitando sensaci\u00f3n de tirantez tras el lavado.<\/p>\n<h3 data-start=\"2322\" data-end=\"2350\">\u2705 Aroma floral agradable<\/h3>\n<p data-start=\"2351\" data-end=\"2460\">Aporta sensaci\u00f3n de limpieza y frescura tras cada uso, algo especialmente valorado en entornos profesionales.<\/p>\n<h2 data-start=\"2467\" data-end=\"2505\">\ud83d\udc77\u200d\u2642\ufe0f \u00bfPara qui\u00e9n est\u00e1 recomendado?<\/h2>\n<p data-start=\"2507\" data-end=\"2571\">Este <strong data-start=\"2512\" data-end=\"2537\">lavamanos profesional<\/strong> est\u00e1 especialmente indicado para:<\/p>\n<ul data-start=\"2573\" data-end=\"2784\">\n<li data-start=\"2573\" data-end=\"2606\">\n<p data-start=\"2575\" data-end=\"2606\">Talleres mec\u00e1nicos y automoci\u00f3n<\/p>\n<\/li>\n<li data-start=\"2607\" data-end=\"2631\">\n<p data-start=\"2609\" data-end=\"2631\">Empresas de transporte<\/p>\n<\/li>\n<li data-start=\"2632\" data-end=\"2655\">\n<p data-start=\"2634\" data-end=\"2655\">Industria metal\u00fargica<\/p>\n<\/li>\n<li data-start=\"2656\" data-end=\"2691\">\n<p data-start=\"2658\" data-end=\"2691\">Agricultura y maquinaria agr\u00edcola<\/p>\n<\/li>\n<li data-start=\"2692\" data-end=\"2721\">\n<p data-start=\"2694\" data-end=\"2721\">Construcci\u00f3n y obra p\u00fablica<\/p>\n<\/li>\n<li data-start=\"2722\" data-end=\"2750\">\n<p data-start=\"2724\" data-end=\"2750\">Servicios de mantenimiento<\/p>\n<\/li>\n<li data-start=\"2751\" data-end=\"2784\">\n<p data-start=\"2753\" data-end=\"2784\">Industria log\u00edstica y almacenes<\/p>\n<\/li>\n<\/ul>\n<p data-start=\"2786\" data-end=\"2894\">Tambi\u00e9n es una excelente opci\u00f3n para usuarios particulares que realizan bricolaje o mantenimiento frecuente.<\/p>\n<h2 data-start=\"2901\" data-end=\"2945\">\ud83c\udf31 Limpieza eficaz y compromiso ambiental<\/h2>\n<p data-start=\"2947\" data-end=\"3061\">Uno de los aspectos diferenciales de <strong data-start=\"2984\" data-end=\"3000\">Silax Blanca<\/strong> es su equilibrio entre potencia limpiadora y sostenibilidad.<\/p>\n<p data-start=\"3063\" data-end=\"3078\">Su formulaci\u00f3n:<\/p>\n<ul data-start=\"3080\" data-end=\"3208\">\n<li data-start=\"3080\" data-end=\"3108\">\n<p data-start=\"3082\" data-end=\"3108\">No contiene micropl\u00e1sticos<\/p>\n<\/li>\n<li data-start=\"3109\" data-end=\"3143\">\n<p data-start=\"3111\" data-end=\"3143\">No utiliza disolventes agresivos<\/p>\n<\/li>\n<li data-start=\"3144\" data-end=\"3173\">\n<p data-start=\"3146\" data-end=\"3173\">Reduce el impacto ambiental<\/p>\n<\/li>\n<li data-start=\"3174\" data-end=\"3208\">\n<p data-start=\"3176\" data-end=\"3208\">Mantiene la eficacia profesional<\/p>\n<\/li>\n<\/ul>\n<p data-start=\"3210\" data-end=\"3311\">Esto permite cumplir con est\u00e1ndares actuales de responsabilidad ambiental sin sacrificar rendimiento.<\/p>\n<h2 data-start=\"3318\" data-end=\"3338\">\ud83e\uddea Datos t\u00e9cnicos<\/h2>\n<ul data-start=\"3340\" data-end=\"3467\">\n<li data-start=\"3340\" data-end=\"3362\">\n<p data-start=\"3342\" data-end=\"3362\"><strong data-start=\"3342\" data-end=\"3354\">Aspecto:<\/strong> Pasta<\/p>\n<\/li>\n<li data-start=\"3363\" data-end=\"3384\">\n<p data-start=\"3365\" data-end=\"3384\"><strong data-start=\"3365\" data-end=\"3375\">Color:<\/strong> Blanco<\/p>\n<\/li>\n<li data-start=\"3385\" data-end=\"3405\">\n<p data-start=\"3387\" data-end=\"3405\"><strong data-start=\"3387\" data-end=\"3396\">Olor:<\/strong> Floral<\/p>\n<\/li>\n<li data-start=\"3406\" data-end=\"3432\">\n<p data-start=\"3408\" data-end=\"3432\"><strong data-start=\"3408\" data-end=\"3421\">pH al 1%:<\/strong> 7 (\u00b10,5)<\/p>\n<\/li>\n<li data-start=\"3433\" data-end=\"3467\">\n<p data-start=\"3435\" data-end=\"3467\"><strong data-start=\"3435\" data-end=\"3455\">Densidad (20\u00baC):<\/strong> 1,00 g\/ml<\/p>\n<\/li>\n<\/ul>\n<p data-start=\"3469\" data-end=\"3605\">El pH neutro convierte a <strong data-start=\"3494\" data-end=\"3510\">Silax Blanca<\/strong> en un producto adecuado para uso frecuente, ayudando a proteger la barrera natural de la piel.<\/p>\n<h2 data-start=\"3612\" data-end=\"3633\">\ud83d\udd90\ufe0f Modo de empleo<\/h2>\n<p data-start=\"3635\" data-end=\"3683\">Para obtener el m\u00e1ximo rendimiento del producto:<\/p>\n<ol data-start=\"3685\" data-end=\"3936\">\n<li data-start=\"3685\" data-end=\"3759\">\n<p data-start=\"3688\" data-end=\"3759\">Aplicar una peque\u00f1a cantidad de <strong data-start=\"3720\" data-end=\"3736\">Silax Blanca<\/strong> sobre las manos secas.<\/p>\n<\/li>\n<li data-start=\"3760\" data-end=\"3810\">\n<p data-start=\"3763\" data-end=\"3810\">Frotar insistiendo en zonas con mayor suciedad.<\/p>\n<\/li>\n<li data-start=\"3811\" data-end=\"3881\">\n<p data-start=\"3814\" data-end=\"3881\">A\u00f1adir un poco de agua y continuar frotando hasta generar emulsi\u00f3n.<\/p>\n<\/li>\n<li data-start=\"3882\" data-end=\"3912\">\n<p data-start=\"3885\" data-end=\"3912\">Aclarar con abundante agua.<\/p>\n<\/li>\n<li data-start=\"3913\" data-end=\"3936\">\n<p data-start=\"3916\" data-end=\"3936\">Secar correctamente.<\/p>\n<\/li>\n<\/ol>\n<p data-start=\"3938\" data-end=\"4030\">\ud83d\udca1 Consejo Agrogargallo: aplicar primero sobre manos secas mejora la capacidad desengrasante.<\/p>\n<h2 data-start=\"4037\" data-end=\"4063\">\ud83d\udce6 Formatos disponibles<\/h2>\n<p data-start=\"4065\" data-end=\"4146\"><strong data-start=\"4065\" data-end=\"4081\">Silax Blanca<\/strong> se presenta en diferentes formatos adaptados al uso profesional:<\/p>\n<ul data-start=\"4148\" data-end=\"4269\">\n<li data-start=\"4148\" data-end=\"4192\">\n<p data-start=\"4150\" data-end=\"4192\">Botella con dosificador para uso frecuente<\/p>\n<\/li>\n<li data-start=\"4193\" data-end=\"4269\">\n<p data-start=\"4195\" data-end=\"4269\">Garrafa profesional de <strong data-start=\"4218\" data-end=\"4230\">5 litros<\/strong>, ideal para talleres y zonas de lavado<\/p>\n<\/li>\n<\/ul>\n<p data-start=\"4271\" data-end=\"4365\">El formato grande permite reducir reposiciones y optimizar costes en entornos de alto consumo.<\/p>\n<h2 data-start=\"4372\" data-end=\"4418\">\ud83d\udebf Ventajas frente a jabones convencionales<\/h2>\n<p data-start=\"4420\" data-end=\"4499\">Elegir <strong data-start=\"4427\" data-end=\"4443\">Silax Blanca<\/strong> frente a un jab\u00f3n est\u00e1ndar aporta m\u00faltiples beneficios:<\/p>\n<ul data-start=\"4501\" data-end=\"4743\">\n<li data-start=\"4501\" data-end=\"4547\">\n<p data-start=\"4503\" data-end=\"4547\">Mayor poder limpiador sobre grasas y aceites<\/p>\n<\/li>\n<li data-start=\"4548\" data-end=\"4585\">\n<p data-start=\"4550\" data-end=\"4585\">Menor cantidad necesaria por lavado<\/p>\n<\/li>\n<li data-start=\"4586\" data-end=\"4632\">\n<p data-start=\"4588\" data-end=\"4632\">Protecci\u00f3n de la piel gracias a su pH neutro<\/p>\n<\/li>\n<li data-start=\"4633\" data-end=\"4674\">\n<p data-start=\"4635\" data-end=\"4674\">Limpieza r\u00e1pida sin productos agresivos<\/p>\n<\/li>\n<li data-start=\"4675\" data-end=\"4714\">\n<p data-start=\"4677\" data-end=\"4714\">Uso profesional intensivo garantizado<\/p>\n<\/li>\n<li data-start=\"4715\" data-end=\"4743\">\n<p data-start=\"4717\" data-end=\"4743\">Alternativa m\u00e1s sostenible<\/p>\n<\/li>\n<\/ul>\n<p data-start=\"4745\" data-end=\"4883\">Mientras los jabones dom\u00e9sticos eliminan suciedad ligera, este <strong data-start=\"4808\" data-end=\"4833\">lavamanos profesional<\/strong> est\u00e1 dise\u00f1ado para condiciones reales de trabajo.<\/p>\n<h2 data-start=\"4890\" data-end=\"4923\">\ud83d\udd27 Consejos de uso profesional<\/h2>\n<p data-start=\"4925\" data-end=\"4970\">Para mejorar la experiencia y el rendimiento:<\/p>\n<ul data-start=\"4972\" data-end=\"5188\">\n<li data-start=\"4972\" data-end=\"5017\">\n<p data-start=\"4974\" data-end=\"5017\">Instalar dispensadores en zonas de trabajo.<\/p>\n<\/li>\n<li data-start=\"5018\" data-end=\"5080\">\n<p data-start=\"5020\" data-end=\"5080\">Combinar con crema hidratante protectora en usos intensivos.<\/p>\n<\/li>\n<li data-start=\"5081\" data-end=\"5127\">\n<p data-start=\"5083\" data-end=\"5127\">Evitar mezclar con otros productos qu\u00edmicos.<\/p>\n<\/li>\n<li data-start=\"5128\" data-end=\"5188\">\n<p data-start=\"5130\" data-end=\"5188\">Mantener el envase cerrado para conservar sus propiedades.<\/p>\n<\/li>\n<\/ul>\n<p>&nbsp;<\/p>\n<h2 data-start=\"5195\" data-end=\"5230\">\ud83d\udca1 \u00bfPor qu\u00e9 elegir Silax Blanca?<\/h2>\n<p data-start=\"5232\" data-end=\"5407\"><strong data-start=\"5232\" data-end=\"5248\">Silax Blanca<\/strong> representa la evoluci\u00f3n del lavamanos industrial tradicional: potencia limpiadora profesional, respeto por la piel y compromiso ambiental en un solo producto.<\/p>\n<p data-start=\"5409\" data-end=\"5619\">Si buscas un <strong data-start=\"5422\" data-end=\"5447\">lavamanos profesional<\/strong> capaz de eliminar la suciedad m\u00e1s dif\u00edcil sin recurrir a f\u00f3rmulas agresivas, esta pasta lavamanos ofrece el equilibrio perfecto entre eficacia, seguridad y sostenibilidad.<\/p>\n<p data-start=\"5621\" data-end=\"5874\">Gracias a sus micropart\u00edculas vegetales y su formulaci\u00f3n sin disolventes, <strong data-start=\"5695\" data-end=\"5711\">Silax Blanca<\/strong> se convierte en la soluci\u00f3n ideal para profesionales que necesitan resultados fiables cada d\u00eda, manteniendo al mismo tiempo el cuidado de sus manos y del entorno.<\/p>\n<p data-start=\"1274\" data-end=\"1407\">\n","protected":false},"excerpt":{"rendered":"<p data-start=\"122\" data-end=\"575\"><strong data-start=\"122\" data-end=\"138\">Silax Blanca<\/strong> de DTL es un <strong data-start=\"152\" data-end=\"177\">lavamanos profesional<\/strong> especialmente formulado para eliminar la suciedad m\u00e1s resistente en entornos industriales y profesionales sin da\u00f1ar la piel. Esta pasta lavamanos combina <strong data-start=\"332\" data-end=\"356\">alto poder limpiador<\/strong>, respeto por el medio ambiente y cuidado d\u00e9rmico, convirti\u00e9ndose en una soluci\u00f3n eficaz para talleres, industrias, agricultura y cualquier actividad donde las manos est\u00e9n expuestas a grasas, aceites o suciedad intensa.<\/p>\n<p data-start=\"577\" data-end=\"835\">Gracias a su innovadora composici\u00f3n con <strong data-start=\"617\" data-end=\"646\">micropart\u00edculas vegetales<\/strong>, ofrece una limpieza profunda sin recurrir a disolventes agresivos ni micropl\u00e1sticos, aportando una alternativa moderna, segura y sostenible dentro de los productos de higiene profesional.<\/p>\n","protected":false},"featured_media":2956,"template":"","meta":{"_acf_changed":false,"_joinchat":[]},"product_brand":[],"product_cat":[534,26,80,84,416,131],"product_tag":[],"class_list":{"0":"post-2964","1":"product","2":"type-product","3":"status-publish","4":"has-post-thumbnail","6":"product_cat-productos-limpieza","7":"product_cat-agrogargallo","8":"product_cat-ganaderia-y-mascotas","9":"product_cat-hogar","10":"product_cat-limpieza-y-decoracion","11":"product_cat-supermercado","13":"first","14":"instock","15":"taxable","16":"shipping-taxable","17":"purchasable","18":"product-type-variable"},"acf":[],"_links":{"self":[{"href":"https:\/\/agrogargallo.com\/gl\/wp-json\/wp\/v2\/product\/2964","targetHints":{"allow":["GET"]}}],"collection":[{"href":"https:\/\/agrogargallo.com\/gl\/wp-json\/wp\/v2\/product"}],"about":[{"href":"https:\/\/agrogargallo.com\/gl\/wp-json\/wp\/v2\/types\/product"}],"wp:featuredmedia":[{"embeddable":true,"href":"https:\/\/agrogargallo.com\/gl\/wp-json\/wp\/v2\/media\/2956"}],"wp:attachment":[{"href":"https:\/\/agrogargallo.com\/gl\/wp-json\/wp\/v2\/media?parent=2964"}],"wp:term":[{"taxonomy":"product_brand","embeddable":true,"href":"https:\/\/agrogargallo.com\/gl\/wp-json\/wp\/v2\/product_brand?post=2964"},{"taxonomy":"product_cat","embeddable":true,"href":"https:\/\/agrogargallo.com\/gl\/wp-json\/wp\/v2\/product_cat?post=2964"},{"taxonomy":"product_tag","embeddable":true,"href":"https:\/\/agrogargallo.com\/gl\/wp-json\/wp\/v2\/product_tag?post=2964"}],"curies":[{"name":"wp","href":"https:\/\/api.w.org\/{rel}","templated":true}]}}