{"id":2912,"date":"2026-02-18T16:49:10","date_gmt":"2026-02-18T15:49:10","guid":{"rendered":"https:\/\/agrogargallo.com\/?post_type=product&#038;p=2912"},"modified":"2026-02-18T16:49:11","modified_gmt":"2026-02-18T15:49:11","slug":"semillas-de-tomate-cherry-rojo","status":"publish","type":"product","link":"https:\/\/agrogargallo.com\/gl\/producto\/semillas-de-tomate-cherry-rojo","title":{"rendered":"Semillas de tomate cherry rojo Ciliegia &#8211; Vilmorin &#8211; 36gr"},"content":{"rendered":"<p data-start=\"1161\" data-end=\"1479\">Las <strong data-start=\"1165\" data-end=\"1199\">semillas de tomate cherry rojo<\/strong> de la variedad Sweetbaby permiten cultivar una planta vigorosa y productiva, conocida por ofrecer racimos abundantes de tomates peque\u00f1os y uniformes \ud83c\udf45\ud83c\udf45. Se trata de una variedad muy popular en huertos dom\u00e9sticos por su facilidad de cultivo y la excelente calidad de sus frutos.<\/p>\n<p data-start=\"1481\" data-end=\"1776\">El tomate obtenido a partir de estas <strong data-start=\"1518\" data-end=\"1552\">semillas de tomate cherry rojo<\/strong> presenta un color rojo brillante, forma redondeada y un sabor equilibrado, ligeramente dulce y refrescante \ud83d\ude0b. Es ideal para consumir en fresco, en ensaladas, como snack saludable o como acompa\u00f1amiento en m\u00faltiples recetas.<\/p>\n<p data-start=\"1778\" data-end=\"2010\">Estas <strong data-start=\"1784\" data-end=\"1818\">semillas de tomate cherry rojo<\/strong> est\u00e1n especialmente indicadas para el cultivo en huertos urbanos, jardines tradicionales o macetas grandes, adapt\u00e1ndose bien a diferentes espacios siempre que dispongan de buena luz solar \ud83c\udf1e.<\/p>\n<p data-start=\"1778\" data-end=\"2010\">La variedad Sweetbaby es reconocida por su producci\u00f3n regular durante la temporada, ofreciendo cosechas continuas con cuidados b\u00e1sicos, lo que convierte a estas <strong data-start=\"2173\" data-end=\"2207\">semillas de tomate cherry rojo<\/strong> en una apuesta segura para el autoconsumo \ud83c\udf31.<\/p>\n<p data-start=\"1778\" data-end=\"2010\">\n<h2 data-start=\"2260\" data-end=\"2331\">\ud83d\udccb Caracter\u00edsticas principales de las semillas de tomate cherry rojo Ciliegia de Vilmorin:<\/h2>\n<ul data-start=\"2333\" data-end=\"2660\">\n<li data-start=\"2333\" data-end=\"2373\">\n<p data-start=\"2335\" data-end=\"2373\">\ud83c\udf45 Variedad: Tomate Cherry Ciliegia Sweetbaby<\/p>\n<\/li>\n<li data-start=\"2374\" data-end=\"2415\">\n<p data-start=\"2376\" data-end=\"2415\">\ud83c\udf31 Tipo de crecimiento: Indeterminado<\/p>\n<\/li>\n<li data-start=\"2416\" data-end=\"2452\">\n<p data-start=\"2418\" data-end=\"2452\">\ud83c\udfa8 Color del fruto: Rojo intenso<\/p>\n<\/li>\n<li data-start=\"2453\" data-end=\"2486\">\n<p data-start=\"2455\" data-end=\"2486\">\ud83d\ude0b Sabor: Dulce y equilibrado<\/p>\n<\/li>\n<li data-start=\"2487\" data-end=\"2549\">\n<p data-start=\"2489\" data-end=\"2549\">\ud83c\udfe1 Uso recomendado: Huerto, jard\u00edn, maceta o huerto urbano<\/p>\n<\/li>\n<li data-start=\"2550\" data-end=\"2594\">\n<p data-start=\"2552\" data-end=\"2594\">\ud83d\udce6 Formato: Sobre individual de semillas<\/p>\n<\/li>\n<li data-start=\"2595\" data-end=\"2660\">\n<p data-start=\"2597\" data-end=\"2660\">\u2696\ufe0f Cantidad: <strong data-start=\"2610\" data-end=\"2658\">36 gramos<\/strong><\/p>\n<\/li>\n<\/ul>\n<p data-start=\"2662\" data-end=\"2862\">Las <strong data-start=\"2666\" data-end=\"2700\">semillas de tomate cherry rojo<\/strong> ofrecen buenos resultados si se cultivan siguiendo las recomendaciones habituales para el cultivo del tomate, como una correcta exposici\u00f3n solar y riego regular.<\/p>\n<p data-start=\"2662\" data-end=\"2862\">\n<h2 data-start=\"2869\" data-end=\"2925\">\u2b50 Ventajas de cultivar semillas de tomate cherry rojo<\/h2>\n<p data-start=\"2927\" data-end=\"3021\">Elegir <strong data-start=\"2934\" data-end=\"2968\">estas semillas<\/strong> aporta numerosas ventajas para el cultivo dom\u00e9stico:<\/p>\n<ul data-start=\"3023\" data-end=\"3292\">\n<li data-start=\"3023\" data-end=\"3086\">\n<p data-start=\"3025\" data-end=\"3086\">\ud83c\udf3f <strong data-start=\"3028\" data-end=\"3052\">Producci\u00f3n abundante<\/strong> de tomates peque\u00f1os y uniformes<\/p>\n<\/li>\n<li data-start=\"3087\" data-end=\"3143\">\n<p data-start=\"3089\" data-end=\"3143\">\ud83c\udf45 <strong data-start=\"3092\" data-end=\"3113\">Frutos atractivos<\/strong> por su color rojo brillante<\/p>\n<\/li>\n<li data-start=\"3144\" data-end=\"3196\">\n<p data-start=\"3146\" data-end=\"3196\">\ud83d\ude0b <strong data-start=\"3149\" data-end=\"3168\">Sabor agradable<\/strong> ideal para consumo diario<\/p>\n<\/li>\n<li data-start=\"3197\" data-end=\"3244\">\n<p data-start=\"3199\" data-end=\"3244\">\ud83e\udeb4 <strong data-start=\"3202\" data-end=\"3224\">Aptas para macetas<\/strong> y huertos urbanos<\/p>\n<\/li>\n<li data-start=\"3245\" data-end=\"3292\">\n<p data-start=\"3247\" data-end=\"3292\">\ud83c\udf1e <strong data-start=\"3250\" data-end=\"3269\">Buen desarrollo<\/strong> con cuidados b\u00e1sicos<\/p>\n<\/li>\n<\/ul>\n<p data-start=\"3294\" data-end=\"3478\">Las <strong data-start=\"3298\" data-end=\"3332\">semillas de tomate cherry rojo<\/strong> son una excelente opci\u00f3n para quienes buscan resultados fiables, tomates sabrosos y una planta f\u00e1cil de mantener durante la temporada de cultivo.<\/p>\n<p data-start=\"3294\" data-end=\"3478\">\n<h2 data-start=\"3485\" data-end=\"3551\">\ud83c\udf1e Forma de uso y siembra<\/h2>\n<p data-start=\"3553\" data-end=\"3676\">Para aprovechar al m\u00e1ximo el potencial de estas <strong data-start=\"3599\" data-end=\"3633\">semillas de tomate cherry rojo de Vilmorin<\/strong>, se recomienda seguir estos pasos b\u00e1sicos:<\/p>\n<h3 data-start=\"3678\" data-end=\"3695\">1\ufe0f\u20e3 Siembra<\/h3>\n<p data-start=\"3696\" data-end=\"3851\">Sembrar en semillero, cubri\u00e9ndolas ligeramente con sustrato fino \ud83c\udf31. Mantener el sustrato h\u00famedo sin exceso de agua.<\/p>\n<h3 data-start=\"3853\" data-end=\"3874\">2\ufe0f\u20e3 Germinaci\u00f3n<\/h3>\n<p data-start=\"3875\" data-end=\"4007\">Colocar el semillero en un lugar c\u00e1lido y luminoso. La germinaci\u00f3n se produce en condiciones adecuadas de temperatura y humedad \ud83c\udf21\ufe0f.<\/p>\n<h3 data-start=\"4009\" data-end=\"4029\">3\ufe0f\u20e3 Trasplante<\/h3>\n<p data-start=\"4030\" data-end=\"4163\">Cuando las pl\u00e1ntulas tengan un tama\u00f1o adecuado y varias hojas verdaderas, trasplantar a su ubicaci\u00f3n definitiva en suelo o maceta \ud83e\udeb4.<\/p>\n<h3 data-start=\"4165\" data-end=\"4183\">4\ufe0f\u20e3 Cuidados<\/h3>\n<p data-start=\"4184\" data-end=\"4345\">Las plantas obtenidas de las <strong data-start=\"4213\" data-end=\"4247\">semillas de tomate cherry rojo<\/strong> necesitan riego regular, exposici\u00f3n al sol y tutores para favorecer su crecimiento vertical \ud83c\udf1e\ud83d\udca7.<\/p>\n<h3 data-start=\"4347\" data-end=\"4364\">5\ufe0f\u20e3 Cosecha<\/h3>\n<p data-start=\"4365\" data-end=\"4454\">Recolectar los tomates cuando alcancen su color rojo intenso y est\u00e9n firmes y maduros \ud83c\udf45.<\/p>\n<p data-start=\"4365\" data-end=\"4454\">\n<h2 data-start=\"4461\" data-end=\"4489\">\ud83d\udce6 Formato y presentaci\u00f3n<\/h2>\n<ul data-start=\"4491\" data-end=\"4654\">\n<li data-start=\"4491\" data-end=\"4528\">\n<p data-start=\"4493\" data-end=\"4528\">\ud83d\udce6 Presentaci\u00f3n: Sobre individual<\/p>\n<\/li>\n<li data-start=\"4529\" data-end=\"4590\">\n<p data-start=\"4531\" data-end=\"4590\">\u2696\ufe0f Contenido: <strong data-start=\"4545\" data-end=\"4588\">36gr. de semillas de tomate cherry rojo<\/strong><\/p>\n<\/li>\n<li data-start=\"4591\" data-end=\"4654\">\n<p data-start=\"4593\" data-end=\"4654\">\ud83c\udff7\ufe0f Ideal para cultivos dom\u00e9sticos y huertos de autoconsumo<\/p>\n<\/li>\n<\/ul>\n<p data-start=\"4656\" data-end=\"4802\">El formato en sobre\u00a0es perfecto para quienes desean iniciar o ampliar su huerto sin excedentes innecesarios.<\/p>\n<p data-start=\"4656\" data-end=\"4802\">\n<h2 data-start=\"4809\" data-end=\"4874\">\ud83c\udfe1 \u00bfPara qui\u00e9n son ideales las semillas de tomate cherry rojo?<\/h2>\n<p data-start=\"4876\" data-end=\"4939\">Est\u00e1n recomendadas para:<\/p>\n<ul data-start=\"4941\" data-end=\"5177\">\n<li data-start=\"4941\" data-end=\"4996\">\n<p data-start=\"4943\" data-end=\"4996\">\ud83c\udf31 Personas que se inician en el cultivo de tomates<\/p>\n<\/li>\n<li data-start=\"4997\" data-end=\"5036\">\n<p data-start=\"4999\" data-end=\"5036\">\ud83d\udc69\u200d\ud83c\udf3e Aficionados a la horticultura<\/p>\n<\/li>\n<li data-start=\"5037\" data-end=\"5081\">\n<p data-start=\"5039\" data-end=\"5081\">\ud83c\udfe1 Huertos urbanos y jardines familiares<\/p>\n<\/li>\n<li data-start=\"5082\" data-end=\"5132\">\n<p data-start=\"5084\" data-end=\"5132\">\ud83c\udf7d\ufe0f Amantes de los tomates frescos y naturales<\/p>\n<\/li>\n<li data-start=\"5133\" data-end=\"5177\">\n<p data-start=\"5135\" data-end=\"5177\">\ud83e\udeb4 Cultivo en macetas o mesas de cultivo<\/p>\n<\/li>\n<\/ul>\n<p>&nbsp;<\/p>\n<h2 data-start=\"5184\" data-end=\"5218\">\ud83c\udf0d Calidad y confianza Vilmorin<\/h2>\n<p data-start=\"5220\" data-end=\"5472\">Estas <strong data-start=\"5226\" data-end=\"5260\">semillas<\/strong>\u00a0pertenecen al cat\u00e1logo de <strong data-start=\"5287\" data-end=\"5328\"><span class=\"hover:entity-accent entity-underline inline cursor-pointer align-baseline\"><span class=\"whitespace-normal\">Vilmorin<\/span><\/span><\/strong>, una marca con una larga tradici\u00f3n en semillas hort\u00edcolas, reconocida por su compromiso con la calidad y la selecci\u00f3n cuidada de variedades \ud83c\udf31.<\/p>\n<p data-start=\"5220\" data-end=\"5472\">\n<p data-start=\"5529\" data-end=\"5835\">Las <strong data-start=\"5533\" data-end=\"5567\">semillas de tomate cherry rojo<\/strong> <strong>Ciligia Sweetbaby<\/strong> de Vilmorin son una opci\u00f3n segura para disfrutar de tomates peque\u00f1os, sabrosos y de cultivo sencillo. Su productividad, su sabor equilibrado y su formato pr\u00e1ctico hacen de estas <strong data-start=\"5744\" data-end=\"5778\">semillas de tomate cherry rojo<\/strong> una elecci\u00f3n ideal para cualquier huerto dom\u00e9stico \ud83c\udf45\ud83c\udf3f.<\/p>\n<p data-start=\"5837\" data-end=\"5984\">Si buscas una variedad cl\u00e1sica, fiable y perfecta para el consumo diario, las <strong data-start=\"5915\" data-end=\"5949\">semillas de tomate cherry rojo de Vilmorin<\/strong> no pueden faltar en tu huerto \ud83d\uded2\u2728.<\/p>\n","protected":false},"excerpt":{"rendered":"<p data-start=\"550\" data-end=\"837\">Las <strong data-start=\"554\" data-end=\"588\">semillas de tomate cherry rojo Ciliegia de Vilmorin<\/strong> son la elecci\u00f3n perfecta para quienes desean cultivar tomates peque\u00f1os, redondos y de sabor dulce en su huerto o jard\u00edn \ud83c\udf3f. Esta variedad produce frutos de color rojo intenso, muy apreciados por su textura jugosa y su versatilidad en la cocina \ud83c\udf7d\ufe0f.<\/p>\n<p data-start=\"839\" data-end=\"1092\">Gracias a su cultivo sencillo y su buena productividad, las <strong data-start=\"899\" data-end=\"933\">semillas de tomate cherry rojo<\/strong> son adecuadas tanto para principiantes como para aficionados a la horticultura, permitiendo disfrutar de tomates frescos, naturales y cultivados en casa \ud83c\udfe1\ud83c\udf45.<\/p>\n","protected":false},"featured_media":2915,"template":"","meta":{"_acf_changed":false,"_joinchat":[]},"product_brand":[],"product_cat":[26,81,332,112],"product_tag":[],"class_list":{"0":"post-2912","1":"product","2":"type-product","3":"status-publish","4":"has-post-thumbnail","6":"product_cat-agrogargallo","7":"product_cat-campo-y-huerto","8":"product_cat-hortalizas","9":"product_cat-semillas","11":"first","12":"instock","13":"taxable","14":"shipping-taxable","15":"purchasable","16":"product-type-simple"},"acf":[],"_links":{"self":[{"href":"https:\/\/agrogargallo.com\/gl\/wp-json\/wp\/v2\/product\/2912","targetHints":{"allow":["GET"]}}],"collection":[{"href":"https:\/\/agrogargallo.com\/gl\/wp-json\/wp\/v2\/product"}],"about":[{"href":"https:\/\/agrogargallo.com\/gl\/wp-json\/wp\/v2\/types\/product"}],"wp:featuredmedia":[{"embeddable":true,"href":"https:\/\/agrogargallo.com\/gl\/wp-json\/wp\/v2\/media\/2915"}],"wp:attachment":[{"href":"https:\/\/agrogargallo.com\/gl\/wp-json\/wp\/v2\/media?parent=2912"}],"wp:term":[{"taxonomy":"product_brand","embeddable":true,"href":"https:\/\/agrogargallo.com\/gl\/wp-json\/wp\/v2\/product_brand?post=2912"},{"taxonomy":"product_cat","embeddable":true,"href":"https:\/\/agrogargallo.com\/gl\/wp-json\/wp\/v2\/product_cat?post=2912"},{"taxonomy":"product_tag","embeddable":true,"href":"https:\/\/agrogargallo.com\/gl\/wp-json\/wp\/v2\/product_tag?post=2912"}],"curies":[{"name":"wp","href":"https:\/\/api.w.org\/{rel}","templated":true}]}}