{"id":2894,"date":"2026-02-18T12:52:50","date_gmt":"2026-02-18T11:52:50","guid":{"rendered":"https:\/\/agrogargallo.com\/?post_type=product&#038;p=2894"},"modified":"2026-02-18T12:52:50","modified_gmt":"2026-02-18T11:52:50","slug":"semillas-tomate-cherry-gold-nugget","status":"publish","type":"product","link":"https:\/\/agrogargallo.com\/gl\/producto\/semillas-tomate-cherry-gold-nugget","title":{"rendered":"Semillas tomate cherry Gold Nugget &#8211; Vilmorin &#8211; 0,5 gr"},"content":{"rendered":"<p data-start=\"1378\" data-end=\"1641\">Las semillas tomate cherrry <strong data-start=\"1388\" data-end=\"1403\">Gold Nugget<\/strong> son una variedad conocida por su <strong data-start=\"1436\" data-end=\"1450\">precocidad<\/strong> y su buena tolerancia a condiciones variables. Produce frutos peque\u00f1os de piel lisa y brillante con un caracter\u00edstico <strong data-start=\"1569\" data-end=\"1591\">color naranja vivo<\/strong>, diferente de los cherry amarillos tradicionales.<\/p>\n<p data-start=\"1643\" data-end=\"1811\">Sus tomates tienen una textura jugosa y un equilibrio perfecto entre dulzor y acidez, lo que los convierte en una opci\u00f3n excelente para consumo directo desde la planta.<\/p>\n<p data-start=\"1813\" data-end=\"1841\">Entre sus ventajas destacan:<\/p>\n<ul data-start=\"1843\" data-end=\"1953\">\n<li data-start=\"1843\" data-end=\"1864\">\n<p data-start=\"1845\" data-end=\"1864\">Producci\u00f3n temprana<\/p>\n<\/li>\n<li data-start=\"1865\" data-end=\"1890\">\n<p data-start=\"1867\" data-end=\"1890\">Planta f\u00e1cil de manejar<\/p>\n<\/li>\n<li data-start=\"1891\" data-end=\"1922\">\n<p data-start=\"1893\" data-end=\"1922\">Ideal para espacios reducidos<\/p>\n<\/li>\n<li data-start=\"1923\" data-end=\"1953\">\n<p data-start=\"1925\" data-end=\"1953\">Alta productividad en maceta<\/p>\n<\/li>\n<\/ul>\n<p>&nbsp;<\/p>\n<h2 data-start=\"747\" data-end=\"780\">\ud83c\udf31 Caracter\u00edsticas principales de las semillas tomate cherry Gold Nugget de Vilmorin:<\/h2>\n<ul data-start=\"782\" data-end=\"1178\">\n<li data-start=\"782\" data-end=\"824\">\n<p data-start=\"784\" data-end=\"824\"><strong data-start=\"784\" data-end=\"810\">Nombre de la variedad:<\/strong> Gold Nugget<\/p>\n<\/li>\n<li data-start=\"825\" data-end=\"848\">\n<p data-start=\"827\" data-end=\"848\"><strong data-start=\"827\" data-end=\"837\">Marca:<\/strong> Vilmorin<\/p>\n<\/li>\n<li data-start=\"849\" data-end=\"896\">\n<p data-start=\"851\" data-end=\"896\"><strong data-start=\"851\" data-end=\"863\">Formato:<\/strong> Sobre de <strong data-start=\"873\" data-end=\"894\">0,5 g de semillas<\/strong><\/p>\n<\/li>\n<li data-start=\"897\" data-end=\"931\">\n<p data-start=\"899\" data-end=\"931\"><strong data-start=\"899\" data-end=\"908\">Tipo:<\/strong> Tomate cherry precoz<\/p>\n<\/li>\n<li data-start=\"932\" data-end=\"979\">\n<p data-start=\"934\" data-end=\"979\"><strong data-start=\"934\" data-end=\"954\">Color del fruto:<\/strong> <strong data-start=\"955\" data-end=\"977\">Anaranjado intenso<\/strong><\/p>\n<\/li>\n<li data-start=\"980\" data-end=\"1026\">\n<p data-start=\"982\" data-end=\"1026\"><strong data-start=\"982\" data-end=\"992\">Forma:<\/strong> Redonda y peque\u00f1a (tipo cherry)<\/p>\n<\/li>\n<li data-start=\"1027\" data-end=\"1070\">\n<p data-start=\"1029\" data-end=\"1070\"><strong data-start=\"1029\" data-end=\"1039\">Sabor:<\/strong> Dulce y suave, muy arom\u00e1tico<\/p>\n<\/li>\n<li data-start=\"1071\" data-end=\"1122\">\n<p data-start=\"1073\" data-end=\"1122\"><strong data-start=\"1073\" data-end=\"1081\">Uso:<\/strong> Consumo fresco, ensaladas y aperitivos<\/p>\n<\/li>\n<li data-start=\"1123\" data-end=\"1178\">\n<p data-start=\"1125\" data-end=\"1178\"><strong data-start=\"1125\" data-end=\"1149\">Cultivo recomendado:<\/strong> Huerto, macetas y jardineras<\/p>\n<\/li>\n<\/ul>\n<p data-start=\"1180\" data-end=\"1325\">La planta presenta un crecimiento compacto y productivo, generando racimos abundantes de peque\u00f1os tomates anaranjados muy atractivos visualmente.<\/p>\n<p data-start=\"1180\" data-end=\"1325\">\n<h2 data-start=\"1960\" data-end=\"1997\">\ud83d\udcc5 Calendario de siembra y cultivo de las semillas tomate cherry Gold Nugget:<\/h2>\n<ul data-start=\"1999\" data-end=\"2148\">\n<li data-start=\"1999\" data-end=\"2044\">\n<p data-start=\"2001\" data-end=\"2044\"><strong data-start=\"2001\" data-end=\"2026\">Siembra en semillero:<\/strong> febrero \u2013 abril<\/p>\n<\/li>\n<li data-start=\"2045\" data-end=\"2112\">\n<p data-start=\"2047\" data-end=\"2112\"><strong data-start=\"2047\" data-end=\"2062\">Trasplante:<\/strong> abril \u2013 mayo (cuando no haya riesgo de heladas)<\/p>\n<\/li>\n<li data-start=\"2113\" data-end=\"2148\">\n<p data-start=\"2115\" data-end=\"2148\"><strong data-start=\"2115\" data-end=\"2127\">Cosecha:<\/strong> junio \u2013 septiembre<\/p>\n<\/li>\n<\/ul>\n<p data-start=\"2150\" data-end=\"2262\">Se recomienda sembrar en interior o semillero protegido y trasplantar cuando las plantas alcancen unos 10\u201315 cm.<\/p>\n<p data-start=\"2150\" data-end=\"2262\">\n<h2 data-start=\"2269\" data-end=\"2296\">\u2600\ufe0f Requisitos de cultivo<\/h2>\n<ul data-start=\"2298\" data-end=\"2528\">\n<li data-start=\"2298\" data-end=\"2327\">\n<p data-start=\"2300\" data-end=\"2327\"><strong data-start=\"2300\" data-end=\"2315\">Exposici\u00f3n:<\/strong> pleno sol<\/p>\n<\/li>\n<li data-start=\"2328\" data-end=\"2376\">\n<p data-start=\"2330\" data-end=\"2376\"><strong data-start=\"2330\" data-end=\"2340\">Riego:<\/strong> regular, evitando encharcamientos<\/p>\n<\/li>\n<li data-start=\"2377\" data-end=\"2421\">\n<p data-start=\"2379\" data-end=\"2421\"><strong data-start=\"2379\" data-end=\"2389\">Suelo:<\/strong> f\u00e9rtil, suelto y bien drenado<\/p>\n<\/li>\n<li data-start=\"2422\" data-end=\"2479\">\n<p data-start=\"2424\" data-end=\"2479\"><strong data-start=\"2424\" data-end=\"2437\">Tutorado:<\/strong> recomendable para mejorar la producci\u00f3n<\/p>\n<\/li>\n<li data-start=\"2480\" data-end=\"2528\">\n<p data-start=\"2482\" data-end=\"2528\"><strong data-start=\"2482\" data-end=\"2504\">Temperatura ideal:<\/strong> clima c\u00e1lido y templado<\/p>\n<\/li>\n<\/ul>\n<p data-start=\"2530\" data-end=\"2629\">Un abonado equilibrado favorecer\u00e1 una fructificaci\u00f3n m\u00e1s abundante y un mejor desarrollo del sabor.<\/p>\n<p data-start=\"2530\" data-end=\"2629\">\n<h2 data-start=\"2636\" data-end=\"2661\">\ud83c\udf3f Consejos de cultivo de las semillas tomate cherry Gold Nugget de Vilmorin<\/h2>\n<ul data-start=\"2663\" data-end=\"2913\">\n<li data-start=\"2663\" data-end=\"2728\">\n<p data-start=\"2665\" data-end=\"2728\">Mantener humedad constante sin mojar excesivamente las hojas.<\/p>\n<\/li>\n<li data-start=\"2729\" data-end=\"2794\">\n<p data-start=\"2731\" data-end=\"2794\">Colocar tutores para sostener los racimos cargados de frutos.<\/p>\n<\/li>\n<li data-start=\"2795\" data-end=\"2856\">\n<p data-start=\"2797\" data-end=\"2856\">Cosechar regularmente para estimular nuevas producciones.<\/p>\n<\/li>\n<li data-start=\"2857\" data-end=\"2913\">\n<p data-start=\"2859\" data-end=\"2913\">Perfecto para <strong data-start=\"2873\" data-end=\"2912\">huertos urbanos y cultivo en balc\u00f3n<\/strong>.<\/p>\n<\/li>\n<\/ul>\n<p>&nbsp;<\/p>\n<h2 data-start=\"2920\" data-end=\"2968\">\u2b50 Ventajas de las semillas tomate cherry Gold Nugget:<\/h2>\n<ul data-start=\"2970\" data-end=\"3164\">\n<li data-start=\"2970\" data-end=\"3006\">\n<p data-start=\"2972\" data-end=\"3006\">Variedad <strong data-start=\"2981\" data-end=\"3004\">precoz y productiva<\/strong><\/p>\n<\/li>\n<li data-start=\"3007\" data-end=\"3059\">\n<p data-start=\"3009\" data-end=\"3059\">Tomates cherry de <strong data-start=\"3027\" data-end=\"3057\">color anaranjado brillante<\/strong><\/p>\n<\/li>\n<li data-start=\"3060\" data-end=\"3101\">\n<p data-start=\"3062\" data-end=\"3101\">Sabor dulce ideal para consumo fresco<\/p>\n<\/li>\n<li data-start=\"3102\" data-end=\"3129\">\n<p data-start=\"3104\" data-end=\"3129\">Apta para principiantes<\/p>\n<\/li>\n<li data-start=\"3130\" data-end=\"3164\">\n<p data-start=\"3132\" data-end=\"3164\">Excelente rendimiento en macetas<\/p>\n<\/li>\n<\/ul>\n<p>&nbsp;<\/p>\n<p>Las <strong data-start=\"3175\" data-end=\"3206\">semillas tomate cherry Gold Nugget<\/strong> de Vilmorin son una opci\u00f3n ideal para quienes buscan un tomate <strong>cherry diferente, f\u00e1cil de cultivar y con frutos anaranjados dulces y decorativos<\/strong> que aportan color y sabor al huerto y a la cocina.<\/p>\n","protected":false},"excerpt":{"rendered":"<p data-start=\"263\" data-end=\"587\">Las <strong data-start=\"267\" data-end=\"298\">semillas tomate cherry Gold Nugget<\/strong> de <strong data-start=\"302\" data-end=\"314\">Vilmorin<\/strong> permiten cultivar una variedad temprana y muy productiva de <strong data-start=\"375\" data-end=\"403\">tomate cherry anaranjado<\/strong>, ideal para huertos urbanos, macetas y cultivo en suelo. La variedad <strong data-start=\"473\" data-end=\"488\">Gold Nugget<\/strong> destaca por su sabor dulce, su facilidad de cultivo y su excelente adaptaci\u00f3n a diferentes climas.<\/p>\n<p data-start=\"589\" data-end=\"740\">Se trata de un tomate cherry compacto, perfecto tanto para principiantes como para hortelanos experimentados que buscan una cosecha r\u00e1pida y abundante.<\/p>\n","protected":false},"featured_media":2897,"template":"","meta":{"_acf_changed":false,"_joinchat":[]},"product_brand":[],"product_cat":[26,81,332,112],"product_tag":[],"class_list":{"0":"post-2894","1":"product","2":"type-product","3":"status-publish","4":"has-post-thumbnail","6":"product_cat-agrogargallo","7":"product_cat-campo-y-huerto","8":"product_cat-hortalizas","9":"product_cat-semillas","11":"first","12":"instock","13":"taxable","14":"shipping-taxable","15":"purchasable","16":"product-type-simple"},"acf":[],"_links":{"self":[{"href":"https:\/\/agrogargallo.com\/gl\/wp-json\/wp\/v2\/product\/2894","targetHints":{"allow":["GET"]}}],"collection":[{"href":"https:\/\/agrogargallo.com\/gl\/wp-json\/wp\/v2\/product"}],"about":[{"href":"https:\/\/agrogargallo.com\/gl\/wp-json\/wp\/v2\/types\/product"}],"wp:featuredmedia":[{"embeddable":true,"href":"https:\/\/agrogargallo.com\/gl\/wp-json\/wp\/v2\/media\/2897"}],"wp:attachment":[{"href":"https:\/\/agrogargallo.com\/gl\/wp-json\/wp\/v2\/media?parent=2894"}],"wp:term":[{"taxonomy":"product_brand","embeddable":true,"href":"https:\/\/agrogargallo.com\/gl\/wp-json\/wp\/v2\/product_brand?post=2894"},{"taxonomy":"product_cat","embeddable":true,"href":"https:\/\/agrogargallo.com\/gl\/wp-json\/wp\/v2\/product_cat?post=2894"},{"taxonomy":"product_tag","embeddable":true,"href":"https:\/\/agrogargallo.com\/gl\/wp-json\/wp\/v2\/product_tag?post=2894"}],"curies":[{"name":"wp","href":"https:\/\/api.w.org\/{rel}","templated":true}]}}