{"id":2563,"date":"2025-10-15T11:29:43","date_gmt":"2025-10-15T09:29:43","guid":{"rendered":"https:\/\/agrogargallo.com\/?post_type=product&#038;p=2563"},"modified":"2026-02-28T13:50:28","modified_gmt":"2026-02-28T12:50:28","slug":"dipp-forte-desinfeccion-de-ubres","status":"publish","type":"product","link":"https:\/\/agrogargallo.com\/gl\/producto\/dipp-forte-desinfeccion-de-ubres","title":{"rendered":"DIPP FORTE \u2013 250ml &#8211; Soluci\u00f3n concentrada para el cuidado y desinfecci\u00f3n de ubres"},"content":{"rendered":"<p data-start=\"695\" data-end=\"897\"><strong data-start=\"695\" data-end=\"709\">Dipp Forte<\/strong> es un producto de uso profesional especialmente dise\u00f1ado para la <strong data-start=\"775\" data-end=\"797\">higiene postorde\u00f1o<\/strong> y la <strong data-start=\"803\" data-end=\"841\">prevenci\u00f3n de infecciones mamarias<\/strong> (como la mastitis) en animales de producci\u00f3n lechera.<\/p>\n<p data-start=\"899\" data-end=\"1130\">Su f\u00f3rmula combina <strong data-start=\"918\" data-end=\"967\">agentes desinfectantes y emolientes naturales<\/strong> que limpian en profundidad la piel del pez\u00f3n y la mantienen <strong data-start=\"1028\" data-end=\"1060\">suave, hidratada y protegida<\/strong>, incluso en condiciones de alta exigencia o cambios de temperatura.<\/p>\n<p data-start=\"1132\" data-end=\"1369\">Cuando se combina con <a href=\"https:\/\/agrogargallo.com\/producto\/lactomint-care-all-feed-antiinflamatorio\"><strong data-start=\"1154\" data-end=\"1167\">Lactomint<\/strong><\/a>, potencia su efecto <strong data-start=\"1188\" data-end=\"1214\">refrescante y calmante<\/strong>, gracias a la acci\u00f3n del <strong data-start=\"1240\" data-end=\"1281\">mentol y aceites esenciales naturales<\/strong>, proporcionando un alivio inmediato frente a irritaciones o enrojecimientos de la piel.<\/p>\n<h3 data-start=\"1376\" data-end=\"1414\">\ud83e\uddea <strong data-start=\"1383\" data-end=\"1412\">Composici\u00f3n y propiedades del DIPP FORTE<\/strong><\/h3>\n<ul data-start=\"1416\" data-end=\"1880\">\n<li data-start=\"1416\" data-end=\"1554\">\n<p data-start=\"1418\" data-end=\"1554\">\ud83c\udf3f <strong data-start=\"1421\" data-end=\"1444\">Eucaliptus globulus<\/strong> y <strong data-start=\"1447\" data-end=\"1473\">Rosmarinus officinalis<\/strong>: agentes naturales con propiedades antimicrobianas, cicatrizantes y calmantes.<\/p>\n<\/li>\n<li data-start=\"1555\" data-end=\"1654\">\n<p data-start=\"1557\" data-end=\"1654\">\ud83e\uddf4 <strong data-start=\"1560\" data-end=\"1583\">Agentes humectantes<\/strong>: evitan la sequedad de la piel del pez\u00f3n y favorecen su elasticidad.<\/p>\n<\/li>\n<li data-start=\"1655\" data-end=\"1766\">\n<p data-start=\"1657\" data-end=\"1766\">\ud83e\uddeb <strong data-start=\"1660\" data-end=\"1695\">Antis\u00e9pticos de amplio espectro<\/strong>: eliminan bacterias y microorganismos que pueden causar infecciones.<\/p>\n<\/li>\n<li data-start=\"1767\" data-end=\"1880\">\n<p data-start=\"1769\" data-end=\"1880\">\u2744\ufe0f <strong data-start=\"1772\" data-end=\"1803\">Uso combinado con Lactomint<\/strong>: efecto descongestionante, refrescante y revitalizante del tejido mamario.<\/p>\n<\/li>\n<li data-start=\"1767\" data-end=\"1880\">\ud83c\udf3f Act\u00faa como<strong> depurativo hep\u00e1tico<\/strong>, eliminando endotoxinas y activando el drenaje linf\u00e1tico.<\/li>\n<li data-start=\"1767\" data-end=\"1880\">\u2714\ufe0f Act\u00faa como <strong>antioxidante<\/strong>, anti diarreico y anti protozoario.<\/li>\n<li data-start=\"1767\" data-end=\"1880\">\ud83e\uddec Alivia la tos, garganta dolorida, gengivitis e higiene bucal.<\/li>\n<\/ul>\n<p>&nbsp;<\/p>\n<h3 data-start=\"1887\" data-end=\"1911\">\ud83d\udc04 <strong data-start=\"1894\" data-end=\"1909\">Modo de uso<\/strong><\/h3>\n<ol data-start=\"1913\" data-end=\"2321\">\n<li data-start=\"1913\" data-end=\"1977\">\n<p data-start=\"1916\" data-end=\"1977\">Tras el orde\u00f1o, limpiar el pez\u00f3n con un pa\u00f1o limpio y seco.<\/p>\n<\/li>\n<li data-start=\"1978\" data-end=\"2086\">\n<p data-start=\"1981\" data-end=\"2086\">Aplicar <strong data-start=\"1989\" data-end=\"2003\">Dipp Forte<\/strong> directamente o diluido (seg\u00fan indicaci\u00f3n t\u00e9cnica) mediante ba\u00f1o o pulverizaci\u00f3n junto con el Lactomint.<\/p>\n<\/li>\n<li data-start=\"2087\" data-end=\"2150\">\n<p data-start=\"2090\" data-end=\"2150\">Asegurarse de cubrir completamente el pez\u00f3n hasta la base.<\/p>\n<\/li>\n<li data-start=\"2151\" data-end=\"2176\">\n<p data-start=\"2154\" data-end=\"2176\">Dejar secar al aire.<\/p>\n<\/li>\n<li data-start=\"2177\" data-end=\"2321\">\n<p data-start=\"2180\" data-end=\"2321\">Para un resultado \u00f3ptimo, se recomienda combinarlo con <a href=\"https:\/\/agrogargallo.com\/producto\/lactomint-care-all-feed-antiinflamatorio\"><strong data-start=\"2235\" data-end=\"2248\">Lactomint<\/strong><\/a> en caso de ubres inflamadas, irritadas o con signos de estr\u00e9s t\u00e9rmico.<\/p>\n<\/li>\n<\/ol>\n<p>&nbsp;<\/p>\n<h3 data-start=\"2328\" data-end=\"2365\">\u2705 <strong data-start=\"2334\" data-end=\"2363\">Beneficios del Dipp Forte<\/strong><\/h3>\n<ul data-start=\"2367\" data-end=\"2776\">\n<li data-start=\"2367\" data-end=\"2434\">\n<p data-start=\"2369\" data-end=\"2434\">\ud83d\udd12 <strong data-start=\"2372\" data-end=\"2396\">Previene infecciones<\/strong> y reduce la incidencia de mastitis.<\/p>\n<\/li>\n<li data-start=\"2435\" data-end=\"2492\">\n<p data-start=\"2437\" data-end=\"2492\">\ud83c\udf3f <strong data-start=\"2440\" data-end=\"2468\">Favorece la regeneraci\u00f3n<\/strong> de la piel del pez\u00f3n. Tambi\u00e9n act\u00faa frente a afecciones de la piel, al igual que el Lactomint.<\/p>\n<\/li>\n<li data-start=\"2493\" data-end=\"2550\">\n<p data-start=\"2495\" data-end=\"2550\">\ud83d\udca7 <strong data-start=\"2498\" data-end=\"2525\">Mantiene la hidrataci\u00f3n<\/strong> y elasticidad cut\u00e1nea. Tambi\u00e9n es tonificante muscular, antiespasm\u00f3dico y calmante del dolor muscular.<\/p>\n<\/li>\n<li data-start=\"2551\" data-end=\"2626\">\n<p data-start=\"2553\" data-end=\"2626\">\u2744\ufe0f <strong data-start=\"2556\" data-end=\"2589\">Efecto calmante y refrescante<\/strong> si se usa junto con <strong data-start=\"2610\" data-end=\"2623\">Lactomint<\/strong>.<\/p>\n<\/li>\n<li data-start=\"2627\" data-end=\"2709\">\n<p data-start=\"2629\" data-end=\"2709\">\ud83d\udc2e <strong data-start=\"2632\" data-end=\"2662\">Mejora el bienestar animal<\/strong>, favoreciendo una mejor producci\u00f3n de leche.<\/p>\n<\/li>\n<li data-start=\"2627\" data-end=\"2709\">\ud83e\udd9f Ayuda para repeler insectos (pulgas, piojos y garrapatas fundamentalmente) y tambi\u00e9n ayuda en el tratamiento de hongos en las pezu\u00f1as.<\/li>\n<li data-start=\"2710\" data-end=\"2776\">\n<p data-start=\"2712\" data-end=\"2776\">\ud83e\uddf4 <strong data-start=\"2715\" data-end=\"2735\">F\u00e1cil de aplicar<\/strong>, con excelente adherencia y cobertura.<\/p>\n<\/li>\n<\/ul>\n<p>&nbsp;<\/p>\n<h3 data-start=\"2783\" data-end=\"2815\">\u2699\ufe0f <strong data-start=\"2790\" data-end=\"2813\">Indicaciones de uso<\/strong><\/h3>\n<ul data-start=\"2816\" data-end=\"3019\">\n<li data-start=\"2816\" data-end=\"2862\">\n<p data-start=\"2818\" data-end=\"2862\">Uso en <strong data-start=\"2825\" data-end=\"2859\">ganado bovino, ovino y caprino<\/strong>.<\/p>\n<\/li>\n<li data-start=\"2863\" data-end=\"2944\">\n<p data-start=\"2865\" data-end=\"2944\">Ideal para <strong data-start=\"2876\" data-end=\"2901\">rutinas de postorde\u00f1o<\/strong> en sistemas intensivos o semiintensivos.<\/p>\n<\/li>\n<li data-start=\"2945\" data-end=\"3019\">\n<p data-start=\"2947\" data-end=\"3019\">Compatible con equipos autom\u00e1ticos de ba\u00f1o o pulverizaci\u00f3n de pezones.<\/p>\n<\/li>\n<\/ul>\n<p>&nbsp;<\/p>\n<h3 data-start=\"3026\" data-end=\"3051\">\u26a0\ufe0f <strong data-start=\"3033\" data-end=\"3049\">Precauciones<\/strong><\/h3>\n<ul data-start=\"3052\" data-end=\"3260\">\n<li data-start=\"3052\" data-end=\"3098\">\n<p data-start=\"3054\" data-end=\"3098\">Uso exclusivamente veterinario o ganadero.<\/p>\n<\/li>\n<li data-start=\"3099\" data-end=\"3143\">\n<p data-start=\"3101\" data-end=\"3143\">Mantener fuera del alcance de los ni\u00f1os.<\/p>\n<\/li>\n<li data-start=\"3144\" data-end=\"3186\">\n<p data-start=\"3146\" data-end=\"3186\">Evitar el contacto con ojos y mucosas.<\/p>\n<\/li>\n<li data-start=\"3187\" data-end=\"3260\">\n<p data-start=\"3189\" data-end=\"3260\">Conservar en un lugar fresco y seco, alejado de la luz solar directa.<\/p>\n<\/li>\n<\/ul>\n<p>&nbsp;<\/p>\n<h3 data-start=\"3267\" data-end=\"3298\">\ud83d\udce6 <strong data-start=\"3274\" data-end=\"3296\">Formato disponible<\/strong><\/h3>\n<ul data-start=\"3299\" data-end=\"3376\">\n<li data-start=\"3299\" data-end=\"3376\">\n<p data-start=\"3301\" data-end=\"3376\">Botella de <strong data-start=\"3312\" data-end=\"3337\">250 ml\u00a0<\/strong><\/p>\n<\/li>\n<\/ul>\n","protected":false},"excerpt":{"rendered":"<p><strong data-start=\"377\" data-end=\"391\">Dipp Forte<\/strong> es una soluci\u00f3n concentrada formulada para el <strong data-start=\"438\" data-end=\"484\">cuidado, higiene y protecci\u00f3n de las ubres<\/strong> del ganado vacuno, ovino y caprino. Puede emplearse <strong data-start=\"537\" data-end=\"576\">solo o en combinaci\u00f3n con <a href=\"https:\/\/agrogargallo.com\/producto\/lactomint-care-all-feed-antiinflamatorio\">Lactomint<\/a><\/strong>, aportando una acci\u00f3n calmante, antis\u00e9ptica y reparadora despu\u00e9s del orde\u00f1o.<\/p>\n<p>&nbsp;<\/p>\n<p>Se trata de un compuesto a base de plantas seleccionadas para mezclar con el Lactomint y as\u00ed poder ampliar a\u00fan m\u00e1s sus efectos.<\/p>\n","protected":false},"featured_media":2566,"template":"","meta":{"_acf_changed":false,"_joinchat":[]},"product_brand":[],"product_cat":[26,238,286,80,107,240,103],"product_tag":[],"class_list":{"0":"post-2563","1":"product","2":"type-product","3":"status-publish","4":"has-post-thumbnail","6":"product_cat-agrogargallo","7":"product_cat-complementos-nutritivos-y-correctores","8":"product_cat-complementos-nutritivos-y-desparasitantes","9":"product_cat-ganaderia-y-mascotas","10":"product_cat-ovejas-y-cabras","11":"product_cat-selladores-y-preventivos","12":"product_cat-vacas-y-recria","14":"first","15":"instock","16":"taxable","17":"shipping-taxable","18":"purchasable","19":"product-type-simple"},"acf":[],"_links":{"self":[{"href":"https:\/\/agrogargallo.com\/gl\/wp-json\/wp\/v2\/product\/2563","targetHints":{"allow":["GET"]}}],"collection":[{"href":"https:\/\/agrogargallo.com\/gl\/wp-json\/wp\/v2\/product"}],"about":[{"href":"https:\/\/agrogargallo.com\/gl\/wp-json\/wp\/v2\/types\/product"}],"wp:featuredmedia":[{"embeddable":true,"href":"https:\/\/agrogargallo.com\/gl\/wp-json\/wp\/v2\/media\/2566"}],"wp:attachment":[{"href":"https:\/\/agrogargallo.com\/gl\/wp-json\/wp\/v2\/media?parent=2563"}],"wp:term":[{"taxonomy":"product_brand","embeddable":true,"href":"https:\/\/agrogargallo.com\/gl\/wp-json\/wp\/v2\/product_brand?post=2563"},{"taxonomy":"product_cat","embeddable":true,"href":"https:\/\/agrogargallo.com\/gl\/wp-json\/wp\/v2\/product_cat?post=2563"},{"taxonomy":"product_tag","embeddable":true,"href":"https:\/\/agrogargallo.com\/gl\/wp-json\/wp\/v2\/product_tag?post=2563"}],"curies":[{"name":"wp","href":"https:\/\/api.w.org\/{rel}","templated":true}]}}