{"id":2558,"date":"2025-10-15T11:09:39","date_gmt":"2025-10-15T09:09:39","guid":{"rendered":"https:\/\/agrogargallo.com\/?post_type=product&#038;p=2558"},"modified":"2026-02-28T14:08:10","modified_gmt":"2026-02-28T13:08:10","slug":"lactomint-care-all-feed-antiinflamatorio","status":"publish","type":"product","link":"https:\/\/agrogargallo.com\/gl\/producto\/lactomint-care-all-feed-antiinflamatorio","title":{"rendered":"LACTOMINT CARE &#8211; GAV ALL-FEED &#8211; Antiinflamatorio &#8211; 500ml y 5l"},"content":{"rendered":"<p data-start=\"690\" data-end=\"1034\"><strong data-start=\"690\" data-end=\"703\">Lactomint<\/strong> es una soluci\u00f3n natural dise\u00f1ada para el cuidado diario de las ubres en animales de producci\u00f3n como vacas, ovejas, cabras y b\u00fafalas. Su f\u00f3rmula combina extractos y aceites esenciales de <strong data-start=\"890\" data-end=\"945\">menta, eucalipto, lavanda, cal\u00e9ndula y \u00e1rbol del t\u00e9<\/strong>, entre otros, que proporcionan una sensaci\u00f3n refrescante, antiinflamatoria y calmante.<\/p>\n<p data-start=\"1036\" data-end=\"1327\">El uso de <strong data-start=\"1046\" data-end=\"1059\">Lactomint<\/strong> favorece la circulaci\u00f3n, reduce la congesti\u00f3n mamaria y ayuda a mantener la piel de la ubre hidratada y en \u00f3ptimas condiciones. Es ideal tanto para <strong data-start=\"1208\" data-end=\"1226\">uso preventivo<\/strong>, como para <strong data-start=\"1238\" data-end=\"1282\">acompa\u00f1ar tratamientos frente a mastitis<\/strong> u otras afecciones de la gl\u00e1ndula mamaria.<\/p>\n<p data-start=\"1329\" data-end=\"1358\">Disponible en dos formatos:<\/p>\n<ul data-start=\"1359\" data-end=\"1543\">\n<li data-start=\"1359\" data-end=\"1451\">\n<p data-start=\"1361\" data-end=\"1451\"><strong data-start=\"1361\" data-end=\"1381\">Lactomint 500 ml<\/strong>, pr\u00e1ctico y manejable para peque\u00f1as explotaciones o uso individual.<\/p>\n<\/li>\n<li data-start=\"1452\" data-end=\"1543\">\n<p data-start=\"1454\" data-end=\"1543\"><strong data-start=\"1454\" data-end=\"1471\">Lactomint 5 L<\/strong>, formato econ\u00f3mico y eficiente para explotaciones medianas o grandes.<\/p>\n<\/li>\n<\/ul>\n<p>&nbsp;<\/p>\n<h3 data-start=\"1550\" data-end=\"1586\">\u2705 Caracter\u00edsticas de Lactomint Care:<\/h3>\n<ul data-start=\"1587\" data-end=\"1926\">\n<li data-start=\"1587\" data-end=\"1691\">\n<p data-start=\"1589\" data-end=\"1691\">\ud83c\udf3f Elaborado con aceites esenciales naturales (menta, eucalipto, lavanda, \u00e1rbol del t\u00e9 y cal\u00e9ndula).<\/p>\n<\/li>\n<li data-start=\"1587\" data-end=\"1691\">\ud83c\udf3f Plantas seleccionadas: Malaleuca alternifolia, Eucalyptus globulus, Boswelia cartenil, Lavandula angustifolia, Mentha piperita, Rosmarinus officinalis, Salix alba, Calendula officinalis, Simmondsia chinensis, Hypericum perforatum.<\/li>\n<li data-start=\"1692\" data-end=\"1752\">\n<p data-start=\"1694\" data-end=\"1752\">\ud83d\udc04 Apto para vacuno, ovino, caprino, equino y cam\u00e9lidos.<\/p>\n<\/li>\n<li data-start=\"1753\" data-end=\"1814\">\n<p data-start=\"1755\" data-end=\"1814\">\ud83d\udca7 Textura fluida de f\u00e1cil aplicaci\u00f3n y r\u00e1pida absorci\u00f3n.<\/p>\n<\/li>\n<li data-start=\"1815\" data-end=\"1880\">\n<p data-start=\"1817\" data-end=\"1880\">\u2744\ufe0f Efecto refrescante inmediato que mejora el confort animal.<\/p>\n<\/li>\n<li data-start=\"1881\" data-end=\"1926\">\n<p data-start=\"1883\" data-end=\"1926\">\ud83e\uddf4 Disponible en envases de 500 ml y 5 L.<\/p>\n<\/li>\n<\/ul>\n<p>&nbsp;<\/p>\n<h3 data-start=\"1933\" data-end=\"1965\">\ud83c\udf1f Beneficios de Lactomint<\/h3>\n<ul data-start=\"1966\" data-end=\"2326\">\n<li data-start=\"1966\" data-end=\"2022\">\n<p data-start=\"1968\" data-end=\"2022\">\ud83d\udc86\u200d\u2640\ufe0f Alivia la inflamaci\u00f3n y el dolor en las ubres, desentumeciendo y relajando todo el sistema mamario, evitando as\u00ed las durezas mamarias.<\/p>\n<\/li>\n<li data-start=\"2023\" data-end=\"2072\">\n<p data-start=\"2025\" data-end=\"2072\">\ud83d\udeab Ayuda a prevenir la aparici\u00f3n de mastitis.<\/p>\n<\/li>\n<li data-start=\"2073\" data-end=\"2130\">\n<p data-start=\"2075\" data-end=\"2130\">\ud83c\udf2c\ufe0f Proporciona una sensaci\u00f3n de frescor y bienestar, pues es desincrustante de fibrina y residuos intramamarios, lo cual facilita el orde\u00f1o.<\/p>\n<\/li>\n<li data-start=\"2131\" data-end=\"2186\">\n<p data-start=\"2133\" data-end=\"2186\">\ud83e\uddfc Efecto anti inflamatorio, febr\u00edfugo, anti\u00e1lgico local y ligeramente analg\u00e9sico. Tambi\u00e9n con efecto antis\u00e9ptico, anti bacteriano, anti v\u00edrico y anti f\u00fangico.<\/p>\n<\/li>\n<li data-start=\"2187\" data-end=\"2249\">\n<p data-start=\"2189\" data-end=\"2249\">\ud83d\udc2e Favorece la recuperaci\u00f3n de los tejidos tras el orde\u00f1o y, durante los periodos de secado mamario favorece la reabsorci\u00f3n natural de la leche producida que no ser\u00e1 orde\u00f1ada.<\/p>\n<\/li>\n<li data-start=\"2250\" data-end=\"2326\">\n<p data-start=\"2252\" data-end=\"2326\">\ud83c\udf3f Estimulante de la oxitocina y la prolactina desde el inicio del parto.<\/p>\n<\/li>\n<li data-start=\"2250\" data-end=\"2326\">\ud83c\udfaf Trata afecciones de la piel: picaduras, quemaduras, eczemas, heridas, hongos de la ubre y zona urogenital y tambi\u00e9n favorece la reepitelizaci\u00f3n (<strong>efecto cicatrizante<\/strong>).<\/li>\n<li data-start=\"2250\" data-end=\"2326\">\ud83d\udca7 Tambi\u00e9n apto para usar en lavados, incluso en formato bolsa, lista y preparada para usar en el formato Lactomint Uter.<\/li>\n<\/ul>\n<p>&nbsp;<\/p>\n<h3 data-start=\"2333\" data-end=\"2366\">\ud83e\uddfe Modo de uso de Lactomint<\/h3>\n<ol data-start=\"2367\" data-end=\"2789\">\n<li data-start=\"2367\" data-end=\"2416\">\n<p data-start=\"2370\" data-end=\"2416\">Limpia la ubre antes de aplicar el producto.<\/p>\n<\/li>\n<li data-start=\"2417\" data-end=\"2535\">\n<p data-start=\"2420\" data-end=\"2535\">Aplica <strong data-start=\"2427\" data-end=\"2440\">Lactomint<\/strong> directamente sobre la ubre con un suave masaje ascendente, especialmente despu\u00e9s del orde\u00f1o.<\/p>\n<\/li>\n<li data-start=\"2536\" data-end=\"2591\">\n<p data-start=\"2539\" data-end=\"2591\">En casos de inflamaci\u00f3n, aplicar dos veces al d\u00eda.<\/p>\n<\/li>\n<li data-start=\"2592\" data-end=\"2706\">\n<p data-start=\"2595\" data-end=\"2706\">Se recomienda mezclar con\u00a0 <a href=\"https:\/\/agrogargallo.com\/producto\/dipp-forte-desinfeccion-de-ubres\"><strong data-start=\"2623\" data-end=\"2644\">Allfeed Dipp Forte<\/strong><\/a> para potenciar su efecto (tambi\u00e9n puedes encontrarlo en agrogargallo.com)<\/p>\n<\/li>\n<li data-start=\"2707\" data-end=\"2789\">\n<p data-start=\"2710\" data-end=\"2789\">No requiere tiempo de retirada, por lo que puede usarse durante la lactancia.<\/p>\n<\/li>\n<li data-start=\"2707\" data-end=\"2789\">Para secado, tambi\u00e9n hay posibilidad de usar las c\u00e1nulas IMM, con base de Lactomint y listas para usar.<\/li>\n<\/ol>\n<p>&nbsp;<\/p>\n<h3 data-start=\"2796\" data-end=\"2826\">\ud83d\udc10 Especies recomendadas<\/h3>\n<ul data-start=\"2827\" data-end=\"2962\">\n<li data-start=\"2827\" data-end=\"2845\">\n<p data-start=\"2829\" data-end=\"2845\">Vacuno lechero<\/p>\n<\/li>\n<li data-start=\"2846\" data-end=\"2865\">\n<p data-start=\"2848\" data-end=\"2865\">Ovino y caprino<\/p>\n<\/li>\n<li data-start=\"2866\" data-end=\"2930\">\n<p data-start=\"2868\" data-end=\"2930\">Equino (para el cuidado de piel sensible o zonas inflamadas)<\/p>\n<\/li>\n<li data-start=\"2931\" data-end=\"2962\">\n<p data-start=\"2933\" data-end=\"2962\">Cam\u00e9lidos y otros rumiantes<\/p>\n<\/li>\n<\/ul>\n<p>&nbsp;<\/p>\n<h3 data-start=\"2969\" data-end=\"3004\">\ud83d\udce6 Presentaciones disponibles<\/h3>\n<ul data-start=\"3005\" data-end=\"3149\">\n<li data-start=\"3005\" data-end=\"3077\">\n<p data-start=\"3007\" data-end=\"3077\"><strong data-start=\"3007\" data-end=\"3027\">Lactomint 500 ml<\/strong> \u2192 ideal para uso individual o peque\u00f1as granjas.<\/p>\n<\/li>\n<li data-start=\"3078\" data-end=\"3149\">\n<p data-start=\"3080\" data-end=\"3149\"><strong data-start=\"3080\" data-end=\"3097\">Lactomint 5 L<\/strong> \u2192 formato profesional para explotaciones mayores.<\/p>\n<\/li>\n<\/ul>\n<p>&nbsp;<\/p>\n<h3 data-start=\"3156\" data-end=\"3185\">\ud83d\udca1 Consejos adicionales<\/h3>\n<ul data-start=\"3186\" data-end=\"3424\">\n<li data-start=\"3186\" data-end=\"3275\">\n<p data-start=\"3188\" data-end=\"3275\">Aplicar <strong data-start=\"3196\" data-end=\"3209\">Lactomint<\/strong> de manera preventiva tras el orde\u00f1o para mantener la ubre sana.<\/p>\n<\/li>\n<li data-start=\"3276\" data-end=\"3343\">\n<p data-start=\"3278\" data-end=\"3343\">Guardar en un lugar fresco y seco, protegido de la luz directa.<\/p>\n<\/li>\n<li data-start=\"3344\" data-end=\"3424\">\n<p data-start=\"3346\" data-end=\"3424\">Puede combinarse con desinfectantes postorde\u00f1o para una protecci\u00f3n completa.<\/p>\n<\/li>\n<\/ul>\n<p>&nbsp;<\/p>\n","protected":false},"excerpt":{"rendered":"<p><strong data-start=\"400\" data-end=\"413\">Lactomint<\/strong> es un producto natural para el cuidado y bienestar de las ubres en vacas, ovejas, cabras y otros animales de orde\u00f1o. Su f\u00f3rmula con aceites esenciales ayuda a mantener la piel sana, aliviar irritaciones y prevenir problemas inflamatorios.<\/p>\n<p>Se trata de un compuesto a base de <strong>mezclas de estractos hidroalc\u00f3licos e hidroglicerinados de plantas seleccionadas<\/strong> y beta-car\u00f3tenos, con las principales acciones biol\u00f3gicas. Act\u00faa principalmente como anti inflamatorio, aunque sus beneficios son m\u00faltiples en cualquier tipo de animal de granja.<\/p>\n","protected":false},"featured_media":2561,"template":"","meta":{"_acf_changed":false,"_joinchat":[]},"product_brand":[],"product_cat":[26,252,104,286,80,107,240,103],"product_tag":[],"class_list":{"0":"post-2558","1":"product","2":"type-product","3":"status-publish","4":"has-post-thumbnail","6":"product_cat-agrogargallo","7":"product_cat-accesorios-y-cuidado","8":"product_cat-caballos","9":"product_cat-complementos-nutritivos-y-desparasitantes","10":"product_cat-ganaderia-y-mascotas","11":"product_cat-ovejas-y-cabras","12":"product_cat-selladores-y-preventivos","13":"product_cat-vacas-y-recria","15":"first","16":"instock","17":"taxable","18":"shipping-taxable","19":"purchasable","20":"product-type-variable"},"acf":[],"_links":{"self":[{"href":"https:\/\/agrogargallo.com\/gl\/wp-json\/wp\/v2\/product\/2558","targetHints":{"allow":["GET"]}}],"collection":[{"href":"https:\/\/agrogargallo.com\/gl\/wp-json\/wp\/v2\/product"}],"about":[{"href":"https:\/\/agrogargallo.com\/gl\/wp-json\/wp\/v2\/types\/product"}],"wp:featuredmedia":[{"embeddable":true,"href":"https:\/\/agrogargallo.com\/gl\/wp-json\/wp\/v2\/media\/2561"}],"wp:attachment":[{"href":"https:\/\/agrogargallo.com\/gl\/wp-json\/wp\/v2\/media?parent=2558"}],"wp:term":[{"taxonomy":"product_brand","embeddable":true,"href":"https:\/\/agrogargallo.com\/gl\/wp-json\/wp\/v2\/product_brand?post=2558"},{"taxonomy":"product_cat","embeddable":true,"href":"https:\/\/agrogargallo.com\/gl\/wp-json\/wp\/v2\/product_cat?post=2558"},{"taxonomy":"product_tag","embeddable":true,"href":"https:\/\/agrogargallo.com\/gl\/wp-json\/wp\/v2\/product_tag?post=2558"}],"curies":[{"name":"wp","href":"https:\/\/api.w.org\/{rel}","templated":true}]}}