{"id":2422,"date":"2025-08-26T20:25:27","date_gmt":"2025-08-26T18:25:27","guid":{"rendered":"https:\/\/agrogargallo.com\/?post_type=product&#038;p=2422"},"modified":"2025-09-08T14:12:48","modified_gmt":"2025-09-08T12:12:48","slug":"semillas-grelos-san-jose-wam","status":"publish","type":"product","link":"https:\/\/agrogargallo.com\/gl\/producto\/semillas-grelos-san-jose-wam","title":{"rendered":"Semillas GRELOS SAN JOSE &#8211; WAM"},"content":{"rendered":"<p data-start=\"601\" data-end=\"986\">Las <strong data-start=\"605\" data-end=\"633\">semillas grelos San Jos\u00e9<\/strong> son una variedad seleccionada de los prestigiosos <strong data-start=\"684\" data-end=\"706\">grelos de Santiago<\/strong>, reconocidos por su excelente calidad culinaria. Esta selecci\u00f3n especial est\u00e1 pensada para lograr la cosecha en el mes de marzo, coincidiendo con la festividad de <strong data-start=\"870\" data-end=\"882\">San Jos\u00e9<\/strong>, lo que la convierte en una opci\u00f3n perfecta para quienes buscan mantener la tradici\u00f3n en sus huertos.<\/p>\n<p data-start=\"988\" data-end=\"1380\">Los grelos son un ingrediente fundamental en la <strong data-start=\"1036\" data-end=\"1059\">gastronom\u00eda gallega<\/strong>, muy apreciados en platos como el <strong data-start=\"1094\" data-end=\"1114\">lac\u00f3n con grelos<\/strong> o los cocidos caseros, donde aportan su caracter\u00edstico sabor ligeramente amargo y fresco. Con estas <strong data-start=\"1215\" data-end=\"1243\">semillas grelos San Jos\u00e9<\/strong> obtendr\u00e1s una planta vigorosa, resistente y con gran capacidad de producci\u00f3n, ideal para consumo familiar o venta en mercados locales.<\/p>\n<h3 data-start=\"975\" data-end=\"1029\">\ud83d\udd0e Caracter\u00edsticas de las semillas grelos San Jos\u00e9 de WAM<\/h3>\n<ul data-start=\"1031\" data-end=\"1348\">\n<li data-start=\"1031\" data-end=\"1105\">\n<p data-start=\"1033\" data-end=\"1105\"><strong data-start=\"1033\" data-end=\"1056\">Nombre del producto<\/strong>: Semillas grelos San Jos\u00e9 \u2013 Selecci\u00f3n Santiago<\/p>\n<\/li>\n<li data-start=\"1106\" data-end=\"1135\">\n<p data-start=\"1108\" data-end=\"1135\"><b>Formatos disponibles: <\/b>Sobre 100g y caja de 250g<\/p>\n<\/li>\n<li data-start=\"1136\" data-end=\"1187\">\n<p data-start=\"1138\" data-end=\"1187\"><strong data-start=\"1138\" data-end=\"1158\">\u00c9poca de siembra<\/strong>: Finales de verano y oto\u00f1o<\/p>\n<\/li>\n<li data-start=\"1188\" data-end=\"1247\">\n<p data-start=\"1190\" data-end=\"1247\"><strong data-start=\"1190\" data-end=\"1210\">\u00c9poca de cosecha<\/strong>: Marzo (coincidiendo con San Jos\u00e9)<\/p>\n<\/li>\n<li data-start=\"1248\" data-end=\"1308\">\n<p data-start=\"1250\" data-end=\"1308\"><strong data-start=\"1250\" data-end=\"1269\">Zona de cultivo<\/strong>: Ideal para climas frescos y h\u00famedos<\/p>\n<\/li>\n<li data-start=\"1309\" data-end=\"1348\">\n<p data-start=\"1311\" data-end=\"1348\"><strong data-start=\"1311\" data-end=\"1318\">Uso<\/strong>: Cocina tradicional gallega<\/p>\n<\/li>\n<\/ul>\n<p>&nbsp;<\/p>\n<h3 data-start=\"1355\" data-end=\"1403\">\u2705 Beneficios de las semillas grelos San Jos\u00e9<\/h3>\n<div class=\"_tableContainer_sk2ct_1\">\n<div class=\"_tableWrapper_sk2ct_13 group flex w-fit flex-col-reverse\" tabindex=\"-1\">\n<table class=\"w-fit min-w-(--thread-content-width)\" data-start=\"1405\" data-end=\"1998\">\n<thead data-start=\"1405\" data-end=\"1428\">\n<tr data-start=\"1405\" data-end=\"1428\">\n<th data-start=\"1405\" data-end=\"1417\" data-col-size=\"sm\">Beneficio<\/th>\n<th data-start=\"1417\" data-end=\"1428\" data-col-size=\"md\">Detalle<\/th>\n<\/tr>\n<\/thead>\n<tbody data-start=\"1453\" data-end=\"1998\">\n<tr data-start=\"1453\" data-end=\"1587\">\n<td data-start=\"1453\" data-end=\"1481\" data-col-size=\"sm\"><strong data-start=\"1455\" data-end=\"1480\">Variedad seleccionada<\/strong><\/td>\n<td data-col-size=\"md\" data-start=\"1481\" data-end=\"1587\">Las <strong data-start=\"1487\" data-end=\"1515\">semillas grelos San Jos\u00e9<\/strong> proceden de una selecci\u00f3n especial de los mejores grelos de Santiago.<\/td>\n<\/tr>\n<tr data-start=\"1588\" data-end=\"1712\">\n<td data-start=\"1588\" data-end=\"1615\" data-col-size=\"sm\"><strong data-start=\"1590\" data-end=\"1614\">Cosecha de temporada<\/strong><\/td>\n<td data-col-size=\"md\" data-start=\"1615\" data-end=\"1712\">Recolecta en <strong data-start=\"1630\" data-end=\"1639\">marzo<\/strong>, mes de San Jos\u00e9, cuando los grelos alcanzan su mejor sabor y textura.<\/td>\n<\/tr>\n<tr data-start=\"1713\" data-end=\"1799\">\n<td data-start=\"1713\" data-end=\"1735\" data-col-size=\"sm\"><strong data-start=\"1715\" data-end=\"1734\">Planta vigorosa<\/strong><\/td>\n<td data-col-size=\"md\" data-start=\"1735\" data-end=\"1799\">Produce tallos tiernos y hojas frescas de excelente calidad.<\/td>\n<\/tr>\n<tr data-start=\"1800\" data-end=\"1902\">\n<td data-start=\"1800\" data-end=\"1829\" data-col-size=\"sm\"><strong data-start=\"1802\" data-end=\"1828\">Tradici\u00f3n gastron\u00f3mica<\/strong><\/td>\n<td data-col-size=\"md\" data-start=\"1829\" data-end=\"1902\">Perfectos para platos como <strong data-start=\"1858\" data-end=\"1878\">lac\u00f3n con grelos<\/strong>, cocidos o salteados.<\/td>\n<\/tr>\n<tr data-start=\"1903\" data-end=\"1998\">\n<td data-start=\"1903\" data-end=\"1926\" data-col-size=\"sm\"><strong data-start=\"1905\" data-end=\"1925\">Alto rendimiento<\/strong><\/td>\n<td data-col-size=\"md\" data-start=\"1926\" data-end=\"1998\">Con una buena siembra obtendr\u00e1s una producci\u00f3n abundante y continua.<\/td>\n<\/tr>\n<\/tbody>\n<\/table>\n<\/div>\n<\/div>\n<p data-start=\"988\" data-end=\"1380\">\n","protected":false},"excerpt":{"rendered":"<p>Las <strong data-start=\"314\" data-end=\"342\">semillas grelos San Jos\u00e9<\/strong> son una selecci\u00f3n de grelos de Santiago que destacan por su sabor aut\u00e9ntico y su cosecha en marzo, justo en la festividad de San Jos\u00e9. Ideales para huertos familiares y para disfrutar de la cocina gallega m\u00e1s tradicional.<\/p>\n","protected":false},"featured_media":2424,"template":"","meta":{"_acf_changed":false,"_joinchat":[]},"product_brand":[],"product_cat":[26,81,332,112],"product_tag":[],"class_list":{"0":"post-2422","1":"product","2":"type-product","3":"status-publish","4":"has-post-thumbnail","6":"product_cat-agrogargallo","7":"product_cat-campo-y-huerto","8":"product_cat-hortalizas","9":"product_cat-semillas","11":"first","12":"instock","13":"taxable","14":"shipping-taxable","15":"purchasable","16":"product-type-variable"},"acf":[],"_links":{"self":[{"href":"https:\/\/agrogargallo.com\/gl\/wp-json\/wp\/v2\/product\/2422","targetHints":{"allow":["GET"]}}],"collection":[{"href":"https:\/\/agrogargallo.com\/gl\/wp-json\/wp\/v2\/product"}],"about":[{"href":"https:\/\/agrogargallo.com\/gl\/wp-json\/wp\/v2\/types\/product"}],"wp:featuredmedia":[{"embeddable":true,"href":"https:\/\/agrogargallo.com\/gl\/wp-json\/wp\/v2\/media\/2424"}],"wp:attachment":[{"href":"https:\/\/agrogargallo.com\/gl\/wp-json\/wp\/v2\/media?parent=2422"}],"wp:term":[{"taxonomy":"product_brand","embeddable":true,"href":"https:\/\/agrogargallo.com\/gl\/wp-json\/wp\/v2\/product_brand?post=2422"},{"taxonomy":"product_cat","embeddable":true,"href":"https:\/\/agrogargallo.com\/gl\/wp-json\/wp\/v2\/product_cat?post=2422"},{"taxonomy":"product_tag","embeddable":true,"href":"https:\/\/agrogargallo.com\/gl\/wp-json\/wp\/v2\/product_tag?post=2422"}],"curies":[{"name":"wp","href":"https:\/\/api.w.org\/{rel}","templated":true}]}}