{"id":2301,"date":"2025-07-21T17:29:43","date_gmt":"2025-07-21T15:29:43","guid":{"rendered":"https:\/\/agrogargallo.com\/?post_type=product&#038;p=2301"},"modified":"2026-02-25T14:39:11","modified_gmt":"2026-02-25T13:39:11","slug":"laca-insecticida-lotus","status":"publish","type":"product","link":"https:\/\/agrogargallo.com\/gl\/producto\/laca-insecticida-lotus","title":{"rendered":"Laca insecticida rastreros IMPEX \u2013 Larga duraci\u00f3n"},"content":{"rendered":"<h3 data-start=\"871\" data-end=\"927\">\ud83d\udd0e Caracter\u00edsticas destacadas de la laca insecticida para rastreros<\/h3>\n<ul data-start=\"929\" data-end=\"1225\">\n<li data-start=\"929\" data-end=\"998\">\n<p data-start=\"931\" data-end=\"998\"><strong data-start=\"931\" data-end=\"954\">Nombre del producto<\/strong>: Laca insecticida para insectos rastreros &#8211; Insecticida Insectol<\/p>\n<\/li>\n<li data-start=\"999\" data-end=\"1028\">\n<p data-start=\"1001\" data-end=\"1028\"><strong data-start=\"1001\" data-end=\"1012\">Formato<\/strong>: Spray 400 ml<\/p>\n<\/li>\n<li data-start=\"1029\" data-end=\"1065\">\n<p data-start=\"1031\" data-end=\"1065\"><strong data-start=\"1031\" data-end=\"1043\">Efecto larga duraci\u00f3n<\/strong><\/p>\n<\/li>\n<li data-start=\"1066\" data-end=\"1099\">\n<p data-start=\"1068\" data-end=\"1099\"><strong data-start=\"1068\" data-end=\"1087\">Uso recomendado<\/strong>: Interior<\/p>\n<\/li>\n<li data-start=\"1100\" data-end=\"1148\">\n<p data-start=\"1102\" data-end=\"1148\"><strong data-start=\"1102\" data-end=\"1114\">Eficacia<\/strong>: Acci\u00f3n prolongada por contacto<\/p>\n<\/li>\n<li data-start=\"1149\" data-end=\"1225\">\n<p data-start=\"1151\" data-end=\"1225\"><strong data-start=\"1151\" data-end=\"1172\">Insectos objetivo<\/strong>: Cucarachas, hormigas, chinches, ara\u00f1as, entre otros<\/p>\n<\/li>\n<\/ul>\n<p>&nbsp;<\/p>\n<h3 data-start=\"1232\" data-end=\"1273\">\u2705 Beneficios de usarla:<\/h3>\n<div class=\"_tableContainer_80l1q_1\">\n<div class=\"_tableWrapper_80l1q_14 group flex w-fit flex-col-reverse\" tabindex=\"-1\">\n<table class=\"w-fit min-w-(--thread-content-width)\" data-start=\"1275\" data-end=\"1962\">\n<thead data-start=\"1275\" data-end=\"1298\">\n<tr data-start=\"1275\" data-end=\"1298\">\n<th data-start=\"1275\" data-end=\"1287\" data-col-size=\"sm\">Beneficio<\/th>\n<th data-start=\"1287\" data-end=\"1298\" data-col-size=\"lg\">Detalle<\/th>\n<\/tr>\n<\/thead>\n<tbody data-start=\"1323\" data-end=\"1962\">\n<tr data-start=\"1323\" data-end=\"1448\">\n<td data-start=\"1323\" data-end=\"1351\" data-col-size=\"sm\"><strong data-start=\"1325\" data-end=\"1350\">Protecci\u00f3n prolongada<\/strong><\/td>\n<td data-col-size=\"lg\" data-start=\"1351\" data-end=\"1448\">La <strong data-start=\"1356\" data-end=\"1376\">laca insecticida para rastreros<\/strong> act\u00faa de forma continua durante <b>5-6 meses con solo una aplicaci\u00f3n<\/b>.<\/td>\n<\/tr>\n<tr data-start=\"1449\" data-end=\"1599\">\n<td data-start=\"1449\" data-end=\"1467\" data-col-size=\"sm\"><strong data-start=\"1451\" data-end=\"1466\">Efecto laca<\/strong><\/td>\n<td data-col-size=\"lg\" data-start=\"1467\" data-end=\"1599\">Forma una pel\u00edcula invisible que elimina los insectos al contacto, incluso si no est\u00e1n presentes en el momento de la aplicaci\u00f3n.<\/td>\n<\/tr>\n<tr data-start=\"1600\" data-end=\"1730\">\n<td data-start=\"1600\" data-end=\"1626\" data-col-size=\"sm\"><strong data-start=\"1602\" data-end=\"1625\">Aplicaci\u00f3n sencilla<\/strong><\/td>\n<td data-col-size=\"lg\" data-start=\"1626\" data-end=\"1730\">No requiere diluci\u00f3n ni mezcla. Basta con aplicar directamente en z\u00f3calos, esquinas y zonas de paso.<\/td>\n<\/tr>\n<tr data-start=\"1731\" data-end=\"1841\">\n<td data-start=\"1731\" data-end=\"1750\" data-col-size=\"sm\"><strong data-start=\"1733\" data-end=\"1749\">Versatilidad<\/strong><\/td>\n<td data-col-size=\"lg\" data-start=\"1750\" data-end=\"1841\">Apta para todo tipo de espacios interiores: casas, trasteros, despensas, negocios, etc.<\/td>\n<\/tr>\n<tr data-start=\"1842\" data-end=\"1962\">\n<td data-start=\"1842\" data-end=\"1868\" data-col-size=\"sm\"><strong data-start=\"1844\" data-end=\"1867\">Alto poder residual<\/strong><\/td>\n<td data-col-size=\"lg\" data-start=\"1868\" data-end=\"1962\">La f\u00f3rmula permanece activa sobre las superficies tratadas incluso con el paso del tiempo.<\/td>\n<\/tr>\n<\/tbody>\n<\/table>\n<\/div>\n<\/div>\n<p>&nbsp;<\/p>\n<h3 data-start=\"1969\" data-end=\"2011\">\ud83d\udee0\ufe0f \u00bfC\u00f3mo aplicar la laca insecticida?<\/h3>\n<ol data-start=\"2013\" data-end=\"2342\">\n<li data-start=\"2013\" data-end=\"2052\">\n<p data-start=\"2016\" data-end=\"2052\"><strong data-start=\"2016\" data-end=\"2050\">Agita el envase antes de usar.<\/strong><\/p>\n<\/li>\n<li data-start=\"2053\" data-end=\"2213\">\n<p data-start=\"2056\" data-end=\"2213\">Pulveriza la <strong data-start=\"2069\" data-end=\"2089\">laca insecticida<\/strong> directamente sobre z\u00f3calos, grietas, esquinas, detr\u00e1s de electrodom\u00e9sticos o cualquier zona de paso habitual de insectos, a muy poca distancia de la superficie.<\/p>\n<\/li>\n<li data-start=\"2214\" data-end=\"2291\">\n<p data-start=\"2217\" data-end=\"2291\"><strong data-start=\"2217\" data-end=\"2253\">Evita limpiar las zonas tratadas<\/strong> al menos durante las 48 horas posteriores para conservar el efecto protector.<\/p>\n<\/li>\n<li data-start=\"2292\" data-end=\"2342\">\n<p data-start=\"2295\" data-end=\"2342\">Reaplica solo si se limpia o tras varios meses.<\/p>\n<\/li>\n<\/ol>\n","protected":false},"excerpt":{"rendered":"<h3 data-start=\"237\" data-end=\"312\">La soluci\u00f3n definitiva para eliminar cucarachas, hormigas, ara\u00f1as y m\u00e1s<\/h3>\n<p data-start=\"314\" data-end=\"611\">La <strong data-start=\"317\" data-end=\"337\">laca insecticida<\/strong> es un tratamiento de alta eficacia dise\u00f1ado para eliminar y repeler insectos rastreros con una sola aplicaci\u00f3n. Gracias a su innovadora f\u00f3rmula en forma de laca, este producto forma una pel\u00edcula invisible y duradera que act\u00faa como barrera activa con un efecto de larga duraci\u00f3n.<\/p>\n<p data-start=\"613\" data-end=\"864\">Ideal para combatir <strong data-start=\"633\" data-end=\"702\">cucarachas, hormigas, chinches, ara\u00f1as y otros insectos rastreros<\/strong>, la <strong data-start=\"707\" data-end=\"727\">laca insecticida<\/strong> es perfecta para proteger hogares, trasteros, garajes, negocios, cocinas y zonas de dif\u00edcil acceso donde los insectos suelen esconderse.<\/p>\n","protected":false},"featured_media":2652,"template":"","meta":{"_acf_changed":false,"_joinchat":[]},"product_brand":[],"product_cat":[26,84,490,82,416,131],"product_tag":[],"class_list":{"0":"post-2301","1":"product","2":"type-product","3":"status-publish","4":"has-post-thumbnail","6":"product_cat-agrogargallo","7":"product_cat-hogar","8":"product_cat-insecticidas","9":"product_cat-jardin-y-terraza","10":"product_cat-limpieza-y-decoracion","11":"product_cat-supermercado","13":"first","14":"instock","15":"taxable","16":"shipping-taxable","17":"purchasable","18":"product-type-simple"},"acf":[],"_links":{"self":[{"href":"https:\/\/agrogargallo.com\/gl\/wp-json\/wp\/v2\/product\/2301","targetHints":{"allow":["GET"]}}],"collection":[{"href":"https:\/\/agrogargallo.com\/gl\/wp-json\/wp\/v2\/product"}],"about":[{"href":"https:\/\/agrogargallo.com\/gl\/wp-json\/wp\/v2\/types\/product"}],"wp:featuredmedia":[{"embeddable":true,"href":"https:\/\/agrogargallo.com\/gl\/wp-json\/wp\/v2\/media\/2652"}],"wp:attachment":[{"href":"https:\/\/agrogargallo.com\/gl\/wp-json\/wp\/v2\/media?parent=2301"}],"wp:term":[{"taxonomy":"product_brand","embeddable":true,"href":"https:\/\/agrogargallo.com\/gl\/wp-json\/wp\/v2\/product_brand?post=2301"},{"taxonomy":"product_cat","embeddable":true,"href":"https:\/\/agrogargallo.com\/gl\/wp-json\/wp\/v2\/product_cat?post=2301"},{"taxonomy":"product_tag","embeddable":true,"href":"https:\/\/agrogargallo.com\/gl\/wp-json\/wp\/v2\/product_tag?post=2301"}],"curies":[{"name":"wp","href":"https:\/\/api.w.org\/{rel}","templated":true}]}}