{"id":2295,"date":"2025-07-21T17:01:44","date_gmt":"2025-07-21T15:01:44","guid":{"rendered":"https:\/\/agrogargallo.com\/?post_type=product&#038;p=2295"},"modified":"2026-02-02T19:06:46","modified_gmt":"2026-02-02T18:06:46","slug":"picblock-crystalyx-bloques-minerales-aves","status":"publish","type":"product","link":"https:\/\/agrogargallo.com\/gl\/producto\/picblock-crystalyx-bloques-minerales-aves","title":{"rendered":"PICBLOCK Crystalyx \u2013 Bloques minerales para gallinas y aves de corral"},"content":{"rendered":"<h3 data-start=\"978\" data-end=\"1029\">\ud83d\udcdd Caracter\u00edsticas principales del <strong data-start=\"1017\" data-end=\"1029\">Picblock:<\/strong><\/h3>\n<ul data-start=\"1031\" data-end=\"1393\">\n<li data-start=\"1031\" data-end=\"1057\">\n<p data-start=\"1033\" data-end=\"1057\"><strong data-start=\"1033\" data-end=\"1045\">Producto<\/strong>: PicBlock<\/p>\n<\/li>\n<li data-start=\"1058\" data-end=\"1082\">\n<p data-start=\"1060\" data-end=\"1082\"><strong data-start=\"1060\" data-end=\"1069\">Marca<\/strong>: Crystalyx<\/p>\n<\/li>\n<li data-start=\"1083\" data-end=\"1122\">\n<p data-start=\"1085\" data-end=\"1122\"><strong data-start=\"1085\" data-end=\"1096\">Formato<\/strong>: Bloques de 5\u202fkg aprox.<\/p>\n<\/li>\n<li data-start=\"1123\" data-end=\"1228\">\n<p data-start=\"1125\" data-end=\"1228\"><strong data-start=\"1125\" data-end=\"1132\">Uso<\/strong>: Gallinas ponedoras, pollos camperos, faisanes, pavos, perdices, patos y otras aves de corral<\/p>\n<\/li>\n<li data-start=\"1229\" data-end=\"1298\">\n<p data-start=\"1231\" data-end=\"1298\"><strong data-start=\"1231\" data-end=\"1252\">Funci\u00f3n principal<\/strong>: Reducci\u00f3n del picaje y fuente de minerales<\/p>\n<\/li>\n<li data-start=\"1299\" data-end=\"1393\">\n<p data-start=\"1301\" data-end=\"1393\"><strong data-start=\"1301\" data-end=\"1331\">Origen de los ingredientes<\/strong>: Minerales naturales, melaza vegetal y sales de alta pureza<\/p>\n<\/li>\n<\/ul>\n<p>&nbsp;<\/p>\n<h3 data-start=\"1400\" data-end=\"1430\">\ud83c\udf3f \u00bfPor qu\u00e9 usar PicBlock?<\/h3>\n<p data-start=\"1432\" data-end=\"1533\">El P<strong data-start=\"1435\" data-end=\"1447\">icblock<\/strong> aporta m\u00faltiples beneficios que mejoran tanto la salud como el bienestar de las aves:<\/p>\n<div class=\"_tableContainer_80l1q_1\">\n<div class=\"_tableWrapper_80l1q_14 group flex w-fit flex-col-reverse\" tabindex=\"-1\">\n<table class=\"w-fit min-w-(--thread-content-width)\" data-start=\"1535\" data-end=\"2359\">\n<thead data-start=\"1535\" data-end=\"1571\">\n<tr data-start=\"1535\" data-end=\"1571\">\n<th data-start=\"1535\" data-end=\"1547\" data-col-size=\"md\">Beneficio<\/th>\n<th data-start=\"1547\" data-end=\"1571\" data-col-size=\"lg\">Origen y explicaci\u00f3n<\/th>\n<\/tr>\n<\/thead>\n<tbody data-start=\"1608\" data-end=\"2359\">\n<tr data-start=\"1608\" data-end=\"1774\">\n<td data-start=\"1608\" data-end=\"1635\" data-col-size=\"md\"><strong data-start=\"1610\" data-end=\"1634\">Reducci\u00f3n del picaje<\/strong><\/td>\n<td data-col-size=\"lg\" data-start=\"1635\" data-end=\"1774\">Su dureza obliga a las aves a dedicar tiempo y esfuerzo a picotear el bloque, disminuyendo el comportamiento agresivo entre individuos.<\/td>\n<\/tr>\n<tr data-start=\"1775\" data-end=\"1941\">\n<td data-start=\"1775\" data-end=\"1808\" data-col-size=\"md\"><strong data-start=\"1777\" data-end=\"1807\">Aporte mineral equilibrado<\/strong><\/td>\n<td data-col-size=\"lg\" data-start=\"1808\" data-end=\"1941\">Rico en calcio, f\u00f3sforo, sodio y otros oligoelementos esenciales para la formaci\u00f3n de c\u00e1scaras de huevo, plumas y huesos fuertes.<\/td>\n<\/tr>\n<tr data-start=\"1942\" data-end=\"2078\">\n<td data-start=\"1942\" data-end=\"1975\" data-col-size=\"md\"><strong data-start=\"1944\" data-end=\"1974\">Mejora el bienestar animal<\/strong><\/td>\n<td data-col-size=\"lg\" data-start=\"1975\" data-end=\"2078\">Act\u00faa como enriquecimiento ambiental, estimulando el comportamiento natural y reduciendo el estr\u00e9s.<\/td>\n<\/tr>\n<tr data-start=\"2079\" data-end=\"2216\">\n<td data-start=\"2079\" data-end=\"2126\" data-col-size=\"md\"><strong data-start=\"2081\" data-end=\"2125\">Prevenci\u00f3n de deficiencias nutricionales<\/strong><\/td>\n<td data-col-size=\"lg\" data-start=\"2126\" data-end=\"2216\">Contiene minerales naturales y melazas vegetales, evitando desequilibrios en la dieta.<\/td>\n<\/tr>\n<tr data-start=\"2217\" data-end=\"2359\">\n<td data-start=\"2217\" data-end=\"2266\" data-col-size=\"md\"><strong data-start=\"2219\" data-end=\"2265\">Apto para sistemas ecol\u00f3gicos y extensivos<\/strong><\/td>\n<td data-col-size=\"lg\" data-start=\"2266\" data-end=\"2359\">Ideal para gallinas camperas, en libertad o en entornos con bienestar animal prioritario.<\/td>\n<\/tr>\n<\/tbody>\n<\/table>\n<\/div>\n<\/div>\n<p>&nbsp;<\/p>\n<h3 data-start=\"2366\" data-end=\"2406\">\ud83d\udc14 \u00bfC\u00f3mo se utiliza el P<strong data-start=\"2393\" data-end=\"2405\">icblock<\/strong>?<\/h3>\n<ul data-start=\"2408\" data-end=\"2765\">\n<li data-start=\"2408\" data-end=\"2518\">\n<p data-start=\"2410\" data-end=\"2518\"><strong data-start=\"2410\" data-end=\"2423\">Ubicaci\u00f3n<\/strong>: Coloca el <strong data-start=\"2435\" data-end=\"2447\">picblock<\/strong> en un lugar seco y accesible dentro del gallinero o parque de pasto.<\/p>\n<\/li>\n<li data-start=\"2519\" data-end=\"2591\">\n<p data-start=\"2521\" data-end=\"2591\"><strong data-start=\"2521\" data-end=\"2533\">Duraci\u00f3n<\/strong>: Un bloque dura varias semanas seg\u00fan el n\u00famero de aves.<\/p>\n<\/li>\n<li data-start=\"2592\" data-end=\"2670\">\n<p data-start=\"2594\" data-end=\"2670\"><strong data-start=\"2594\" data-end=\"2615\">N\u00famero de bloques<\/strong>: 1 <strong data-start=\"2619\" data-end=\"2631\">picblock<\/strong> por cada 25\u201330 aves aproximadamente.<\/p>\n<\/li>\n<li data-start=\"2671\" data-end=\"2765\">\n<p data-start=\"2673\" data-end=\"2765\"><strong data-start=\"2673\" data-end=\"2691\">Compatibilidad<\/strong>: Puede utilizarse junto con piensos compuestos y suplementos vitam\u00ednicos.<\/p>\n<\/li>\n<\/ul>\n<p>&nbsp;<\/p>\n<h3 data-start=\"2772\" data-end=\"2816\">\u2705 Ventajas del P<strong data-start=\"2791\" data-end=\"2803\">icblock<\/strong> de Crystalyx<\/h3>\n<div class=\"_tableContainer_80l1q_1\">\n<div class=\"_tableWrapper_80l1q_14 group flex w-fit flex-col-reverse\" tabindex=\"-1\">\n<table class=\"w-fit min-w-(--thread-content-width)\" data-start=\"2818\" data-end=\"3224\">\n<thead data-start=\"2818\" data-end=\"2843\">\n<tr data-start=\"2818\" data-end=\"2843\">\n<th data-start=\"2818\" data-end=\"2828\" data-col-size=\"sm\">Ventaja<\/th>\n<th data-start=\"2828\" data-end=\"2843\" data-col-size=\"md\">Descripci\u00f3n<\/th>\n<\/tr>\n<\/thead>\n<tbody data-start=\"2869\" data-end=\"3224\">\n<tr data-start=\"2869\" data-end=\"2949\">\n<td data-start=\"2869\" data-end=\"2884\" data-col-size=\"sm\">100% natural<\/td>\n<td data-col-size=\"md\" data-start=\"2884\" data-end=\"2949\">Ingredientes minerales y melaza vegetal sin aditivos qu\u00edmicos<\/td>\n<\/tr>\n<tr data-start=\"2950\" data-end=\"3013\">\n<td data-start=\"2950\" data-end=\"2981\" data-col-size=\"sm\">Uso simple y sin preparaci\u00f3n<\/td>\n<td data-col-size=\"md\" data-start=\"2981\" data-end=\"3013\">Solo colocar en el gallinero<\/td>\n<\/tr>\n<tr data-start=\"3014\" data-end=\"3078\">\n<td data-start=\"3014\" data-end=\"3033\" data-col-size=\"sm\">Alta durabilidad<\/td>\n<td data-col-size=\"md\" data-start=\"3033\" data-end=\"3078\">Lento desgaste, ideal para uso prolongado<\/td>\n<\/tr>\n<tr data-start=\"3079\" data-end=\"3152\">\n<td data-start=\"3079\" data-end=\"3109\" data-col-size=\"sm\">Sin residuos ni desperdicio<\/td>\n<td data-col-size=\"md\" data-start=\"3109\" data-end=\"3152\">No se deshace f\u00e1cilmente con la humedad<\/td>\n<\/tr>\n<tr data-start=\"3153\" data-end=\"3224\">\n<td data-start=\"3153\" data-end=\"3171\" data-col-size=\"sm\">Producto seguro<\/td>\n<td data-col-size=\"md\" data-start=\"3171\" data-end=\"3224\">No contiene medicamentos ni sustancias prohibidas<\/td>\n<\/tr>\n<\/tbody>\n<\/table>\n<\/div>\n<\/div>\n","protected":false},"excerpt":{"rendered":"<h3 data-start=\"290\" data-end=\"366\">La soluci\u00f3n natural para reducir el picaje y mejorar el bienestar animal<\/h3>\n<p data-start=\"368\" data-end=\"762\"><strong data-start=\"368\" data-end=\"380\">PicBlock<\/strong> de <strong data-start=\"384\" data-end=\"397\">Crystalyx<\/strong> es un bloque mineral dise\u00f1ado para gallinas ponedoras, pollos camperos, pavos, aves ornamentales y otras aves de corral. Este bloque no solo proporciona una fuente rica en minerales esenciales, sino que adem\u00e1s act\u00faa como una herramienta eficaz para reducir el <strong data-start=\"651\" data-end=\"672\">picaje entre aves<\/strong>, una de las causas m\u00e1s frecuentes de estr\u00e9s, lesiones y baja productividad en gallineros.<\/p>\n<p data-start=\"764\" data-end=\"971\">El <strong data-start=\"767\" data-end=\"779\">picblock<\/strong> combina ingredientes 100% naturales con una textura dura que estimula el comportamiento natural de picoteo, desviando la atenci\u00f3n de las aves entre s\u00ed y previniendo comportamientos agresivos.<\/p>\n","protected":false},"featured_media":2298,"template":"","meta":{"_acf_changed":false,"_joinchat":[]},"product_brand":[],"product_cat":[101,26,202,204,80],"product_tag":[],"class_list":{"0":"post-2295","1":"product","2":"type-product","3":"status-publish","4":"has-post-thumbnail","6":"product_cat-aves","7":"product_cat-agrogargallo","8":"product_cat-alimentacion-aves","9":"product_cat-complementos-nutritivos","10":"product_cat-ganaderia-y-mascotas","12":"first","13":"instock","14":"taxable","15":"shipping-taxable","16":"purchasable","17":"product-type-simple"},"acf":[],"_links":{"self":[{"href":"https:\/\/agrogargallo.com\/gl\/wp-json\/wp\/v2\/product\/2295","targetHints":{"allow":["GET"]}}],"collection":[{"href":"https:\/\/agrogargallo.com\/gl\/wp-json\/wp\/v2\/product"}],"about":[{"href":"https:\/\/agrogargallo.com\/gl\/wp-json\/wp\/v2\/types\/product"}],"wp:featuredmedia":[{"embeddable":true,"href":"https:\/\/agrogargallo.com\/gl\/wp-json\/wp\/v2\/media\/2298"}],"wp:attachment":[{"href":"https:\/\/agrogargallo.com\/gl\/wp-json\/wp\/v2\/media?parent=2295"}],"wp:term":[{"taxonomy":"product_brand","embeddable":true,"href":"https:\/\/agrogargallo.com\/gl\/wp-json\/wp\/v2\/product_brand?post=2295"},{"taxonomy":"product_cat","embeddable":true,"href":"https:\/\/agrogargallo.com\/gl\/wp-json\/wp\/v2\/product_cat?post=2295"},{"taxonomy":"product_tag","embeddable":true,"href":"https:\/\/agrogargallo.com\/gl\/wp-json\/wp\/v2\/product_tag?post=2295"}],"curies":[{"name":"wp","href":"https:\/\/api.w.org\/{rel}","templated":true}]}}