{"id":2226,"date":"2025-06-27T11:16:39","date_gmt":"2025-06-27T09:16:39","guid":{"rendered":"https:\/\/agrogargallo.com\/?post_type=product&#038;p=2226"},"modified":"2025-06-27T11:16:39","modified_gmt":"2025-06-27T09:16:39","slug":"neem-70-aceite-de-neem-para-huerto","status":"publish","type":"product","link":"https:\/\/agrogargallo.com\/gl\/producto\/neem-70-aceite-de-neem-para-huerto","title":{"rendered":"NEEM 70 &#8211; ACEITE DE NEEM PARA HUERTO"},"content":{"rendered":"<p data-start=\"566\" data-end=\"802\"><strong data-start=\"566\" data-end=\"577\">Neem\u202f70<\/strong> proviene de semillas seleccionadas de <em data-start=\"616\" data-end=\"636\">Azadirachta indica<\/em>, prensadas en fr\u00edo para conservar una alta concentraci\u00f3n de azadiractina y limonoides. Esto asegura que este aceite de neem para huerto realice una acci\u00f3n insecticida, fungicida y repelente multi-especies que:<\/p>\n<ul data-start=\"804\" data-end=\"1044\">\n<li data-start=\"804\" data-end=\"884\">\n<p data-start=\"806\" data-end=\"884\"><span class=\"relative -mx-px my-[-0.2rem] rounded px-px py-[0.2rem] transition-colors duration-100 ease-in-out\">Inhibe la alimentaci\u00f3n y el ciclo de vida de plagas como pulgones, mosca blanca, \u00e1caros, trips y orugas.<\/span><\/p>\n<\/li>\n<li data-start=\"804\" data-end=\"884\">Protege frente a enfermedades f\u00fangicas como mildiu, o\u00eddio, roya y botritis.<\/li>\n<li data-start=\"804\" data-end=\"884\">Fortalece la planta al mejorar la absorci\u00f3n de nutrientes, especialmente al agregarse al riego.<\/li>\n<\/ul>\n<p>Su f\u00f3rmula ecol\u00f3gica tiene <strong data-start=\"27\" data-end=\"68\">alto contenido de \u00e1cidos grasos Omega<\/strong> y <strong data-start=\"71\" data-end=\"87\">azadiractina<\/strong>, lo que evita plagas sin afectar insectos beneficiosos, siendo segura para abejas y fauna \u00fatil.<\/p>\n<p>&nbsp;<\/p>\n<h3 data-start=\"1129\" data-end=\"1156\">\ud83d\udce6 Formato y aplicaci\u00f3n del aceite de neem para huerto Neem 70<\/h3>\n<ul data-start=\"1158\" data-end=\"1451\">\n<li data-start=\"1158\" data-end=\"1197\">\n<p data-start=\"1160\" data-end=\"1197\"><span class=\"relative -mx-px my-[-0.2rem] rounded px-px py-[0.2rem] transition-colors duration-100 ease-in-out\"><strong data-start=\"0\" data-end=\"17\" data-is-only-node=\"\">Presentaci\u00f3n:<\/strong> Botella l\u00edquida de 250ml<\/span><\/p>\n<\/li>\n<li data-start=\"1198\" data-end=\"1409\">\n<p data-start=\"1200\" data-end=\"1239\"><span class=\"relative -mx-px my-[-0.2rem] rounded px-px py-[0.2rem] transition-colors duration-100 ease-in-out\"><strong data-start=\"0\" data-end=\"19\" data-is-last-node=\"\" data-is-only-node=\"\">Modo de empleo:<\/strong><\/span><\/p>\n<ul data-start=\"1242\" data-end=\"1409\">\n<li data-start=\"1242\" data-end=\"1324\">\n<p data-start=\"1244\" data-end=\"1324\"><span class=\"relative -mx-px my-[-0.2rem] rounded px-px py-[0.2rem] transition-colors duration-100 ease-in-out\"><strong data-start=\"0\" data-end=\"10\" data-is-only-node=\"\">Folio:<\/strong> Mezclar 5\u201310\u202fml en 1\u202fL de agua + surfactante. Aplicar al amanecer o atardecer, cada 7\u201320 d\u00edas seg\u00fan necesidad.<\/span><\/p>\n<\/li>\n<li data-start=\"1327\" data-end=\"1409\">\n<p data-start=\"1329\" data-end=\"1409\"><span class=\"relative -mx-px my-[-0.2rem] rounded px-px py-[0.2rem] transition-colors duration-100 ease-in-out\"><strong data-start=\"0\" data-end=\"16\" data-is-only-node=\"\">Fertirriego:<\/strong> 2\u202fL por hect\u00e1rea cada 2\u20133 semanas para prevenci\u00f3n contra nematodos y fortalecer plantas.<\/span><\/p>\n<\/li>\n<\/ul>\n<\/li>\n<li data-start=\"1410\" data-end=\"1451\">\n<p data-start=\"1412\" data-end=\"1451\"><span class=\"relative -mx-px my-[-0.2rem] rounded px-px py-[0.2rem] transition-colors duration-100 ease-in-out\"><strong data-start=\"0\" data-end=\"16\" data-is-only-node=\"\">Rendimiento:<\/strong> Ideal para huertos dom\u00e9sticos y superficies peque\u00f1as.<\/span><\/p>\n<\/li>\n<\/ul>\n<p>&nbsp;<\/p>\n<h3 data-start=\"1458\" data-end=\"1481\">\ud83c\udf3f Beneficios clave del aceite de neem para huerto Neem 70:<\/h3>\n<ul data-start=\"1483\" data-end=\"1833\">\n<li data-start=\"1483\" data-end=\"1526\">\n<p data-start=\"1485\" data-end=\"1526\"><span class=\"relative -mx-px my-[-0.2rem] rounded px-px py-[0.2rem] transition-colors duration-100 ease-in-out\">\u2705 <strong data-start=\"2\" data-end=\"29\">Control org\u00e1nico amplio<\/strong>: insecticida, repelente y antif\u00fangico<\/span><\/p>\n<\/li>\n<li data-start=\"1527\" data-end=\"1610\">\n<p data-start=\"1529\" data-end=\"1610\"><span class=\"relative -mx-px my-[-0.2rem] rounded px-px py-[0.2rem] transition-colors duration-100 ease-in-out\">\u2705 <strong data-start=\"2\" data-end=\"29\">Seguro para ecosistemas<\/strong>: no da\u00f1a abejas ni lombrices<\/span><\/p>\n<\/li>\n<li data-start=\"1611\" data-end=\"1694\">\n<p data-start=\"1613\" data-end=\"1694\"><span class=\"relative -mx-px my-[-0.2rem] rounded px-px py-[0.2rem] transition-colors duration-100 ease-in-out\">\u2705 <strong data-start=\"2\" data-end=\"18\">F\u00e1cil mezcla<\/strong>: requiere surfactante para mejor adherencia<\/span><\/p>\n<\/li>\n<li data-start=\"1695\" data-end=\"1767\">\n<p data-start=\"1697\" data-end=\"1767\">\u2705 <strong data-start=\"1699\" data-end=\"1726\">Mejora la salud general<\/strong>: act\u00faa tambi\u00e9n sobre el suelo y planta<\/p>\n<\/li>\n<li data-start=\"1768\" data-end=\"1833\">\n<p data-start=\"1770\" data-end=\"1833\">\u2705 <strong data-start=\"1772\" data-end=\"1789\">Biodegradable<\/strong> y sin residuos toxicidad en plantas o fruto<\/p>\n<\/li>\n<\/ul>\n<p>&nbsp;<\/p>\n<h3 data-start=\"1840\" data-end=\"1858\">\ud83e\udeb4 Ideal para:<\/h3>\n<ul data-start=\"1860\" data-end=\"1993\">\n<li data-start=\"1860\" data-end=\"1917\">\n<p data-start=\"1862\" data-end=\"1917\">Huertos urbanos: tomates, lechugas, pimientos, fresas<\/p>\n<\/li>\n<li data-start=\"1918\" data-end=\"1954\">\n<p data-start=\"1920\" data-end=\"1954\">Frutales peque\u00f1os y ornamentales<\/p>\n<\/li>\n<li data-start=\"1955\" data-end=\"1993\">\n<p data-start=\"1957\" data-end=\"1993\">Agricultura ecol\u00f3gica certificada<\/p>\n<\/li>\n<\/ul>\n<p>&nbsp;<\/p>\n","protected":false},"excerpt":{"rendered":"<h3 data-start=\"135\" data-end=\"198\">Controla plagas y fortalece tu huerto de forma natural \ud83c\udf31\ud83d\udc1e<\/h3>\n<p data-start=\"200\" data-end=\"529\"><strong data-start=\"200\" data-end=\"211\">Neem\u202f70<\/strong> es un <strong data-start=\"218\" data-end=\"248\">aceite de neem para huerto<\/strong> de alta concentraci\u00f3n, prensado en fr\u00edo y filtrado para mantener su pureza. Es un producto ecol\u00f3gico certificado, formulado para proteger tus cultivos sin da\u00f1ar el medio ambiente, insectos \u00fatiles ni residuos t\u00f3xicos. Ideal para huertos dom\u00e9sticos, ecol\u00f3gicos o jardines org\u00e1nicos.<\/p>\n","protected":false},"featured_media":2227,"template":"","meta":{"_acf_changed":false,"_joinchat":[]},"product_brand":[],"product_cat":[26,81,358,489,114,488,487],"product_tag":[],"class_list":{"0":"post-2226","1":"product","2":"type-product","3":"status-publish","4":"has-post-thumbnail","6":"product_cat-agrogargallo","7":"product_cat-campo-y-huerto","8":"product_cat-fungicidas-y-herbicidas","9":"product_cat-gusanos-y-otros","10":"product_cat-insecticidas-y-antiplagas","11":"product_cat-mosca-blanca","12":"product_cat-pulgon","14":"first","15":"instock","16":"taxable","17":"shipping-taxable","18":"purchasable","19":"product-type-simple"},"acf":[],"_links":{"self":[{"href":"https:\/\/agrogargallo.com\/gl\/wp-json\/wp\/v2\/product\/2226","targetHints":{"allow":["GET"]}}],"collection":[{"href":"https:\/\/agrogargallo.com\/gl\/wp-json\/wp\/v2\/product"}],"about":[{"href":"https:\/\/agrogargallo.com\/gl\/wp-json\/wp\/v2\/types\/product"}],"wp:featuredmedia":[{"embeddable":true,"href":"https:\/\/agrogargallo.com\/gl\/wp-json\/wp\/v2\/media\/2227"}],"wp:attachment":[{"href":"https:\/\/agrogargallo.com\/gl\/wp-json\/wp\/v2\/media?parent=2226"}],"wp:term":[{"taxonomy":"product_brand","embeddable":true,"href":"https:\/\/agrogargallo.com\/gl\/wp-json\/wp\/v2\/product_brand?post=2226"},{"taxonomy":"product_cat","embeddable":true,"href":"https:\/\/agrogargallo.com\/gl\/wp-json\/wp\/v2\/product_cat?post=2226"},{"taxonomy":"product_tag","embeddable":true,"href":"https:\/\/agrogargallo.com\/gl\/wp-json\/wp\/v2\/product_tag?post=2226"}],"curies":[{"name":"wp","href":"https:\/\/api.w.org\/{rel}","templated":true}]}}