{"id":2221,"date":"2025-06-27T10:23:59","date_gmt":"2025-06-27T08:23:59","guid":{"rendered":"https:\/\/agrogargallo.com\/?post_type=product&#038;p=2221"},"modified":"2025-06-27T10:23:59","modified_gmt":"2025-06-27T08:23:59","slug":"turi-l-control-microbiano-con-bacillus","status":"publish","type":"product","link":"https:\/\/agrogargallo.com\/gl\/producto\/turi-l-control-microbiano-con-bacillus","title":{"rendered":"TURI-L SP3  &#8211;  Control microbiano con BACILLUS de alta eficacia"},"content":{"rendered":"<p data-start=\"984\" data-end=\"1281\">El uso de bacterias beneficiosas del g\u00e9nero <strong data-start=\"1028\" data-end=\"1040\">Bacillus<\/strong> en agricultura ha demostrado ser una alternativa eficaz y ecol\u00f3gica frente al uso de productos qu\u00edmicos convencionales. TURI-L contiene una formulaci\u00f3n l\u00edquida rica en microorganismos vivos que colonizan r\u00e1pidamente el entorno de la planta.<\/p>\n<p data-start=\"1283\" data-end=\"1637\">Su aplicaci\u00f3n es compatible con diferentes cultivos hort\u00edcolas, frutales y ornamentales, tanto en campo abierto como en invernadero. Puede aplicarse por v\u00eda foliar o mediante riego por goteo. TURI-L no solo protege contra enfermedades, sino que tambi\u00e9n <strong data-start=\"1536\" data-end=\"1584\">promueve un entorno microbiol\u00f3gico saludable<\/strong> que potencia el crecimiento vigoroso de las plantas.<\/p>\n<p data-start=\"1283\" data-end=\"1637\">\n<h3 data-start=\"1644\" data-end=\"1669\">\ud83d\udce6 Formato disponible<\/h3>\n<ul data-start=\"1670\" data-end=\"1788\">\n<li data-start=\"1670\" data-end=\"1753\">\n<p data-start=\"1672\" data-end=\"1753\">Presentaci\u00f3n: <strong data-start=\"1686\" data-end=\"1707\">Botella de 250 ml<\/strong> (consultar disponibilidad en otros vol\u00famenes)<\/p>\n<\/li>\n<li data-start=\"1754\" data-end=\"1788\">\n<p data-start=\"1756\" data-end=\"1788\">Aplicaci\u00f3n: Foliar o fertirriego<\/p>\n<\/li>\n<\/ul>\n<p>&nbsp;<\/p>\n<h3 data-start=\"1795\" data-end=\"1818\">\ud83c\udf3f Beneficios clave del Bacillus TURI-L:<\/h3>\n<ul data-start=\"1819\" data-end=\"2122\">\n<li data-start=\"1819\" data-end=\"1872\">\n<p data-start=\"1821\" data-end=\"1872\">\u2705 Formulado con cepas seleccionadas de <strong data-start=\"1860\" data-end=\"1872\">Bacillus<\/strong><\/p>\n<\/li>\n<li data-start=\"1873\" data-end=\"1941\">\n<p data-start=\"1875\" data-end=\"1941\">\u2705 Previene y combate hongos y bacterias del suelo y la parte a\u00e9rea<\/p>\n<\/li>\n<li data-start=\"1942\" data-end=\"1986\">\n<p data-start=\"1944\" data-end=\"1986\">\u2705 Compatible con <strong data-start=\"1961\" data-end=\"1986\">agricultura ecol\u00f3gica<\/strong><\/p>\n<\/li>\n<li data-start=\"1987\" data-end=\"2037\">\n<p data-start=\"1989\" data-end=\"2037\">\u2705 Estimula el crecimiento y desarrollo de ra\u00edces<\/p>\n<\/li>\n<li data-start=\"2038\" data-end=\"2075\">\n<p data-start=\"2040\" data-end=\"2075\">\u2705 Mejora la absorci\u00f3n de nutrientes<\/p>\n<\/li>\n<li data-start=\"2076\" data-end=\"2122\">\n<p data-start=\"2078\" data-end=\"2122\">\u2705 Crea una <strong data-start=\"2089\" data-end=\"2122\">barrera protectora microbiana<\/strong><\/p>\n<\/li>\n<\/ul>\n<p>&nbsp;<\/p>\n<h3 data-start=\"2129\" data-end=\"2147\">\ud83e\udeb4 Ideal para:<\/h3>\n<ul data-start=\"2148\" data-end=\"2299\">\n<li data-start=\"2148\" data-end=\"2194\">\n<p data-start=\"2150\" data-end=\"2194\">Cultivos hort\u00edcolas, frutales y ornamentales<\/p>\n<\/li>\n<li data-start=\"2195\" data-end=\"2242\">\n<p data-start=\"2197\" data-end=\"2242\">Producci\u00f3n ecol\u00f3gica y agricultura sostenible<\/p>\n<\/li>\n<li data-start=\"2243\" data-end=\"2299\">\n<p data-start=\"2245\" data-end=\"2299\">Prevenci\u00f3n de enfermedades en semilleros o trasplantes<\/p>\n<\/li>\n<\/ul>\n","protected":false},"excerpt":{"rendered":"<h3 data-start=\"230\" data-end=\"311\">Soluci\u00f3n biol\u00f3gica natural para protecci\u00f3n de cultivos y control de pat\u00f3genos<\/h3>\n<p data-start=\"313\" data-end=\"629\"><strong data-start=\"313\" data-end=\"327\">TURI-L SP3<\/strong> es un bioinsumo formulado con cepas seleccionadas de <strong data-start=\"381\" data-end=\"393\">Bacillus<\/strong> de acci\u00f3n r\u00e1pida y eficiente, dise\u00f1ado para proteger los cultivos frente a diversas enfermedades f\u00fangicas y bacterianas. Este producto es parte de una <strong data-start=\"545\" data-end=\"578\">tecnolog\u00eda microbiana natural<\/strong>, ideal para la agricultura ecol\u00f3gica y sostenible.<\/p>\n<p data-start=\"631\" data-end=\"947\">Gracias a la actividad biol\u00f3gica de los bacillus, TURI-L act\u00faa sobre la rizosfera y superficie foliar creando una barrera competitiva contra pat\u00f3genos como Fusarium, Rhizoctonia, Pythium o mildiu. Adem\u00e1s, estimula el crecimiento de las plantas al mejorar la absorci\u00f3n de nutrientes y fortalecer el sistema radicular.<\/p>\n","protected":false},"featured_media":2222,"template":"","meta":{"_acf_changed":false,"_joinchat":[]},"product_brand":[],"product_cat":[26,81,358,114],"product_tag":[],"class_list":{"0":"post-2221","1":"product","2":"type-product","3":"status-publish","4":"has-post-thumbnail","6":"product_cat-agrogargallo","7":"product_cat-campo-y-huerto","8":"product_cat-fungicidas-y-herbicidas","9":"product_cat-insecticidas-y-antiplagas","11":"first","12":"instock","13":"taxable","14":"shipping-taxable","15":"purchasable","16":"product-type-simple"},"acf":[],"_links":{"self":[{"href":"https:\/\/agrogargallo.com\/gl\/wp-json\/wp\/v2\/product\/2221","targetHints":{"allow":["GET"]}}],"collection":[{"href":"https:\/\/agrogargallo.com\/gl\/wp-json\/wp\/v2\/product"}],"about":[{"href":"https:\/\/agrogargallo.com\/gl\/wp-json\/wp\/v2\/types\/product"}],"wp:featuredmedia":[{"embeddable":true,"href":"https:\/\/agrogargallo.com\/gl\/wp-json\/wp\/v2\/media\/2222"}],"wp:attachment":[{"href":"https:\/\/agrogargallo.com\/gl\/wp-json\/wp\/v2\/media?parent=2221"}],"wp:term":[{"taxonomy":"product_brand","embeddable":true,"href":"https:\/\/agrogargallo.com\/gl\/wp-json\/wp\/v2\/product_brand?post=2221"},{"taxonomy":"product_cat","embeddable":true,"href":"https:\/\/agrogargallo.com\/gl\/wp-json\/wp\/v2\/product_cat?post=2221"},{"taxonomy":"product_tag","embeddable":true,"href":"https:\/\/agrogargallo.com\/gl\/wp-json\/wp\/v2\/product_tag?post=2221"}],"curies":[{"name":"wp","href":"https:\/\/api.w.org\/{rel}","templated":true}]}}