{"id":2115,"date":"2025-05-28T12:15:38","date_gmt":"2025-05-28T10:15:38","guid":{"rendered":"https:\/\/agrogargallo.com\/?post_type=product&#038;p=2115"},"modified":"2025-05-29T10:57:05","modified_gmt":"2025-05-29T08:57:05","slug":"tijeras-de-podar-200mm-de-metal-mader-modelo-nacional","status":"publish","type":"product","link":"https:\/\/agrogargallo.com\/gl\/producto\/tijeras-de-podar-200mm-de-metal-mader-modelo-nacional","title":{"rendered":"Tijeras de podar 200mm de metal &#8211; Mader &#8211; Modelo Nacional"},"content":{"rendered":"<h3 data-start=\"795\" data-end=\"827\">\ud83d\udcd0 Especificaciones t\u00e9cnicas de las tijeras de podar 200mm de Mader, modelo nacional<\/h3>\n<ul data-start=\"828\" data-end=\"958\">\n<li data-start=\"828\" data-end=\"859\">\n<p data-start=\"830\" data-end=\"859\">\ud83d\udd2a Longitud total: <strong data-start=\"849\" data-end=\"859\">200 mm<\/strong><\/p>\n<\/li>\n<li data-start=\"860\" data-end=\"887\">\n<p data-start=\"862\" data-end=\"887\">\ud83d\udee0\ufe0f Modelo nacional Mader<\/p>\n<\/li>\n<li data-start=\"888\" data-end=\"922\">\n<p data-start=\"890\" data-end=\"922\">\ud83e\udde4 Mango recubierto y ergon\u00f3mico de metal<\/p>\n<\/li>\n<li data-start=\"923\" data-end=\"958\">\n<p data-start=\"925\" data-end=\"958\">\ud83d\udd12 Sistema de cierre de seguridad<\/p>\n<\/li>\n<\/ul>\n<p>&nbsp;<\/p>\n<h3 data-start=\"965\" data-end=\"989\">\ud83c\udf33 Usos recomendados<\/h3>\n<ul data-start=\"990\" data-end=\"1114\">\n<li data-start=\"990\" data-end=\"1041\">\n<p data-start=\"992\" data-end=\"1041\">Poda de plantas ornamentales, arbustos y frutales<\/p>\n<\/li>\n<li data-start=\"1042\" data-end=\"1076\">\n<p data-start=\"1044\" data-end=\"1076\">Cortes limpios en ramas medianas<\/p>\n<\/li>\n<li data-start=\"1077\" data-end=\"1114\">\n<p data-start=\"1079\" data-end=\"1114\">Mantenimiento de jardines y huertos<\/p>\n<\/li>\n<\/ul>\n<p>&nbsp;<\/p>\n<h3 data-start=\"1121\" data-end=\"1143\">\u2705 Beneficios clave<\/h3>\n<ul data-start=\"1144\" data-end=\"1279\">\n<li data-start=\"1144\" data-end=\"1170\">\n<p data-start=\"1146\" data-end=\"1170\">\u2728 Corte preciso y limpio<\/p>\n<\/li>\n<li data-start=\"1171\" data-end=\"1204\">\n<p data-start=\"1173\" data-end=\"1204\">\ud83d\udcaa Alta resistencia al desgaste<\/p>\n<\/li>\n<li data-start=\"1205\" data-end=\"1237\">\n<p data-start=\"1207\" data-end=\"1237\">\ud83d\udc4b C\u00f3modas para uso prolongado<\/p>\n<\/li>\n<li data-start=\"1238\" data-end=\"1279\">\n<p data-start=\"1240\" data-end=\"1279\">\ud83e\uddf0 Herramienta ligera y de f\u00e1cil manejo<\/p>\n<\/li>\n<\/ul>\n","protected":false},"excerpt":{"rendered":"<h3 data-start=\"256\" data-end=\"324\">La herramienta esencial para cortes precisos y sin esfuerzo \ud83c\udf3f\ud83d\udd27<\/h3>\n<p data-start=\"326\" data-end=\"594\">Estas <strong data-start=\"332\" data-end=\"358\">tijeras de podar 200mm<\/strong> de la marca <strong data-start=\"371\" data-end=\"380\">Mader<\/strong> son la elecci\u00f3n perfecta para quienes buscan calidad, durabilidad y precisi\u00f3n en sus tareas de jardiner\u00eda. Su dise\u00f1o curvo y ergon\u00f3mico facilita la poda de ramas, tallos y arbustos con un corte limpio y eficiente.<\/p>\n<p data-start=\"596\" data-end=\"788\">Fabricadas con materiales resistentes, cuentan con un mango c\u00f3modo y antideslizante que proporciona seguridad durante el uso. Ideales tanto para aficionados como para profesionales del jard\u00edn.<\/p>\n","protected":false},"featured_media":2116,"template":"","meta":{"_acf_changed":false,"_joinchat":[]},"product_brand":[],"product_cat":[26,81,117,82,83,119],"product_tag":[],"class_list":{"0":"post-2115","1":"product","2":"type-product","3":"status-publish","4":"has-post-thumbnail","6":"product_cat-agrogargallo","7":"product_cat-campo-y-huerto","8":"product_cat-herramientas-y-accesorios-para-el-huerto","9":"product_cat-jardin-y-terraza","10":"product_cat-maquinaria-agricola","11":"product_cat-poda","13":"first","14":"instock","15":"taxable","16":"shipping-taxable","17":"purchasable","18":"product-type-simple"},"acf":[],"_links":{"self":[{"href":"https:\/\/agrogargallo.com\/gl\/wp-json\/wp\/v2\/product\/2115","targetHints":{"allow":["GET"]}}],"collection":[{"href":"https:\/\/agrogargallo.com\/gl\/wp-json\/wp\/v2\/product"}],"about":[{"href":"https:\/\/agrogargallo.com\/gl\/wp-json\/wp\/v2\/types\/product"}],"wp:featuredmedia":[{"embeddable":true,"href":"https:\/\/agrogargallo.com\/gl\/wp-json\/wp\/v2\/media\/2116"}],"wp:attachment":[{"href":"https:\/\/agrogargallo.com\/gl\/wp-json\/wp\/v2\/media?parent=2115"}],"wp:term":[{"taxonomy":"product_brand","embeddable":true,"href":"https:\/\/agrogargallo.com\/gl\/wp-json\/wp\/v2\/product_brand?post=2115"},{"taxonomy":"product_cat","embeddable":true,"href":"https:\/\/agrogargallo.com\/gl\/wp-json\/wp\/v2\/product_cat?post=2115"},{"taxonomy":"product_tag","embeddable":true,"href":"https:\/\/agrogargallo.com\/gl\/wp-json\/wp\/v2\/product_tag?post=2115"}],"curies":[{"name":"wp","href":"https:\/\/api.w.org\/{rel}","templated":true}]}}