{"id":2037,"date":"2025-05-13T21:38:53","date_gmt":"2025-05-13T19:38:53","guid":{"rendered":"https:\/\/agrogargallo.com\/?post_type=product&#038;p=2037"},"modified":"2025-05-13T21:42:33","modified_gmt":"2025-05-13T19:42:33","slug":"abono-organico-ecocelta-aragonito-natural","status":"publish","type":"product","link":"https:\/\/agrogargallo.com\/gl\/producto\/abono-organico-ecocelta-aragonito-natural","title":{"rendered":"ABONO ORGANICO ECOCELTA CeltaCal+ &#8211; Aragonito natural 100% gallego &#8211; 20 kg"},"content":{"rendered":"<p data-start=\"576\" data-end=\"915\">CeltaCal+ de <strong data-start=\"589\" data-end=\"601\">Ecocelta<\/strong> es un <strong data-start=\"608\" data-end=\"626\">abono organico<\/strong> mineral con alto contenido en <strong data-start=\"657\" data-end=\"678\">calcio y magnesio<\/strong>, ideal para todo tipo de cultivos, c\u00e9spedes y jardines. Su formulaci\u00f3n con <strong data-start=\"754\" data-end=\"775\">aragonito natural<\/strong> y residuos marinos como conchas de mejill\u00f3n, aporta nutrientes esenciales y mejora las condiciones del suelo de forma progresiva y natural.<\/p>\n<p data-start=\"917\" data-end=\"1066\">A diferencia de otras enmiendas calc\u00e1reas, CeltaCal+ tiene una <strong data-start=\"980\" data-end=\"1024\">acci\u00f3n m\u00e1s suave, equilibrada y duradera<\/strong>, sin alterar bruscamente el pH del suelo.<\/p>\n<h3 data-start=\"1073\" data-end=\"1110\">\u2705 <strong data-start=\"1079\" data-end=\"1110\">Caracter\u00edsticas principales del abono org\u00e1nico Ecocelta CeltaCal+ a base de aragonito natural:<\/strong><\/h3>\n<ul data-start=\"1112\" data-end=\"1348\">\n<li data-start=\"1112\" data-end=\"1145\">\n<p data-start=\"1114\" data-end=\"1145\">\ud83d\udce6 <strong data-start=\"1117\" data-end=\"1129\">Formato:<\/strong> <strong>Saco de 20 kg<\/strong><\/p>\n<\/li>\n<li data-start=\"1146\" data-end=\"1181\">\n<p data-start=\"1148\" data-end=\"1181\">\ud83c\udf0d <strong data-start=\"1151\" data-end=\"1162\">Origen:<\/strong> Galicia (Espa\u00f1a)<\/p>\n<\/li>\n<li data-start=\"1182\" data-end=\"1236\">\n<p data-start=\"1184\" data-end=\"1236\">\ud83d\udc1a <strong data-start=\"1187\" data-end=\"1203\">Composici\u00f3n:<\/strong> Aragonito + concha de mejill\u00f3n<\/p>\n<\/li>\n<li data-start=\"1237\" data-end=\"1272\">\n<p data-start=\"1239\" data-end=\"1272\">\u267b\ufe0f <strong data-start=\"1242\" data-end=\"1270\">100% natural y ecol\u00f3gico<\/strong><\/p>\n<\/li>\n<li data-start=\"1273\" data-end=\"1348\">\n<p data-start=\"1275\" data-end=\"1348\">\ud83c\udf3e <strong data-start=\"1278\" data-end=\"1293\">Aplicaci\u00f3n:<\/strong> Huertos, praderas, c\u00e9spedes, frutales, vi\u00f1edos, etc.<\/p>\n<\/li>\n<\/ul>\n<p>&nbsp;<\/p>\n<h3 data-start=\"1355\" data-end=\"1402\">\ud83c\udf1f <strong data-start=\"1362\" data-end=\"1402\">Ventajas del abono organico Ecocelta<\/strong><\/h3>\n<ul data-start=\"1404\" data-end=\"1634\">\n<li data-start=\"1404\" data-end=\"1441\">\n<p data-start=\"1406\" data-end=\"1441\">\u2714\ufe0f Mejora la estructura del suelo<\/p>\n<\/li>\n<li data-start=\"1442\" data-end=\"1491\">\n<p data-start=\"1444\" data-end=\"1491\">\u2714\ufe0f Aporta calcio y magnesio de origen natural<\/p>\n<\/li>\n<li data-start=\"1492\" data-end=\"1549\">\n<p data-start=\"1494\" data-end=\"1549\">\u2714\ufe0f Corrige el pH de suelos \u00e1cidos de forma progresiva<\/p>\n<\/li>\n<li data-start=\"1550\" data-end=\"1587\">\n<p data-start=\"1552\" data-end=\"1587\">\u2714\ufe0f Producto ecol\u00f3gico certificado<\/p>\n<\/li>\n<li data-start=\"1588\" data-end=\"1634\">\n<p data-start=\"1590\" data-end=\"1634\">\u2714\ufe0f Aumenta la disponibilidad de nutrientes<\/p>\n<\/li>\n<\/ul>\n<p>&nbsp;<\/p>\n<h3 data-start=\"1641\" data-end=\"1666\">\ud83e\uddd1\u200d\ud83c\udf3e <strong data-start=\"1651\" data-end=\"1666\">Modo de uso<\/strong><\/h3>\n<ol data-start=\"1668\" data-end=\"1961\">\n<li data-start=\"1668\" data-end=\"1727\">\n<p data-start=\"1671\" data-end=\"1727\">Aplicar de forma uniforme sobre la superficie deseada.<\/p>\n<\/li>\n<li data-start=\"1728\" data-end=\"1779\">\n<p data-start=\"1731\" data-end=\"1779\">Incorporar ligeramente al suelo si es posible.<\/p>\n<\/li>\n<li data-start=\"1780\" data-end=\"1866\">\n<p data-start=\"1783\" data-end=\"1866\">Puede aplicarse en cualquier \u00e9poca del a\u00f1o, preferentemente en oto\u00f1o o primavera.<\/p>\n<\/li>\n<li data-start=\"1867\" data-end=\"1961\">\n<p data-start=\"1870\" data-end=\"1961\">Dosis orientativa: entre 500 g y 1,5 kg por m\u00b2 seg\u00fan el tipo de cultivo y estado del suelo.<\/p>\n<\/li>\n<\/ol>\n<p>&nbsp;<\/p>\n<h3 data-start=\"1968\" data-end=\"1992\">\ud83d\udca1 <strong data-start=\"1975\" data-end=\"1992\">Consejo Agrogargallo:<\/strong><\/h3>\n<p data-start=\"1994\" data-end=\"2182\" data-is-last-node=\"\" data-is-only-node=\"\">Combina este <strong data-start=\"2007\" data-end=\"2034\">abono organico Ecocelta<\/strong> con compost o esti\u00e9rcol maduro para potenciar la regeneraci\u00f3n de suelos pobres o compactados. Ideal para agricultura ecol\u00f3gica y regenerativa. \ud83c\udf3e\ud83c\udf40<\/p>\n","protected":false},"excerpt":{"rendered":"<p>El <strong data-start=\"267\" data-end=\"294\">abono organico Ecocelta<\/strong> CeltaCal+ est\u00e1 elaborado a partir de aragonito natural y concha de mejill\u00f3n gallego. Es una enmienda ecol\u00f3gica perfecta para mejorar la estructura del suelo, corregir su acidez y favorecer un crecimiento vegetal saludable y sostenible. \u267b\ufe0f\ud83c\udf31<\/p>\n","protected":false},"featured_media":2040,"template":"","meta":{"_acf_changed":false,"_joinchat":[]},"product_brand":[],"product_cat":[26,113,81,344,346],"product_tag":[],"class_list":{"0":"post-2037","1":"product","2":"type-product","3":"status-publish","4":"has-post-thumbnail","6":"product_cat-agrogargallo","7":"product_cat-abonos-y-fertilizantes","8":"product_cat-campo-y-huerto","9":"product_cat-abonos-para-huerto","10":"product_cat-setos-e-arbores","12":"first","13":"instock","14":"taxable","15":"shipping-taxable","16":"purchasable","17":"product-type-simple"},"acf":[],"_links":{"self":[{"href":"https:\/\/agrogargallo.com\/gl\/wp-json\/wp\/v2\/product\/2037","targetHints":{"allow":["GET"]}}],"collection":[{"href":"https:\/\/agrogargallo.com\/gl\/wp-json\/wp\/v2\/product"}],"about":[{"href":"https:\/\/agrogargallo.com\/gl\/wp-json\/wp\/v2\/types\/product"}],"wp:featuredmedia":[{"embeddable":true,"href":"https:\/\/agrogargallo.com\/gl\/wp-json\/wp\/v2\/media\/2040"}],"wp:attachment":[{"href":"https:\/\/agrogargallo.com\/gl\/wp-json\/wp\/v2\/media?parent=2037"}],"wp:term":[{"taxonomy":"product_brand","embeddable":true,"href":"https:\/\/agrogargallo.com\/gl\/wp-json\/wp\/v2\/product_brand?post=2037"},{"taxonomy":"product_cat","embeddable":true,"href":"https:\/\/agrogargallo.com\/gl\/wp-json\/wp\/v2\/product_cat?post=2037"},{"taxonomy":"product_tag","embeddable":true,"href":"https:\/\/agrogargallo.com\/gl\/wp-json\/wp\/v2\/product_tag?post=2037"}],"curies":[{"name":"wp","href":"https:\/\/api.w.org\/{rel}","templated":true}]}}