{"id":2020,"date":"2025-05-13T20:21:13","date_gmt":"2025-05-13T18:21:13","guid":{"rendered":"https:\/\/agrogargallo.com\/?post_type=product&#038;p=2020"},"modified":"2025-06-22T23:20:05","modified_gmt":"2025-06-22T21:20:05","slug":"herbicida-para-cesped-tidex","status":"publish","type":"product","link":"https:\/\/agrogargallo.com\/gl\/producto\/herbicida-para-cesped-tidex","title":{"rendered":"HERBICIDA PARA CESPED &#8211; Tidex &#8211; Elimina malas hierbas de hoja ancha"},"content":{"rendered":"<p data-start=\"638\" data-end=\"914\">Tidex es un <strong data-start=\"650\" data-end=\"693\">herbicida selectivo de acci\u00f3n sist\u00e9mica<\/strong>, formulado especialmente para su uso en c\u00e9spedes ornamentales. Su f\u00f3rmula est\u00e1 dise\u00f1ada para atacar las <strong data-start=\"798\" data-end=\"829\">malas hierbas de hoja ancha<\/strong> sin da\u00f1ar las gram\u00edneas que forman el c\u00e9sped, respetando su integridad y coloraci\u00f3n.<\/p>\n<p data-start=\"916\" data-end=\"1067\">\ud83d\udca7 Se presenta como una <strong data-start=\"940\" data-end=\"992\">emulsi\u00f3n concentrada de f\u00e1cil disoluci\u00f3n en agua<\/strong>, con alta eficacia y resultados visibles en pocos d\u00edas tras la aplicaci\u00f3n.<\/p>\n<h2 data-start=\"1074\" data-end=\"1111\">\u2705 <strong data-start=\"1080\" data-end=\"1111\">Caracter\u00edsticas principales del herbicida para c\u00e9sped Tidex:<\/strong><\/h2>\n<ul data-start=\"1113\" data-end=\"1312\">\n<li data-start=\"1113\" data-end=\"1155\">\n<p data-start=\"1115\" data-end=\"1155\">\ud83e\uddea <strong data-start=\"1118\" data-end=\"1153\">Herbicida sist\u00e9mico y selectivo<\/strong><\/p>\n<\/li>\n<li data-start=\"1156\" data-end=\"1212\">\n<p data-start=\"1158\" data-end=\"1212\">\ud83c\udf3f <strong data-start=\"1161\" data-end=\"1210\">Controla eficientemente plantas de hoja ancha<\/strong><\/p>\n<\/li>\n<li data-start=\"1213\" data-end=\"1240\">\n<p data-start=\"1215\" data-end=\"1240\">\u2705 <strong data-start=\"1217\" data-end=\"1238\">No da\u00f1a el c\u00e9sped<\/strong><\/p>\n<\/li>\n<li data-start=\"1241\" data-end=\"1285\">\n<p data-start=\"1243\" data-end=\"1285\">\ud83d\udca7 <strong data-start=\"1246\" data-end=\"1283\">Emulsi\u00f3n para diluir en agua (EW)<\/strong><\/p>\n<\/li>\n<li data-start=\"1286\" data-end=\"1312\">\n<p data-start=\"1288\" data-end=\"1312\">\ud83d\udce6 <strong data-start=\"1291\" data-end=\"1312\">Contenido: 100 ml<\/strong><\/p>\n<\/li>\n<\/ul>\n<p>&nbsp;<\/p>\n<h2 data-start=\"1319\" data-end=\"1367\">\ud83c\udf3e <strong data-start=\"1326\" data-end=\"1367\">Principales malas hierbas que elimina<\/strong><\/h2>\n<ul data-start=\"1369\" data-end=\"1503\">\n<li data-start=\"1369\" data-end=\"1386\">\n<p data-start=\"1371\" data-end=\"1386\">Tr\u00e9bol blanco<\/p>\n<\/li>\n<li data-start=\"1387\" data-end=\"1405\">\n<p data-start=\"1389\" data-end=\"1405\">Diente de le\u00f3n<\/p>\n<\/li>\n<li data-start=\"1406\" data-end=\"1418\">\n<p data-start=\"1408\" data-end=\"1418\">Plantago<\/p>\n<\/li>\n<li data-start=\"1419\" data-end=\"1429\">\n<p data-start=\"1421\" data-end=\"1429\">Oxalis<\/p>\n<\/li>\n<li data-start=\"1430\" data-end=\"1439\">\n<p data-start=\"1432\" data-end=\"1439\">Malva<\/p>\n<\/li>\n<li data-start=\"1440\" data-end=\"1453\">\n<p data-start=\"1442\" data-end=\"1453\">Verdolaga<\/p>\n<\/li>\n<li data-start=\"1454\" data-end=\"1503\">\n<p data-start=\"1456\" data-end=\"1503\">Otras hierbas de hoja ancha comunes en jardines<\/p>\n<\/li>\n<\/ul>\n<p>&nbsp;<\/p>\n<h2 data-start=\"1510\" data-end=\"1542\">\ud83d\udce6 <strong data-start=\"1517\" data-end=\"1542\">Formato y rendimiento<\/strong><\/h2>\n<ul data-start=\"1544\" data-end=\"1660\">\n<li data-start=\"1544\" data-end=\"1568\">\n<p data-start=\"1546\" data-end=\"1568\"><strong data-start=\"1546\" data-end=\"1566\">Envase de 100 ml<\/strong><\/p>\n<\/li>\n<li data-start=\"1569\" data-end=\"1660\">\n<p data-start=\"1571\" data-end=\"1660\">Rendimiento: <strong data-start=\"1584\" data-end=\"1601\">hasta 1000 m\u00b2<\/strong>, dependiendo de la concentraci\u00f3n y tipo de hierba a tratar<\/p>\n<\/li>\n<\/ul>\n<p>&nbsp;<\/p>\n<h2 data-start=\"1667\" data-end=\"1692\">\ud83e\uddd1\u200d\ud83c\udf3e <strong data-start=\"1677\" data-end=\"1692\">Modo de uso<\/strong><\/h2>\n<ol data-start=\"1694\" data-end=\"1986\">\n<li data-start=\"1694\" data-end=\"1772\">\n<p data-start=\"1697\" data-end=\"1772\"><strong data-start=\"1697\" data-end=\"1719\">Diluir el producto<\/strong> en la cantidad recomendada de agua (ver etiqueta).<\/p>\n<\/li>\n<li data-start=\"1773\" data-end=\"1843\">\n<p data-start=\"1776\" data-end=\"1843\"><strong data-start=\"1776\" data-end=\"1814\">Aplicar con mochila o pulverizador<\/strong> sobre las zonas afectadas.<\/p>\n<\/li>\n<li data-start=\"1844\" data-end=\"1915\">\n<p data-start=\"1847\" data-end=\"1915\"><strong data-start=\"1847\" data-end=\"1863\">Evitar segar<\/strong> durante 3-5 d\u00edas antes y despu\u00e9s del tratamiento.<\/p>\n<\/li>\n<li data-start=\"1916\" data-end=\"1986\">\n<p data-start=\"1919\" data-end=\"1986\">Aplicar en <strong data-start=\"1930\" data-end=\"1959\">d\u00edas sin lluvia ni viento<\/strong> y con temperaturas suaves.<\/p>\n<\/li>\n<\/ol>\n<p>&nbsp;<\/p>\n<h2 data-start=\"1993\" data-end=\"2011\">\ud83c\udfe1 Ideal para:<\/h2>\n<ul data-start=\"2013\" data-end=\"2158\">\n<li data-start=\"2013\" data-end=\"2051\">\n<p data-start=\"2015\" data-end=\"2051\">C\u00e9spedes dom\u00e9sticos y ornamentales<\/p>\n<\/li>\n<li data-start=\"2052\" data-end=\"2113\">\n<p data-start=\"2054\" data-end=\"2113\">Zonas verdes con presencia de malas hierbas de hoja ancha<\/p>\n<\/li>\n<li data-start=\"2114\" data-end=\"2158\">\n<p data-start=\"2116\" data-end=\"2158\">Mantenimiento de c\u00e9sped limpio y homog\u00e9neo<\/p>\n<\/li>\n<\/ul>\n","protected":false},"excerpt":{"rendered":"<p>El <strong data-start=\"319\" data-end=\"350\">herbicida para c\u00e9sped Tidex<\/strong> es una soluci\u00f3n <strong data-start=\"367\" data-end=\"392\">sist\u00e9mica y selectiva<\/strong>, ideal para <strong data-start=\"405\" data-end=\"457\">eliminar eficazmente malas hierbas de hoja ancha<\/strong> (como tr\u00e9bol, diente de le\u00f3n o plantago) sin afectar el c\u00e9sped. Act\u00faa desde la ra\u00edz y garantiza un c\u00e9sped m\u00e1s limpio, verde y saludable. \ud83c\udf31<\/p>\n","protected":false},"featured_media":2021,"template":"","meta":{"_acf_changed":false,"_joinchat":[]},"product_brand":[],"product_cat":[26,81,491],"product_tag":[],"class_list":{"0":"post-2020","1":"product","2":"type-product","3":"status-publish","4":"has-post-thumbnail","6":"product_cat-agrogargallo","7":"product_cat-campo-y-huerto","8":"product_cat-herbicidas","10":"first","11":"instock","12":"taxable","13":"shipping-taxable","14":"purchasable","15":"product-type-simple"},"acf":[],"_links":{"self":[{"href":"https:\/\/agrogargallo.com\/gl\/wp-json\/wp\/v2\/product\/2020","targetHints":{"allow":["GET"]}}],"collection":[{"href":"https:\/\/agrogargallo.com\/gl\/wp-json\/wp\/v2\/product"}],"about":[{"href":"https:\/\/agrogargallo.com\/gl\/wp-json\/wp\/v2\/types\/product"}],"wp:featuredmedia":[{"embeddable":true,"href":"https:\/\/agrogargallo.com\/gl\/wp-json\/wp\/v2\/media\/2021"}],"wp:attachment":[{"href":"https:\/\/agrogargallo.com\/gl\/wp-json\/wp\/v2\/media?parent=2020"}],"wp:term":[{"taxonomy":"product_brand","embeddable":true,"href":"https:\/\/agrogargallo.com\/gl\/wp-json\/wp\/v2\/product_brand?post=2020"},{"taxonomy":"product_cat","embeddable":true,"href":"https:\/\/agrogargallo.com\/gl\/wp-json\/wp\/v2\/product_cat?post=2020"},{"taxonomy":"product_tag","embeddable":true,"href":"https:\/\/agrogargallo.com\/gl\/wp-json\/wp\/v2\/product_tag?post=2020"}],"curies":[{"name":"wp","href":"https:\/\/api.w.org\/{rel}","templated":true}]}}