{"id":1849,"date":"2025-05-06T20:04:36","date_gmt":"2025-05-06T18:04:36","guid":{"rendered":"https:\/\/agrogargallo.com\/?post_type=product&#038;p=1849"},"modified":"2025-05-06T20:04:36","modified_gmt":"2025-05-06T18:04:36","slug":"insecticida-para-pulgon-y-mosca-blanca","status":"publish","type":"product","link":"https:\/\/agrogargallo.com\/gl\/producto\/insecticida-para-pulgon-y-mosca-blanca","title":{"rendered":"Insecticida para Pulg\u00f3n y Mosca Blanca Protect Garden Choque EW \u2013 Acci\u00f3n r\u00e1pida y eficaz"},"content":{"rendered":"<p><span class=\"relative -mx-px my-[-0.2rem] rounded px-px py-[0.2rem] bg-[#FCECC1] dark:bg-[#64572A] transition-colors duration-100 ease-in-out\">Formulado a base de <strong data-start=\"20\" data-end=\"48\">deltametrina al 1,5% p\/v<\/strong>, un piretroide de \u00faltima generaci\u00f3n, este insecticida ofrece una acci\u00f3n polivalente contra una amplia gama de insectos perjudiciales.<\/span> <span class=\"relative -mx-px my-[-0.2rem] rounded px-px py-[0.2rem] transition-colors duration-100 ease-in-out\">Su eficacia ha sido comprobada en diversos cultivos, incluyendo ornamentales, frutales y hort\u00edcolas.<\/span><\/p>\n<p>El producto es especialmente eficaz contra:<\/p>\n<ul>\n<li class=\"\" data-start=\"588\" data-end=\"629\">\n<p class=\"\" data-start=\"590\" data-end=\"629\"><span class=\"relative -mx-px my-[-0.2rem] rounded px-px py-[0.2rem] transition-colors duration-100 ease-in-out\"><strong data-start=\"0\" data-end=\"12\" data-is-last-node=\"\" data-is-only-node=\"\">Pulgones<\/strong><\/span><\/p>\n<\/li>\n<li class=\"\" data-start=\"630\" data-end=\"671\">\n<p class=\"\" data-start=\"632\" data-end=\"671\"><span class=\"relative -mx-px my-[-0.2rem] rounded px-px py-[0.2rem] transition-colors duration-100 ease-in-out\"><strong data-start=\"0\" data-end=\"16\" data-is-last-node=\"\" data-is-only-node=\"\">Mosca blanca<\/strong><\/span><\/p>\n<\/li>\n<li class=\"\" data-start=\"672\" data-end=\"713\">\n<p class=\"\" data-start=\"674\" data-end=\"713\"><span class=\"relative -mx-px my-[-0.2rem] rounded px-px py-[0.2rem] transition-colors duration-100 ease-in-out\"><strong data-start=\"0\" data-end=\"9\" data-is-last-node=\"\" data-is-only-node=\"\">Trips<\/strong><\/span><\/p>\n<\/li>\n<li class=\"\" data-start=\"714\" data-end=\"755\">\n<p class=\"\" data-start=\"716\" data-end=\"755\"><span class=\"relative -mx-px my-[-0.2rem] rounded px-px py-[0.2rem] transition-colors duration-100 ease-in-out\"><strong data-start=\"0\" data-end=\"10\" data-is-last-node=\"\" data-is-only-node=\"\">Orugas<\/strong><\/span><\/p>\n<\/li>\n<li class=\"\" data-start=\"756\" data-end=\"797\">\n<p class=\"\" data-start=\"758\" data-end=\"797\"><span class=\"relative -mx-px my-[-0.2rem] rounded px-px py-[0.2rem] transition-colors duration-100 ease-in-out\"><strong data-start=\"0\" data-end=\"18\" data-is-last-node=\"\" data-is-only-node=\"\">Gusanos grises<\/strong><\/span><\/p>\n<\/li>\n<li class=\"\" data-start=\"798\" data-end=\"878\">\n<p class=\"\" data-start=\"800\" data-end=\"878\"><span class=\"relative -mx-px my-[-0.2rem] rounded px-px py-[0.2rem] transition-colors duration-100 ease-in-out\"><strong data-start=\"0\" data-end=\"24\" data-is-last-node=\"\" data-is-only-node=\"\">Mariposa del geranio<\/strong><\/span><\/p>\n<\/li>\n<\/ul>\n<p>Su formulaci\u00f3n en emulsi\u00f3n acuosa (EW) facilita la aplicaci\u00f3n y mejora la adherencia a las superficies tratadas.<\/p>\n<p>&nbsp;<\/p>\n<h2 data-start=\"1361\" data-end=\"1398\">\u2705 <strong data-start=\"1367\" data-end=\"1398\">Caracter\u00edsticas principales del insecticida para pulg\u00f3n y mosca blanca Choque EW de Protect Garden:<\/strong><\/h2>\n<ul data-start=\"1400\" data-end=\"1753\">\n<li class=\"\" data-start=\"1400\" data-end=\"1443\">\n<p class=\"\" data-start=\"1402\" data-end=\"1443\">\ud83e\uddea <strong data-start=\"1405\" data-end=\"1428\">Ingrediente activo:<\/strong> Deltametrina 1,5% p\/\/v<\/p>\n<\/li>\n<li class=\"\" data-start=\"1444\" data-end=\"1492\">\n<p class=\"\" data-start=\"1446\" data-end=\"1492\">\ud83d\udca7 <strong data-start=\"1449\" data-end=\"1490\">F\u00f3rmula l\u00edquida EW (emulsi\u00f3n en agua)<\/strong><\/p>\n<\/li>\n<li class=\"\" data-start=\"1493\" data-end=\"1540\">\n<p class=\"\" data-start=\"1495\" data-end=\"1540\">\u26a1 <strong data-start=\"1497\" data-end=\"1538\">Acci\u00f3n r\u00e1pida <\/strong>de contacto e ingesti\u00f3n con efecto de choque y repelente<\/p>\n<\/li>\n<li class=\"\" data-start=\"1541\" data-end=\"1598\">\n<p class=\"\" data-start=\"1543\" data-end=\"1598\">\ud83e\udeb4 <strong data-start=\"1546\" data-end=\"1555\">Usos:<\/strong> Huerta, frutales, ornamentales, balcones<\/p>\n<\/li>\n<li class=\"\" data-start=\"1599\" data-end=\"1715\">\n<p class=\"\" data-start=\"1601\" data-end=\"1631\">\ud83d\udce6 <strong data-start=\"1604\" data-end=\"1629\">Formatos disponibles:<\/strong><\/p>\n<ul data-start=\"1634\" data-end=\"1715\">\n<li class=\"\" data-start=\"1634\" data-end=\"1679\">\n<p class=\"\" data-start=\"1636\" data-end=\"1679\">10 ml (hasta 10 L de caldo fitosanitario)<\/p>\n<\/li>\n<li class=\"\" data-start=\"1682\" data-end=\"1715\">\n<p class=\"\" data-start=\"1684\" data-end=\"1715\">100 ml (hasta 100 L de caldo)<\/p>\n<\/li>\n<\/ul>\n<\/li>\n<li class=\"\" data-start=\"1716\" data-end=\"1753\">\n<p class=\"\" data-start=\"1718\" data-end=\"1753\">\ud83c\udf3c <strong data-start=\"1721\" data-end=\"1753\">Amplio espectro de actuaci\u00f3n<\/strong><\/p>\n<\/li>\n<li data-start=\"1716\" data-end=\"1753\">\u23f1\ufe0f <strong data-start=\"1128\" data-end=\"1150\">Plazo de seguridad<\/strong>: <span class=\"relative -mx-px my-[-0.2rem] rounded px-px py-[0.2rem] transition-colors duration-100 ease-in-out\">Corto, permitiendo cosechas r\u00e1pidas tras la aplicaci\u00f3n<\/span><\/li>\n<\/ul>\n<p>&nbsp;<\/p>\n<h2 data-start=\"1760\" data-end=\"1810\">\ud83c\udf1f <strong data-start=\"1767\" data-end=\"1810\">Ventajas del insecticida Protect Garden<\/strong><\/h2>\n<ul data-start=\"1812\" data-end=\"2062\">\n<li class=\"\" data-start=\"1812\" data-end=\"1860\">\n<p class=\"\" data-start=\"1814\" data-end=\"1860\">\u2714\ufe0f Elimina r\u00e1pidamente pulg\u00f3n y mosca blanca<\/p>\n<\/li>\n<li class=\"\" data-start=\"1861\" data-end=\"1914\">\n<p class=\"\" data-start=\"1863\" data-end=\"1914\">\u2714\ufe0f Tambi\u00e9n controla orugas y mariposa del geranio<\/p>\n<\/li>\n<li class=\"\" data-start=\"1915\" data-end=\"1960\">\n<p class=\"\" data-start=\"1917\" data-end=\"1960\">\u2714\ufe0f Apto para cultivos y plantas de jard\u00edn<\/p>\n<\/li>\n<li class=\"\" data-start=\"1961\" data-end=\"2001\">\n<p class=\"\" data-start=\"1963\" data-end=\"2001\">\u2714\ufe0f F\u00e1cil de aplicar con pulverizador<\/p>\n<\/li>\n<li class=\"\" data-start=\"2002\" data-end=\"2062\">\n<p class=\"\" data-start=\"2004\" data-end=\"2062\">\u2714\ufe0f Botella reciclada y compromiso con el medio ambiente \u267b\ufe0f<\/p>\n<\/li>\n<\/ul>\n<p>&nbsp;<\/p>\n<h2 data-start=\"1673\" data-end=\"1695\">\ud83e\uddea <strong data-start=\"1680\" data-end=\"1695\">Modo de uso<\/strong><\/h2>\n<ol data-start=\"1697\" data-end=\"1910\">\n<li class=\"\" data-start=\"1697\" data-end=\"1753\">\n<p class=\"\" data-start=\"1700\" data-end=\"1753\"><strong data-start=\"1700\" data-end=\"1712\">Diluci\u00f3n<\/strong>: <span class=\"relative -mx-px my-[-0.2rem] rounded px-px py-[0.2rem] transition-colors duration-100 ease-in-out\">Mezclar la dosis recomendada con agua, seg\u00fan las instrucciones del envase.<\/span><\/p>\n<\/li>\n<li class=\"\" data-start=\"1754\" data-end=\"1812\">\n<p class=\"\" data-start=\"1757\" data-end=\"1812\"><strong data-start=\"1757\" data-end=\"1771\">Aplicaci\u00f3n<\/strong>: <span class=\"relative -mx-px my-[-0.2rem] rounded px-px py-[0.2rem] transition-colors duration-100 ease-in-out\">Pulverizar uniformemente sobre las plantas, asegurando una buena cobertura.<\/span><\/p>\n<\/li>\n<li class=\"\" data-start=\"1813\" data-end=\"1910\">\n<p class=\"\" data-start=\"1816\" data-end=\"1910\"><strong data-start=\"1816\" data-end=\"1830\">Frecuencia<\/strong>: <span class=\"relative -mx-px my-[-0.2rem] rounded px-px py-[0.2rem] transition-colors duration-100 ease-in-out\">Repetir el tratamiento seg\u00fan sea necesario, respetando los intervalos de seguridad indicados.<\/span><\/p>\n<\/li>\n<\/ol>\n<p>&nbsp;<\/p>\n<h2>\ud83d\udca1 <strong data-start=\"1924\" data-end=\"1940\">Consejo Agrogargallo:<\/strong><\/h2>\n<p class=\"\" data-start=\"1942\" data-end=\"2188\">Para maximizar la eficacia del <strong data-start=\"1973\" data-end=\"2015\">insecticida para pulg\u00f3n y mosca blanca<\/strong>, apl\u00edquelo en las primeras horas de la ma\u00f1ana o al atardecer, evitando las horas de m\u00e1xima insolaci\u00f3n y condiciones de viento fuerte.<\/p>\n<p data-start=\"1942\" data-end=\"2188\">Y para una protecci\u00f3n integral, alterna este <strong data-start=\"2442\" data-end=\"2484\">insecticida para pulg\u00f3n y mosca blanca<\/strong> con soluciones naturales o preventivas, evitando as\u00ed la aparici\u00f3n de resistencias en las plagas \ud83e\uddd1\u200d\ud83c\udf3e\u2728.<\/p>\n","protected":false},"excerpt":{"rendered":"<p>l <strong data-start=\"447\" data-end=\"517\">insecticida para pulg\u00f3n y mosca blanca Choque EW de Protect Garden<\/strong> es una soluci\u00f3n eficaz de acci\u00f3n r\u00e1pida que act\u00faa por contacto e ingesti\u00f3n, eliminando de forma inmediata pulgones, orugas, mosca blanca y otros insectos chupadores o masticadores. Ideal para proteger tanto cultivos hort\u00edcolas como plantas ornamentales \ud83c\udf3f\ud83d\udcaa.<\/p>\n","protected":false},"featured_media":1860,"template":"","meta":{"_acf_changed":false,"_joinchat":[]},"product_brand":[],"product_cat":[26,81,489,490,114,82,488,487],"product_tag":[],"class_list":{"0":"post-1849","1":"product","2":"type-product","3":"status-publish","4":"has-post-thumbnail","6":"product_cat-agrogargallo","7":"product_cat-campo-y-huerto","8":"product_cat-gusanos-y-otros","9":"product_cat-insecticidas","10":"product_cat-insecticidas-y-antiplagas","11":"product_cat-jardin-y-terraza","12":"product_cat-mosca-blanca","13":"product_cat-pulgon","15":"first","16":"instock","17":"taxable","18":"shipping-taxable","19":"purchasable","20":"product-type-variable"},"acf":[],"_links":{"self":[{"href":"https:\/\/agrogargallo.com\/gl\/wp-json\/wp\/v2\/product\/1849","targetHints":{"allow":["GET"]}}],"collection":[{"href":"https:\/\/agrogargallo.com\/gl\/wp-json\/wp\/v2\/product"}],"about":[{"href":"https:\/\/agrogargallo.com\/gl\/wp-json\/wp\/v2\/types\/product"}],"wp:featuredmedia":[{"embeddable":true,"href":"https:\/\/agrogargallo.com\/gl\/wp-json\/wp\/v2\/media\/1860"}],"wp:attachment":[{"href":"https:\/\/agrogargallo.com\/gl\/wp-json\/wp\/v2\/media?parent=1849"}],"wp:term":[{"taxonomy":"product_brand","embeddable":true,"href":"https:\/\/agrogargallo.com\/gl\/wp-json\/wp\/v2\/product_brand?post=1849"},{"taxonomy":"product_cat","embeddable":true,"href":"https:\/\/agrogargallo.com\/gl\/wp-json\/wp\/v2\/product_cat?post=1849"},{"taxonomy":"product_tag","embeddable":true,"href":"https:\/\/agrogargallo.com\/gl\/wp-json\/wp\/v2\/product_tag?post=1849"}],"curies":[{"name":"wp","href":"https:\/\/api.w.org\/{rel}","templated":true}]}}