{"id":1815,"date":"2025-04-26T13:02:25","date_gmt":"2025-04-26T11:02:25","guid":{"rendered":"https:\/\/agrogargallo.com\/?post_type=product&#038;p=1815"},"modified":"2026-03-26T19:45:42","modified_gmt":"2026-03-26T18:45:42","slug":"fungicida-natural-septum","status":"publish","type":"product","link":"https:\/\/agrogargallo.com\/gl\/producto\/fungicida-natural-septum","title":{"rendered":"Fungicida natural &#8211; SEPTUM &#8211; Formato 90ml o 500ml"},"content":{"rendered":"<p class=\"\" data-start=\"544\" data-end=\"663\"><span class=\"relative -mx-px my-[-0.2rem] rounded px-px py-[0.2rem] transition-colors duration-100 ease-in-out\">Desarrollado por <strong data-start=\"17\" data-end=\"28\">Seipasa<\/strong>, <strong data-start=\"30\" data-end=\"41\">Septum\u00ae<\/strong> es un formulado biol\u00f3gico l\u00edquido (SC) que combina flavonoides, saponinas y \u00e1cido sil\u00edcico, proporcionando una acci\u00f3n sin\u00e9rgica contra una amplia gama de hongos pat\u00f3genos.<\/span> <span class=\"relative -mx-px my-[-0.2rem] rounded px-px py-[0.2rem] transition-colors duration-100 ease-in-out\">Act\u00faa deshidratando los tejidos f\u00fangicos e interrumpiendo la esporulaci\u00f3n, mientras estimula los mecanismos de defensa de la planta, reforzando sus estructuras celulares.<\/span><\/p>\n<p class=\"\" data-start=\"665\" data-end=\"746\"><span class=\"relative -mx-px my-[-0.2rem] rounded px-px py-[0.2rem] transition-colors duration-100 ease-in-out\">Este <strong data-start=\"5\" data-end=\"26\">fungicida natural<\/strong> es ideal para estrategias de Gesti\u00f3n Integrada de Plagas (GIP) y es compatible con programas de agricultura ecol\u00f3gica, al estar libre de residuos y no presentar l\u00edmites m\u00e1ximos de residuos (LMR).<\/span><\/p>\n<h2 data-start=\"753\" data-end=\"790\">\u2705 <strong data-start=\"759\" data-end=\"790\">Caracter\u00edsticas principales del fungicida natural Septum:<\/strong><\/h2>\n<ul data-start=\"792\" data-end=\"1268\">\n<li class=\"\" data-start=\"792\" data-end=\"853\">\n<p class=\"\" data-start=\"794\" data-end=\"853\">\ud83e\uddea <strong data-start=\"797\" data-end=\"812\">Composici\u00f3n<\/strong>: <span class=\"relative -mx-px my-[-0.2rem] rounded px-px py-[0.2rem] bg-[#FCECC1] dark:bg-[#64572A] transition-colors duration-100 ease-in-out\">Extracto de <em data-start=\"12\" data-end=\"31\">Equisetum arvense<\/em> (cola de caballo)<\/span><\/p>\n<\/li>\n<li class=\"\" data-start=\"854\" data-end=\"910\">\n<p class=\"\" data-start=\"856\" data-end=\"910\">\ud83c\udf31 <strong data-start=\"859\" data-end=\"869\">Acci\u00f3n<\/strong>: <span class=\"relative -mx-px my-[-0.2rem] rounded px-px py-[0.2rem] transition-colors duration-100 ease-in-out\">Preventiva y curativa<\/span><\/p>\n<\/li>\n<li class=\"\" data-start=\"911\" data-end=\"968\">\n<p class=\"\" data-start=\"913\" data-end=\"968\">\ud83d\udee1\ufe0f <strong data-start=\"917\" data-end=\"927\">Efecto<\/strong>: <span class=\"relative -mx-px my-[-0.2rem] rounded px-px py-[0.2rem] transition-colors duration-100 ease-in-out\">Fungicida de amplio espectro<\/span><\/p>\n<\/li>\n<li class=\"\" data-start=\"969\" data-end=\"1026\">\n<p class=\"\" data-start=\"971\" data-end=\"1026\">\u267b\ufe0f <strong data-start=\"974\" data-end=\"985\">Residuo<\/strong>: <span class=\"relative -mx-px my-[-0.2rem] rounded px-px py-[0.2rem] transition-colors duration-100 ease-in-out\">Sin residuos, no aplica LMR<\/span><\/p>\n<\/li>\n<li class=\"\" data-start=\"1027\" data-end=\"1090\">\n<p class=\"\" data-start=\"1029\" data-end=\"1090\">\ud83c\udf3f <strong data-start=\"1032\" data-end=\"1049\">Certificaci\u00f3n<\/strong>: <span class=\"relative -mx-px my-[-0.2rem] rounded px-px py-[0.2rem] transition-colors duration-100 ease-in-out\">Apto para agricultura ecol\u00f3gica seg\u00fan R (UE) 2018\/848<\/span><\/p>\n<\/li>\n<li class=\"\" data-start=\"1091\" data-end=\"1151\">\n<p class=\"\" data-start=\"1093\" data-end=\"1151\">\ud83d\udca7 <strong data-start=\"1096\" data-end=\"1110\">Aplicaci\u00f3n<\/strong>: <span class=\"relative -mx-px my-[-0.2rem] rounded px-px py-[0.2rem] transition-colors duration-100 ease-in-out\">Pulverizaci\u00f3n foliar<\/span><\/p>\n<\/li>\n<li class=\"\" data-start=\"1152\" data-end=\"1268\">\n<p class=\"\" data-start=\"1154\" data-end=\"1268\">\ud83d\udce6 <strong data-start=\"1157\" data-end=\"1181\">Formatos disponibles<\/strong>: <span class=\"relative -mx-px my-[-0.2rem] rounded px-px py-[0.2rem] transition-colors duration-100 ease-in-out\">250 ml y 500 ml<\/span><\/p>\n<\/li>\n<\/ul>\n<p>&nbsp;<\/p>\n<h2 data-start=\"1275\" data-end=\"1307\">\ud83c\udf1f <strong data-start=\"1282\" data-end=\"1307\">Ventajas del producto<\/strong><\/h2>\n<ul data-start=\"1309\" data-end=\"1624\">\n<li class=\"\" data-start=\"1309\" data-end=\"1353\">\n<p class=\"\" data-start=\"1311\" data-end=\"1353\">\u2714\ufe0f <span class=\"relative -mx-px my-[-0.2rem] rounded px-px py-[0.2rem] transition-colors duration-100 ease-in-out\">Eficaz contra mildiu, o\u00eddio, botrytis, alternaria, septoria, abolladura y phytophthora<\/span><\/p>\n<\/li>\n<li class=\"\" data-start=\"1354\" data-end=\"1398\">\n<p class=\"\" data-start=\"1356\" data-end=\"1398\">\u2714\ufe0f <span class=\"relative -mx-px my-[-0.2rem] rounded px-px py-[0.2rem] transition-colors duration-100 ease-in-out\">Estimula las defensas naturales de las plantas<\/span><\/p>\n<\/li>\n<li class=\"\" data-start=\"1399\" data-end=\"1443\">\n<p class=\"\" data-start=\"1401\" data-end=\"1443\">\u2714\ufe0f <span class=\"relative -mx-px my-[-0.2rem] rounded px-px py-[0.2rem] transition-colors duration-100 ease-in-out\">No deja residuos en los cultivos<\/span><\/p>\n<\/li>\n<li class=\"\" data-start=\"1444\" data-end=\"1488\">\n<p class=\"\" data-start=\"1446\" data-end=\"1488\">\u2714\ufe0f <span class=\"relative -mx-px my-[-0.2rem] rounded px-px py-[0.2rem] transition-colors duration-100 ease-in-out\">Compatible con programas de agricultura ecol\u00f3gica<\/span><\/p>\n<\/li>\n<li class=\"\" data-start=\"1489\" data-end=\"1533\">\n<p class=\"\" data-start=\"1491\" data-end=\"1533\">\u2714\ufe0f <span class=\"relative -mx-px my-[-0.2rem] rounded px-px py-[0.2rem] transition-colors duration-100 ease-in-out\">Previene la aparici\u00f3n de resistencias<\/span><\/p>\n<\/li>\n<li class=\"\" data-start=\"1534\" data-end=\"1624\">\n<p class=\"\" data-start=\"1536\" data-end=\"1624\">\u2714\ufe0f <span class=\"relative -mx-px my-[-0.2rem] rounded px-px py-[0.2rem] transition-colors duration-100 ease-in-out\">No obstruye boquillas ni fermenta<\/span><\/p>\n<\/li>\n<\/ul>\n<p>&nbsp;<\/p>\n<h2 data-start=\"1631\" data-end=\"1653\">\ud83e\uddea <strong data-start=\"1638\" data-end=\"1653\">Modo de uso<\/strong><\/h2>\n<ol data-start=\"1655\" data-end=\"1872\">\n<li class=\"\" data-start=\"1655\" data-end=\"1708\">\n<p class=\"\" data-start=\"1658\" data-end=\"1708\"><strong data-start=\"1658\" data-end=\"1667\">Dosis<\/strong>: <span class=\"relative -mx-px my-[-0.2rem] rounded px-px py-[0.2rem] transition-colors duration-100 ease-in-out\">20-40 ml por cada 10 litros de agua<\/span><\/p>\n<\/li>\n<li class=\"\" data-start=\"1709\" data-end=\"1767\">\n<p class=\"\" data-start=\"1712\" data-end=\"1767\"><strong data-start=\"1712\" data-end=\"1726\">Aplicaci\u00f3n<\/strong>: <span class=\"relative -mx-px my-[-0.2rem] rounded px-px py-[0.2rem] transition-colors duration-100 ease-in-out\">Pulverizar uniformemente sobre el follaje de las plantas<\/span><\/p>\n<\/li>\n<li class=\"\" data-start=\"1768\" data-end=\"1872\">\n<p class=\"\" data-start=\"1771\" data-end=\"1872\"><strong data-start=\"1771\" data-end=\"1785\">Frecuencia<\/strong>: <span class=\"relative -mx-px my-[-0.2rem] rounded px-px py-[0.2rem] transition-colors duration-100 ease-in-out\">Aplicar cada 7-10 d\u00edas de forma preventiva o al observar los primeros s\u00edntomas de enfermedad<\/span><\/p>\n<\/li>\n<\/ol>\n<p>&nbsp;<\/p>\n<h3 class=\"\" data-start=\"1879\" data-end=\"1902\">\ud83d\udca1 <strong data-start=\"1886\" data-end=\"1902\">Consejo Agrogargallo:<\/strong><\/h3>\n<p class=\"\" data-start=\"1904\" data-end=\"2029\"><span class=\"relative -mx-px my-[-0.2rem] rounded px-px py-[0.2rem] transition-colors duration-100 ease-in-out\">Para obtener los mejores resultados, aplica el <strong>fungicida natural Septum<\/strong>\u00a0durante las primeras horas de la ma\u00f1ana o al atardecer, evitando las horas de m\u00e1xima insolaci\u00f3n.<\/span> <span class=\"relative -mx-px my-[-0.2rem] rounded px-px py-[0.2rem] transition-colors duration-100 ease-in-out\">Esto asegura una mejor absorci\u00f3n y eficacia del tratamiento.<\/span><\/p>\n","protected":false},"excerpt":{"rendered":"<p><span class=\"relative -mx-px my-[-0.2rem] rounded px-px py-[0.2rem] transition-colors duration-100 ease-in-out\"><strong data-start=\"0\" data-end=\"11\" data-is-only-node=\"\">Septum<\/strong>\u00a0es un <strong data-start=\"18\" data-end=\"39\">fungicida natural<\/strong> de amplio espectro, formulado a partir de extracto de <em data-start=\"94\" data-end=\"113\">Equisetum arvense<\/em>, que ofrece una acci\u00f3n tanto <strong data-start=\"143\" data-end=\"157\">preventiva<\/strong> como <strong data-start=\"163\" data-end=\"175\">curativa<\/strong> contra enfermedades f\u00fangicas como mildiu, o\u00eddio, botrytis, alternaria, septoria y phytophthora.<\/span> <span class=\"relative -mx-px my-[-0.2rem] rounded px-px py-[0.2rem] transition-colors duration-100 ease-in-out\">Apto para agricultura ecol\u00f3gica, es una soluci\u00f3n sin residuos que fortalece las defensas naturales de las plantas.<\/span>\u200b<\/p>\n","protected":false},"featured_media":1818,"template":"","meta":{"_acf_changed":false,"_joinchat":[]},"product_brand":[],"product_cat":[26,81,358,114],"product_tag":[],"class_list":{"0":"post-1815","1":"product","2":"type-product","3":"status-publish","4":"has-post-thumbnail","6":"product_cat-agrogargallo","7":"product_cat-campo-y-huerto","8":"product_cat-fungicidas-y-herbicidas","9":"product_cat-insecticidas-y-antiplagas","11":"first","12":"instock","13":"taxable","14":"shipping-taxable","15":"purchasable","16":"product-type-variable"},"acf":[],"_links":{"self":[{"href":"https:\/\/agrogargallo.com\/gl\/wp-json\/wp\/v2\/product\/1815","targetHints":{"allow":["GET"]}}],"collection":[{"href":"https:\/\/agrogargallo.com\/gl\/wp-json\/wp\/v2\/product"}],"about":[{"href":"https:\/\/agrogargallo.com\/gl\/wp-json\/wp\/v2\/types\/product"}],"wp:featuredmedia":[{"embeddable":true,"href":"https:\/\/agrogargallo.com\/gl\/wp-json\/wp\/v2\/media\/1818"}],"wp:attachment":[{"href":"https:\/\/agrogargallo.com\/gl\/wp-json\/wp\/v2\/media?parent=1815"}],"wp:term":[{"taxonomy":"product_brand","embeddable":true,"href":"https:\/\/agrogargallo.com\/gl\/wp-json\/wp\/v2\/product_brand?post=1815"},{"taxonomy":"product_cat","embeddable":true,"href":"https:\/\/agrogargallo.com\/gl\/wp-json\/wp\/v2\/product_cat?post=1815"},{"taxonomy":"product_tag","embeddable":true,"href":"https:\/\/agrogargallo.com\/gl\/wp-json\/wp\/v2\/product_tag?post=1815"}],"curies":[{"name":"wp","href":"https:\/\/api.w.org\/{rel}","templated":true}]}}