{"id":1758,"date":"2025-04-14T20:21:06","date_gmt":"2025-04-14T18:21:06","guid":{"rendered":"https:\/\/agrogargallo.com\/?post_type=product&#038;p=1758"},"modified":"2025-04-14T20:26:21","modified_gmt":"2025-04-14T18:26:21","slug":"desecal-algas-marinas-patatas-sin-brotes","status":"publish","type":"product","link":"https:\/\/agrogargallo.com\/gl\/producto\/desecal-algas-marinas-patatas-sin-brotes","title":{"rendered":"DESECAL &#8211; Flower Huerta &#8211; Algas marinas rojas para patatas sin brotes"},"content":{"rendered":"<p class=\"\" data-start=\"548\" data-end=\"927\">El <strong data-start=\"551\" data-end=\"562\">Desecal<\/strong> est\u00e1 formulado con algas marinas rojas fosilizadas que act\u00faan como un inhibidor natural del brote en tub\u00e9rculos, especialmente patatas. Al aplicar este producto durante el proceso de siembra o almacenamiento, se forma una barrera f\u00edsica y qu\u00edmica que bloquea el desarrollo de brotes no deseados, manteniendo la calidad del tub\u00e9rculo y favoreciendo su conservaci\u00f3n.<\/p>\n<p class=\"\" data-start=\"929\" data-end=\"1092\">Producto 100 % natural, ideal para agricultores, horticultores y huertos urbanos que buscan una alternativa ecol\u00f3gica y eficaz para obtener <strong data-start=\"1069\" data-end=\"1091\">patatas sin brotes<\/strong>.<\/p>\n<h2 data-start=\"1099\" data-end=\"1136\">\u2705 <strong data-start=\"1105\" data-end=\"1136\">Caracter\u00edsticas principales de Desecal para patatas sin brotes<\/strong><\/h2>\n<ul data-start=\"1138\" data-end=\"1440\">\n<li class=\"\" data-start=\"1138\" data-end=\"1219\">\n<p class=\"\" data-start=\"1140\" data-end=\"1219\">\ud83e\uddea <strong data-start=\"1143\" data-end=\"1159\">Composici\u00f3n:<\/strong> Lithothamnium Calcareum (algas marinas rojas fosilizadas)<\/p>\n<\/li>\n<li class=\"\" data-start=\"1220\" data-end=\"1294\">\n<p class=\"\" data-start=\"1222\" data-end=\"1294\">\ud83e\udd54 <strong data-start=\"1225\" data-end=\"1240\">Aplicaci\u00f3n:<\/strong> Directamente sobre la patata al sembrar o almacenar<\/p>\n<\/li>\n<li class=\"\" data-start=\"1295\" data-end=\"1356\">\n<p class=\"\" data-start=\"1297\" data-end=\"1333\">\ud83d\udce6 <strong data-start=\"1300\" data-end=\"1331\">Presentaciones disponibles:<\/strong><\/p>\n<ul data-start=\"1336\" data-end=\"1356\">\n<li class=\"\" data-start=\"1336\" data-end=\"1344\">\n<p class=\"\" data-start=\"1338\" data-end=\"1344\">1 kg<\/p>\n<\/li>\n<li class=\"\" data-start=\"1347\" data-end=\"1356\">\n<p class=\"\" data-start=\"1349\" data-end=\"1356\">400 g<\/p>\n<\/li>\n<\/ul>\n<\/li>\n<li class=\"\" data-start=\"1357\" data-end=\"1400\">\n<p class=\"\" data-start=\"1359\" data-end=\"1400\">\ud83c\udf31 <strong data-start=\"1362\" data-end=\"1398\">Producto natural y biodegradable<\/strong><\/p>\n<\/li>\n<li class=\"\" data-start=\"1401\" data-end=\"1440\">\n<p class=\"\" data-start=\"1403\" data-end=\"1440\">\ud83d\udeab <strong data-start=\"1406\" data-end=\"1440\">Efecto \u201csin brotes\u201d prolongado<\/strong><\/p>\n<\/li>\n<\/ul>\n<p>&nbsp;<\/p>\n<h2 data-start=\"1447\" data-end=\"1479\">\ud83c\udf1f <strong data-start=\"1454\" data-end=\"1479\">Ventajas del producto<\/strong><\/h2>\n<ul data-start=\"1481\" data-end=\"1735\">\n<li class=\"\" data-start=\"1481\" data-end=\"1531\">\n<p class=\"\" data-start=\"1483\" data-end=\"1531\">\u2714\ufe0f Controla eficazmente la aparici\u00f3n de brotes<\/p>\n<\/li>\n<li class=\"\" data-start=\"1532\" data-end=\"1587\">\n<p class=\"\" data-start=\"1534\" data-end=\"1587\">\u2714\ufe0f Prolonga la vida \u00fatil de las patatas almacenadas<\/p>\n<\/li>\n<li class=\"\" data-start=\"1588\" data-end=\"1641\">\n<p class=\"\" data-start=\"1590\" data-end=\"1641\">\u2714\ufe0f Mejora la sanidad y el rendimiento del cultivo<\/p>\n<\/li>\n<li class=\"\" data-start=\"1642\" data-end=\"1693\">\n<p class=\"\" data-start=\"1644\" data-end=\"1693\">\u2714\ufe0f Sustituto ecol\u00f3gico de tratamientos qu\u00edmicos<\/p>\n<\/li>\n<li class=\"\" data-start=\"1694\" data-end=\"1735\">\n<p class=\"\" data-start=\"1696\" data-end=\"1735\">\u2714\ufe0f Apto para agricultura ecol\u00f3gica \ud83c\udf3f<\/p>\n<\/li>\n<\/ul>\n<p>&nbsp;<\/p>\n<h2 data-start=\"1742\" data-end=\"1767\">\ud83e\uddd1\u200d\ud83c\udf3e <strong data-start=\"1752\" data-end=\"1767\">Modo de uso<\/strong><\/h2>\n<ol data-start=\"1769\" data-end=\"1961\">\n<li class=\"\" data-start=\"1769\" data-end=\"1858\">\n<p class=\"\" data-start=\"1772\" data-end=\"1858\">Espolvorear directamente sobre las patatas en el momento de la siembra o almacenaje.<\/p>\n<\/li>\n<li class=\"\" data-start=\"1859\" data-end=\"1921\">\n<p class=\"\" data-start=\"1862\" data-end=\"1921\">Asegurar una cobertura homog\u00e9nea para mejores resultados.<\/p>\n<\/li>\n<li class=\"\" data-start=\"1922\" data-end=\"1961\">\n<p class=\"\" data-start=\"1925\" data-end=\"1961\">No necesita mezclas ni diluciones.<\/p>\n<\/li>\n<\/ol>\n<p>&nbsp;<\/p>\n<h2 data-start=\"1968\" data-end=\"1996\">\ud83d\udd0d <strong data-start=\"1975\" data-end=\"1996\">Recomendado para:<\/strong><\/h2>\n<ul data-start=\"1998\" data-end=\"2192\">\n<li class=\"\" data-start=\"1998\" data-end=\"2066\">\n<p class=\"\" data-start=\"2000\" data-end=\"2066\">Agricultores que buscan <strong data-start=\"2024\" data-end=\"2046\">patatas sin brotes<\/strong> desde la siembra.<\/p>\n<\/li>\n<li class=\"\" data-start=\"2067\" data-end=\"2131\">\n<p class=\"\" data-start=\"2069\" data-end=\"2131\">Conservaci\u00f3n de patatas en c\u00e1maras o espacios de almacenaje.<\/p>\n<\/li>\n<li class=\"\" data-start=\"2132\" data-end=\"2192\">\n<p class=\"\" data-start=\"2134\" data-end=\"2192\">Cultivos ecol\u00f3gicos o tradicionales con enfoque natural.<\/p>\n<\/li>\n<\/ul>\n","protected":false},"excerpt":{"rendered":"<p><strong data-start=\"196\" data-end=\"207\">Desecal<\/strong> de Flower Huerta es un producto natural a base de algas marinas rojas fosilizadas (Lithothamnium Calcareum), dise\u00f1ado espec\u00edficamente para evitar la aparici\u00f3n de brotes en las patatas sembradas o almacenadas. Una soluci\u00f3n eficaz y respetuosa con el medio ambiente para lograr <strong data-start=\"484\" data-end=\"506\">patatas sin brotes<\/strong>.<\/p>\n","protected":false},"featured_media":1761,"template":"","meta":{"_acf_changed":false,"_joinchat":[]},"product_brand":[],"product_cat":[26,113,81,491,344,118],"product_tag":[],"class_list":{"0":"post-1758","1":"product","2":"type-product","3":"status-publish","4":"has-post-thumbnail","6":"product_cat-agrogargallo","7":"product_cat-abonos-y-fertilizantes","8":"product_cat-campo-y-huerto","9":"product_cat-herbicidas","10":"product_cat-abonos-para-huerto","11":"product_cat-pulverizadores-y-espolvoreadores","13":"first","14":"instock","15":"taxable","16":"shipping-taxable","17":"purchasable","18":"product-type-variable"},"acf":[],"_links":{"self":[{"href":"https:\/\/agrogargallo.com\/gl\/wp-json\/wp\/v2\/product\/1758","targetHints":{"allow":["GET"]}}],"collection":[{"href":"https:\/\/agrogargallo.com\/gl\/wp-json\/wp\/v2\/product"}],"about":[{"href":"https:\/\/agrogargallo.com\/gl\/wp-json\/wp\/v2\/types\/product"}],"wp:featuredmedia":[{"embeddable":true,"href":"https:\/\/agrogargallo.com\/gl\/wp-json\/wp\/v2\/media\/1761"}],"wp:attachment":[{"href":"https:\/\/agrogargallo.com\/gl\/wp-json\/wp\/v2\/media?parent=1758"}],"wp:term":[{"taxonomy":"product_brand","embeddable":true,"href":"https:\/\/agrogargallo.com\/gl\/wp-json\/wp\/v2\/product_brand?post=1758"},{"taxonomy":"product_cat","embeddable":true,"href":"https:\/\/agrogargallo.com\/gl\/wp-json\/wp\/v2\/product_cat?post=1758"},{"taxonomy":"product_tag","embeddable":true,"href":"https:\/\/agrogargallo.com\/gl\/wp-json\/wp\/v2\/product_tag?post=1758"}],"curies":[{"name":"wp","href":"https:\/\/api.w.org\/{rel}","templated":true}]}}