{"id":1753,"date":"2025-04-12T14:29:07","date_gmt":"2025-04-12T12:29:07","guid":{"rendered":"https:\/\/agrogargallo.com\/?post_type=product&#038;p=1753"},"modified":"2025-04-12T14:29:07","modified_gmt":"2025-04-12T12:29:07","slug":"cordon-para-atar-plantas-y-frutales","status":"publish","type":"product","link":"https:\/\/agrogargallo.com\/gl\/producto\/cordon-para-atar-plantas-y-frutales","title":{"rendered":"CORD\u00d3N PARA ATAR PLANTAS Y FRUTALES &#8211; Tipo macarr\u00f3n &#8211; 2m x 3mm"},"content":{"rendered":"<p class=\"\" data-start=\"489\" data-end=\"731\">El <strong data-start=\"492\" data-end=\"515\">cord\u00f3n para atar plantas y frutales<\/strong> que te presentamos es un modelo de tipo macarr\u00f3n, elaborado en pl\u00e1stico flexible de gran resistencia. Con una longitud de 2 metros y 3 mm de grosor, es perfecto para asegurar plantas sin cortarlas ni estrangularlas.<\/p>\n<p class=\"\" data-start=\"733\" data-end=\"967\">Se adapta f\u00e1cilmente al tallo y permite un amarre firme pero delicado, ideal para flores, frutales, arbustos o trepadoras. A pesar de no contar con marca comercial, cumple con los est\u00e1ndares b\u00e1sicos para cualquier tarea de jardiner\u00eda.<\/p>\n<p data-start=\"733\" data-end=\"967\">\n<h2 data-start=\"974\" data-end=\"1011\">\u2705 <strong data-start=\"980\" data-end=\"1011\">Caracter\u00edsticas principales del cord\u00f3n para atar plantas y frutales:<\/strong><\/h2>\n<ul data-start=\"1013\" data-end=\"1240\">\n<li class=\"\" data-start=\"1013\" data-end=\"1043\">\n<p class=\"\" data-start=\"1015\" data-end=\"1043\">\ud83d\udccf <strong data-start=\"1018\" data-end=\"1031\">Longitud:<\/strong> 2 metros.<\/p>\n<\/li>\n<li class=\"\" data-start=\"1044\" data-end=\"1070\">\n<p class=\"\" data-start=\"1046\" data-end=\"1070\">\ud83d\udcd0 <strong data-start=\"1049\" data-end=\"1062\">Di\u00e1metro:<\/strong> 3 mm.<\/p>\n<\/li>\n<li class=\"\" data-start=\"1071\" data-end=\"1094\">\n<p class=\"\" data-start=\"1073\" data-end=\"1094\">\u26ab <strong data-start=\"1075\" data-end=\"1085\">Color:<\/strong> Negro.<\/p>\n<\/li>\n<li class=\"\" data-start=\"1095\" data-end=\"1142\">\n<p class=\"\" data-start=\"1097\" data-end=\"1142\">\ud83e\uddf0 <strong data-start=\"1100\" data-end=\"1109\">Tipo:<\/strong> Cord\u00f3n pl\u00e1stico tipo macarr\u00f3n.<\/p>\n<\/li>\n<li class=\"\" data-start=\"1143\" data-end=\"1201\">\n<p class=\"\" data-start=\"1145\" data-end=\"1201\">\ud83e\uddd1\u200d\ud83c\udf3e <strong data-start=\"1151\" data-end=\"1159\">Uso:<\/strong> Jardiner\u00eda, huerto, agricultura urbana.<\/p>\n<\/li>\n<li class=\"\" data-start=\"1202\" data-end=\"1240\">\n<p class=\"\" data-start=\"1204\" data-end=\"1240\">\u274c <strong data-start=\"1206\" data-end=\"1216\">Marca:<\/strong> Gen\u00e9rica (sin marca).<\/p>\n<\/li>\n<\/ul>\n<p>&nbsp;<\/p>\n<h2 data-start=\"1247\" data-end=\"1279\">\ud83c\udf1f <strong data-start=\"1254\" data-end=\"1279\">Ventajas del producto<\/strong><\/h2>\n<ul data-start=\"1281\" data-end=\"1456\">\n<li class=\"\" data-start=\"1281\" data-end=\"1308\">\n<p class=\"\" data-start=\"1283\" data-end=\"1308\">\u2714\ufe0f Flexible y duradero.<\/p>\n<\/li>\n<li class=\"\" data-start=\"1309\" data-end=\"1342\">\n<p class=\"\" data-start=\"1311\" data-end=\"1342\">\u2714\ufe0f F\u00e1cil de cortar y manejar.<\/p>\n<\/li>\n<li class=\"\" data-start=\"1343\" data-end=\"1376\">\n<p class=\"\" data-start=\"1345\" data-end=\"1376\">\u2714\ufe0f No da\u00f1a el tejido vegetal.<\/p>\n<\/li>\n<li class=\"\" data-start=\"1377\" data-end=\"1423\">\n<p class=\"\" data-start=\"1379\" data-end=\"1423\">\u2714\ufe0f Ideal para plantas delicadas o j\u00f3venes.<\/p>\n<\/li>\n<li class=\"\" data-start=\"1424\" data-end=\"1456\">\n<p class=\"\" data-start=\"1426\" data-end=\"1456\">\u2714\ufe0f Econ\u00f3mico y reutilizable.<\/p>\n<\/li>\n<\/ul>\n<p data-start=\"733\" data-end=\"967\">\n<h2 data-start=\"1463\" data-end=\"1491\">\ud83e\udeb4 <strong data-start=\"1470\" data-end=\"1491\">Usos recomendados<\/strong><\/h2>\n<ul data-start=\"1493\" data-end=\"1671\">\n<li class=\"\" data-start=\"1493\" data-end=\"1536\">\n<p class=\"\" data-start=\"1495\" data-end=\"1536\">Atar plantas ornamentales o trepadoras.<\/p>\n<\/li>\n<li class=\"\" data-start=\"1537\" data-end=\"1582\">\n<p class=\"\" data-start=\"1539\" data-end=\"1582\">Sujeci\u00f3n de tallos en macetas o bancales.<\/p>\n<\/li>\n<li class=\"\" data-start=\"1583\" data-end=\"1621\">\n<p class=\"\" data-start=\"1585\" data-end=\"1621\">Gu\u00eda de ramas en frutales j\u00f3venes.<\/p>\n<\/li>\n<li class=\"\" data-start=\"1622\" data-end=\"1671\">\n<p class=\"\" data-start=\"1624\" data-end=\"1671\">Tareas b\u00e1sicas de mantenimiento en el jard\u00edn.<\/p>\n<\/li>\n<\/ul>\n<p>&nbsp;<\/p>\n<h3 class=\"\" data-start=\"1678\" data-end=\"1694\">\ud83d\udca1 Consejo de Agrogargallo<\/h3>\n<p class=\"\" data-start=\"1696\" data-end=\"1883\">Lleva siempre un peque\u00f1o rollo de este <strong data-start=\"1735\" data-end=\"1758\">cord\u00f3n para atar plantas<\/strong> en tu kit de herramientas: es ideal para arreglos r\u00e1pidos, entutorados temporales o fijaciones en condiciones cambiantes. \ud83c\udf31<\/p>\n<p>&nbsp;<\/p>\n","protected":false},"excerpt":{"rendered":"<p>Este <strong data-start=\"199\" data-end=\"227\">cord\u00f3n para atar plantas y frutales<\/strong>\u00a0tipo macarr\u00f3n es ideal para sujetar tallos, ramas y guiar el crecimiento de tus cultivos sin da\u00f1arlos. Pr\u00e1ctico, resistente y f\u00e1cil de usar, perfecto para trabajos de jardiner\u00eda dom\u00e9stica o tareas puntuales en el huerto.<\/p>\n","protected":false},"featured_media":1754,"template":"","meta":{"_acf_changed":false,"_joinchat":[]},"product_brand":[],"product_cat":[26,394,81,121,117,82],"product_tag":[],"class_list":{"0":"post-1753","1":"product","2":"type-product","3":"status-publish","4":"has-post-thumbnail","6":"product_cat-agrogargallo","7":"product_cat-accesorios-de-riego","8":"product_cat-campo-y-huerto","9":"product_cat-cocina-y-jardin","10":"product_cat-herramientas-y-accesorios-para-el-huerto","11":"product_cat-jardin-y-terraza","13":"first","14":"instock","15":"taxable","16":"shipping-taxable","17":"purchasable","18":"product-type-simple"},"acf":[],"_links":{"self":[{"href":"https:\/\/agrogargallo.com\/gl\/wp-json\/wp\/v2\/product\/1753","targetHints":{"allow":["GET"]}}],"collection":[{"href":"https:\/\/agrogargallo.com\/gl\/wp-json\/wp\/v2\/product"}],"about":[{"href":"https:\/\/agrogargallo.com\/gl\/wp-json\/wp\/v2\/types\/product"}],"wp:featuredmedia":[{"embeddable":true,"href":"https:\/\/agrogargallo.com\/gl\/wp-json\/wp\/v2\/media\/1754"}],"wp:attachment":[{"href":"https:\/\/agrogargallo.com\/gl\/wp-json\/wp\/v2\/media?parent=1753"}],"wp:term":[{"taxonomy":"product_brand","embeddable":true,"href":"https:\/\/agrogargallo.com\/gl\/wp-json\/wp\/v2\/product_brand?post=1753"},{"taxonomy":"product_cat","embeddable":true,"href":"https:\/\/agrogargallo.com\/gl\/wp-json\/wp\/v2\/product_cat?post=1753"},{"taxonomy":"product_tag","embeddable":true,"href":"https:\/\/agrogargallo.com\/gl\/wp-json\/wp\/v2\/product_tag?post=1753"}],"curies":[{"name":"wp","href":"https:\/\/api.w.org\/{rel}","templated":true}]}}