{"id":1746,"date":"2025-04-12T14:10:20","date_gmt":"2025-04-12T12:10:20","guid":{"rendered":"https:\/\/agrogargallo.com\/?post_type=product&#038;p=1746"},"modified":"2025-08-25T20:12:17","modified_gmt":"2025-08-25T18:12:17","slug":"cuerda-atar-frutales-macarron-valfe","status":"publish","type":"product","link":"https:\/\/agrogargallo.com\/gl\/producto\/cuerda-atar-frutales-macarron-valfe","title":{"rendered":"CUERDA ATAR FRUTALES TIPO MACARR\u00d3N &#8211; Valfe &#8211; 180m x 1,5mm"},"content":{"rendered":"<p class=\"\" data-start=\"586\" data-end=\"933\">La <strong data-start=\"589\" data-end=\"632\">cuerda tipo macarr\u00f3n para atar frutales<\/strong> est\u00e1 fabricada en un material pl\u00e1stico flexible y resistente, ideal para su uso en agricultura, jardiner\u00eda y horticultura. Con un di\u00e1metro de 2,5 mm y una longitud de 180 metros, esta cuerda permite realizar m\u00faltiples ataduras sin da\u00f1ar las ramas ni los tallos, gracias a su dise\u00f1o suave y adaptable.<\/p>\n<p class=\"\" data-start=\"935\" data-end=\"1105\">Es especialmente \u00fatil para el <strong data-start=\"965\" data-end=\"991\">entutorado de frutales<\/strong> (como manzanos, perales, cerezos, etc.), la sujeci\u00f3n de plantas en espaldera, o incluso para trabajos en vi\u00f1edos.<\/p>\n<p data-start=\"1037\" data-end=\"1182\">\n<h2 data-start=\"1112\" data-end=\"1170\">\u2705 <strong data-start=\"1118\" data-end=\"1170\">Caracter\u00edsticas de la cuerda atar frutales VALFE:<\/strong><\/h2>\n<ul data-start=\"1172\" data-end=\"1441\">\n<li class=\"\" data-start=\"1172\" data-end=\"1204\">\n<p class=\"\" data-start=\"1174\" data-end=\"1204\">\ud83d\udccf <strong data-start=\"1177\" data-end=\"1190\">Longitud:<\/strong> 180 metros.<\/p>\n<\/li>\n<li class=\"\" data-start=\"1205\" data-end=\"1233\">\n<p class=\"\" data-start=\"1207\" data-end=\"1233\">\ud83d\udcd0 <strong data-start=\"1210\" data-end=\"1223\">Di\u00e1metro:<\/strong> 2,5 mm.<\/p>\n<\/li>\n<li class=\"\" data-start=\"1234\" data-end=\"1257\">\n<p class=\"\" data-start=\"1236\" data-end=\"1257\">\u26ab <strong data-start=\"1238\" data-end=\"1248\">Color:<\/strong> Negro.<\/p>\n<\/li>\n<li class=\"\" data-start=\"1258\" data-end=\"1325\">\n<p class=\"\" data-start=\"1260\" data-end=\"1325\">\ud83d\udd01 <strong data-start=\"1263\" data-end=\"1276\">Material:<\/strong> Pl\u00e1stico tipo macarr\u00f3n, flexible y resistente.<\/p>\n<\/li>\n<li class=\"\" data-start=\"1326\" data-end=\"1359\">\n<p class=\"\" data-start=\"1328\" data-end=\"1359\">\ud83c\udf33 <strong data-start=\"1331\" data-end=\"1357\">Uso agr\u00edcola y frutal.<\/strong><\/p>\n<\/li>\n<li class=\"\" data-start=\"1360\" data-end=\"1413\">\n<p class=\"\" data-start=\"1362\" data-end=\"1413\">\ud83d\udd29 <strong data-start=\"1365\" data-end=\"1411\">Reutilizable y resistente a la intemperie.<\/strong><\/p>\n<\/li>\n<li class=\"\" data-start=\"1414\" data-end=\"1441\">\n<p class=\"\" data-start=\"1416\" data-end=\"1441\">\ud83e\uddd1\u200d\ud83c\udf3e <strong data-start=\"1422\" data-end=\"1432\">Marca:<\/strong> VALFE.<\/p>\n<\/li>\n<\/ul>\n<p>&nbsp;<\/p>\n<h2 data-start=\"1448\" data-end=\"1479\">\ud83c\udf1f <strong data-start=\"1455\" data-end=\"1479\">Ventajas principales<\/strong><\/h2>\n<ul data-start=\"1481\" data-end=\"1722\">\n<li class=\"\" data-start=\"1481\" data-end=\"1540\">\n<p class=\"\" data-start=\"1483\" data-end=\"1540\">\u2714\ufe0f No da\u00f1a los tallos ni ramas gracias a su flexibilidad.<\/p>\n<\/li>\n<li class=\"\" data-start=\"1541\" data-end=\"1585\">\n<p class=\"\" data-start=\"1543\" data-end=\"1585\">\u2714\ufe0f Apta para uso prolongado al aire libre.<\/p>\n<\/li>\n<li class=\"\" data-start=\"1586\" data-end=\"1631\">\n<p class=\"\" data-start=\"1588\" data-end=\"1631\">\u2714\ufe0f Ideal para ataduras seguras y duraderas.<\/p>\n<\/li>\n<li class=\"\" data-start=\"1632\" data-end=\"1673\">\n<p class=\"\" data-start=\"1634\" data-end=\"1673\">\u2714\ufe0f F\u00e1cil de cortar a la medida deseada.<\/p>\n<\/li>\n<li class=\"\" data-start=\"1674\" data-end=\"1722\">\n<p class=\"\" data-start=\"1676\" data-end=\"1722\">\u2714\ufe0f Excelente para uso profesional y dom\u00e9stico.<\/p>\n<\/li>\n<\/ul>\n<p>&nbsp;<\/p>\n<h2 data-start=\"1729\" data-end=\"1765\">\ud83e\udeb4 <strong data-start=\"1736\" data-end=\"1765\">Aplicaciones recomendadas<\/strong><\/h2>\n<ul data-start=\"1767\" data-end=\"1942\">\n<li class=\"\" data-start=\"1767\" data-end=\"1803\">\n<p class=\"\" data-start=\"1769\" data-end=\"1803\">Atado de \u00e1rboles frutales j\u00f3venes.<\/p>\n<\/li>\n<li class=\"\" data-start=\"1804\" data-end=\"1850\">\n<p class=\"\" data-start=\"1806\" data-end=\"1850\">Entutorado de plantas en huertos y jardines.<\/p>\n<\/li>\n<li class=\"\" data-start=\"1851\" data-end=\"1892\">\n<p class=\"\" data-start=\"1853\" data-end=\"1892\">Sujeci\u00f3n de ramas o plantas trepadoras.<\/p>\n<\/li>\n<li class=\"\" data-start=\"1893\" data-end=\"1942\">\n<p class=\"\" data-start=\"1895\" data-end=\"1942\">Organizaci\u00f3n de cultivos en espaldera o mallas.<\/p>\n<\/li>\n<\/ul>\n<p>&nbsp;<\/p>\n<h3 class=\"\" data-start=\"1949\" data-end=\"1975\">\ud83d\udca1 Consejo de Agrogargallo:<\/h3>\n<p class=\"\" data-start=\"1977\" data-end=\"2142\">Para una mayor durabilidad, evita exponer la cuerda constantemente al roce mec\u00e1nico o tensi\u00f3n excesiva. Reutil\u00edzala en varias campa\u00f1as gracias a su alta resistencia.<\/p>\n","protected":false},"excerpt":{"rendered":"<p>La <strong data-start=\"291\" data-end=\"315\">cuerda atar frutales<\/strong> de tipo macarr\u00f3n VALFE es perfecta para sujetar ramas, guiar \u00e1rboles j\u00f3venes o realizar tareas de entutorado en cultivos frutales. Flexible, resistente y reutilizable, es la soluci\u00f3n ideal para trabajos agr\u00edcolas y de jardiner\u00eda.<\/p>\n","protected":false},"featured_media":1747,"template":"","meta":{"_acf_changed":false,"_joinchat":[]},"product_brand":[],"product_cat":[26,81,117,116,82],"product_tag":[],"class_list":{"0":"post-1746","1":"product","2":"type-product","3":"status-publish","4":"has-post-thumbnail","6":"product_cat-agrogargallo","7":"product_cat-campo-y-huerto","8":"product_cat-herramientas-y-accesorios-para-el-huerto","9":"product_cat-invernaderos-y-proteccion-plantas","10":"product_cat-jardin-y-terraza","12":"first","13":"instock","14":"taxable","15":"shipping-taxable","16":"purchasable","17":"product-type-simple"},"acf":[],"_links":{"self":[{"href":"https:\/\/agrogargallo.com\/gl\/wp-json\/wp\/v2\/product\/1746","targetHints":{"allow":["GET"]}}],"collection":[{"href":"https:\/\/agrogargallo.com\/gl\/wp-json\/wp\/v2\/product"}],"about":[{"href":"https:\/\/agrogargallo.com\/gl\/wp-json\/wp\/v2\/types\/product"}],"wp:featuredmedia":[{"embeddable":true,"href":"https:\/\/agrogargallo.com\/gl\/wp-json\/wp\/v2\/media\/1747"}],"wp:attachment":[{"href":"https:\/\/agrogargallo.com\/gl\/wp-json\/wp\/v2\/media?parent=1746"}],"wp:term":[{"taxonomy":"product_brand","embeddable":true,"href":"https:\/\/agrogargallo.com\/gl\/wp-json\/wp\/v2\/product_brand?post=1746"},{"taxonomy":"product_cat","embeddable":true,"href":"https:\/\/agrogargallo.com\/gl\/wp-json\/wp\/v2\/product_cat?post=1746"},{"taxonomy":"product_tag","embeddable":true,"href":"https:\/\/agrogargallo.com\/gl\/wp-json\/wp\/v2\/product_tag?post=1746"}],"curies":[{"name":"wp","href":"https:\/\/api.w.org\/{rel}","templated":true}]}}