{"id":1730,"date":"2025-04-12T13:18:25","date_gmt":"2025-04-12T11:18:25","guid":{"rendered":"https:\/\/agrogargallo.com\/?post_type=product&#038;p=1730"},"modified":"2025-04-12T13:19:46","modified_gmt":"2025-04-12T11:19:46","slug":"fertilizante-para-cactus-masso-garden","status":"publish","type":"product","link":"https:\/\/agrogargallo.com\/gl\/producto\/fertilizante-para-cactus-masso-garden","title":{"rendered":"FERTILIZANTE PARA CACTUS &#8211; Mass\u00f3 Garden &#8211; 350ml"},"content":{"rendered":"<h2 data-start=\"710\" data-end=\"767\">\ud83d\udd0d \u00bfQu\u00e9 es el fertilizante para cactus de Mass\u00f3 Garden?<\/h2>\n<p class=\"\" data-start=\"769\" data-end=\"1134\">El <strong data-start=\"772\" data-end=\"800\">fertilizante para cactus<\/strong> de Mass\u00f3 Garden es un abono l\u00edquido formulado especialmente para satisfacer las necesidades nutricionales de cactus, suculentas y otras plantas crasas \ud83c\udf35. Su composici\u00f3n equilibrada fortalece el sistema radicular, mejora la absorci\u00f3n de agua y nutrientes, y ayuda a prevenir el debilitamiento por sequ\u00eda o cambios de temperatura \ud83c\udf21\ufe0f.<\/p>\n<p class=\"\" data-start=\"1136\" data-end=\"1298\">Gracias a su alta concentraci\u00f3n, con solo una peque\u00f1a dosis puedes obtener hasta <strong data-start=\"1217\" data-end=\"1239\">60 litros de riego<\/strong>, por lo que es una soluci\u00f3n muy duradera y eficiente \ud83e\uddf4\ud83d\udca7.<\/p>\n<h3 data-start=\"1305\" data-end=\"1373\">\u2705 <strong data-start=\"1312\" data-end=\"1373\">Caracter\u00edsticas del fertilizante para cactus de Mass\u00f3 Garden<\/strong><\/h3>\n<ul data-start=\"1375\" data-end=\"1704\">\n<li class=\"\" data-start=\"1375\" data-end=\"1427\">\n<p class=\"\" data-start=\"1377\" data-end=\"1427\">\ud83d\udce6 <strong data-start=\"1380\" data-end=\"1392\">Formato:<\/strong> 350 ml (para hasta 60 L de riego).<\/p>\n<\/li>\n<li class=\"\" data-start=\"1428\" data-end=\"1474\">\n<p class=\"\" data-start=\"1430\" data-end=\"1474\">\ud83e\uddea <strong data-start=\"1433\" data-end=\"1460\">Aplicaci\u00f3n recomendada:<\/strong> cada 15 d\u00edas.<\/p>\n<\/li>\n<li class=\"\" data-start=\"1475\" data-end=\"1523\">\n<p class=\"\" data-start=\"1477\" data-end=\"1523\">\ud83c\udf35 <strong data-start=\"1480\" data-end=\"1523\">Ideal para cactus, crasas y suculentas.<\/strong><\/p>\n<\/li>\n<li class=\"\" data-start=\"1524\" data-end=\"1588\">\n<p class=\"\" data-start=\"1526\" data-end=\"1588\">\ud83d\udc9a <strong data-start=\"1529\" data-end=\"1553\">F\u00f3rmula equilibrada:<\/strong> mejora la resistencia a la sequ\u00eda.<\/p>\n<\/li>\n<li class=\"\" data-start=\"1589\" data-end=\"1651\">\n<p class=\"\" data-start=\"1591\" data-end=\"1651\">\ud83d\udd01 <strong data-start=\"1594\" data-end=\"1614\">Acci\u00f3n continua:<\/strong> nutrici\u00f3n constante durante semanas.<\/p>\n<\/li>\n<li class=\"\" data-start=\"1652\" data-end=\"1704\">\n<p class=\"\" data-start=\"1654\" data-end=\"1704\">\ud83e\uddf4 <strong data-start=\"1657\" data-end=\"1679\">Tapa dosificadora:<\/strong> f\u00e1cil y precisa de usar.<\/p>\n<\/li>\n<\/ul>\n<p>&nbsp;<\/p>\n<h3 data-start=\"1711\" data-end=\"1760\">\ud83c\udf1f <strong data-start=\"1719\" data-end=\"1760\">Ventajas del fertilizante para cactus<\/strong><\/h3>\n<ul data-start=\"1762\" data-end=\"2045\">\n<li class=\"\" data-start=\"1762\" data-end=\"1820\">\n<p class=\"\" data-start=\"1764\" data-end=\"1820\">\u2714\ufe0f Mayor fortaleza y resistencia ante el estr\u00e9s h\u00eddrico.<\/p>\n<\/li>\n<li class=\"\" data-start=\"1821\" data-end=\"1871\">\n<p class=\"\" data-start=\"1823\" data-end=\"1871\">\u2714\ufe0f Estimula un crecimiento saludable y uniforme.<\/p>\n<\/li>\n<li class=\"\" data-start=\"1872\" data-end=\"1928\">\n<p class=\"\" data-start=\"1874\" data-end=\"1928\">\u2714\ufe0f Favorece una floraci\u00f3n m\u00e1s abundante y duradera \ud83c\udf3a.<\/p>\n<\/li>\n<li class=\"\" data-start=\"1929\" data-end=\"1999\">\n<p class=\"\" data-start=\"1931\" data-end=\"1999\">\u2714\ufe0f Alto rendimiento: cada dosis se diluye hasta en 3 litros de agua.<\/p>\n<\/li>\n<li class=\"\" data-start=\"2000\" data-end=\"2045\">\n<p class=\"\" data-start=\"2002\" data-end=\"2045\">\u2714\ufe0f Apto para interior, terraza y jard\u00edn \ud83c\udfe1.<\/p>\n<\/li>\n<\/ul>\n<p>&nbsp;<\/p>\n<h3 data-start=\"2052\" data-end=\"2075\">\ud83e\uddea <strong data-start=\"2060\" data-end=\"2075\">Modo de uso del abono para cactus de Mass\u00f3 Garden:<\/strong><\/h3>\n<ol data-start=\"2077\" data-end=\"2307\">\n<li class=\"\" data-start=\"2077\" data-end=\"2118\">\n<p class=\"\" data-start=\"2080\" data-end=\"2118\">\ud83e\uddf4 Agita bien el envase antes de usar.<\/p>\n<\/li>\n<li class=\"\" data-start=\"2119\" data-end=\"2170\">\n<p class=\"\" data-start=\"2122\" data-end=\"2170\">\ud83e\uddc2 Diluye 5 ml (una tapita) en 3 litros de agua.<\/p>\n<\/li>\n<li class=\"\" data-start=\"2171\" data-end=\"2221\">\n<p class=\"\" data-start=\"2174\" data-end=\"2221\">\ud83d\udca7 Riega tus cactus cada 15 d\u00edas con la mezcla.<\/p>\n<\/li>\n<li class=\"\" data-start=\"2222\" data-end=\"2307\">\n<p class=\"\" data-start=\"2225\" data-end=\"2307\">\ud83d\udcc5 Util\u00edzalo durante la primavera y el verano para obtener los mejores resultados.<\/p>\n<\/li>\n<\/ol>\n<p>&nbsp;<\/p>\n<h3 class=\"\" data-start=\"2314\" data-end=\"2341\">\ud83d\udcac Consejo de Agrogargallo:<\/h3>\n<p class=\"\" data-start=\"2343\" data-end=\"2610\">Evita fertilizar cuando el cactus est\u00e9 en reposo vegetativo (oto\u00f1o e invierno). Durante esa \u00e9poca, basta con mantener un riego m\u00ednimo. Con el <strong data-start=\"2485\" data-end=\"2526\">fertilizante para cactus de Mass\u00f3 Garden<\/strong>, tu colecci\u00f3n de suculentas y cactus tendr\u00e1 el vigor y la belleza que merecen \ud83c\udf1f\ud83c\udf3f.<\/p>\n","protected":false},"excerpt":{"rendered":"<p class=\"\" data-start=\"330\" data-end=\"669\">El <strong data-start=\"333\" data-end=\"374\">fertilizante para cactus Mass\u00f3 Garden<\/strong> es un abono l\u00edquido espec\u00edfico para cactus y plantas crasas que mejora su crecimiento, resistencia y floraci\u00f3n \ud83c\udf3c. Su f\u00f3rmula concentrada fortalece la planta desde la ra\u00edz y rinde hasta 60 litros de riego con cada botella \ud83d\udca7. \u00a1Ideal para mantener tus cactus sanos y fuertes durante todo el a\u00f1o!<\/p>\n","protected":false},"featured_media":1731,"template":"","meta":{"_acf_changed":false,"_joinchat":[]},"product_brand":[],"product_cat":[113,26,81,342,82,122],"product_tag":[],"class_list":{"0":"post-1730","1":"product","2":"type-product","3":"status-publish","4":"has-post-thumbnail","6":"product_cat-abonos-y-fertilizantes","7":"product_cat-agrogargallo","8":"product_cat-campo-y-huerto","9":"product_cat-abonos-para-flores","10":"product_cat-jardin-y-terraza","11":"product_cat-sustratos-fertilizantes","13":"first","14":"instock","15":"taxable","16":"shipping-taxable","17":"purchasable","18":"product-type-simple"},"acf":[],"_links":{"self":[{"href":"https:\/\/agrogargallo.com\/gl\/wp-json\/wp\/v2\/product\/1730","targetHints":{"allow":["GET"]}}],"collection":[{"href":"https:\/\/agrogargallo.com\/gl\/wp-json\/wp\/v2\/product"}],"about":[{"href":"https:\/\/agrogargallo.com\/gl\/wp-json\/wp\/v2\/types\/product"}],"wp:featuredmedia":[{"embeddable":true,"href":"https:\/\/agrogargallo.com\/gl\/wp-json\/wp\/v2\/media\/1731"}],"wp:attachment":[{"href":"https:\/\/agrogargallo.com\/gl\/wp-json\/wp\/v2\/media?parent=1730"}],"wp:term":[{"taxonomy":"product_brand","embeddable":true,"href":"https:\/\/agrogargallo.com\/gl\/wp-json\/wp\/v2\/product_brand?post=1730"},{"taxonomy":"product_cat","embeddable":true,"href":"https:\/\/agrogargallo.com\/gl\/wp-json\/wp\/v2\/product_cat?post=1730"},{"taxonomy":"product_tag","embeddable":true,"href":"https:\/\/agrogargallo.com\/gl\/wp-json\/wp\/v2\/product_tag?post=1730"}],"curies":[{"name":"wp","href":"https:\/\/api.w.org\/{rel}","templated":true}]}}