{"id":1718,"date":"2025-04-12T12:59:33","date_gmt":"2025-04-12T10:59:33","guid":{"rendered":"https:\/\/agrogargallo.com\/?post_type=product&#038;p=1718"},"modified":"2026-01-22T06:37:17","modified_gmt":"2026-01-22T05:37:17","slug":"insecticida-gusano-geranios-deltis","status":"publish","type":"product","link":"https:\/\/agrogargallo.com\/gl\/producto\/insecticida-gusano-geranios-deltis","title":{"rendered":"DELTIS &#8211; INSECTICIDA TALADRO &#8211; Insecticida gusano geranios &#8211; Flower &#8211; 3x2ml"},"content":{"rendered":"<h2 data-start=\"696\" data-end=\"757\">\ud83d\udd0d \u00bfQu\u00e9 es DELTIS, el insecticida para el gusano taladro de Flower?<\/h2>\n<p class=\"\" data-start=\"759\" data-end=\"1101\">El gusano taladro es el gusano m\u00e1s t\u00edpico en nuestros geranios, por eso es conocido tambi\u00e9n como el &#8220;gusano de los geranios&#8221;. El <strong data-start=\"762\" data-end=\"807\">insecticida gusano geranios Flower DELTIS<\/strong> est\u00e1 dise\u00f1ado espec\u00edficamente para combatir al gusano taladro del geranio (<em data-start=\"883\" data-end=\"903\">Cacyreus marshalli<\/em>), una de las plagas m\u00e1s comunes y destructivas en estas plantas. Gracias a su f\u00f3rmula a base de deltametrina, este insecticida act\u00faa de forma r\u00e1pida, eficaz y directa por contacto e ingesti\u00f3n \ud83e\uddea\ud83d\udc1b.<\/p>\n<p class=\"\" data-start=\"1103\" data-end=\"1273\">Su presentaci\u00f3n en ampollas monodosis facilita la dosificaci\u00f3n y el uso dom\u00e9stico. Protege tus geranios de forma segura y pr\u00e1ctica, devolvi\u00e9ndoles su belleza natural \ud83c\udf38\u2728.<\/p>\n<p data-start=\"1103\" data-end=\"1273\">\n<h2 data-start=\"1280\" data-end=\"1345\">\u2705 <strong data-start=\"1287\" data-end=\"1345\">Caracter\u00edsticas de DELTIS, el insecticida gusano geranios (gusano taladro) de Flower:<\/strong><\/h2>\n<ul data-start=\"1347\" data-end=\"1797\">\n<li class=\"\" data-start=\"1347\" data-end=\"1431\">\n<p class=\"\" data-start=\"1349\" data-end=\"1431\">\ud83d\udce6 <strong data-start=\"1352\" data-end=\"1373\">Formato pr\u00e1ctico:<\/strong> 3 ampollas de 2 ml (equivalente a 6 litros de preparado).<\/p>\n<\/li>\n<li class=\"\" data-start=\"1432\" data-end=\"1512\">\n<p class=\"\" data-start=\"1434\" data-end=\"1512\">\ud83c\udf3f <strong data-start=\"1437\" data-end=\"1464\">Especial para geranios:<\/strong> combate la plaga espec\u00edfica del gusano taladro.<\/p>\n<\/li>\n<li class=\"\" data-start=\"1513\" data-end=\"1584\">\n<p class=\"\" data-start=\"1515\" data-end=\"1584\">\u26a1 <strong data-start=\"1517\" data-end=\"1533\">Acci\u00f3n dual:<\/strong> por contacto e ingesti\u00f3n para una eficacia m\u00e1xima.<\/p>\n<\/li>\n<li class=\"\" data-start=\"1585\" data-end=\"1652\">\n<p class=\"\" data-start=\"1587\" data-end=\"1652\">\ud83d\udc1b <strong data-start=\"1590\" data-end=\"1611\">Alta efectividad:<\/strong> elimina larvas desde las primeras fases.<\/p>\n<\/li>\n<li class=\"\" data-start=\"1653\" data-end=\"1718\">\n<p class=\"\" data-start=\"1655\" data-end=\"1718\">\ud83d\udca7 <strong data-start=\"1658\" data-end=\"1679\">F\u00e1cil aplicaci\u00f3n:<\/strong> solo necesitas agua y un pulverizador.<\/p>\n<\/li>\n<li class=\"\" data-start=\"1719\" data-end=\"1797\">\n<p class=\"\" data-start=\"1721\" data-end=\"1797\">\ud83c\udfe1 <strong data-start=\"1724\" data-end=\"1752\">Apto para uso dom\u00e9stico:<\/strong> perfecto para jardines, balcones y terrazas.<\/p>\n<\/li>\n<\/ul>\n<p>&nbsp;<\/p>\n<h2 data-start=\"1804\" data-end=\"1870\">\ud83c\udf1f <strong data-start=\"1812\" data-end=\"1870\">Ventajas del insecticida taladro DELTIS<\/strong><\/h2>\n<ul data-start=\"1872\" data-end=\"2143\">\n<li class=\"\" data-start=\"1872\" data-end=\"1946\">\n<p class=\"\" data-start=\"1874\" data-end=\"1946\">\u2714\ufe0f Protege tus geranios de la oruga taladro que los debilita y destruye.<\/p>\n<\/li>\n<li class=\"\" data-start=\"1947\" data-end=\"2008\">\n<p class=\"\" data-start=\"1949\" data-end=\"2008\">\u2714\ufe0f Asegura una floraci\u00f3n m\u00e1s sana, prolongada y vistosa \ud83c\udf3c.<\/p>\n<\/li>\n<li class=\"\" data-start=\"2009\" data-end=\"2082\">\n<p class=\"\" data-start=\"2011\" data-end=\"2082\">\u2714\ufe0f Aplicaci\u00f3n sencilla, incluso si no tienes experiencia en jardiner\u00eda.<\/p>\n<\/li>\n<li class=\"\" data-start=\"2083\" data-end=\"2143\">\n<p class=\"\" data-start=\"2085\" data-end=\"2143\">\u2714\ufe0f Eficiencia garantizada con cada ampolla (2L por dosis).<\/p>\n<\/li>\n<\/ul>\n<p>&nbsp;<\/p>\n<h2 data-start=\"2150\" data-end=\"2176\">\ud83e\uddea <strong data-start=\"2158\" data-end=\"2176\">Modo de empleo<\/strong><\/h2>\n<ol data-start=\"2178\" data-end=\"2462\">\n<li class=\"\" data-start=\"2178\" data-end=\"2228\">\n<p class=\"\" data-start=\"2181\" data-end=\"2228\">\ud83d\udca7 Mezcla 1 ampolla (2 ml) en 2 litros de agua.<\/p>\n<\/li>\n<li class=\"\" data-start=\"2229\" data-end=\"2307\">\n<p class=\"\" data-start=\"2232\" data-end=\"2307\">\ud83c\udf3f Pulveriza sobre toda la planta, insistiendo en tallos y zonas afectadas.<\/p>\n<\/li>\n<li class=\"\" data-start=\"2308\" data-end=\"2389\">\n<p class=\"\" data-start=\"2311\" data-end=\"2389\">\ud83d\udd01 Repite el tratamiento cada 7-10 d\u00edas si es necesario o de forma preventiva.<\/p>\n<\/li>\n<li class=\"\" data-start=\"2390\" data-end=\"2462\">\n<p class=\"\" data-start=\"2393\" data-end=\"2462\">\u2600\ufe0f Aplica en horas frescas (ma\u00f1ana o tarde), evitando el sol directo.<\/p>\n<\/li>\n<\/ol>\n<p>&nbsp;<\/p>\n<h3 class=\"\" data-start=\"2469\" data-end=\"2491\">\ud83d\udcac Consejo de uso de Agrogargallo:<\/h3>\n<p class=\"\" data-start=\"2493\" data-end=\"2692\">Combina <strong data-start=\"2504\" data-end=\"2549\">DELTIS <\/strong>el <strong data-start=\"2504\" data-end=\"2549\">insecticida para gusano taladro o insecticida gusano geranios de Flower <\/strong>\u00a0con un fertilizante espec\u00edfico para geranios y ver\u00e1s c\u00f3mo tus plantas florecen con m\u00e1s fuerza y color \ud83c\udf08\ud83c\udf38. \u00a1Adi\u00f3s gusanos, hola flores sanas!<\/p>\n","protected":false},"excerpt":{"rendered":"<p>DELTIS, el insecticida gusano geranios Flower, es la soluci\u00f3n definitiva para proteger tus geranios del gusano taladro. Act\u00faa por contacto e ingesti\u00f3n, eliminando eficazmente las orugas que da\u00f1an tallos, hojas y flores. Ideal para mantener tus plantas ornamentales sanas y fuertes \ud83c\udf3a\ud83c\udf3f.<\/p>\n","protected":false},"featured_media":1719,"template":"","meta":{"_acf_changed":false,"_joinchat":[]},"product_brand":[],"product_cat":[26,81,489,490,114,82],"product_tag":[],"class_list":{"0":"post-1718","1":"product","2":"type-product","3":"status-publish","4":"has-post-thumbnail","6":"product_cat-agrogargallo","7":"product_cat-campo-y-huerto","8":"product_cat-gusanos-y-otros","9":"product_cat-insecticidas","10":"product_cat-insecticidas-y-antiplagas","11":"product_cat-jardin-y-terraza","13":"first","14":"instock","15":"taxable","16":"shipping-taxable","17":"purchasable","18":"product-type-simple"},"acf":[],"_links":{"self":[{"href":"https:\/\/agrogargallo.com\/gl\/wp-json\/wp\/v2\/product\/1718","targetHints":{"allow":["GET"]}}],"collection":[{"href":"https:\/\/agrogargallo.com\/gl\/wp-json\/wp\/v2\/product"}],"about":[{"href":"https:\/\/agrogargallo.com\/gl\/wp-json\/wp\/v2\/types\/product"}],"wp:featuredmedia":[{"embeddable":true,"href":"https:\/\/agrogargallo.com\/gl\/wp-json\/wp\/v2\/media\/1719"}],"wp:attachment":[{"href":"https:\/\/agrogargallo.com\/gl\/wp-json\/wp\/v2\/media?parent=1718"}],"wp:term":[{"taxonomy":"product_brand","embeddable":true,"href":"https:\/\/agrogargallo.com\/gl\/wp-json\/wp\/v2\/product_brand?post=1718"},{"taxonomy":"product_cat","embeddable":true,"href":"https:\/\/agrogargallo.com\/gl\/wp-json\/wp\/v2\/product_cat?post=1718"},{"taxonomy":"product_tag","embeddable":true,"href":"https:\/\/agrogargallo.com\/gl\/wp-json\/wp\/v2\/product_tag?post=1718"}],"curies":[{"name":"wp","href":"https:\/\/api.w.org\/{rel}","templated":true}]}}