{"id":1699,"date":"2025-04-11T19:53:44","date_gmt":"2025-04-11T17:53:44","guid":{"rendered":"https:\/\/agrogargallo.com\/?post_type=product&#038;p=1699"},"modified":"2026-02-10T15:52:08","modified_gmt":"2026-02-10T14:52:08","slug":"herbicida-selectivo-para-huerta-metrimax","status":"publish","type":"product","link":"https:\/\/agrogargallo.com\/gl\/producto\/herbicida-selectivo-para-huerta-metrimax","title":{"rendered":"HERBICIDA SELECTIVO PARA HUERTA -METRIMAX &#8211; Flower Huerta"},"content":{"rendered":"<h2 data-start=\"602\" data-end=\"636\">\u2705 Caracter\u00edsticas principales del herbicida selectivo para huerta Metrimax:<\/h2>\n<ul data-start=\"638\" data-end=\"1141\">\n<li class=\"\" data-start=\"638\" data-end=\"756\">\n<p class=\"\" data-start=\"640\" data-end=\"756\">\ud83c\udf31 <strong data-start=\"643\" data-end=\"676\">Herbicida selectivo remanente<\/strong>: ideal para aplicar antes o justo despu\u00e9s de la aparici\u00f3n de las malas hierbas.<\/p>\n<\/li>\n<li class=\"\" data-start=\"757\" data-end=\"840\">\n<p class=\"\" data-start=\"759\" data-end=\"840\">\ud83c\udf45 <strong data-start=\"762\" data-end=\"800\">Compatible con cultivos hort\u00edcolas<\/strong> como tomate, berenjena, zanahoria, etc.<\/p>\n<\/li>\n<li class=\"\" data-start=\"841\" data-end=\"923\">\n<p class=\"\" data-start=\"843\" data-end=\"923\">\ud83d\udeab <strong data-start=\"846\" data-end=\"895\">No da\u00f1a el c\u00e9sped ni las plantas ornamentales<\/strong> si se aplica correctamente.<\/p>\n<\/li>\n<li class=\"\" data-start=\"924\" data-end=\"991\">\n<p class=\"\" data-start=\"926\" data-end=\"991\">\ud83c\udfe1 <strong data-start=\"929\" data-end=\"957\">Uso dom\u00e9stico autorizado<\/strong>: no requiere carnet de aplicador.<\/p>\n<\/li>\n<li class=\"\" data-start=\"992\" data-end=\"1056\">\n<p class=\"\" data-start=\"994\" data-end=\"1056\">\ud83d\udca7 Rinde hasta <strong data-start=\"1009\" data-end=\"1027\">15 L de mezcla<\/strong>, suficiente para <strong data-start=\"1045\" data-end=\"1055\">300 m\u00b2<\/strong>.<\/p>\n<\/li>\n<li class=\"\" data-start=\"1057\" data-end=\"1141\">\n<p class=\"\" data-start=\"1059\" data-end=\"1141\">\ud83d\udee1\ufe0f Proporciona una <strong data-start=\"1079\" data-end=\"1100\">acci\u00f3n prolongada<\/strong> para mantener tu huerto libre de maleza.<\/p>\n<\/li>\n<\/ul>\n<p>&nbsp;<\/p>\n<h2 data-start=\"1148\" data-end=\"1171\">\ud83e\uddd1\u200d\ud83c\udf3e \u00bfC\u00f3mo se usa?<\/h2>\n<ol data-start=\"1173\" data-end=\"1384\">\n<li class=\"\" data-start=\"1173\" data-end=\"1252\">\n<p class=\"\" data-start=\"1176\" data-end=\"1252\">Mezcla el contenido con agua siguiendo la dosis indicada (15-30 g por 15 L).<\/p>\n<\/li>\n<li class=\"\" data-start=\"1253\" data-end=\"1322\">\n<p class=\"\" data-start=\"1256\" data-end=\"1322\">Aplica con mochila pulverizadora uniformemente en el \u00e1rea deseada.<\/p>\n<\/li>\n<li class=\"\" data-start=\"1323\" data-end=\"1384\">\n<p class=\"\" data-start=\"1326\" data-end=\"1384\">Aseg\u00farate de no aplicar sobre c\u00e9sped ni en d\u00edas de lluvia.<\/p>\n<\/li>\n<\/ol>\n<p>&nbsp;<\/p>\n<h2 data-start=\"1391\" data-end=\"1424\">\ud83d\udce6 Presentaci\u00f3n del producto:<\/h2>\n<ul data-start=\"1426\" data-end=\"1670\">\n<li class=\"\" data-start=\"1426\" data-end=\"1452\">\n<p class=\"\" data-start=\"1428\" data-end=\"1452\">Marca: <strong data-start=\"1435\" data-end=\"1452\">Flower Huerta<\/strong><\/p>\n<\/li>\n<li class=\"\" data-start=\"1453\" data-end=\"1497\">\n<p class=\"\" data-start=\"1455\" data-end=\"1497\">Producto: <strong data-start=\"1465\" data-end=\"1497\">Metrimax herbicida selectivo<\/strong><\/p>\n<\/li>\n<li class=\"\" data-start=\"1498\" data-end=\"1543\">\n<p class=\"\" data-start=\"1500\" data-end=\"1543\">Composici\u00f3n: <strong data-start=\"1513\" data-end=\"1543\">Metribuzina 70% (700 g\/kg)<\/strong><\/p>\n<\/li>\n<li class=\"\" data-start=\"1544\" data-end=\"1593\">\n<p class=\"\" data-start=\"1546\" data-end=\"1593\">Formato: <strong data-start=\"1555\" data-end=\"1593\">sobre monodosis para uso dom\u00e9stico<\/strong><\/p>\n<\/li>\n<li class=\"\" data-start=\"1594\" data-end=\"1670\">\n<p class=\"\" data-start=\"1596\" data-end=\"1670\">Ideal para: <strong data-start=\"1608\" data-end=\"1670\">huertos urbanos, jardiner\u00eda dom\u00e9stica, bancales de cultivo<\/strong><\/p>\n<\/li>\n<\/ul>\n<p>&nbsp;<\/p>\n<h2 class=\"\" data-start=\"1677\" data-end=\"1736\">\ud83e\udde4 El aliado perfecto para una huerta limpio y productivo<\/h2>\n<p class=\"\" data-start=\"1738\" data-end=\"1979\">Con <strong data-start=\"1742\" data-end=\"1754\">Metrimax<\/strong>, el <strong data-start=\"1759\" data-end=\"1794\">herbicida selectivo para huerta<\/strong>, mantendr\u00e1s tus cultivos libres de competencia sin esfuerzo. Es la soluci\u00f3n segura y eficaz para quienes buscan cuidar sus plantas sin comprometer el rendimiento ni la salud del suelo.<\/p>\n","protected":false},"excerpt":{"rendered":"<h2 class=\"\" data-start=\"168\" data-end=\"271\">\ud83c\udf3f Herbicida selectivo para huerta Metrimax \u2013 Control eficaz de malas hierbas sin da\u00f1ar tus cultivos<\/h2>\n<p class=\"\" data-start=\"273\" data-end=\"595\">Elimina las malas hierbas sin afectar tus cultivos con el <strong data-start=\"331\" data-end=\"366\">herbicida selectivo para huerta<\/strong>\u00a0<strong data-start=\"367\" data-end=\"379\">Metrimax<\/strong> de <strong data-start=\"383\" data-end=\"400\">Flower Huerta<\/strong>. Su f\u00f3rmula con <strong data-start=\"417\" data-end=\"439\">Metribuzina al 70%<\/strong> act\u00faa de manera eficaz en preemergencia o postemergencia temprana, permitiendo un control prolongado de las malas hierbas en huertos y jardines dom\u00e9sticos.<\/p>\n","protected":false},"featured_media":1700,"template":"","meta":{"_acf_changed":false,"_joinchat":[]},"product_brand":[],"product_cat":[26,81,491],"product_tag":[],"class_list":{"0":"post-1699","1":"product","2":"type-product","3":"status-publish","4":"has-post-thumbnail","6":"product_cat-agrogargallo","7":"product_cat-campo-y-huerto","8":"product_cat-herbicidas","10":"first","11":"outofstock","12":"taxable","13":"shipping-taxable","14":"purchasable","15":"product-type-simple"},"acf":[],"_links":{"self":[{"href":"https:\/\/agrogargallo.com\/gl\/wp-json\/wp\/v2\/product\/1699","targetHints":{"allow":["GET"]}}],"collection":[{"href":"https:\/\/agrogargallo.com\/gl\/wp-json\/wp\/v2\/product"}],"about":[{"href":"https:\/\/agrogargallo.com\/gl\/wp-json\/wp\/v2\/types\/product"}],"wp:featuredmedia":[{"embeddable":true,"href":"https:\/\/agrogargallo.com\/gl\/wp-json\/wp\/v2\/media\/1700"}],"wp:attachment":[{"href":"https:\/\/agrogargallo.com\/gl\/wp-json\/wp\/v2\/media?parent=1699"}],"wp:term":[{"taxonomy":"product_brand","embeddable":true,"href":"https:\/\/agrogargallo.com\/gl\/wp-json\/wp\/v2\/product_brand?post=1699"},{"taxonomy":"product_cat","embeddable":true,"href":"https:\/\/agrogargallo.com\/gl\/wp-json\/wp\/v2\/product_cat?post=1699"},{"taxonomy":"product_tag","embeddable":true,"href":"https:\/\/agrogargallo.com\/gl\/wp-json\/wp\/v2\/product_tag?post=1699"}],"curies":[{"name":"wp","href":"https:\/\/api.w.org\/{rel}","templated":true}]}}