{"id":1684,"date":"2025-04-11T19:23:28","date_gmt":"2025-04-11T17:23:28","guid":{"rendered":"https:\/\/agrogargallo.com\/?post_type=product&#038;p=1684"},"modified":"2025-04-11T19:23:28","modified_gmt":"2025-04-11T17:23:28","slug":"fertilizante-universal-ecologico","status":"publish","type":"product","link":"https:\/\/agrogargallo.com\/gl\/producto\/fertilizante-universal-ecologico","title":{"rendered":"FERTILIZANTE UNIVERSAL ECOL\u00d3GICO &#8211; Solabiol &#8211; 1L"},"content":{"rendered":"<h2 class=\"\" data-start=\"648\" data-end=\"706\">\ud83c\udf1f \u00bfPor qu\u00e9 elegir un fertilizante universal ecol\u00f3gico?<\/h2>\n<p class=\"\" data-start=\"708\" data-end=\"998\">Este fertilizante est\u00e1 formulado con ingredientes 100% de origen natural y es apto para <strong data-start=\"796\" data-end=\"833\">agricultura ecol\u00f3gica certificada<\/strong> \ud83c\udf0d. Ofrece una <strong data-start=\"849\" data-end=\"870\">acci\u00f3n prolongada<\/strong> y equilibrada, lo que significa que tus plantas estar\u00e1n bien alimentadas sin necesidad de aplicar fertilizante cada pocos d\u00edas.<\/p>\n<h3 class=\"\" data-start=\"1005\" data-end=\"1040\">\ud83e\uddea Caracter\u00edsticas principales:<\/h3>\n<ul data-start=\"1041\" data-end=\"1366\">\n<li class=\"\" data-start=\"1041\" data-end=\"1120\">\n<p class=\"\" data-start=\"1043\" data-end=\"1120\">\ud83c\udf31 Apto para todo tipo de cultivos: hort\u00edcolas, frutales, flores, arom\u00e1ticas\u2026<\/p>\n<\/li>\n<li class=\"\" data-start=\"1121\" data-end=\"1185\">\n<p class=\"\" data-start=\"1123\" data-end=\"1185\">\u2705 Fertilizante universal ecol\u00f3gico con ingredientes naturales.<\/p>\n<\/li>\n<li class=\"\" data-start=\"1186\" data-end=\"1239\">\n<p class=\"\" data-start=\"1188\" data-end=\"1239\">\ud83c\udf3c Potencia el desarrollo radicular y la floraci\u00f3n.<\/p>\n<\/li>\n<li class=\"\" data-start=\"1240\" data-end=\"1299\">\n<p class=\"\" data-start=\"1242\" data-end=\"1299\">\ud83e\uddc3 Formato l\u00edquido de 1 litro, f\u00e1cil de usar y dosificar.<\/p>\n<\/li>\n<li class=\"\" data-start=\"1300\" data-end=\"1366\">\n<p class=\"\" data-start=\"1302\" data-end=\"1366\">\u267b\ufe0f Compatible con agricultura ecol\u00f3gica seg\u00fan normativa europea.<\/p>\n<\/li>\n<\/ul>\n<p>&nbsp;<\/p>\n<h2 class=\"\" data-start=\"1373\" data-end=\"1413\">\ud83c\udf45 Beneficios para tu huerto o jard\u00edn<\/h2>\n<ul data-start=\"1415\" data-end=\"1675\">\n<li class=\"\" data-start=\"1415\" data-end=\"1464\">\n<p class=\"\" data-start=\"1417\" data-end=\"1464\">Mayor crecimiento y resistencia de las plantas.<\/p>\n<\/li>\n<li class=\"\" data-start=\"1465\" data-end=\"1517\">\n<p class=\"\" data-start=\"1467\" data-end=\"1517\">Frutas y hortalizas m\u00e1s sabrosas y nutritivas \ud83e\udd52\ud83c\udf53<\/p>\n<\/li>\n<li class=\"\" data-start=\"1518\" data-end=\"1559\">\n<p class=\"\" data-start=\"1520\" data-end=\"1559\">Floraciones m\u00e1s intensas y duraderas \ud83c\udf3a<\/p>\n<\/li>\n<li class=\"\" data-start=\"1560\" data-end=\"1611\">\n<p class=\"\" data-start=\"1562\" data-end=\"1611\">Mejora del suelo y de la vida microbiana natural.<\/p>\n<\/li>\n<li class=\"\" data-start=\"1612\" data-end=\"1675\">\n<p class=\"\" data-start=\"1614\" data-end=\"1675\">Sin qu\u00edmicos agresivos: cuida tu cultivo y el medio ambiente.<\/p>\n<\/li>\n<\/ul>\n<p>&nbsp;<\/p>\n<p>&nbsp;<\/p>\n<h2 class=\"\" data-start=\"1682\" data-end=\"1726\">\ud83d\udee0\ufe0f C\u00f3mo usar este fertilizante universal ecol\u00f3gico<\/h2>\n<ol data-start=\"1728\" data-end=\"1973\">\n<li class=\"\" data-start=\"1728\" data-end=\"1766\">\n<p class=\"\" data-start=\"1731\" data-end=\"1766\">Agita bien el envase antes de usar.<\/p>\n<\/li>\n<li class=\"\" data-start=\"1767\" data-end=\"1829\">\n<p class=\"\" data-start=\"1770\" data-end=\"1829\">Diluye la dosis recomendada en agua (seg\u00fan tipo de planta).<\/p>\n<\/li>\n<li class=\"\" data-start=\"1830\" data-end=\"1891\">\n<p class=\"\" data-start=\"1833\" data-end=\"1891\">Aplica directamente al suelo o al riego, cada 1-2 semanas.<\/p>\n<\/li>\n<li class=\"\" data-start=\"1892\" data-end=\"1973\">\n<p class=\"\" data-start=\"1895\" data-end=\"1973\">\u00dasalo durante todo el ciclo de cultivo, desde la siembra hasta la recolecci\u00f3n.<\/p>\n<\/li>\n<\/ol>\n<p class=\"\" data-start=\"1975\" data-end=\"2088\">\ud83d\udca1 <strong>Consejo de Agrogargallo<\/strong>: alterna su uso con compost casero o esti\u00e9rcol vegetal para un programa de fertilizaci\u00f3n m\u00e1s completo.<\/p>\n<p data-start=\"1975\" data-end=\"2088\">\n<h2 class=\"\" data-start=\"2095\" data-end=\"2123\">\ud83c\udf0d Cultiva con conciencia<\/h2>\n<p class=\"\" data-start=\"2125\" data-end=\"2328\">Este <strong data-start=\"2130\" data-end=\"2166\">fertilizante universal ecol\u00f3gico<\/strong> es ideal para quienes quieren sacar lo mejor de sus cultivos sin dejar huella en el planeta. F\u00e1cil de aplicar, vers\u00e1til y con resultados visibles en poco tiempo.<\/p>\n","protected":false},"excerpt":{"rendered":"<p>El <strong data-start=\"326\" data-end=\"362\">fertilizante universal ecol\u00f3gico<\/strong> de Solabiol es el aliado perfecto para quienes buscan nutrir sus plantas de forma natural, eficaz y sostenible. Apto para <strong data-start=\"485\" data-end=\"520\">todas las variedades de plantas<\/strong> \u2014desde tomates hasta flores ornamentales\u2014 este abono l\u00edquido promueve un crecimiento sano y cosechas m\u00e1s abundantes \ud83c\udf45\ud83c\udf38<\/p>\n","protected":false},"featured_media":1685,"template":"","meta":{"_acf_changed":false,"_joinchat":[]},"product_brand":[],"product_cat":[26,113,81,342,344,82,122],"product_tag":[],"class_list":{"0":"post-1684","1":"product","2":"type-product","3":"status-publish","4":"has-post-thumbnail","6":"product_cat-agrogargallo","7":"product_cat-abonos-y-fertilizantes","8":"product_cat-campo-y-huerto","9":"product_cat-abonos-para-flores","10":"product_cat-abonos-para-huerto","11":"product_cat-jardin-y-terraza","12":"product_cat-sustratos-fertilizantes","14":"first","15":"instock","16":"taxable","17":"shipping-taxable","18":"purchasable","19":"product-type-simple"},"acf":[],"_links":{"self":[{"href":"https:\/\/agrogargallo.com\/gl\/wp-json\/wp\/v2\/product\/1684","targetHints":{"allow":["GET"]}}],"collection":[{"href":"https:\/\/agrogargallo.com\/gl\/wp-json\/wp\/v2\/product"}],"about":[{"href":"https:\/\/agrogargallo.com\/gl\/wp-json\/wp\/v2\/types\/product"}],"wp:featuredmedia":[{"embeddable":true,"href":"https:\/\/agrogargallo.com\/gl\/wp-json\/wp\/v2\/media\/1685"}],"wp:attachment":[{"href":"https:\/\/agrogargallo.com\/gl\/wp-json\/wp\/v2\/media?parent=1684"}],"wp:term":[{"taxonomy":"product_brand","embeddable":true,"href":"https:\/\/agrogargallo.com\/gl\/wp-json\/wp\/v2\/product_brand?post=1684"},{"taxonomy":"product_cat","embeddable":true,"href":"https:\/\/agrogargallo.com\/gl\/wp-json\/wp\/v2\/product_cat?post=1684"},{"taxonomy":"product_tag","embeddable":true,"href":"https:\/\/agrogargallo.com\/gl\/wp-json\/wp\/v2\/product_tag?post=1684"}],"curies":[{"name":"wp","href":"https:\/\/api.w.org\/{rel}","templated":true}]}}