{"id":1620,"date":"2025-04-07T13:31:26","date_gmt":"2025-04-07T11:31:26","guid":{"rendered":"https:\/\/agrogargallo.com\/?post_type=product&#038;p=1620"},"modified":"2025-10-21T19:02:03","modified_gmt":"2025-10-21T17:02:03","slug":"crystalyx-mentholyx-bloque-mineral","status":"publish","type":"product","link":"https:\/\/agrogargallo.com\/gl\/producto\/crystalyx-mentholyx-bloque-mineral","title":{"rendered":"CRYSTALYX MENTHOLYX &#8211; Bloque mineral para v\u00edas respiratorias"},"content":{"rendered":"<h2>Caracter\u00edsticas del Crystalyx Mentholyx:<\/h2>\n<ul>\n<li>Previene y mejora trastornos de las v\u00edas respiratorias gracias a su contenido en aceites esenciales \ud83e\udec1\u200b\u2705\u200b<\/li>\n<li>Fomenta el desarrollo del rumen \u23e9\u200b<\/li>\n<li>Estimula el consumo temprano de pienso y forraje \ud83c\udf3d<\/li>\n<li>Mantiene a los animales ocupados, minimizando la succi\u00f3n y lamido mutuos \ud83d\udc04\u200b<\/li>\n<li>Compensa d\u00e9ficits nutricionales individuales tras el destete o en situaciones de estr\u00e9s \ud83d\udca2\u200b<\/li>\n<li>Estimula la excreci\u00f3n de toxinas gracias a sus componentes de levaduras<\/li>\n<\/ul>\n<h3><strong>C\u00f3mo debes usar el CRYSTALYX MENTHOLYX para que funcione mejor:<\/strong><\/h3>\n<ul>\n<li>La ingesta media de Crystalyx Mentholyx deber\u00e1 ser aproximadamente de 2,5kg por ternero en las primeras semanas de vida.<\/li>\n<li>En ganado ovino y caprino su comsumo medio diaria deber\u00e1 ser de aproximadamente 35 &#8211; 50g por animal.<\/li>\n<li>Al suministrarlo por primera vez, es posible que su consumo se duplique durante 10 &#8211; 20 d\u00edas. Si este consumo se mantiene en el tiempo, es posible que existan deficiencias nutricionales o metab\u00f3licas.<\/li>\n<li>El envase de 5 kg est\u00e1 previsto como m\u00e1ximo para 5 reses<\/li>\n<li>El envase de 22,5kg est\u00e1 previsto para 20 animales<\/li>\n<li>Siempre que sea posible se deber\u00e1n colocar dos envases por grupo de animales para evitar peleas<\/li>\n<\/ul>\n","protected":false},"excerpt":{"rendered":"<p>Crystalyx Mentholyx es un bloque mineral que act\u00faa como refuerzo fisiol\u00f3gico-nutricional en situaciones de estr\u00e9s, sobre todo en momentos de especial vulnerabilidad a trastornos respiratorios<\/p>\n<p>\u00bfC\u00f3mo? Mediante una estimulaci\u00f3n del consumo temprano de pienso concentrado y forrajes en bovino, ovino y\/o caprino.<\/p>\n<p>Se trata de melaza cristalizada que act\u00faa como corrector multivitam\u00ednico y se compone, adem\u00e1s, de aceites esenciales.<\/p>\n","protected":false},"featured_media":1625,"template":"","meta":{"_acf_changed":false,"_joinchat":[]},"product_brand":[],"product_cat":[26,238,286,80,107,103],"product_tag":[],"class_list":{"0":"post-1620","1":"product","2":"type-product","3":"status-publish","4":"has-post-thumbnail","6":"product_cat-agrogargallo","7":"product_cat-complementos-nutritivos-y-correctores","8":"product_cat-complementos-nutritivos-y-desparasitantes","9":"product_cat-ganaderia-y-mascotas","10":"product_cat-ovejas-y-cabras","11":"product_cat-vacas-y-recria","13":"first","14":"instock","15":"taxable","16":"shipping-taxable","17":"purchasable","18":"product-type-variable"},"acf":[],"_links":{"self":[{"href":"https:\/\/agrogargallo.com\/gl\/wp-json\/wp\/v2\/product\/1620","targetHints":{"allow":["GET"]}}],"collection":[{"href":"https:\/\/agrogargallo.com\/gl\/wp-json\/wp\/v2\/product"}],"about":[{"href":"https:\/\/agrogargallo.com\/gl\/wp-json\/wp\/v2\/types\/product"}],"wp:featuredmedia":[{"embeddable":true,"href":"https:\/\/agrogargallo.com\/gl\/wp-json\/wp\/v2\/media\/1625"}],"wp:attachment":[{"href":"https:\/\/agrogargallo.com\/gl\/wp-json\/wp\/v2\/media?parent=1620"}],"wp:term":[{"taxonomy":"product_brand","embeddable":true,"href":"https:\/\/agrogargallo.com\/gl\/wp-json\/wp\/v2\/product_brand?post=1620"},{"taxonomy":"product_cat","embeddable":true,"href":"https:\/\/agrogargallo.com\/gl\/wp-json\/wp\/v2\/product_cat?post=1620"},{"taxonomy":"product_tag","embeddable":true,"href":"https:\/\/agrogargallo.com\/gl\/wp-json\/wp\/v2\/product_tag?post=1620"}],"curies":[{"name":"wp","href":"https:\/\/api.w.org\/{rel}","templated":true}]}}