{"id":1597,"date":"2025-03-24T12:29:09","date_gmt":"2025-03-24T11:29:09","guid":{"rendered":"https:\/\/agrogargallo.com\/?post_type=product&#038;p=1597"},"modified":"2025-03-24T12:29:09","modified_gmt":"2025-03-24T11:29:09","slug":"fertilizante-tomates-eco-granulado-azet-neudorff","status":"publish","type":"product","link":"https:\/\/agrogargallo.com\/gl\/producto\/fertilizante-tomates-eco-granulado-azet-neudorff","title":{"rendered":"Fertilizante tomates ECO &#8211; Granulado &#8211; Azet Neudorff"},"content":{"rendered":"<h2>\ud83c\udf45 Caracter\u00edsticas de Azet Fertilizante Tomates ECO de Neudorff: \ud83c\udf45<\/h2>\n<ul>\n<li>Tiene MyccoVital, que es un estimulador de ra\u00edces y de la planta que consigue un mayor crecimiento y <strong>mayor resistencia a la sequ\u00eda y al fr\u00edo. \u2744\ufe0f\u200b<\/strong><\/li>\n<li>Es de origen animal y vegetal, lo cual garantiza un mayor sabor y textura de los tomates<\/li>\n<li>\ud83d\ude80\u200b \u00a1Ver\u00e1s resultados s\u00faper r\u00e1pido!<\/li>\n<li>\ud83d\udcc6\u200b Sus efectos son de larga duraci\u00f3n<\/li>\n<li>\ud83d\udc36 Es un producto totalmente seguro para insectos, roedores y mascotas<\/li>\n<\/ul>\n<p>&nbsp;<\/p>\n<ul>\n<li><strong>Composici\u00f3n:<\/strong>\n<ul>\n<li>7% de Nitr\u00f3geno (N)<\/li>\n<li>3% de F\u00f3sforo (P)<\/li>\n<li>10% de Potasio (K)<\/li>\n<\/ul>\n<\/li>\n<\/ul>\n<p>&nbsp;<\/p>\n<ul>\n<li><strong>Cantidad:<\/strong> 1kg<\/li>\n<\/ul>\n","protected":false},"excerpt":{"rendered":"<p>Azet Fertilizante Tomates ECO de Neudorff es un <strong>abono org\u00e1nico<\/strong> NPK 7-3-10 de origen animal y vegetal aplicable en agricultura ECOl\u00f3gica.<\/p>\n<p>Es ideal y con muy buenos resultados gracias a su alto \u00edndice de potasio, que aporta mayor sabor a los tomates y una mejor textura. \ud83d\udc4c\u200b<\/p>\n<p>Su efecto es S\u00daPER R\u00c1PIDO! Y adem\u00e1s tiene larga duraci\u00f3n (podr\u00e1s olvidarte de volver a abonar durante 3 meses aproximadamente) \ud83d\ude0e\u200b<\/p>\n","protected":false},"featured_media":1598,"template":"","meta":{"_acf_changed":false,"_joinchat":[]},"product_brand":[],"product_cat":[81,113,344],"product_tag":[],"class_list":{"0":"post-1597","1":"product","2":"type-product","3":"status-publish","4":"has-post-thumbnail","6":"product_cat-campo-y-huerto","7":"product_cat-abonos-y-fertilizantes","8":"product_cat-abonos-para-huerto","10":"first","11":"instock","12":"taxable","13":"shipping-taxable","14":"purchasable","15":"product-type-simple"},"acf":[],"_links":{"self":[{"href":"https:\/\/agrogargallo.com\/gl\/wp-json\/wp\/v2\/product\/1597","targetHints":{"allow":["GET"]}}],"collection":[{"href":"https:\/\/agrogargallo.com\/gl\/wp-json\/wp\/v2\/product"}],"about":[{"href":"https:\/\/agrogargallo.com\/gl\/wp-json\/wp\/v2\/types\/product"}],"wp:featuredmedia":[{"embeddable":true,"href":"https:\/\/agrogargallo.com\/gl\/wp-json\/wp\/v2\/media\/1598"}],"wp:attachment":[{"href":"https:\/\/agrogargallo.com\/gl\/wp-json\/wp\/v2\/media?parent=1597"}],"wp:term":[{"taxonomy":"product_brand","embeddable":true,"href":"https:\/\/agrogargallo.com\/gl\/wp-json\/wp\/v2\/product_brand?post=1597"},{"taxonomy":"product_cat","embeddable":true,"href":"https:\/\/agrogargallo.com\/gl\/wp-json\/wp\/v2\/product_cat?post=1597"},{"taxonomy":"product_tag","embeddable":true,"href":"https:\/\/agrogargallo.com\/gl\/wp-json\/wp\/v2\/product_tag?post=1597"}],"curies":[{"name":"wp","href":"https:\/\/api.w.org\/{rel}","templated":true}]}}