{"id":1589,"date":"2025-03-20T19:01:05","date_gmt":"2025-03-20T18:01:05","guid":{"rendered":"https:\/\/agrogargallo.com\/?post_type=product&#038;p=1589"},"modified":"2025-03-20T19:01:05","modified_gmt":"2025-03-20T18:01:05","slug":"briquete-de-fibra-de-coco-de-batlle","status":"publish","type":"product","link":"https:\/\/agrogargallo.com\/gl\/producto\/briquete-de-fibra-de-coco-de-batlle","title":{"rendered":"Briquete de FIBRA DE COCO de Batlle &#8211; 2L &#8211; Huerto y jard\u00edn"},"content":{"rendered":"<h2>Caracter\u00edsticas del briquete de \ud83e\udd65 \u200bfibra de coco \ud83e\udd65\u200b de BATLLE:<\/h2>\n<ul>\n<li>Retiene el agua y los nutrientes que la planta debe asimilar \ud83c\udf31\u200b<\/li>\n<li>Evita el encharcamiento y ayuda a una mayor aireaci\u00f3n del sustrato, ayudando a un mejor desarrollo de un sistema radicular completo \ud83e\udeda<\/li>\n<li>Est\u00e1 compuesta por briqueta de fibra de coco 100% \ud83e\udd65<\/li>\n<li>El paquete incluye 180gr. de fibra de coco. Al mezclar con agua conseguir\u00e1s 2L de sustrato listo para usar \ud83d\udca7<\/li>\n<\/ul>\n<p>&nbsp;<\/p>\n<h2>Modo de empleo:<\/h2>\n<ul>\n<li>A\u00f1ade 1L de agua y deja que la pastilla se hinche y se hidrate. \ud83d\udca7<\/li>\n<li>Al cabo de 2-3 minutos el briquete deber\u00eda estar deshaci\u00e9ndose y absorbiendo el agua. \ud83d\udc4c\u200b<\/li>\n<li>Si ves que el agua es insuficiente a\u00f1ade un poco m\u00e1s, hasta que el briquete est\u00e9 totalmente deshecho. \ud83d\udd0e<\/li>\n<\/ul>\n<p>&nbsp;<\/p>\n<p><strong>Consejo profesional de Agrogargallo:<\/strong> si usas agua tibia, el proceso \u00a1se acelera un mont\u00f3n!<\/p>\n<p>&nbsp;<\/p>\n<p>&nbsp;<\/p>\n","protected":false},"excerpt":{"rendered":"<p>Los bricks o briquetes de <strong>fibra de coco de BATLLE<\/strong> est\u00e1n formados por fibra de coco 100%, totalmente natural, compactada y deshidratada para su manejo m\u00e1s f\u00e1cil .<\/p>\n<p>Para usarlos en tu sustrato solo debes hidratarla, ech\u00e1ndola en agua, y as\u00ed conseguir\u00e1s una fibra de coco natural preparada para utilizar.<\/p>\n<h2>Que beneficios te aporta incorporar la fibra de coco en el sustrato de tus flores y plantas?<\/h2>\n<ul>\n<li>\ud83c\udf44 Protege tus plantas de hongos<\/li>\n<li>\ud83e\udeda Ayuda a tu planta a desarrollar m\u00e1s fuertes sus ra\u00edces<\/li>\n<li>\ud83c\udf2c\ufe0f\u200b Airea el sustrato, lo que permite que la tierra no se compacte tanto y las ra\u00edces de tus plantas est\u00e9n m\u00e1s c\u00f3modas<\/li>\n<li>\ud83c\udf3a Mejora la estructura del suelo, potenciando la producci\u00f3n de flores y frutos de la planta<\/li>\n<li>\ud83d\udca7 Evita problemas derivados del exceso de humedad (\u00a1y disminuye el gasto en riego!)<\/li>\n<li>\ud83d\udcab Protege a tu planta de los excesos de abono, ya que libera los nutrientes cuando ella los necesita<\/li>\n<li>\ud83c\udf31 Aporta un pH ideal para tu cultivo, sea cual sea<\/li>\n<\/ul>\n<p>&nbsp;<\/p>\n<p>&nbsp;<\/p>\n","protected":false},"featured_media":1590,"template":"","meta":{"_acf_changed":false,"_joinchat":[]},"product_brand":[],"product_cat":[81,113,342,82,122],"product_tag":[],"class_list":{"0":"post-1589","1":"product","2":"type-product","3":"status-publish","4":"has-post-thumbnail","6":"product_cat-campo-y-huerto","7":"product_cat-abonos-y-fertilizantes","8":"product_cat-abonos-para-flores","9":"product_cat-jardin-y-terraza","10":"product_cat-sustratos-fertilizantes","12":"first","13":"instock","14":"taxable","15":"shipping-taxable","16":"purchasable","17":"product-type-simple"},"acf":[],"_links":{"self":[{"href":"https:\/\/agrogargallo.com\/gl\/wp-json\/wp\/v2\/product\/1589","targetHints":{"allow":["GET"]}}],"collection":[{"href":"https:\/\/agrogargallo.com\/gl\/wp-json\/wp\/v2\/product"}],"about":[{"href":"https:\/\/agrogargallo.com\/gl\/wp-json\/wp\/v2\/types\/product"}],"wp:featuredmedia":[{"embeddable":true,"href":"https:\/\/agrogargallo.com\/gl\/wp-json\/wp\/v2\/media\/1590"}],"wp:attachment":[{"href":"https:\/\/agrogargallo.com\/gl\/wp-json\/wp\/v2\/media?parent=1589"}],"wp:term":[{"taxonomy":"product_brand","embeddable":true,"href":"https:\/\/agrogargallo.com\/gl\/wp-json\/wp\/v2\/product_brand?post=1589"},{"taxonomy":"product_cat","embeddable":true,"href":"https:\/\/agrogargallo.com\/gl\/wp-json\/wp\/v2\/product_cat?post=1589"},{"taxonomy":"product_tag","embeddable":true,"href":"https:\/\/agrogargallo.com\/gl\/wp-json\/wp\/v2\/product_tag?post=1589"}],"curies":[{"name":"wp","href":"https:\/\/api.w.org\/{rel}","templated":true}]}}