{"id":1574,"date":"2025-03-17T20:04:10","date_gmt":"2025-03-17T19:04:10","guid":{"rendered":"https:\/\/agrogargallo.com\/?post_type=product&#038;p=1574"},"modified":"2025-03-17T20:04:11","modified_gmt":"2025-03-17T19:04:11","slug":"anticaracoles-y-babosas-helistop-ultra","status":"publish","type":"product","link":"https:\/\/agrogargallo.com\/gl\/producto\/anticaracoles-y-babosas-helistop-ultra","title":{"rendered":"Cebo Anticaracoles y babosas HELISTOP ULTRA &#8211; 500 gr."},"content":{"rendered":"<h2>Caracter\u00edsticas del cebo anticaracoles y babosas HELISTOP ULTRA:<\/h2>\n<ul>\n<li><strong>Aplicaciones autorizadas:<\/strong>\n<ul>\n<li>Control de caracoles y babosas en cultivos hort\u00edcolas, c\u00edtricos, arbustos y plantas ornamentales, florales y fresales.<\/li>\n<\/ul>\n<\/li>\n<li><strong>Modo de empleo:<\/strong>\n<ul>\n<li>Esparcir sobre el suelo 7g por cada 10 m2<\/li>\n<li>Esparcir despu\u00e9s de un riego o lluvia<\/li>\n<li>Aplicar directamente al suelo, evitando que caiga sobre las plantas o cultivos.<\/li>\n<li>M\u00e1ximo tres aplicaciones por campa\u00f1a a intervalos de 14 d\u00edas<\/li>\n<li>Seguir las instrucciones del fabricante.<\/li>\n<\/ul>\n<\/li>\n<\/ul>\n<ul>\n<li><strong>Plazo de seguridad y precauciones:<\/strong>\n<ul>\n<li>No requiere plazo de seguridad para ning\u00fan cultivo<\/li>\n<li>No se recomienda aplicar despu\u00e9s de fuertes lluvias<\/li>\n<\/ul>\n<\/li>\n<li><strong>Composici\u00f3n:<\/strong>\n<ul>\n<li>Metaldeh\u00eddo 2,5%<\/li>\n<\/ul>\n<\/li>\n<li><strong>Indicaciones de peligro y consejos de prudencia:<\/strong>\n<ul>\n<li><strong>EUH 401 &#8211;<\/strong> Siga las instrucciones de uso para evitar riesgos para las personas y el medio ambiente<\/li>\n<li><strong>P262 &#8211;<\/strong> Evitar contacto con ojos, piel y ropa<\/li>\n<li><strong>P405 &#8211;<\/strong> Guardar en lugar seguro<\/li>\n<\/ul>\n<\/li>\n<\/ul>\n","protected":false},"excerpt":{"rendered":"<p>Helistop es un \ud83d\udcab\u200bcebo anticaracoles y babosas\ud83d\udcab\u200b, o molusquicida en forma de cebo granulado, que act\u00faa por ingesti\u00f3n. Una vez es ingerido, el animal queda inmovilizado y aumenta la producci\u00f3n de baba, causando una <strong>muerte segura<\/strong> por la destrucci\u00f3n de las c\u00e9lulas productoras de mucus.<\/p>\n<p>Act\u00faa con m\u00e1s \u00e9xito en condiciones de humidad, pues es cuando los moluscos est\u00e1n m\u00e1s activos.<\/p>\n<p>El anti caracoles y babosas HELISTOP, de Ultra Flower, es <strong>eficiente en condiciones clim\u00e1ticas adversas<\/strong>, aguantando humedad y nieblas en cultivos hort\u00edcolas, c\u00edtricos, ornamentales y jardiner\u00eda.<\/p>\n","protected":false},"featured_media":1575,"template":"","meta":{"_acf_changed":false,"_joinchat":[]},"product_brand":[],"product_cat":[81,360,114],"product_tag":[],"class_list":{"0":"post-1574","1":"product","2":"type-product","3":"status-publish","4":"has-post-thumbnail","6":"product_cat-campo-y-huerto","7":"product_cat-caracoles","8":"product_cat-insecticidas-y-antiplagas","10":"first","11":"instock","12":"taxable","13":"shipping-taxable","14":"purchasable","15":"product-type-simple"},"acf":[],"_links":{"self":[{"href":"https:\/\/agrogargallo.com\/gl\/wp-json\/wp\/v2\/product\/1574","targetHints":{"allow":["GET"]}}],"collection":[{"href":"https:\/\/agrogargallo.com\/gl\/wp-json\/wp\/v2\/product"}],"about":[{"href":"https:\/\/agrogargallo.com\/gl\/wp-json\/wp\/v2\/types\/product"}],"wp:featuredmedia":[{"embeddable":true,"href":"https:\/\/agrogargallo.com\/gl\/wp-json\/wp\/v2\/media\/1575"}],"wp:attachment":[{"href":"https:\/\/agrogargallo.com\/gl\/wp-json\/wp\/v2\/media?parent=1574"}],"wp:term":[{"taxonomy":"product_brand","embeddable":true,"href":"https:\/\/agrogargallo.com\/gl\/wp-json\/wp\/v2\/product_brand?post=1574"},{"taxonomy":"product_cat","embeddable":true,"href":"https:\/\/agrogargallo.com\/gl\/wp-json\/wp\/v2\/product_cat?post=1574"},{"taxonomy":"product_tag","embeddable":true,"href":"https:\/\/agrogargallo.com\/gl\/wp-json\/wp\/v2\/product_tag?post=1574"}],"curies":[{"name":"wp","href":"https:\/\/api.w.org\/{rel}","templated":true}]}}