{"id":1566,"date":"2025-03-10T22:46:08","date_gmt":"2025-03-16T15:18:32","guid":{"rendered":"https:\/\/agrogargallo.com\/producto\/mangueira-xardin-extensible-con-pistola-7-funcions-de-pulverizacion-alta-presion-para-xardin-e-lavado-de-coche-10m"},"modified":"2025-03-16T16:18:32","modified_gmt":"2025-03-16T15:18:32","slug":"mangueira-xardin-extensible-con-pistola-7-funcions-de-pulverizacion-alta-presion-para-xardin-e-lavado-de-coche-10m","status":"publish","type":"product","link":"https:\/\/agrogargallo.com\/gl\/producto\/mangueira-xardin-extensible-con-pistola-7-funcions-de-pulverizacion-alta-presion-para-xardin-e-lavado-de-coche-10m","title":{"rendered":"MANGUEIRA XARDIN EXTENSIBLE &#8211; Con Pistola &#8211; 7 funci\u00f3ns de pulverizaci\u00f3n &#8211; Alta presi\u00f3n para xard\u00edn e lavado de coche -10M"},"content":{"rendered":"<h2>\ud83d\udcab\u200b Caracter\u00edsticas da mangueira jard\u00edn extensible:<\/h2>\n<ul>\n<li>Tipo de mangueira: extensible \u27a1\ufe0f\u200b<\/li>\n<li>Cor: verde \ud83d\udc9a\u200b<\/li>\n<li>Con accesorios<\/li>\n<li>Conectores de alta calidade \ud83d\udc4c: v\u00e1lvulas fabricadas en Am\u00e9rica e conectores r\u00e1pidos estilo europeo.<\/li>\n<li>Material lixeiro e compacto: a tuber\u00eda de auga, a mangueira, retr\u00e1ese \u00e1 s\u00faa lonxitude orixinal para facilitar o seu almacenamento e uso en espazos reducidos \ud83c\udfe1\u200b<\/li>\n<li>Expansible ata 3 veces o seu tama\u00f1o<\/li>\n<\/ul>\n<p>Con esta mangueira extensible para xard\u00edn ou para lavar o teu coche aforrar\u00e1s espazo e poder\u00e1s cubrir todas as t\u00faas necesidades de lavado e rego.<\/p>\n<p>Fai clic en &#8220;engadi<strong>r ao carri\u00f1o \ud83d\uded2\u200b<\/strong>&#8221; e olv\u00eddate de tropezar coa mangueira para xard\u00edn todo o tempo \ud83d\ude0e\u200b<\/p>\n<p>&nbsp;<\/p>\n","protected":false},"excerpt":{"rendered":"<p>Esta mangueira xard\u00edn extensible conta con pistola e 7 funci\u00f3ns de pulverizaci\u00f3n que a fan ideal para o xard\u00edn ou para lavar o teu coche.<\/p>\n<p>Ten 10 metros de longo.<\/p>\n<p>&nbsp;<\/p>\n","protected":false},"featured_media":1547,"template":"","meta":{"_acf_changed":false,"_joinchat":[]},"product_brand":[],"product_cat":[146,147,173,169,393,180,177],"product_tag":[],"class_list":{"0":"post-1566","1":"product","2":"type-product","3":"status-publish","4":"has-post-thumbnail","6":"product_cat-campo-e-horta","7":"product_cat-ferramentas-e-accesorios-para-a-horta","8":"product_cat-ferreteria-e-electricidade","9":"product_cat-fogar","10":"product_cat-mangueiras-e-regadeiras","11":"product_cat-rego","12":"product_cat-xardin-e-terraza","14":"first","15":"instock","16":"taxable","17":"shipping-taxable","18":"purchasable","19":"product-type-simple"},"acf":[],"_links":{"self":[{"href":"https:\/\/agrogargallo.com\/gl\/wp-json\/wp\/v2\/product\/1566","targetHints":{"allow":["GET"]}}],"collection":[{"href":"https:\/\/agrogargallo.com\/gl\/wp-json\/wp\/v2\/product"}],"about":[{"href":"https:\/\/agrogargallo.com\/gl\/wp-json\/wp\/v2\/types\/product"}],"wp:featuredmedia":[{"embeddable":true,"href":"https:\/\/agrogargallo.com\/gl\/wp-json\/wp\/v2\/media\/1547"}],"wp:attachment":[{"href":"https:\/\/agrogargallo.com\/gl\/wp-json\/wp\/v2\/media?parent=1566"}],"wp:term":[{"taxonomy":"product_brand","embeddable":true,"href":"https:\/\/agrogargallo.com\/gl\/wp-json\/wp\/v2\/product_brand?post=1566"},{"taxonomy":"product_cat","embeddable":true,"href":"https:\/\/agrogargallo.com\/gl\/wp-json\/wp\/v2\/product_cat?post=1566"},{"taxonomy":"product_tag","embeddable":true,"href":"https:\/\/agrogargallo.com\/gl\/wp-json\/wp\/v2\/product_tag?post=1566"}],"curies":[{"name":"wp","href":"https:\/\/api.w.org\/{rel}","templated":true}]}}