{"id":1535,"date":"2025-03-08T17:57:40","date_gmt":"2025-03-08T16:57:40","guid":{"rendered":"https:\/\/agrogargallo.com\/?post_type=product&#038;p=1535"},"modified":"2026-02-27T19:06:33","modified_gmt":"2026-02-27T18:06:33","slug":"raticida-en-bloque-muribrom-brodifacoum","status":"publish","type":"product","link":"https:\/\/agrogargallo.com\/gl\/producto\/raticida-en-bloque-muribrom-brodifacoum","title":{"rendered":"Raticida en BLOQUE MURIBROM &#8211; Brodifacoum &#8211; 200 gr."},"content":{"rendered":"<h2>Caracter\u00edsticas del raticida en bloque MURIBROM BRODIFACOUM BLOQUE para ratas y ratones:<\/h2>\n<ul>\n<li>Cebo en bloque parafinado de eficacia total<\/li>\n<li>Especialmente \u00fatil en espacios h\u00famedos<\/li>\n<li>Combina m\u00e1xima eficacia, apetencia y resistencia a la humedad<\/li>\n<li>Gran eficencia con una m\u00ednima ingesta<\/li>\n<li>Gracias a su presentaci\u00f3n, puede colgarse<\/li>\n<\/ul>\n<p>&nbsp;<\/p>\n<p>&nbsp;<\/p>\n","protected":false},"excerpt":{"rendered":"<p>Este raticida en bloque Muribrom acaba con ratas y ratones en una acci\u00f3n expr\u00e9s<\/p>\n<p>&nbsp;<\/p>\n<p>&nbsp;<\/p>\n<p>URIBROM BRODIFACOUM BLOQUE Ratas y ratones ACCI\u00d3N EXPR\u00c9S, ELIMINA M\u00c1S R\u00c1PIDO CON UNA SOLA TOMA Cebo en bloque parafinado de eficacia total, elimina incluso las ratas y ratones m\u00e1s resistentes de forma r\u00e1pida<\/p>\n","protected":false},"featured_media":1538,"template":"","meta":{"_acf_changed":false,"_joinchat":[]},"product_brand":[],"product_cat":[26],"product_tag":[],"class_list":{"0":"post-1535","1":"product","2":"type-product","3":"status-publish","4":"has-post-thumbnail","6":"product_cat-agrogargallo","8":"first","9":"instock","10":"taxable","11":"shipping-taxable","12":"purchasable","13":"product-type-simple"},"acf":[],"_links":{"self":[{"href":"https:\/\/agrogargallo.com\/gl\/wp-json\/wp\/v2\/product\/1535","targetHints":{"allow":["GET"]}}],"collection":[{"href":"https:\/\/agrogargallo.com\/gl\/wp-json\/wp\/v2\/product"}],"about":[{"href":"https:\/\/agrogargallo.com\/gl\/wp-json\/wp\/v2\/types\/product"}],"wp:featuredmedia":[{"embeddable":true,"href":"https:\/\/agrogargallo.com\/gl\/wp-json\/wp\/v2\/media\/1538"}],"wp:attachment":[{"href":"https:\/\/agrogargallo.com\/gl\/wp-json\/wp\/v2\/media?parent=1535"}],"wp:term":[{"taxonomy":"product_brand","embeddable":true,"href":"https:\/\/agrogargallo.com\/gl\/wp-json\/wp\/v2\/product_brand?post=1535"},{"taxonomy":"product_cat","embeddable":true,"href":"https:\/\/agrogargallo.com\/gl\/wp-json\/wp\/v2\/product_cat?post=1535"},{"taxonomy":"product_tag","embeddable":true,"href":"https:\/\/agrogargallo.com\/gl\/wp-json\/wp\/v2\/product_tag?post=1535"}],"curies":[{"name":"wp","href":"https:\/\/api.w.org\/{rel}","templated":true}]}}