{"id":1510,"date":"2025-03-06T17:59:34","date_gmt":"2025-03-06T16:59:34","guid":{"rendered":"https:\/\/agrogargallo.com\/?post_type=product&#038;p=1510"},"modified":"2025-03-06T17:59:34","modified_gmt":"2025-03-06T16:59:34","slug":"azufre-para-huerto-azufre-espolvoreo-1kg","status":"publish","type":"product","link":"https:\/\/agrogargallo.com\/gl\/producto\/azufre-para-huerto-azufre-espolvoreo-1kg","title":{"rendered":"AZUFRE para huerto &#8211; AZUFRE ESPOLVOREO &#8211; 1kg"},"content":{"rendered":"<h2>Caracter\u00edsticas y beneficios del azufre para huerto:<\/h2>\n<ul>\n<li>Se incorpora f\u00e1cilmente al suelo gracias a que viene en forma de polvo mojable.<\/li>\n<li>Composici\u00f3n:\n<ul>\n<li>Azufre (S) elemental 98,5%<\/li>\n<li>Tri\u00f3xido de azufre (SO3) total 245%<\/li>\n<\/ul>\n<\/li>\n<li>Forma de aplicaci\u00f3n: 200 \u2013 300 g por 100 m2 (seg\u00fan necesidades del cultivo).<\/li>\n<\/ul>\n","protected":false},"excerpt":{"rendered":"<p>Este Azufre para huerto es ideal para espolvorear ya que act\u00faa como nutriente estimulando el desarrollo vegetativo y la formaci\u00f3n de la clorofila en las plantas.<\/p>\n<p>De este modo, conseguimos evitar la clorosis (color verde p\u00e1lido a amarillo). Las plantas deficientes son m\u00e1s peque\u00f1as y su crecimiento es lento.<\/p>\n","protected":false},"featured_media":1511,"template":"","meta":{"_acf_changed":false,"_joinchat":[]},"product_brand":[],"product_cat":[81,113,344,82,122],"product_tag":[],"class_list":{"0":"post-1510","1":"product","2":"type-product","3":"status-publish","4":"has-post-thumbnail","6":"product_cat-campo-y-huerto","7":"product_cat-abonos-y-fertilizantes","8":"product_cat-abonos-para-huerto","9":"product_cat-jardin-y-terraza","10":"product_cat-sustratos-fertilizantes","12":"first","13":"instock","14":"taxable","15":"shipping-taxable","16":"purchasable","17":"product-type-simple"},"acf":[],"_links":{"self":[{"href":"https:\/\/agrogargallo.com\/gl\/wp-json\/wp\/v2\/product\/1510","targetHints":{"allow":["GET"]}}],"collection":[{"href":"https:\/\/agrogargallo.com\/gl\/wp-json\/wp\/v2\/product"}],"about":[{"href":"https:\/\/agrogargallo.com\/gl\/wp-json\/wp\/v2\/types\/product"}],"wp:featuredmedia":[{"embeddable":true,"href":"https:\/\/agrogargallo.com\/gl\/wp-json\/wp\/v2\/media\/1511"}],"wp:attachment":[{"href":"https:\/\/agrogargallo.com\/gl\/wp-json\/wp\/v2\/media?parent=1510"}],"wp:term":[{"taxonomy":"product_brand","embeddable":true,"href":"https:\/\/agrogargallo.com\/gl\/wp-json\/wp\/v2\/product_brand?post=1510"},{"taxonomy":"product_cat","embeddable":true,"href":"https:\/\/agrogargallo.com\/gl\/wp-json\/wp\/v2\/product_cat?post=1510"},{"taxonomy":"product_tag","embeddable":true,"href":"https:\/\/agrogargallo.com\/gl\/wp-json\/wp\/v2\/product_tag?post=1510"}],"curies":[{"name":"wp","href":"https:\/\/api.w.org\/{rel}","templated":true}]}}