{"id":1496,"date":"2025-03-06T17:30:27","date_gmt":"2025-03-06T16:30:27","guid":{"rendered":"https:\/\/agrogargallo.com\/?post_type=product&#038;p=1496"},"modified":"2025-03-06T17:31:59","modified_gmt":"2025-03-06T16:31:59","slug":"azada-pequena-de-jardin-3-puas","status":"publish","type":"product","link":"https:\/\/agrogargallo.com\/gl\/producto\/azada-pequena-de-jardin-3-puas","title":{"rendered":"AZADA peque\u00f1a de JARDIN &#8211; 3 P\u00faas C\/Mango Fibra"},"content":{"rendered":"<h2>Caracter\u00edsticas de la azada peque\u00f1a de jard\u00edn de 3 p\u00faas:<\/h2>\n<ul>\n<li>Material met\u00e1lico con mango de fibra<\/li>\n<li>Antideslizante<\/li>\n<li>Material robusto y resistente<\/li>\n<li>Ligero<\/li>\n<li>Azada dos en uno: azada con 3 dientes<\/li>\n<\/ul>\n","protected":false},"excerpt":{"rendered":"<p>Esta azada peque\u00f1a de jard\u00edn consta de 3 p\u00faas y mango de fibra.<\/p>\n<p>Tiene una longitud de 32cm y es ideal para trabajos de jardiner\u00eda y huerto.<\/p>\n","protected":false},"featured_media":1501,"template":"","meta":{"_acf_changed":false,"_joinchat":[]},"product_brand":[],"product_cat":[26,81,117,82],"product_tag":[],"class_list":{"0":"post-1496","1":"product","2":"type-product","3":"status-publish","4":"has-post-thumbnail","6":"product_cat-agrogargallo","7":"product_cat-campo-y-huerto","8":"product_cat-herramientas-y-accesorios-para-el-huerto","9":"product_cat-jardin-y-terraza","11":"first","12":"instock","13":"taxable","14":"shipping-taxable","15":"purchasable","16":"product-type-simple"},"acf":[],"_links":{"self":[{"href":"https:\/\/agrogargallo.com\/gl\/wp-json\/wp\/v2\/product\/1496","targetHints":{"allow":["GET"]}}],"collection":[{"href":"https:\/\/agrogargallo.com\/gl\/wp-json\/wp\/v2\/product"}],"about":[{"href":"https:\/\/agrogargallo.com\/gl\/wp-json\/wp\/v2\/types\/product"}],"wp:featuredmedia":[{"embeddable":true,"href":"https:\/\/agrogargallo.com\/gl\/wp-json\/wp\/v2\/media\/1501"}],"wp:attachment":[{"href":"https:\/\/agrogargallo.com\/gl\/wp-json\/wp\/v2\/media?parent=1496"}],"wp:term":[{"taxonomy":"product_brand","embeddable":true,"href":"https:\/\/agrogargallo.com\/gl\/wp-json\/wp\/v2\/product_brand?post=1496"},{"taxonomy":"product_cat","embeddable":true,"href":"https:\/\/agrogargallo.com\/gl\/wp-json\/wp\/v2\/product_cat?post=1496"},{"taxonomy":"product_tag","embeddable":true,"href":"https:\/\/agrogargallo.com\/gl\/wp-json\/wp\/v2\/product_tag?post=1496"}],"curies":[{"name":"wp","href":"https:\/\/api.w.org\/{rel}","templated":true}]}}