{"id":1489,"date":"2025-03-06T17:02:15","date_gmt":"2025-03-06T16:02:15","guid":{"rendered":"https:\/\/agrogargallo.com\/?post_type=product&#038;p=1489"},"modified":"2025-03-06T17:32:41","modified_gmt":"2025-03-06T16:32:41","slug":"rastrillo-5-dientes-para-jardin","status":"publish","type":"product","link":"https:\/\/agrogargallo.com\/gl\/producto\/rastrillo-5-dientes-para-jardin","title":{"rendered":"Rastrillo 5 dientes para jard\u00edn &#8211; C\/Mango Fibra"},"content":{"rendered":"<h2>Caracter\u00edsticas del rastrillo 5 dientes para jard\u00edn:<\/h2>\n<ul>\n<li>Mango de 32 cm<\/li>\n<li>Material met\u00e1lico, con el mango de fibra<\/li>\n<li>Antideslizante<\/li>\n<li>Material robusto y resistente<\/li>\n<li>Ligero<\/li>\n<\/ul>\n","protected":false},"excerpt":{"rendered":"<p>Este rastrillo 5 dientes para jard\u00edn tiene mango de fibra y se adapta perfectamente para los trabajos m\u00e1s minuciosos de tu jard\u00edn.<\/p>\n","protected":false},"featured_media":1490,"template":"","meta":{"_acf_changed":false,"_joinchat":[]},"product_brand":[],"product_cat":[81,117,82],"product_tag":[],"class_list":{"0":"post-1489","1":"product","2":"type-product","3":"status-publish","4":"has-post-thumbnail","6":"product_cat-campo-y-huerto","7":"product_cat-herramientas-y-accesorios-para-el-huerto","8":"product_cat-jardin-y-terraza","10":"first","11":"instock","12":"taxable","13":"shipping-taxable","14":"purchasable","15":"product-type-simple"},"acf":[],"_links":{"self":[{"href":"https:\/\/agrogargallo.com\/gl\/wp-json\/wp\/v2\/product\/1489","targetHints":{"allow":["GET"]}}],"collection":[{"href":"https:\/\/agrogargallo.com\/gl\/wp-json\/wp\/v2\/product"}],"about":[{"href":"https:\/\/agrogargallo.com\/gl\/wp-json\/wp\/v2\/types\/product"}],"wp:featuredmedia":[{"embeddable":true,"href":"https:\/\/agrogargallo.com\/gl\/wp-json\/wp\/v2\/media\/1490"}],"wp:attachment":[{"href":"https:\/\/agrogargallo.com\/gl\/wp-json\/wp\/v2\/media?parent=1489"}],"wp:term":[{"taxonomy":"product_brand","embeddable":true,"href":"https:\/\/agrogargallo.com\/gl\/wp-json\/wp\/v2\/product_brand?post=1489"},{"taxonomy":"product_cat","embeddable":true,"href":"https:\/\/agrogargallo.com\/gl\/wp-json\/wp\/v2\/product_cat?post=1489"},{"taxonomy":"product_tag","embeddable":true,"href":"https:\/\/agrogargallo.com\/gl\/wp-json\/wp\/v2\/product_tag?post=1489"}],"curies":[{"name":"wp","href":"https:\/\/api.w.org\/{rel}","templated":true}]}}