{"id":1484,"date":"2025-03-06T14:21:01","date_gmt":"2025-03-06T13:21:01","guid":{"rendered":"https:\/\/agrogargallo.com\/?post_type=product&#038;p=1484"},"modified":"2026-03-24T13:31:34","modified_gmt":"2026-03-24T12:31:34","slug":"berza-gallega-para-plantar-riza","status":"publish","type":"product","link":"https:\/\/agrogargallo.com\/gl\/producto\/berza-gallega-para-plantar-riza","title":{"rendered":"BERZA GALLEGA para plantar &#8211; RIZA"},"content":{"rendered":"<h2>Caracter\u00edsticas de los planteles de la BERZA GALLEGA PARA PLANTAR:<\/h2>\n<ul>\n<li>Su \u00e9poca ideal de plantaci\u00f3n es durante el verano, pero puede plantarse durante todo el a\u00f1o<\/li>\n<li>Tolera muy bien las bajas temperaturas<\/li>\n<li>Es de color verde oscuro y hoja rizada<\/li>\n<li>Necesita riego habitual, es muy exigente en humedad<\/li>\n<li>No es exigente en cuanto a iluminaci\u00f3n<\/li>\n<li>Tipo de suelo ideal: profundo, arcilloso y de consistencia media<\/li>\n<\/ul>\n<p>&nbsp;<\/p>\n<p>&nbsp;<\/p>\n","protected":false},"excerpt":{"rendered":"<p>La berza gallega para plantar es de muy f\u00e1cil cultivo y r\u00e1pida cosecha.<\/p>\n<p>Es bianual, de dos a\u00f1os. Se trata de una planta herb\u00e1cea del g\u00e9nero Brassica de color verde intenso y hojas rizas.<\/p>\n<p>&nbsp;<\/p>\n","protected":false},"featured_media":1485,"template":"","meta":{"_acf_changed":false,"_joinchat":[]},"product_brand":[],"product_cat":[81,465],"product_tag":[],"class_list":{"0":"post-1484","1":"product","2":"type-product","3":"status-publish","4":"has-post-thumbnail","6":"product_cat-campo-y-huerto","7":"product_cat-esquejes-o-planteles-para-el-huerto","9":"first","10":"instock","11":"taxable","12":"shipping-taxable","13":"purchasable","14":"product-type-simple"},"acf":[],"_links":{"self":[{"href":"https:\/\/agrogargallo.com\/gl\/wp-json\/wp\/v2\/product\/1484","targetHints":{"allow":["GET"]}}],"collection":[{"href":"https:\/\/agrogargallo.com\/gl\/wp-json\/wp\/v2\/product"}],"about":[{"href":"https:\/\/agrogargallo.com\/gl\/wp-json\/wp\/v2\/types\/product"}],"wp:featuredmedia":[{"embeddable":true,"href":"https:\/\/agrogargallo.com\/gl\/wp-json\/wp\/v2\/media\/1485"}],"wp:attachment":[{"href":"https:\/\/agrogargallo.com\/gl\/wp-json\/wp\/v2\/media?parent=1484"}],"wp:term":[{"taxonomy":"product_brand","embeddable":true,"href":"https:\/\/agrogargallo.com\/gl\/wp-json\/wp\/v2\/product_brand?post=1484"},{"taxonomy":"product_cat","embeddable":true,"href":"https:\/\/agrogargallo.com\/gl\/wp-json\/wp\/v2\/product_cat?post=1484"},{"taxonomy":"product_tag","embeddable":true,"href":"https:\/\/agrogargallo.com\/gl\/wp-json\/wp\/v2\/product_tag?post=1484"}],"curies":[{"name":"wp","href":"https:\/\/api.w.org\/{rel}","templated":true}]}}