{"id":1446,"date":"2025-03-05T23:12:48","date_gmt":"2025-03-05T22:12:48","guid":{"rendered":"https:\/\/agrogargallo.com\/?post_type=product&#038;p=1446"},"modified":"2025-03-25T20:42:58","modified_gmt":"2025-03-25T19:42:58","slug":"semillas-col-repollo-bacalan-de-rennes","status":"publish","type":"product","link":"https:\/\/agrogargallo.com\/gl\/producto\/semillas-col-repollo-bacalan-de-rennes","title":{"rendered":"Semillas COL REPOLLO BACALAN DE RENNES &#8211; Vilmorin"},"content":{"rendered":"<p>Las Semillas Col Repollo Bacalan de Rennes de Vilmorin son ideales para personas sin experiencia en el huerto por ser un cultivo especialmente f\u00e1cil. Tambi\u00e9n es indicado para huertos o espacios peque\u00f1os.<\/p>\n<h2>Caracter\u00edsticas e indicaciones para sembrar las semillas COL REPOLLO BACALAN DE RENNES:<\/h2>\n<ul>\n<li>Sembrar a voleo en el espacio<\/li>\n<li>Recomendable plantar en exterior en los meses de primavera y verano, pero en interior o protegidos en los meses de oto\u00f1o e invierno.<\/li>\n<li>Una vez le hayan salido 3 o 4 hojas, aclarar el terreno para que quede una separaci\u00f3n de 15cm entre cada planta<\/li>\n<li>Cuando ya tenga 5 o 6 hojas plantar en su lugar definitivo dejando unos 60cm entre planta y planta<\/li>\n<li>Al trasplantarla, se recomienda enterrar el tallo has las primeras hojas para que as\u00ed se puedan crear nuevas ra\u00edces.<\/li>\n<\/ul>\n<p>&nbsp;<\/p>\n","protected":false},"excerpt":{"rendered":"<p>Las semillas COL REPOLLO BACALAN DE RENNES son ideales para cultivar el famoso repollo bacal\u00e1n, conocido por ser un repollo precoz, con forma puntiaguda, bastante compacto, con hojas grandes, verde oscuro en la parte exterior y casi blancas hacia su interior.<\/p>\n<p>Es un repollo ideal para alargar en el tiempo, pues da hijos.<\/p>\n","protected":false},"featured_media":1448,"template":"","meta":{"_acf_changed":false,"_joinchat":[]},"product_brand":[],"product_cat":[26],"product_tag":[],"class_list":{"0":"post-1446","1":"product","2":"type-product","3":"status-publish","4":"has-post-thumbnail","6":"product_cat-agrogargallo","8":"first","9":"instock","10":"taxable","11":"shipping-taxable","12":"purchasable","13":"product-type-simple"},"acf":[],"_links":{"self":[{"href":"https:\/\/agrogargallo.com\/gl\/wp-json\/wp\/v2\/product\/1446","targetHints":{"allow":["GET"]}}],"collection":[{"href":"https:\/\/agrogargallo.com\/gl\/wp-json\/wp\/v2\/product"}],"about":[{"href":"https:\/\/agrogargallo.com\/gl\/wp-json\/wp\/v2\/types\/product"}],"wp:featuredmedia":[{"embeddable":true,"href":"https:\/\/agrogargallo.com\/gl\/wp-json\/wp\/v2\/media\/1448"}],"wp:attachment":[{"href":"https:\/\/agrogargallo.com\/gl\/wp-json\/wp\/v2\/media?parent=1446"}],"wp:term":[{"taxonomy":"product_brand","embeddable":true,"href":"https:\/\/agrogargallo.com\/gl\/wp-json\/wp\/v2\/product_brand?post=1446"},{"taxonomy":"product_cat","embeddable":true,"href":"https:\/\/agrogargallo.com\/gl\/wp-json\/wp\/v2\/product_cat?post=1446"},{"taxonomy":"product_tag","embeddable":true,"href":"https:\/\/agrogargallo.com\/gl\/wp-json\/wp\/v2\/product_tag?post=1446"}],"curies":[{"name":"wp","href":"https:\/\/api.w.org\/{rel}","templated":true}]}}