{"id":1436,"date":"2025-03-05T21:33:05","date_gmt":"2025-03-05T20:33:05","guid":{"rendered":"https:\/\/agrogargallo.com\/?post_type=product&#038;p=1436"},"modified":"2025-03-25T20:52:50","modified_gmt":"2025-03-25T19:52:50","slug":"semillas-col-de-milan-virtudes-4-vilmorin","status":"publish","type":"product","link":"https:\/\/agrogargallo.com\/gl\/producto\/semillas-col-de-milan-virtudes-4-vilmorin","title":{"rendered":"Semillas Col de Milan VIRTUDES 4 &#8211; Vilmorin"},"content":{"rendered":"<h2>Caracter\u00edsticas e indicaciones para las semillas col de milan Virtudes 4:<\/h2>\n<ul>\n<li>De la familia de las Brassica Brotylis<\/li>\n<li>Se cultiva a pleno sol, pero evitando el calor extremo<\/li>\n<li>F\u00e1cil mantenimiento<\/li>\n<li>Necesita de un clima fresco y h\u00famedo<\/li>\n<li>El riego debe ser abundante pero evitando encharcamientos<\/li>\n<li>Se puede cocinar en ensalada, en cocidos o como relleno de carnes.<\/li>\n<\/ul>\n","protected":false},"excerpt":{"rendered":"<p>Las semillas de Col de Mil\u00e1n Virtudes son un repollo o col de tipo r\u00fastico, muy productivo y tard\u00eda.<\/p>\n<p>Son ideales para las cosechas de oto\u00f1o.<\/p>\n<p>Forma una col muy grande, firme y redonda.<\/p>\n<p>&nbsp;<\/p>\n","protected":false},"featured_media":1437,"template":"","meta":{"_acf_changed":false,"_joinchat":[]},"product_brand":[],"product_cat":[26],"product_tag":[],"class_list":{"0":"post-1436","1":"product","2":"type-product","3":"status-publish","4":"has-post-thumbnail","6":"product_cat-agrogargallo","8":"first","9":"instock","10":"taxable","11":"shipping-taxable","12":"purchasable","13":"product-type-simple"},"acf":[],"_links":{"self":[{"href":"https:\/\/agrogargallo.com\/gl\/wp-json\/wp\/v2\/product\/1436","targetHints":{"allow":["GET"]}}],"collection":[{"href":"https:\/\/agrogargallo.com\/gl\/wp-json\/wp\/v2\/product"}],"about":[{"href":"https:\/\/agrogargallo.com\/gl\/wp-json\/wp\/v2\/types\/product"}],"wp:featuredmedia":[{"embeddable":true,"href":"https:\/\/agrogargallo.com\/gl\/wp-json\/wp\/v2\/media\/1437"}],"wp:attachment":[{"href":"https:\/\/agrogargallo.com\/gl\/wp-json\/wp\/v2\/media?parent=1436"}],"wp:term":[{"taxonomy":"product_brand","embeddable":true,"href":"https:\/\/agrogargallo.com\/gl\/wp-json\/wp\/v2\/product_brand?post=1436"},{"taxonomy":"product_cat","embeddable":true,"href":"https:\/\/agrogargallo.com\/gl\/wp-json\/wp\/v2\/product_cat?post=1436"},{"taxonomy":"product_tag","embeddable":true,"href":"https:\/\/agrogargallo.com\/gl\/wp-json\/wp\/v2\/product_tag?post=1436"}],"curies":[{"name":"wp","href":"https:\/\/api.w.org\/{rel}","templated":true}]}}