{"id":1421,"date":"2025-03-05T19:34:10","date_gmt":"2025-03-05T18:34:10","guid":{"rendered":"https:\/\/agrogargallo.com\/?post_type=product&#038;p=1421"},"modified":"2025-07-28T17:26:44","modified_gmt":"2025-07-28T15:26:44","slug":"plantel-pimiento-morron-rojo-para-plantar","status":"publish","type":"product","link":"https:\/\/agrogargallo.com\/gl\/producto\/plantel-pimiento-morron-rojo-para-plantar","title":{"rendered":"Plantel PIMIENTO MORRON ROJO para plantar- Huerta"},"content":{"rendered":"<p>El pimiento morr\u00f3n es uno de los alimentos b\u00e1sicos de la diete mediterr\u00e1nea por su alto contenido en vitaminas y antioxidantes.<\/p>\n<h2>Caracter\u00edsticas del plantel de pimiento morr\u00f3n rojo para plantar:<\/h2>\n<ul>\n<li>Alta necesidad de riego<\/li>\n<li>Necesita Sol directo, o mucho calor<\/li>\n<li>Dificultad de cultivo: media<\/li>\n<li>Precio por unidad<\/li>\n<\/ul>\n<p>&nbsp;<\/p>\n","protected":false},"excerpt":{"rendered":"<p>Plantel pimiento morr\u00f3n rojo para plantar (por unidad). El pimiento morr\u00f3n rojo pertenece a la familia <i>Solanacea<\/i>e, y es originario de la zona mediterr\u00e1nea. Precisamente por eso se desarrolla tan bien en h\u00e1bitats muy soleados y protegidos del viento o en invernadero.<\/p>\n<p>Prefiere suelos mullidos y muy ricos en nutrientes pero tambi\u00e9n se da muy bien en macetas, al lado de paredes que irradien calor, en bancos de cultivo o terrazas.<\/p>\n","protected":false},"featured_media":1422,"template":"","meta":{"_acf_changed":false,"_joinchat":[]},"product_brand":[],"product_cat":[81,465],"product_tag":[],"class_list":{"0":"post-1421","1":"product","2":"type-product","3":"status-publish","4":"has-post-thumbnail","6":"product_cat-campo-y-huerto","7":"product_cat-esquejes-o-planteles-para-el-huerto","9":"first","10":"onbackorder","11":"taxable","12":"shipping-taxable","13":"purchasable","14":"product-type-simple"},"acf":[],"_links":{"self":[{"href":"https:\/\/agrogargallo.com\/gl\/wp-json\/wp\/v2\/product\/1421","targetHints":{"allow":["GET"]}}],"collection":[{"href":"https:\/\/agrogargallo.com\/gl\/wp-json\/wp\/v2\/product"}],"about":[{"href":"https:\/\/agrogargallo.com\/gl\/wp-json\/wp\/v2\/types\/product"}],"wp:featuredmedia":[{"embeddable":true,"href":"https:\/\/agrogargallo.com\/gl\/wp-json\/wp\/v2\/media\/1422"}],"wp:attachment":[{"href":"https:\/\/agrogargallo.com\/gl\/wp-json\/wp\/v2\/media?parent=1421"}],"wp:term":[{"taxonomy":"product_brand","embeddable":true,"href":"https:\/\/agrogargallo.com\/gl\/wp-json\/wp\/v2\/product_brand?post=1421"},{"taxonomy":"product_cat","embeddable":true,"href":"https:\/\/agrogargallo.com\/gl\/wp-json\/wp\/v2\/product_cat?post=1421"},{"taxonomy":"product_tag","embeddable":true,"href":"https:\/\/agrogargallo.com\/gl\/wp-json\/wp\/v2\/product_tag?post=1421"}],"curies":[{"name":"wp","href":"https:\/\/api.w.org\/{rel}","templated":true}]}}