{"id":1414,"date":"2025-03-05T19:09:05","date_gmt":"2025-03-05T18:09:05","guid":{"rendered":"https:\/\/agrogargallo.com\/?post_type=product&#038;p=1414"},"modified":"2026-04-20T11:29:07","modified_gmt":"2026-04-20T09:29:07","slug":"garras-de-esparrago-para-plantar-por-unidad","status":"publish","type":"product","link":"https:\/\/agrogargallo.com\/gl\/producto\/garras-de-esparrago-para-plantar-por-unidad","title":{"rendered":"GARRAS DE ESPARRAGO para plantar &#8211; Por unidad"},"content":{"rendered":"<h2>Caracter\u00edsticas de las garras de esp\u00e1rrago:<\/h2>\n<ul>\n<li>Rendimiento muy alto<\/li>\n<li>Bastante grosor<\/li>\n<li>Cabeza cerrada, resistente al espigado<\/li>\n<li>Gran vigor y rusticidad<\/li>\n<li>Producto de muy buena calidad<\/li>\n<li>Poca sensibilidad a los hongos. Es decir: es m\u00e1s seguro de consumir y las cosechas no se pudren tal f\u00e1cilmente<\/li>\n<li>Recolecci\u00f3n f\u00e1cil<\/li>\n<li>Alta calidad gustativa con ausencia de fibras<\/li>\n<li>Peso de 0.01kg<\/li>\n<\/ul>\n","protected":false},"excerpt":{"rendered":"<p>Las garras de esp\u00e1rrago son las plantas (ra\u00edces) que producen los esp\u00e1rragos.<\/p>\n<p>La planta tiene una vegetaci\u00f3n frondosa y muy resistente, con ramas erguidas y muy altas. Tiene mucha resistencia al stemphyllium.<\/p>\n","protected":false},"featured_media":1415,"template":"","meta":{"_acf_changed":false,"_joinchat":[]},"product_brand":[],"product_cat":[81,465],"product_tag":[],"class_list":{"0":"post-1414","1":"product","2":"type-product","3":"status-publish","4":"has-post-thumbnail","6":"product_cat-campo-y-huerto","7":"product_cat-esquejes-o-planteles-para-el-huerto","9":"first","10":"outofstock","11":"taxable","12":"shipping-taxable","13":"purchasable","14":"product-type-simple"},"acf":[],"_links":{"self":[{"href":"https:\/\/agrogargallo.com\/gl\/wp-json\/wp\/v2\/product\/1414","targetHints":{"allow":["GET"]}}],"collection":[{"href":"https:\/\/agrogargallo.com\/gl\/wp-json\/wp\/v2\/product"}],"about":[{"href":"https:\/\/agrogargallo.com\/gl\/wp-json\/wp\/v2\/types\/product"}],"wp:featuredmedia":[{"embeddable":true,"href":"https:\/\/agrogargallo.com\/gl\/wp-json\/wp\/v2\/media\/1415"}],"wp:attachment":[{"href":"https:\/\/agrogargallo.com\/gl\/wp-json\/wp\/v2\/media?parent=1414"}],"wp:term":[{"taxonomy":"product_brand","embeddable":true,"href":"https:\/\/agrogargallo.com\/gl\/wp-json\/wp\/v2\/product_brand?post=1414"},{"taxonomy":"product_cat","embeddable":true,"href":"https:\/\/agrogargallo.com\/gl\/wp-json\/wp\/v2\/product_cat?post=1414"},{"taxonomy":"product_tag","embeddable":true,"href":"https:\/\/agrogargallo.com\/gl\/wp-json\/wp\/v2\/product_tag?post=1414"}],"curies":[{"name":"wp","href":"https:\/\/api.w.org\/{rel}","templated":true}]}}