{"id":1394,"date":"2025-03-05T18:14:33","date_gmt":"2025-03-05T17:14:33","guid":{"rendered":"https:\/\/agrogargallo.com\/?post_type=product&#038;p=1394"},"modified":"2025-04-09T10:06:13","modified_gmt":"2025-04-09T08:06:13","slug":"carretilla-sulfatadora-bomba","status":"publish","type":"product","link":"https:\/\/agrogargallo.com\/gl\/producto\/carretilla-sulfatadora-bomba","title":{"rendered":"Carretilla sulfatadora bomba &#8211; ANOVA &#8211; 1 rueda"},"content":{"rendered":"<h2>Caracter\u00edsticas t\u00e9cnicas de la carretilla sulfatadora de Anova de 1 rueda:<\/h2>\n<table class=\"product-properties-table\" style=\"height: 131px;\" width=\"485\">\n<tbody>\n<tr class=\"even\">\n<td class=\"property-key\"><strong>MOTOR<\/strong><\/td>\n<td class=\"property-value\">MA80- 4 TIEMPOS<\/td>\n<\/tr>\n<tr class=\"odd\">\n<td class=\"property-key\"><strong>CILINDRADA<\/strong><\/td>\n<td class=\"property-value\">79 CC<\/td>\n<\/tr>\n<tr class=\"even\">\n<td class=\"property-key\"><strong>DEP\u00d3SITO<\/strong><\/td>\n<td class=\"property-value\">100 L<\/td>\n<\/tr>\n<tr class=\"odd\">\n<td class=\"property-key\"><strong>BOMBA<\/strong><\/td>\n<td class=\"property-value\">ANOVA P100-187<\/td>\n<\/tr>\n<tr class=\"even\">\n<td class=\"property-key\"><strong>CAUDAL<\/strong><\/td>\n<td class=\"property-value\">23 L\/MIN<\/td>\n<\/tr>\n<tr class=\"odd\">\n<td class=\"property-key\"><strong>PRESI\u00d3N<\/strong><\/td>\n<td class=\"property-value\">25 BAR<\/td>\n<\/tr>\n<tr class=\"even\">\n<td class=\"property-key\"><strong>LARGO MANGUERA<\/strong><\/td>\n<td class=\"property-value\">10 M<\/td>\n<\/tr>\n<\/tbody>\n<\/table>\n","protected":false},"excerpt":{"rendered":"<p>La carretilla sulfatadora bomba de anova es ideal para usar en <strong>terrenos amplios<\/strong>, como huertas o jardines de tama\u00f1o medio.<\/p>\n<p>Es una herramienta <strong>muy f\u00e1cil de usar, c\u00f3moda y r\u00e1pida<\/strong> gracias a su rueda. Su <strong>dep\u00f3sito de 100 litros<\/strong> ofrece la autonom\u00eda suficiente, superando a la de cualquier pulverizador o sulfatadora convencional, de mochila.<\/p>\n<p>Adem\u00e1s cuenta con una <strong>manguera de 10 metros<\/strong> para poder trabajar sin tener que mover la carretilla sulfatadora todo el tiempo.<\/p>\n<p>&nbsp;<\/p>\n","protected":false},"featured_media":1403,"template":"","meta":{"_acf_changed":false,"_joinchat":[]},"product_brand":[],"product_cat":[83,81,129,118],"product_tag":[],"class_list":{"0":"post-1394","1":"product","2":"type-product","3":"status-publish","4":"has-post-thumbnail","6":"product_cat-maquinaria-agricola","7":"product_cat-campo-y-huerto","8":"product_cat-mas-maquinaria","9":"product_cat-pulverizadores-y-espolvoreadores","11":"first","12":"instock","13":"taxable","14":"shipping-taxable","15":"purchasable","16":"product-type-simple"},"acf":[],"_links":{"self":[{"href":"https:\/\/agrogargallo.com\/gl\/wp-json\/wp\/v2\/product\/1394","targetHints":{"allow":["GET"]}}],"collection":[{"href":"https:\/\/agrogargallo.com\/gl\/wp-json\/wp\/v2\/product"}],"about":[{"href":"https:\/\/agrogargallo.com\/gl\/wp-json\/wp\/v2\/types\/product"}],"wp:featuredmedia":[{"embeddable":true,"href":"https:\/\/agrogargallo.com\/gl\/wp-json\/wp\/v2\/media\/1403"}],"wp:attachment":[{"href":"https:\/\/agrogargallo.com\/gl\/wp-json\/wp\/v2\/media?parent=1394"}],"wp:term":[{"taxonomy":"product_brand","embeddable":true,"href":"https:\/\/agrogargallo.com\/gl\/wp-json\/wp\/v2\/product_brand?post=1394"},{"taxonomy":"product_cat","embeddable":true,"href":"https:\/\/agrogargallo.com\/gl\/wp-json\/wp\/v2\/product_cat?post=1394"},{"taxonomy":"product_tag","embeddable":true,"href":"https:\/\/agrogargallo.com\/gl\/wp-json\/wp\/v2\/product_tag?post=1394"}],"curies":[{"name":"wp","href":"https:\/\/api.w.org\/{rel}","templated":true}]}}