{"id":1380,"date":"2025-03-05T17:56:26","date_gmt":"2025-03-05T16:56:26","guid":{"rendered":"https:\/\/agrogargallo.com\/?post_type=product&#038;p=1380"},"modified":"2025-03-25T21:10:53","modified_gmt":"2025-03-25T20:10:53","slug":"pulverizador-bateria-p16b-16l","status":"publish","type":"product","link":"https:\/\/agrogargallo.com\/gl\/producto\/pulverizador-bateria-p16b-16l","title":{"rendered":"PULVERIZADOR BATERIA P16B 16L"},"content":{"rendered":"<h2 class=\"mb-2\">El pulverizador bateria P16B de 16L incluye:<\/h2>\n<ul class=\"pl-3 ml-1 text-gray-110\">\n<li>3 boquillas<\/li>\n<li>Cargador<\/li>\n<li>Espaldera incorporada<\/li>\n<li>Compartimento de almacenaje<\/li>\n<\/ul>\n<table class=\"product-properties-table\" style=\"height: 196px;\" width=\"673\">\n<tbody>\n<tr class=\"even\">\n<td class=\"property-key\"><strong>VOLUMEN TANQUE<\/strong><\/td>\n<td class=\"property-value\">16 L<\/td>\n<\/tr>\n<tr class=\"odd\">\n<td class=\"property-key\"><strong>CAUDAL<\/strong><\/td>\n<td class=\"property-value\">1,2 ~ 2,2 L\/MIN<\/td>\n<\/tr>\n<tr class=\"even\">\n<td class=\"property-key\"><strong>PRESI\u00d3N<\/strong><\/td>\n<td class=\"property-value\">0,15 ~ 0,4 MPA<\/td>\n<\/tr>\n<tr class=\"odd\">\n<td class=\"property-key\"><strong>BATER\u00cdA<\/strong><\/td>\n<td class=\"property-value\">\u00c1CIDO SELLADA 12V &#8211; 8AH<\/td>\n<\/tr>\n<tr class=\"even\">\n<td class=\"property-key\"><strong>AUTONOM\u00cdA<\/strong><\/td>\n<td class=\"property-value\">7 &#8211; 10 H<\/td>\n<\/tr>\n<tr class=\"odd\">\n<td class=\"property-key\"><strong>TIEMPO CARGA<\/strong><\/td>\n<td class=\"property-value\">\u00b12 H<\/td>\n<\/tr>\n<tr class=\"even\">\n<td class=\"property-key\"><strong>PESO<\/strong><\/td>\n<td class=\"property-value\">6,2 KG<\/td>\n<\/tr>\n<\/tbody>\n<\/table>\n","protected":false},"excerpt":{"rendered":"<p class=\"mb-2\">Este pulverizador bater\u00eda de mochila cubre las necesidades m\u00e1s exigentes. Tiene una capacidad de 16L y un peso reducido a pesar de llevar una bater\u00eda que cuenta con autonom\u00eda para realizar trabajos de jardiner\u00eda y huerto. Gracias a la espaldera que incorpora, es la sulfatadora ideal para cualquier trabajo de campo.<\/p>\n<p>Cuenta adem\u00e1s con un compartimento de almacenaje para guardar sus accesorios y otros elementos.<\/p>\n","protected":false},"featured_media":1392,"template":"","meta":{"_acf_changed":false,"_joinchat":[]},"product_brand":[],"product_cat":[26,81,117,129,118],"product_tag":[],"class_list":{"0":"post-1380","1":"product","2":"type-product","3":"status-publish","4":"has-post-thumbnail","6":"product_cat-agrogargallo","7":"product_cat-campo-y-huerto","8":"product_cat-herramientas-y-accesorios-para-el-huerto","9":"product_cat-mas-maquinaria","10":"product_cat-pulverizadores-y-espolvoreadores","12":"first","13":"instock","14":"taxable","15":"shipping-taxable","16":"purchasable","17":"product-type-simple"},"acf":[],"_links":{"self":[{"href":"https:\/\/agrogargallo.com\/gl\/wp-json\/wp\/v2\/product\/1380","targetHints":{"allow":["GET"]}}],"collection":[{"href":"https:\/\/agrogargallo.com\/gl\/wp-json\/wp\/v2\/product"}],"about":[{"href":"https:\/\/agrogargallo.com\/gl\/wp-json\/wp\/v2\/types\/product"}],"wp:featuredmedia":[{"embeddable":true,"href":"https:\/\/agrogargallo.com\/gl\/wp-json\/wp\/v2\/media\/1392"}],"wp:attachment":[{"href":"https:\/\/agrogargallo.com\/gl\/wp-json\/wp\/v2\/media?parent=1380"}],"wp:term":[{"taxonomy":"product_brand","embeddable":true,"href":"https:\/\/agrogargallo.com\/gl\/wp-json\/wp\/v2\/product_brand?post=1380"},{"taxonomy":"product_cat","embeddable":true,"href":"https:\/\/agrogargallo.com\/gl\/wp-json\/wp\/v2\/product_cat?post=1380"},{"taxonomy":"product_tag","embeddable":true,"href":"https:\/\/agrogargallo.com\/gl\/wp-json\/wp\/v2\/product_tag?post=1380"}],"curies":[{"name":"wp","href":"https:\/\/api.w.org\/{rel}","templated":true}]}}