{"id":1346,"date":"2025-03-05T15:50:31","date_gmt":"2025-03-05T14:50:31","guid":{"rendered":"https:\/\/agrogargallo.com\/?post_type=product&#038;p=1346"},"modified":"2025-06-05T13:21:18","modified_gmt":"2025-06-05T11:21:18","slug":"semillas-col-de-bruselas-sanda-vilmorin","status":"publish","type":"product","link":"https:\/\/agrogargallo.com\/gl\/producto\/semillas-col-de-bruselas-sanda-vilmorin","title":{"rendered":"SEMILLAS COL DE BRUSELAS &#8211; SANDA &#8211; VILMORIN"},"content":{"rendered":"<h2>Caracter\u00edsticas y modo de siembra de las semillas col de bruselas Sande, de Vilmorin:<\/h2>\n<ul>\n<li>Dejar distancia adecuanda entre una y otra semilla para asegurar un alto rendimiento<\/li>\n<li>Siembra en oto\u00f1o-invierno-primavera<\/li>\n<li>Cosecha en invierno-oto\u00f1o<\/li>\n<li>Su temperatura ideal es de 15\u00baC, pero resiste muy bien heladas y sequ\u00edas<\/li>\n<li>Modo de empleo ideal:\n<ul>\n<li>Sembrar directamente en la tierra, a 50 cm de distancia entre una semilla y otra<\/li>\n<li>Una vez la col tenga 3 o 4 hojas, trasplantar las m\u00e1s fuertes, dejando 15 cm de distancia entre ellas<\/li>\n<li>Cuando ya tengan 5 o 6 hojas, se puede plantar en su lugar definitivo, aumentando la distancia a 80 cm entre planta y planta<\/li>\n<\/ul>\n<\/li>\n<\/ul>\n","protected":false},"excerpt":{"rendered":"<p>Las semillas col de bruselas Sanda son una variedad r\u00fastica y productiva que forma numerosas y peque\u00f1as coles firmes, que se recogen comenzando por la parte baja del tallo. Esta col, resistente al fr\u00edo, es ideal para las cosechas de fin de oto\u00f1o e invierno. Tambi\u00e9n resiste muy bien a sequ\u00edas.<\/p>\n","protected":false},"featured_media":1347,"template":"","meta":{"_acf_changed":false,"_joinchat":[]},"product_brand":[],"product_cat":[81,332,112],"product_tag":[],"class_list":{"0":"post-1346","1":"product","2":"type-product","3":"status-publish","4":"has-post-thumbnail","6":"product_cat-campo-y-huerto","7":"product_cat-hortalizas","8":"product_cat-semillas","10":"first","11":"instock","12":"taxable","13":"shipping-taxable","14":"purchasable","15":"product-type-simple"},"acf":[],"_links":{"self":[{"href":"https:\/\/agrogargallo.com\/gl\/wp-json\/wp\/v2\/product\/1346","targetHints":{"allow":["GET"]}}],"collection":[{"href":"https:\/\/agrogargallo.com\/gl\/wp-json\/wp\/v2\/product"}],"about":[{"href":"https:\/\/agrogargallo.com\/gl\/wp-json\/wp\/v2\/types\/product"}],"wp:featuredmedia":[{"embeddable":true,"href":"https:\/\/agrogargallo.com\/gl\/wp-json\/wp\/v2\/media\/1347"}],"wp:attachment":[{"href":"https:\/\/agrogargallo.com\/gl\/wp-json\/wp\/v2\/media?parent=1346"}],"wp:term":[{"taxonomy":"product_brand","embeddable":true,"href":"https:\/\/agrogargallo.com\/gl\/wp-json\/wp\/v2\/product_brand?post=1346"},{"taxonomy":"product_cat","embeddable":true,"href":"https:\/\/agrogargallo.com\/gl\/wp-json\/wp\/v2\/product_cat?post=1346"},{"taxonomy":"product_tag","embeddable":true,"href":"https:\/\/agrogargallo.com\/gl\/wp-json\/wp\/v2\/product_tag?post=1346"}],"curies":[{"name":"wp","href":"https:\/\/api.w.org\/{rel}","templated":true}]}}