{"id":1335,"date":"2025-03-05T14:39:48","date_gmt":"2025-03-05T13:39:48","guid":{"rendered":"https:\/\/agrogargallo.com\/?post_type=product&#038;p=1335"},"modified":"2026-03-04T11:36:34","modified_gmt":"2026-03-04T10:36:34","slug":"pulverizador-presion-5l-sulfatadora-mader","status":"publish","type":"product","link":"https:\/\/agrogargallo.com\/gl\/producto\/pulverizador-presion-5l-sulfatadora-mader","title":{"rendered":"PULVERIZADOR PRESI\u00d3N 5L &#8211; sulfatadora &#8211; Mader"},"content":{"rendered":"<h2>Caracter\u00edsticas del pulverizador de presi\u00f3n de 5L de Mader:<\/h2>\n<ul>\n<li>Pl\u00e1stico de gran calidad dise\u00f1ado para ser utilizado con productos fitosanitarios, agr\u00edcolas y de jard\u00edn.<\/li>\n<li>Contiene:<br \/>\n\u00b7 Lanza de acero inoxidable.<br \/>\n\u00b7 Correa de transporte.<\/li>\n<\/ul>\n","protected":false},"excerpt":{"rendered":"<p>Pulverizador presi\u00f3n previa de 5 L de capacidad especialmente dise\u00f1ado para trabajos en jardines y huertos.<\/p>\n","protected":false},"featured_media":1339,"template":"","meta":{"_acf_changed":false,"_joinchat":[]},"product_brand":[],"product_cat":[394,26,81,117,82,118,123],"product_tag":[],"class_list":{"0":"post-1335","1":"product","2":"type-product","3":"status-publish","4":"has-post-thumbnail","6":"product_cat-accesorios-de-riego","7":"product_cat-agrogargallo","8":"product_cat-campo-y-huerto","9":"product_cat-herramientas-y-accesorios-para-el-huerto","10":"product_cat-jardin-y-terraza","11":"product_cat-pulverizadores-y-espolvoreadores","12":"product_cat-riego","14":"first","15":"instock","16":"taxable","17":"shipping-taxable","18":"purchasable","19":"product-type-simple"},"acf":[],"_links":{"self":[{"href":"https:\/\/agrogargallo.com\/gl\/wp-json\/wp\/v2\/product\/1335","targetHints":{"allow":["GET"]}}],"collection":[{"href":"https:\/\/agrogargallo.com\/gl\/wp-json\/wp\/v2\/product"}],"about":[{"href":"https:\/\/agrogargallo.com\/gl\/wp-json\/wp\/v2\/types\/product"}],"wp:featuredmedia":[{"embeddable":true,"href":"https:\/\/agrogargallo.com\/gl\/wp-json\/wp\/v2\/media\/1339"}],"wp:attachment":[{"href":"https:\/\/agrogargallo.com\/gl\/wp-json\/wp\/v2\/media?parent=1335"}],"wp:term":[{"taxonomy":"product_brand","embeddable":true,"href":"https:\/\/agrogargallo.com\/gl\/wp-json\/wp\/v2\/product_brand?post=1335"},{"taxonomy":"product_cat","embeddable":true,"href":"https:\/\/agrogargallo.com\/gl\/wp-json\/wp\/v2\/product_cat?post=1335"},{"taxonomy":"product_tag","embeddable":true,"href":"https:\/\/agrogargallo.com\/gl\/wp-json\/wp\/v2\/product_tag?post=1335"}],"curies":[{"name":"wp","href":"https:\/\/api.w.org\/{rel}","templated":true}]}}